

{"id":19817,"date":"2025-05-23T14:59:09","date_gmt":"2025-05-23T12:59:09","guid":{"rendered":"https:\/\/www.costabravafoods.com\/avis-legal\/"},"modified":"2025-08-20T16:51:03","modified_gmt":"2025-08-20T14:51:03","slug":"avis-legal","status":"publish","type":"page","link":"https:\/\/www.costabravafoods.com\/ca\/avis-legal\/","title":{"rendered":"Av\u00eds legal"},"content":{"rendered":"<p><div class=\"fusion-fullwidth fullwidth-box fusion-builder-row-1 fusion-flex-container has-pattern-background has-mask-background nonhundred-percent-fullwidth non-hundred-percent-height-scrolling\" style=\"--awb-border-radius-top-left:0px;--awb-border-radius-top-right:0px;--awb-border-radius-bottom-right:0px;--awb-border-radius-bottom-left:0px;--awb-flex-wrap:wrap;\" ><div class=\"fusion-builder-row fusion-row fusion-flex-align-items-flex-start fusion-flex-content-wrap\" style=\"max-width:1248px;margin-left: calc(-4% \/ 2 );margin-right: calc(-4% \/ 2 );\"><div class=\"fusion-layout-column fusion_builder_column fusion-builder-column-0 fusion_builder_column_1_1 1_1 fusion-flex-column\" style=\"--awb-bg-size:cover;--awb-width-large:100%;--awb-margin-top-large:0px;--awb-spacing-right-large:1.92%;--awb-margin-bottom-large:20px;--awb-spacing-left-large:1.92%;--awb-width-medium:100%;--awb-order-medium:0;--awb-spacing-right-medium:1.92%;--awb-spacing-left-medium:1.92%;--awb-width-small:100%;--awb-order-small:0;--awb-spacing-right-small:1.92%;--awb-spacing-left-small:1.92%;\"><div class=\"fusion-column-wrapper fusion-column-has-shadow fusion-flex-justify-content-flex-start fusion-content-layout-column\"><div class=\"fusion-title title fusion-title-1 fusion-title-center fusion-title-text fusion-title-size-one\" style=\"--awb-text-color:#051d30;--awb-margin-top-small:10px;--awb-margin-right-small:0px;--awb-margin-bottom-small:10px;--awb-margin-left-small:0px;--awb-sep-color:var(--awb-color4);--awb-font-size:28px;\"><div class=\"title-sep-container title-sep-container-left\"><div class=\"title-sep sep-single sep-solid\" style=\"border-color:var(--awb-color4);\"><\/div><\/div><span class=\"awb-title-spacer\"><\/span><h1 class=\"fusion-title-heading title-heading-center\" style=\"font-family:&quot;Noto Sans Bold&quot;;font-style:normal;font-weight:400;margin:0;letter-spacing:0.5px;font-size:1em;\"><strong>AV\u00cdS LEGAL<\/strong><\/h1><span class=\"awb-title-spacer\"><\/span><div class=\"title-sep-container title-sep-container-right\"><div class=\"title-sep sep-single sep-solid\" style=\"border-color:var(--awb-color4);\"><\/div><\/div><\/div><\/div><\/div><\/div><\/div><div class=\"fusion-fullwidth fullwidth-box fusion-builder-row-2 fusion-flex-container nonhundred-percent-fullwidth non-hundred-percent-height-scrolling\" style=\"--awb-border-radius-top-left:0px;--awb-border-radius-top-right:0px;--awb-border-radius-bottom-right:0px;--awb-border-radius-bottom-left:0px;--awb-flex-wrap:wrap;\" ><div class=\"fusion-builder-row fusion-row fusion-flex-align-items-flex-start fusion-flex-content-wrap\" style=\"max-width:1248px;margin-left: calc(-4% \/ 2 );margin-right: calc(-4% \/ 2 );\"><div class=\"fusion-layout-column fusion_builder_column fusion-builder-column-1 fusion_builder_column_1_1 1_1 fusion-flex-column\" style=\"--awb-bg-size:cover;--awb-width-large:100%;--awb-margin-top-large:0px;--awb-spacing-right-large:1.92%;--awb-margin-bottom-large:0px;--awb-spacing-left-large:1.92%;--awb-width-medium:100%;--awb-spacing-right-medium:1.92%;--awb-spacing-left-medium:1.92%;--awb-width-small:100%;--awb-spacing-right-small:1.92%;--awb-spacing-left-small:1.92%;\"><div class=\"fusion-column-wrapper fusion-flex-justify-content-flex-start fusion-content-layout-column\"><div class=\"fusion-text fusion-text-1\"><p><strong>Informaci\u00f3 de conformitat amb l\u2019article 10 de la LSSI<\/strong><\/p>\n<p><strong>La titular d\u2019aquesta web \u00e9s:<\/strong><\/p>\n<p>Identitat: COSTA BRAVA MEDITERRANEAN FOODS, S.L.U.<br \/>NIF: B55349880<br \/>Adre\u00e7a: C\/L\u2019Avellana, 11. 17178 \u2013 Les Preses (Girona, Espanya)<br \/>Tel.: +34 872 22 02 77<br \/>Correu electr\u00f2nic: info@costabravafoods.com<br \/>Inscrita en el Registre Mercantil de Girona, t. 3250, f. 81, full GI-66206.<\/p>\n<p><strong>Condicions d\u2019\u00fas<\/strong><\/p>\n<p>L\u2019\u00fas d\u2019aquest lloc web implica l\u2019acceptaci\u00f3 plena dels termes i condicions d\u2019aquest av\u00eds legal. Els possibles conflictes relatius a aquest web es regiran exclusivament pel dret de l\u2019Estat espanyol. Tota persona usu\u00e0ria del web, independentment de la jurisdicci\u00f3 territorial des de la qual se\u2019n produeixi l\u2019acc\u00e9s, accepta complir i respectar aquestes cl\u00e0usules amb ren\u00fancia expressa a qualsevol altre fur que pogu\u00e9s correspondre-li.<\/p>\n<p><strong>Propietat intel\u00b7lectual i industrial<\/strong><\/p>\n<p>La totalitat del contingut d\u2019aquest lloc web, ja siguin textos, imatges, sons, marques, logotips o altres elements, aix\u00ed com subestructura, disseny, combinacions de colors o forma de presentaci\u00f3 dels materials, estan protegits per drets de propietat industrial i intel\u00b7lectual que l\u2019usuari d\u2019aquest lloc web ha de respectar. No \u00e9s l\u00edcita la transformaci\u00f3 o alteraci\u00f3, comunicaci\u00f3 p\u00fablica o cap altra forma d\u2019explotaci\u00f3 mitjan\u00e7ant cap procediment sense l\u2019autoritzaci\u00f3 expressa de COSTA BRAVA MEDITERRANEAN FOODS, S.L.U.<\/p>\n<p><strong>Responsabilitat sobre els continguts<\/strong><\/p>\n<p>Encara que COSTA BRAVA MEDITERRANEAN FOODS, S.L.U. actua amb la m\u00e0xima dilig\u00e8ncia possible, podria succeir que alguna dada o informaci\u00f3 no estigu\u00e9s del tot actualitzada en el moment que l\u2019usuari del lloc web el consulti. Per aix\u00f2, les informacions que es presenten en aquesta web tenen una funci\u00f3 orientativa i no obliguen COSTA BRAVA MEDITERRANEAN FOODS, S.L.U.<\/p>\n<p>COSTA BRAVA MEDITERRANEAN FOODS, S.L.U. no ser\u00e0 responsable de la informaci\u00f3 que es pot obtenir a trav\u00e9s d\u2019enlla\u00e7os inclosos al web.<\/p>\n<p>COSTA BRAVA MEDITERRANEAN FOODS, S.L.U. es reserva la facultat de realitzar, en qualsevol moment i sense necessitat de preav\u00eds, modificacions o actualitzacions de la informaci\u00f3 i de qualsevol dels elements que integrin el disseny i configuraci\u00f3 de la p\u00e0gina web.<\/p>\n<p><strong>Llei aplicable i jurisdicci\u00f3<\/strong><\/p>\n<div class=\"blocs pagedefault\">\n<div class=\"center\">\n<p>L\u2019\u00fas d\u2019aquest lloc web implica l\u2019acceptaci\u00f3 plena dels termes i condicions d\u2019aquesta pol\u00edtica legal. Els possibles conflictes relatius a aquest web es regiran exclusivament per la legislaci\u00f3 espanyola, sent competents els Jutjats i Tribunals espanyols per con\u00e8ixer qualsevol q\u00fcesti\u00f3 que se\u2019n susciti. L\u2019usuari, per virtut de la seva acceptaci\u00f3, ren\u00fancia expressament a qualsevol fur que, per aplicaci\u00f3 de la Llei d\u2019Enjudiciament Civil vigent pogu\u00e9s correspondre-li.<\/p>\n<\/div>\n<\/div>\n<\/div><\/div><\/div><\/div><\/div><\/p>\n","protected":false},"excerpt":{"rendered":"","protected":false},"author":2,"featured_media":0,"parent":0,"menu_order":0,"comment_status":"closed","ping_status":"open","template":"100-width.php","meta":{"footnotes":""},"class_list":["post-19817","page","type-page","status-publish","hentry"],"yoast_head":"<!-- This site is optimized with the Yoast SEO plugin v27.5 - https:\/\/yoast.com\/product\/yoast-seo-wordpress\/ -->\n<title>Av\u00eds legal - Costa Brava Foods<\/title>\n<meta name=\"robots\" content=\"index, follow, max-snippet:-1, max-image-preview:large, max-video-preview:-1\" \/>\n<link rel=\"canonical\" href=\"https:\/\/www.costabravafoods.com\/aviso-legal\/\" \/>\n<meta property=\"og:locale\" content=\"ca_ES\" \/>\n<meta property=\"og:type\" content=\"article\" \/>\n<meta property=\"og:title\" content=\"Av\u00eds legal - Costa Brava Foods\" \/>\n<meta property=\"og:url\" content=\"https:\/\/www.costabravafoods.com\/aviso-legal\/\" \/>\n<meta property=\"og:site_name\" content=\"Costa Brava Foods\" \/>\n<meta property=\"article:modified_time\" content=\"2025-08-20T14:51:03+00:00\" \/>\n<meta name=\"twitter:card\" content=\"summary_large_image\" \/>\n<meta name=\"twitter:label1\" content=\"Temps estimat de lectura\" \/>\n\t<meta name=\"twitter:data1\" content=\"10 minuts\" \/>\n<script type=\"application\/ld+json\" class=\"yoast-schema-graph\">{\"@context\":\"https:\\\/\\\/schema.org\",\"@graph\":[{\"@type\":\"WebPage\",\"@id\":\"https:\\\/\\\/www.costabravafoods.com\\\/aviso-legal\\\/\",\"url\":\"https:\\\/\\\/www.costabravafoods.com\\\/aviso-legal\\\/\",\"name\":\"Av\u00eds legal - Costa Brava Foods\",\"isPartOf\":{\"@id\":\"https:\\\/\\\/www.costabravafoods.com\\\/#website\"},\"datePublished\":\"2025-05-23T12:59:09+00:00\",\"dateModified\":\"2025-08-20T14:51:03+00:00\",\"breadcrumb\":{\"@id\":\"https:\\\/\\\/www.costabravafoods.com\\\/aviso-legal\\\/#breadcrumb\"},\"inLanguage\":\"ca\",\"potentialAction\":[{\"@type\":\"ReadAction\",\"target\":[\"https:\\\/\\\/www.costabravafoods.com\\\/aviso-legal\\\/\"]}]},{\"@type\":\"BreadcrumbList\",\"@id\":\"https:\\\/\\\/www.costabravafoods.com\\\/aviso-legal\\\/#breadcrumb\",\"itemListElement\":[{\"@type\":\"ListItem\",\"position\":1,\"name\":\"Portada\",\"item\":\"https:\\\/\\\/www.costabravafoods.com\\\/ca\\\/\"},{\"@type\":\"ListItem\",\"position\":2,\"name\":\"Av\u00eds legal\"}]},{\"@type\":\"WebSite\",\"@id\":\"https:\\\/\\\/www.costabravafoods.com\\\/#website\",\"url\":\"https:\\\/\\\/www.costabravafoods.com\\\/\",\"name\":\"Costa Brava Foods\",\"description\":\"\",\"potentialAction\":[{\"@type\":\"SearchAction\",\"target\":{\"@type\":\"EntryPoint\",\"urlTemplate\":\"https:\\\/\\\/www.costabravafoods.com\\\/?s={search_term_string}\"},\"query-input\":{\"@type\":\"PropertyValueSpecification\",\"valueRequired\":true,\"valueName\":\"search_term_string\"}}],\"inLanguage\":\"ca\"}]}<\/script>\n<!-- \/ Yoast SEO plugin. -->","yoast_head_json":{"title":"Av\u00eds legal - Costa Brava Foods","robots":{"index":"index","follow":"follow","max-snippet":"max-snippet:-1","max-image-preview":"max-image-preview:large","max-video-preview":"max-video-preview:-1"},"canonical":"https:\/\/www.costabravafoods.com\/aviso-legal\/","og_locale":"ca_ES","og_type":"article","og_title":"Av\u00eds legal - Costa Brava Foods","og_url":"https:\/\/www.costabravafoods.com\/aviso-legal\/","og_site_name":"Costa Brava Foods","article_modified_time":"2025-08-20T14:51:03+00:00","twitter_card":"summary_large_image","twitter_misc":{"Temps estimat de lectura":"10 minuts"},"schema":{"@context":"https:\/\/schema.org","@graph":[{"@type":"WebPage","@id":"https:\/\/www.costabravafoods.com\/aviso-legal\/","url":"https:\/\/www.costabravafoods.com\/aviso-legal\/","name":"Av\u00eds legal - Costa Brava Foods","isPartOf":{"@id":"https:\/\/www.costabravafoods.com\/#website"},"datePublished":"2025-05-23T12:59:09+00:00","dateModified":"2025-08-20T14:51:03+00:00","breadcrumb":{"@id":"https:\/\/www.costabravafoods.com\/aviso-legal\/#breadcrumb"},"inLanguage":"ca","potentialAction":[{"@type":"ReadAction","target":["https:\/\/www.costabravafoods.com\/aviso-legal\/"]}]},{"@type":"BreadcrumbList","@id":"https:\/\/www.costabravafoods.com\/aviso-legal\/#breadcrumb","itemListElement":[{"@type":"ListItem","position":1,"name":"Portada","item":"https:\/\/www.costabravafoods.com\/ca\/"},{"@type":"ListItem","position":2,"name":"Av\u00eds legal"}]},{"@type":"WebSite","@id":"https:\/\/www.costabravafoods.com\/#website","url":"https:\/\/www.costabravafoods.com\/","name":"Costa Brava Foods","description":"","potentialAction":[{"@type":"SearchAction","target":{"@type":"EntryPoint","urlTemplate":"https:\/\/www.costabravafoods.com\/?s={search_term_string}"},"query-input":{"@type":"PropertyValueSpecification","valueRequired":true,"valueName":"search_term_string"}}],"inLanguage":"ca"}]}},"_links":{"self":[{"href":"https:\/\/www.costabravafoods.com\/ca\/wp-json\/wp\/v2\/pages\/19817","targetHints":{"allow":["GET"]}}],"collection":[{"href":"https:\/\/www.costabravafoods.com\/ca\/wp-json\/wp\/v2\/pages"}],"about":[{"href":"https:\/\/www.costabravafoods.com\/ca\/wp-json\/wp\/v2\/types\/page"}],"author":[{"embeddable":true,"href":"https:\/\/www.costabravafoods.com\/ca\/wp-json\/wp\/v2\/users\/2"}],"replies":[{"embeddable":true,"href":"https:\/\/www.costabravafoods.com\/ca\/wp-json\/wp\/v2\/comments?post=19817"}],"version-history":[{"count":2,"href":"https:\/\/www.costabravafoods.com\/ca\/wp-json\/wp\/v2\/pages\/19817\/revisions"}],"predecessor-version":[{"id":19819,"href":"https:\/\/www.costabravafoods.com\/ca\/wp-json\/wp\/v2\/pages\/19817\/revisions\/19819"}],"wp:attachment":[{"href":"https:\/\/www.costabravafoods.com\/ca\/wp-json\/wp\/v2\/media?parent=19817"}],"curies":[{"name":"wp","href":"https:\/\/api.w.org\/{rel}","templated":true}]}}