

{"id":22867,"date":"2025-08-04T11:12:25","date_gmt":"2025-08-04T09:12:25","guid":{"rendered":"https:\/\/www.costabravafoods.com\/canal-de-denuncies\/"},"modified":"2025-10-04T18:59:02","modified_gmt":"2025-10-04T16:59:02","slug":"canal-de-denuncies","status":"publish","type":"page","link":"https:\/\/www.costabravafoods.com\/ca\/canal-de-denuncies\/","title":{"rendered":"Canal de Den\u00fancies"},"content":{"rendered":"<p><div class=\"fusion-fullwidth fullwidth-box fusion-builder-row-1 fusion-flex-container has-pattern-background has-mask-background nonhundred-percent-fullwidth non-hundred-percent-height-scrolling fusion-no-small-visibility\" style=\"--awb-border-radius-top-left:0px;--awb-border-radius-top-right:0px;--awb-border-radius-bottom-right:0px;--awb-border-radius-bottom-left:0px;--awb-padding-top:50px;--awb-flex-wrap:wrap;\" ><div class=\"fusion-builder-row fusion-row fusion-flex-align-items-flex-start fusion-flex-content-wrap\" style=\"max-width:1248px;margin-left: calc(-4% \/ 2 );margin-right: calc(-4% \/ 2 );\"><div class=\"fusion-layout-column fusion_builder_column fusion-builder-column-0 fusion_builder_column_1_1 1_1 fusion-flex-column fusion-flex-align-self-center\" style=\"--awb-bg-blend:overlay;--awb-bg-size:cover;--awb-width-large:100%;--awb-margin-top-large:0px;--awb-spacing-right-large:-10px;--awb-margin-bottom-large:40px;--awb-spacing-left-large:-10px;--awb-width-medium:100%;--awb-order-medium:0;--awb-spacing-right-medium:-10px;--awb-spacing-left-medium:-10px;--awb-width-small:100%;--awb-order-small:0;--awb-spacing-right-small:1.92%;--awb-spacing-left-small:1.92%;\" data-scroll-devices=\"small-visibility,medium-visibility,large-visibility\"><div class=\"fusion-column-wrapper fusion-column-has-shadow fusion-flex-justify-content-center fusion-content-layout-column\"><div class=\"fusion-title title fusion-title-1 fusion-title-center fusion-title-text fusion-title-size-one\" style=\"--awb-text-color:#051d30;--awb-margin-top-small:10px;--awb-margin-right-small:0px;--awb-margin-bottom-small:10px;--awb-margin-left-small:0px;--awb-sep-color:var(--awb-color4);--awb-font-size:28px;\"><div class=\"title-sep-container title-sep-container-left\"><div class=\"title-sep sep-single sep-solid\" style=\"border-color:var(--awb-color4);\"><\/div><\/div><span class=\"awb-title-spacer\"><\/span><h1 class=\"fusion-title-heading title-heading-center\" style=\"font-family:&quot;Noto Sans Bold&quot;;font-style:normal;font-weight:400;margin:0;letter-spacing:0.5px;font-size:1em;\"><div style=\"margin: 0 20px;\">CANAL DE DEN\u00daNCIES<\/div><\/h1><span class=\"awb-title-spacer\"><\/span><div class=\"title-sep-container title-sep-container-right\"><div class=\"title-sep sep-single sep-solid\" style=\"border-color:var(--awb-color4);\"><\/div><\/div><\/div><\/div><\/div><\/div><\/div><div class=\"fusion-fullwidth fullwidth-box fusion-builder-row-2 fusion-flex-container has-pattern-background has-mask-background nonhundred-percent-fullwidth non-hundred-percent-height-scrolling\" style=\"--awb-border-radius-top-left:0px;--awb-border-radius-top-right:0px;--awb-border-radius-bottom-right:0px;--awb-border-radius-bottom-left:0px;--awb-padding-top:50px;--awb-flex-wrap:wrap;\" ><div class=\"fusion-builder-row fusion-row fusion-flex-align-items-flex-start fusion-flex-content-wrap\" style=\"max-width:1248px;margin-left: calc(-4% \/ 2 );margin-right: calc(-4% \/ 2 );\"><div class=\"fusion-layout-column fusion_builder_column fusion-builder-column-1 fusion_builder_column_1_1 1_1 fusion-flex-column\" style=\"--awb-bg-blend:overlay;--awb-bg-size:cover;--awb-width-large:100%;--awb-margin-top-large:0px;--awb-spacing-right-large:1.92%;--awb-margin-bottom-large:10px;--awb-spacing-left-large:1.92%;--awb-width-medium:100%;--awb-order-medium:0;--awb-spacing-right-medium:1.92%;--awb-spacing-left-medium:1.92%;--awb-width-small:100%;--awb-order-small:0;--awb-spacing-right-small:1.92%;--awb-spacing-left-small:1.92%;\" data-scroll-devices=\"small-visibility,medium-visibility,large-visibility\"><div class=\"fusion-column-wrapper fusion-column-has-shadow fusion-flex-justify-content-flex-start fusion-content-layout-column\"><div class=\"fusion-text fusion-text-1 fusion-animated fusion-text-no-margin\" style=\"--awb-margin-top:0px;--awb-margin-right:0px;--awb-margin-bottom:0px;--awb-margin-left:0px;\" data-animationType=\"fadeInUp\" data-animationDuration=\"0.3\" data-animationOffset=\"top-into-view\">\r\n<div class=\"canald-form-container\">\r\n            <h3>Formulari de den\u00fancia<\/h3>\r\n        \r\n    <form id=\"canald-complaint-form\" class=\"canald-form\" enctype=\"multipart\/form-data\">\r\n        <input type=\"hidden\" id=\"canald_nonce\" name=\"canald_nonce\" value=\"2e4923e6a2\" \/><input type=\"hidden\" name=\"_wp_http_referer\" value=\"\/ca\/wp-json\/wp\/v2\/pages\/22867\" \/>        \r\n        <div class=\"canald-field\">\r\n            <label for=\"canald-title\">T\u00edtol de la den\u00fancia *<\/label>\r\n            <input type=\"text\" id=\"canald-title\" name=\"title\" required>\r\n        <\/div>\r\n        \r\n        <div class=\"canald-field\">\r\n            <label for=\"canald-work-center\">Centre de treball *<\/label>\r\n            <select id=\"canald-work-center\" name=\"work_center_id\" required>\r\n                <option value=\"\">Selecciona un centre de treball<\/option>\r\n                                    <option value=\"8\">Coopecarn<\/option>\r\n                                    <option value=\"7\">Embutidos Collell<\/option>\r\n                                    <option value=\"6\">Embutidos Monter<\/option>\r\n                                    <option value=\"5\">Frescos Delisano<\/option>\r\n                                    <option value=\"3\">Fricafor<\/option>\r\n                                    <option value=\"4\">Frigor\u00edficos Costa Brava<\/option>\r\n                                    <option value=\"2\">Grup Ca\u00f1igueral<\/option>\r\n                                    <option value=\"9\">Pig Livestock Union<\/option>\r\n                            <\/select>\r\n        <\/div>\r\n        \r\n        <div class=\"canald-field\">\r\n            <label for=\"canald-description\">Descripci\u00f3 detallada *<\/label>\r\n            <textarea id=\"canald-description\" name=\"description\" rows=\"6\" required><\/textarea>\r\n        <\/div>\r\n        \r\n        <div class=\"canald-field\">\r\n            <label for=\"canald-name\">Nom complet (opcional)<\/label>\r\n            <input type=\"text\" id=\"canald-name\" name=\"complainant_name\">\r\n        <\/div>\r\n        \r\n        <div class=\"canald-field\">\r\n            <label for=\"canald-email\">Correu electr\u00f2nic de contacte (opcional)<\/label>\r\n            <input type=\"email\" id=\"canald-email\" name=\"complainant_email\">\r\n            <p class=\"description\">Si proporciones el teu correu electr\u00f2nic, rebr\u00e0s l\u2019enlla\u00e7 de seguiment i notificacions sobre l\u2019estat de la teva den\u00fancia.<\/p>\r\n        <\/div>\r\n        \r\n        <div class=\"canald-field\">\r\n            <label for=\"canald-phone\">Tel\u00e8fon (opcional)<\/label>\r\n            <input type=\"tel\" id=\"canald-phone\" name=\"complainant_phone\">\r\n        <\/div>\r\n        \r\n        <div class=\"canald-field\">\r\n            <label for=\"canald-attachment\">Arxiu adjunt (opcional)<\/label>\r\n            <input type=\"file\" id=\"canald-attachment\" name=\"attachment\" accept=\".jpg,.jpeg,.png,.pdf,.heic\">\r\n            <p class=\"description\">Formats permesos: JPG, JPEG, PNG, PDF, HEIC. Mida m\u00e0xima: 5 MB<\/p>\r\n            <div id=\"file-error\" class=\"canald-file-error\" style=\"display: none;\"><\/div>\r\n        <\/div>\r\n        \r\n        <div class=\"canald-field canald-privacy-field\">\r\n            <label class=\"canald-checkbox-label\">\r\n                <input type=\"checkbox\" id=\"canald-privacy\" name=\"privacy_accepted\" required>\r\n                He llegit i accepto la \r\n                <a href=\"https:\/\/www.costabravafoods.com\/politica-de-privacidad\/\" target=\"_blank\">pol\u00edtica de privacitat<\/a> *\r\n            <\/label>\r\n        <\/div>\r\n        \r\n        <div class=\"canald-legal-text\">\r\n            <p>L'informem que el responsable del tractament d\u2019aquest formulari de recollida de dades \u00e9s COSTA BRAVA MEDITERRANEAN FOODS, S.L.U. La finalitat principal d\u2019aquest formulari \u00e9s registrar la sol\u00b7licitud d\u2019informaci\u00f3 de l\u2019usuari i poder gestionar la seva petici\u00f3 relacionada amb els serveis i\/o productes dels quals disposa COSTA BRAVA MEDITERRANEAN FOODS, S.L.U. Aix\u00ed mateix, informem l\u2019usuari que la base leg\u00edtima per als tractaments que es duran a terme \u00e9s el consentiment. D'acord amb els drets que li confereix la normativa vigent en mat\u00e8ria de protecci\u00f3 de dades, l\u2019usuari podr\u00e0 dirigir-se a l\u2019autoritat de control competent per presentar la reclamaci\u00f3 que consideri oportuna, aix\u00ed com exercir els drets d\u2019acc\u00e9s, rectificaci\u00f3, limitaci\u00f3 del tractament, supressi\u00f3, portabilitat i oposici\u00f3 al tractament de les seves dades personals, aix\u00ed com tamb\u00e9 retirar el consentiment atorgat per al seu tractament. Per a m\u00e9s informaci\u00f3, l\u2019usuari pot consultar la nostra pol\u00edtica de privacitat.<\/p>\r\n        <\/div>\r\n        \r\n        <div class=\"canald-field\">\r\n            <button type=\"submit\" class=\"canald-submit-btn\">Enviar den\u00fancia <\/button>\r\n        <\/div>\r\n    <\/form>\r\n    \r\n    <div id=\"canald-form-response\" class=\"canald-response\" style=\"display: none;\"><\/div>\r\n<\/div>\r\n\n<\/div><\/div><\/div><\/div><\/div><\/p>\n","protected":false},"excerpt":{"rendered":"","protected":false},"author":1,"featured_media":0,"parent":0,"menu_order":0,"comment_status":"closed","ping_status":"closed","template":"100-width.php","meta":{"footnotes":""},"class_list":["post-22867","page","type-page","status-publish","hentry"],"yoast_head":"<!-- This site is optimized with the Yoast SEO plugin v27.2 - https:\/\/yoast.com\/product\/yoast-seo-wordpress\/ -->\n<title>Canal de Den\u00fancies - Costa Brava Foods<\/title>\n<meta name=\"robots\" content=\"index, follow, max-snippet:-1, max-image-preview:large, max-video-preview:-1\" \/>\n<link rel=\"canonical\" href=\"https:\/\/www.costabravafoods.com\/canal-de-denuncias-formulario\/\" \/>\n<meta property=\"og:locale\" content=\"ca_ES\" \/>\n<meta property=\"og:type\" content=\"article\" \/>\n<meta property=\"og:title\" content=\"Canal de Den\u00fancies - Costa Brava Foods\" \/>\n<meta property=\"og:url\" content=\"https:\/\/www.costabravafoods.com\/canal-de-denuncias-formulario\/\" \/>\n<meta property=\"og:site_name\" content=\"Costa Brava Foods\" \/>\n<meta property=\"article:modified_time\" content=\"2025-10-04T16:59:02+00:00\" \/>\n<meta name=\"twitter:card\" content=\"summary_large_image\" \/>\n<meta name=\"twitter:label1\" content=\"Temps estimat de lectura\" \/>\n\t<meta name=\"twitter:data1\" content=\"11 minuts\" \/>\n<script type=\"application\/ld+json\" class=\"yoast-schema-graph\">{\"@context\":\"https:\/\/schema.org\",\"@graph\":[{\"@type\":\"WebPage\",\"@id\":\"https:\/\/www.costabravafoods.com\/canal-de-denuncias-formulario\/\",\"url\":\"https:\/\/www.costabravafoods.com\/canal-de-denuncias-formulario\/\",\"name\":\"Canal de Den\u00fancies - Costa Brava Foods\",\"isPartOf\":{\"@id\":\"https:\/\/www.costabravafoods.com\/#website\"},\"datePublished\":\"2025-08-04T09:12:25+00:00\",\"dateModified\":\"2025-10-04T16:59:02+00:00\",\"breadcrumb\":{\"@id\":\"https:\/\/www.costabravafoods.com\/canal-de-denuncias-formulario\/#breadcrumb\"},\"inLanguage\":\"ca\",\"potentialAction\":[{\"@type\":\"ReadAction\",\"target\":[\"https:\/\/www.costabravafoods.com\/canal-de-denuncias-formulario\/\"]}]},{\"@type\":\"BreadcrumbList\",\"@id\":\"https:\/\/www.costabravafoods.com\/canal-de-denuncias-formulario\/#breadcrumb\",\"itemListElement\":[{\"@type\":\"ListItem\",\"position\":1,\"name\":\"Portada\",\"item\":\"https:\/\/www.costabravafoods.com\/ca\/\"},{\"@type\":\"ListItem\",\"position\":2,\"name\":\"Canal de Den\u00fancies\"}]},{\"@type\":\"WebSite\",\"@id\":\"https:\/\/www.costabravafoods.com\/#website\",\"url\":\"https:\/\/www.costabravafoods.com\/\",\"name\":\"Costa Brava Foods\",\"description\":\"\",\"potentialAction\":[{\"@type\":\"SearchAction\",\"target\":{\"@type\":\"EntryPoint\",\"urlTemplate\":\"https:\/\/www.costabravafoods.com\/?s={search_term_string}\"},\"query-input\":{\"@type\":\"PropertyValueSpecification\",\"valueRequired\":true,\"valueName\":\"search_term_string\"}}],\"inLanguage\":\"ca\"}]}<\/script>\n<!-- \/ Yoast SEO plugin. -->","yoast_head_json":{"title":"Canal de Den\u00fancies - Costa Brava Foods","robots":{"index":"index","follow":"follow","max-snippet":"max-snippet:-1","max-image-preview":"max-image-preview:large","max-video-preview":"max-video-preview:-1"},"canonical":"https:\/\/www.costabravafoods.com\/canal-de-denuncias-formulario\/","og_locale":"ca_ES","og_type":"article","og_title":"Canal de Den\u00fancies - Costa Brava Foods","og_url":"https:\/\/www.costabravafoods.com\/canal-de-denuncias-formulario\/","og_site_name":"Costa Brava Foods","article_modified_time":"2025-10-04T16:59:02+00:00","twitter_card":"summary_large_image","twitter_misc":{"Temps estimat de lectura":"11 minuts"},"schema":{"@context":"https:\/\/schema.org","@graph":[{"@type":"WebPage","@id":"https:\/\/www.costabravafoods.com\/canal-de-denuncias-formulario\/","url":"https:\/\/www.costabravafoods.com\/canal-de-denuncias-formulario\/","name":"Canal de Den\u00fancies - Costa Brava Foods","isPartOf":{"@id":"https:\/\/www.costabravafoods.com\/#website"},"datePublished":"2025-08-04T09:12:25+00:00","dateModified":"2025-10-04T16:59:02+00:00","breadcrumb":{"@id":"https:\/\/www.costabravafoods.com\/canal-de-denuncias-formulario\/#breadcrumb"},"inLanguage":"ca","potentialAction":[{"@type":"ReadAction","target":["https:\/\/www.costabravafoods.com\/canal-de-denuncias-formulario\/"]}]},{"@type":"BreadcrumbList","@id":"https:\/\/www.costabravafoods.com\/canal-de-denuncias-formulario\/#breadcrumb","itemListElement":[{"@type":"ListItem","position":1,"name":"Portada","item":"https:\/\/www.costabravafoods.com\/ca\/"},{"@type":"ListItem","position":2,"name":"Canal de Den\u00fancies"}]},{"@type":"WebSite","@id":"https:\/\/www.costabravafoods.com\/#website","url":"https:\/\/www.costabravafoods.com\/","name":"Costa Brava Foods","description":"","potentialAction":[{"@type":"SearchAction","target":{"@type":"EntryPoint","urlTemplate":"https:\/\/www.costabravafoods.com\/?s={search_term_string}"},"query-input":{"@type":"PropertyValueSpecification","valueRequired":true,"valueName":"search_term_string"}}],"inLanguage":"ca"}]}},"_links":{"self":[{"href":"https:\/\/www.costabravafoods.com\/ca\/wp-json\/wp\/v2\/pages\/22867","targetHints":{"allow":["GET"]}}],"collection":[{"href":"https:\/\/www.costabravafoods.com\/ca\/wp-json\/wp\/v2\/pages"}],"about":[{"href":"https:\/\/www.costabravafoods.com\/ca\/wp-json\/wp\/v2\/types\/page"}],"author":[{"embeddable":true,"href":"https:\/\/www.costabravafoods.com\/ca\/wp-json\/wp\/v2\/users\/1"}],"replies":[{"embeddable":true,"href":"https:\/\/www.costabravafoods.com\/ca\/wp-json\/wp\/v2\/comments?post=22867"}],"version-history":[{"count":4,"href":"https:\/\/www.costabravafoods.com\/ca\/wp-json\/wp\/v2\/pages\/22867\/revisions"}],"predecessor-version":[{"id":33837,"href":"https:\/\/www.costabravafoods.com\/ca\/wp-json\/wp\/v2\/pages\/22867\/revisions\/33837"}],"wp:attachment":[{"href":"https:\/\/www.costabravafoods.com\/ca\/wp-json\/wp\/v2\/media?parent=22867"}],"curies":[{"name":"wp","href":"https:\/\/api.w.org\/{rel}","templated":true}]}}