

{"id":33338,"date":"2025-07-18T12:00:43","date_gmt":"2025-07-18T10:00:43","guid":{"rendered":"https:\/\/www.costabravafoods.com\/producto\/tapas-pernil-iberic\/"},"modified":"2025-10-01T15:04:04","modified_gmt":"2025-10-01T13:04:04","slug":"tapas-pernil-iberic","status":"publish","type":"product","link":"https:\/\/www.costabravafoods.com\/ca\/producte\/tapas-pernil-iberic\/","title":{"rendered":"TAPAS Pernil Ib\u00e8ric"},"content":{"rendered":"<p>El Pernil Ib\u00e8ric Costa Brava Mediterranean Foods en format Tapas per a gaudir de tot lo b\u00f3 del pernil ib\u00e8ric en format tapeo.<\/p>\n","protected":false},"excerpt":{"rendered":"<p>Tapas de Pernil Ib\u00e8ric, gaudeix de tot lo bo del Pernil Ib\u00e8ric en qualsevol lloc.<\/p>\n","protected":false},"featured_media":18223,"template":"","meta":[],"product_brand":[],"product_cat":[284,283],"product_tag":[],"corte_cerdo":[],"corte_vacuno":[],"fresh_retail":[276],"conservacion":[285],"envase":[713],"tipo_corte":[287],"class_list":{"0":"post-33338","1":"product","2":"type-product","3":"status-publish","4":"has-post-thumbnail","6":"product_cat-tapas-ca","7":"product_cat-tradition-ca","8":"fresh_retail-porc","9":"conservacion-temperatura-ambient","10":"envase-atmosfera-protectora-ca","11":"tipo_corte-llescat","13":"first","14":"instock","15":"product-type-simple"},"yoast_head":"<!-- This site is optimized with the Yoast SEO plugin v27.2 - https:\/\/yoast.com\/product\/yoast-seo-wordpress\/ -->\n<title>TAPAS Pernil Ib\u00e8ric<\/title>\n<meta name=\"description\" content=\"El Pernil Ib\u00e8ric Costa Brava Mediterranean Foods en format Tapas per a gaudir de tot lo b\u00f3 del pernil ib\u00e8ric en format tapeo.\" \/>\n<meta name=\"robots\" content=\"index, follow, max-snippet:-1, max-image-preview:large, max-video-preview:-1\" \/>\n<link rel=\"canonical\" href=\"https:\/\/www.costabravafoods.com\/ca\/producte\/tapas-pernil-iberic\/\" \/>\n<meta property=\"og:locale\" content=\"ca_ES\" \/>\n<meta property=\"og:type\" content=\"article\" \/>\n<meta property=\"og:title\" content=\"TAPAS Pernil Ib\u00e8ric\" \/>\n<meta property=\"og:description\" content=\"El Pernil Ib\u00e8ric Costa Brava Mediterranean Foods en format Tapas per a gaudir de tot lo b\u00f3 del pernil ib\u00e8ric en format tapeo.\" \/>\n<meta property=\"og:url\" content=\"https:\/\/www.costabravafoods.com\/ca\/producte\/tapas-pernil-iberic\/\" \/>\n<meta property=\"og:site_name\" content=\"Costa Brava Foods\" \/>\n<meta property=\"article:modified_time\" content=\"2025-10-01T13:04:04+00:00\" \/>\n<meta property=\"og:image\" content=\"https:\/\/www.costabravafoods.com\/wp-content\/uploads\/2025\/07\/tapas-jamon-iberico.jpg\" \/>\n\t<meta property=\"og:image:width\" content=\"1000\" \/>\n\t<meta property=\"og:image:height\" content=\"1000\" \/>\n\t<meta property=\"og:image:type\" content=\"image\/jpeg\" \/>\n<meta name=\"twitter:card\" content=\"summary_large_image\" \/>\n<script type=\"application\/ld+json\" class=\"yoast-schema-graph\">{\"@context\":\"https:\/\/schema.org\",\"@graph\":[{\"@type\":\"WebPage\",\"@id\":\"https:\/\/www.costabravafoods.com\/ca\/producte\/tapas-pernil-iberic\/\",\"url\":\"https:\/\/www.costabravafoods.com\/ca\/producte\/tapas-pernil-iberic\/\",\"name\":\"TAPAS Pernil Ib\u00e8ric\",\"isPartOf\":{\"@id\":\"https:\/\/www.costabravafoods.com\/#website\"},\"primaryImageOfPage\":{\"@id\":\"https:\/\/www.costabravafoods.com\/ca\/producte\/tapas-pernil-iberic\/#primaryimage\"},\"image\":{\"@id\":\"https:\/\/www.costabravafoods.com\/ca\/producte\/tapas-pernil-iberic\/#primaryimage\"},\"thumbnailUrl\":\"https:\/\/www.costabravafoods.com\/wp-content\/uploads\/2025\/07\/tapas-jamon-iberico.jpg\",\"datePublished\":\"2025-07-18T10:00:43+00:00\",\"dateModified\":\"2025-10-01T13:04:04+00:00\",\"description\":\"El Pernil Ib\u00e8ric Costa Brava Mediterranean Foods en format Tapas per a gaudir de tot lo b\u00f3 del pernil ib\u00e8ric en format tapeo.\",\"breadcrumb\":{\"@id\":\"https:\/\/www.costabravafoods.com\/ca\/producte\/tapas-pernil-iberic\/#breadcrumb\"},\"inLanguage\":\"ca\",\"potentialAction\":[{\"@type\":\"ReadAction\",\"target\":[\"https:\/\/www.costabravafoods.com\/ca\/producte\/tapas-pernil-iberic\/\"]}]},{\"@type\":\"ImageObject\",\"inLanguage\":\"ca\",\"@id\":\"https:\/\/www.costabravafoods.com\/ca\/producte\/tapas-pernil-iberic\/#primaryimage\",\"url\":\"https:\/\/www.costabravafoods.com\/wp-content\/uploads\/2025\/07\/tapas-jamon-iberico.jpg\",\"contentUrl\":\"https:\/\/www.costabravafoods.com\/wp-content\/uploads\/2025\/07\/tapas-jamon-iberico.jpg\",\"width\":1000,\"height\":1000,\"caption\":\"El Pernil Ib\u00e8ric Costa Brava Mediterranean Foods en format Tapas per a gaudir de tot lo b\u00f3 del pernil ib\u00e8ric en format tapeo.\"},{\"@type\":\"BreadcrumbList\",\"@id\":\"https:\/\/www.costabravafoods.com\/ca\/producte\/tapas-pernil-iberic\/#breadcrumb\",\"itemListElement\":[{\"@type\":\"ListItem\",\"position\":1,\"name\":\"Portada\",\"item\":\"https:\/\/www.costabravafoods.com\/ca\/\"},{\"@type\":\"ListItem\",\"position\":2,\"name\":\"Productes\",\"item\":\"https:\/\/www.costabravafoods.com\/productos\/\"},{\"@type\":\"ListItem\",\"position\":3,\"name\":\"TAPAS Pernil Ib\u00e8ric\"}]},{\"@type\":\"WebSite\",\"@id\":\"https:\/\/www.costabravafoods.com\/#website\",\"url\":\"https:\/\/www.costabravafoods.com\/\",\"name\":\"Costa Brava Foods\",\"description\":\"\",\"potentialAction\":[{\"@type\":\"SearchAction\",\"target\":{\"@type\":\"EntryPoint\",\"urlTemplate\":\"https:\/\/www.costabravafoods.com\/?s={search_term_string}\"},\"query-input\":{\"@type\":\"PropertyValueSpecification\",\"valueRequired\":true,\"valueName\":\"search_term_string\"}}],\"inLanguage\":\"ca\"}]}<\/script>\n<!-- \/ Yoast SEO plugin. -->","yoast_head_json":{"title":"TAPAS Pernil Ib\u00e8ric","description":"El Pernil Ib\u00e8ric Costa Brava Mediterranean Foods en format Tapas per a gaudir de tot lo b\u00f3 del pernil ib\u00e8ric en format tapeo.","robots":{"index":"index","follow":"follow","max-snippet":"max-snippet:-1","max-image-preview":"max-image-preview:large","max-video-preview":"max-video-preview:-1"},"canonical":"https:\/\/www.costabravafoods.com\/ca\/producte\/tapas-pernil-iberic\/","og_locale":"ca_ES","og_type":"article","og_title":"TAPAS Pernil Ib\u00e8ric","og_description":"El Pernil Ib\u00e8ric Costa Brava Mediterranean Foods en format Tapas per a gaudir de tot lo b\u00f3 del pernil ib\u00e8ric en format tapeo.","og_url":"https:\/\/www.costabravafoods.com\/ca\/producte\/tapas-pernil-iberic\/","og_site_name":"Costa Brava Foods","article_modified_time":"2025-10-01T13:04:04+00:00","og_image":[{"width":1000,"height":1000,"url":"https:\/\/www.costabravafoods.com\/wp-content\/uploads\/2025\/07\/tapas-jamon-iberico.jpg","type":"image\/jpeg"}],"twitter_card":"summary_large_image","schema":{"@context":"https:\/\/schema.org","@graph":[{"@type":"WebPage","@id":"https:\/\/www.costabravafoods.com\/ca\/producte\/tapas-pernil-iberic\/","url":"https:\/\/www.costabravafoods.com\/ca\/producte\/tapas-pernil-iberic\/","name":"TAPAS Pernil Ib\u00e8ric","isPartOf":{"@id":"https:\/\/www.costabravafoods.com\/#website"},"primaryImageOfPage":{"@id":"https:\/\/www.costabravafoods.com\/ca\/producte\/tapas-pernil-iberic\/#primaryimage"},"image":{"@id":"https:\/\/www.costabravafoods.com\/ca\/producte\/tapas-pernil-iberic\/#primaryimage"},"thumbnailUrl":"https:\/\/www.costabravafoods.com\/wp-content\/uploads\/2025\/07\/tapas-jamon-iberico.jpg","datePublished":"2025-07-18T10:00:43+00:00","dateModified":"2025-10-01T13:04:04+00:00","description":"El Pernil Ib\u00e8ric Costa Brava Mediterranean Foods en format Tapas per a gaudir de tot lo b\u00f3 del pernil ib\u00e8ric en format tapeo.","breadcrumb":{"@id":"https:\/\/www.costabravafoods.com\/ca\/producte\/tapas-pernil-iberic\/#breadcrumb"},"inLanguage":"ca","potentialAction":[{"@type":"ReadAction","target":["https:\/\/www.costabravafoods.com\/ca\/producte\/tapas-pernil-iberic\/"]}]},{"@type":"ImageObject","inLanguage":"ca","@id":"https:\/\/www.costabravafoods.com\/ca\/producte\/tapas-pernil-iberic\/#primaryimage","url":"https:\/\/www.costabravafoods.com\/wp-content\/uploads\/2025\/07\/tapas-jamon-iberico.jpg","contentUrl":"https:\/\/www.costabravafoods.com\/wp-content\/uploads\/2025\/07\/tapas-jamon-iberico.jpg","width":1000,"height":1000,"caption":"El Pernil Ib\u00e8ric Costa Brava Mediterranean Foods en format Tapas per a gaudir de tot lo b\u00f3 del pernil ib\u00e8ric en format tapeo."},{"@type":"BreadcrumbList","@id":"https:\/\/www.costabravafoods.com\/ca\/producte\/tapas-pernil-iberic\/#breadcrumb","itemListElement":[{"@type":"ListItem","position":1,"name":"Portada","item":"https:\/\/www.costabravafoods.com\/ca\/"},{"@type":"ListItem","position":2,"name":"Productes","item":"https:\/\/www.costabravafoods.com\/productos\/"},{"@type":"ListItem","position":3,"name":"TAPAS Pernil Ib\u00e8ric"}]},{"@type":"WebSite","@id":"https:\/\/www.costabravafoods.com\/#website","url":"https:\/\/www.costabravafoods.com\/","name":"Costa Brava Foods","description":"","potentialAction":[{"@type":"SearchAction","target":{"@type":"EntryPoint","urlTemplate":"https:\/\/www.costabravafoods.com\/?s={search_term_string}"},"query-input":{"@type":"PropertyValueSpecification","valueRequired":true,"valueName":"search_term_string"}}],"inLanguage":"ca"}]}},"_links":{"self":[{"href":"https:\/\/www.costabravafoods.com\/ca\/wp-json\/wp\/v2\/product\/33338","targetHints":{"allow":["GET"]}}],"collection":[{"href":"https:\/\/www.costabravafoods.com\/ca\/wp-json\/wp\/v2\/product"}],"about":[{"href":"https:\/\/www.costabravafoods.com\/ca\/wp-json\/wp\/v2\/types\/product"}],"wp:featuredmedia":[{"embeddable":true,"href":"https:\/\/www.costabravafoods.com\/ca\/wp-json\/wp\/v2\/media\/18223"}],"wp:attachment":[{"href":"https:\/\/www.costabravafoods.com\/ca\/wp-json\/wp\/v2\/media?parent=33338"}],"wp:term":[{"taxonomy":"product_brand","embeddable":true,"href":"https:\/\/www.costabravafoods.com\/ca\/wp-json\/wp\/v2\/product_brand?post=33338"},{"taxonomy":"product_cat","embeddable":true,"href":"https:\/\/www.costabravafoods.com\/ca\/wp-json\/wp\/v2\/product_cat?post=33338"},{"taxonomy":"product_tag","embeddable":true,"href":"https:\/\/www.costabravafoods.com\/ca\/wp-json\/wp\/v2\/product_tag?post=33338"},{"taxonomy":"corte_cerdo","embeddable":true,"href":"https:\/\/www.costabravafoods.com\/ca\/wp-json\/wp\/v2\/corte_cerdo?post=33338"},{"taxonomy":"corte_vacuno","embeddable":true,"href":"https:\/\/www.costabravafoods.com\/ca\/wp-json\/wp\/v2\/corte_vacuno?post=33338"},{"taxonomy":"fresh_retail","embeddable":true,"href":"https:\/\/www.costabravafoods.com\/ca\/wp-json\/wp\/v2\/fresh_retail?post=33338"},{"taxonomy":"conservacion","embeddable":true,"href":"https:\/\/www.costabravafoods.com\/ca\/wp-json\/wp\/v2\/conservacion?post=33338"},{"taxonomy":"envase","embeddable":true,"href":"https:\/\/www.costabravafoods.com\/ca\/wp-json\/wp\/v2\/envase?post=33338"},{"taxonomy":"tipo_corte","embeddable":true,"href":"https:\/\/www.costabravafoods.com\/ca\/wp-json\/wp\/v2\/tipo_corte?post=33338"}],"curies":[{"name":"wp","href":"https:\/\/api.w.org\/{rel}","templated":true}]}}