

{"id":33348,"date":"2025-07-18T12:01:37","date_gmt":"2025-07-18T10:01:37","guid":{"rendered":"https:\/\/www.costabravafoods.com\/producto\/tapas-sevilla\/"},"modified":"2025-10-01T15:04:15","modified_gmt":"2025-10-01T13:04:15","slug":"tapas-sevilla","status":"publish","type":"product","link":"https:\/\/www.costabravafoods.com\/ca\/producte\/tapas-sevilla\/","title":{"rendered":"TAPAS Sevilla"},"content":{"rendered":"<p>Sevilla, una ciutat centre cultural del nostre pa\u00eds pel que creiem que es mereix aquest homenatge. Una tapa plena de tradici\u00f3 i sabor, amb fuet, pernil serr\u00e0 i olives, una combinaci\u00f3 perfecta.<\/p>\n","protected":false},"excerpt":{"rendered":"<p>Tapas Sevilla, amb fuet, Pernil Serr\u00e0 i olives.<\/p>\n","protected":false},"featured_media":18303,"template":"","meta":[],"product_brand":[],"product_cat":[284,283],"product_tag":[],"corte_cerdo":[],"corte_vacuno":[],"fresh_retail":[276],"conservacion":[288],"envase":[713],"tipo_corte":[287],"class_list":{"0":"post-33348","1":"product","2":"type-product","3":"status-publish","4":"has-post-thumbnail","6":"product_cat-tapas-ca","7":"product_cat-tradition-ca","8":"fresh_retail-porc","9":"conservacion-refrigerat","10":"envase-atmosfera-protectora-ca","11":"tipo_corte-llescat","13":"first","14":"instock","15":"product-type-simple"},"yoast_head":"<!-- This site is optimized with the Yoast SEO plugin v27.2 - https:\/\/yoast.com\/product\/yoast-seo-wordpress\/ -->\n<title>TAPAS Sevilla<\/title>\n<meta name=\"description\" content=\"Sevilla, una ciutat centre cultural del nostre pa\u00eds pel que creiem que es mereix aquest homenatge. Una tapa plena de tradici\u00f3 i sabor, amb fuet, pernil serr\u00e0 i olives, una combinaci\u00f3 perfecta.\" \/>\n<meta name=\"robots\" content=\"index, follow, max-snippet:-1, max-image-preview:large, max-video-preview:-1\" \/>\n<link rel=\"canonical\" href=\"https:\/\/www.costabravafoods.com\/ca\/producte\/tapas-sevilla\/\" \/>\n<meta property=\"og:locale\" content=\"ca_ES\" \/>\n<meta property=\"og:type\" content=\"article\" \/>\n<meta property=\"og:title\" content=\"TAPAS Sevilla\" \/>\n<meta property=\"og:description\" content=\"Sevilla, una ciutat centre cultural del nostre pa\u00eds pel que creiem que es mereix aquest homenatge. Una tapa plena de tradici\u00f3 i sabor, amb fuet, pernil serr\u00e0 i olives, una combinaci\u00f3 perfecta.\" \/>\n<meta property=\"og:url\" content=\"https:\/\/www.costabravafoods.com\/ca\/producte\/tapas-sevilla\/\" \/>\n<meta property=\"og:site_name\" content=\"Costa Brava Foods\" \/>\n<meta property=\"article:modified_time\" content=\"2025-10-01T13:04:15+00:00\" \/>\n<meta property=\"og:image\" content=\"https:\/\/www.costabravafoods.com\/wp-content\/uploads\/2025\/07\/tapas-sevilla.jpg\" \/>\n\t<meta property=\"og:image:width\" content=\"1000\" \/>\n\t<meta property=\"og:image:height\" content=\"1000\" \/>\n\t<meta property=\"og:image:type\" content=\"image\/jpeg\" \/>\n<meta name=\"twitter:card\" content=\"summary_large_image\" \/>\n<script type=\"application\/ld+json\" class=\"yoast-schema-graph\">{\"@context\":\"https:\/\/schema.org\",\"@graph\":[{\"@type\":\"WebPage\",\"@id\":\"https:\/\/www.costabravafoods.com\/ca\/producte\/tapas-sevilla\/\",\"url\":\"https:\/\/www.costabravafoods.com\/ca\/producte\/tapas-sevilla\/\",\"name\":\"TAPAS Sevilla\",\"isPartOf\":{\"@id\":\"https:\/\/www.costabravafoods.com\/#website\"},\"primaryImageOfPage\":{\"@id\":\"https:\/\/www.costabravafoods.com\/ca\/producte\/tapas-sevilla\/#primaryimage\"},\"image\":{\"@id\":\"https:\/\/www.costabravafoods.com\/ca\/producte\/tapas-sevilla\/#primaryimage\"},\"thumbnailUrl\":\"https:\/\/www.costabravafoods.com\/wp-content\/uploads\/2025\/07\/tapas-sevilla.jpg\",\"datePublished\":\"2025-07-18T10:01:37+00:00\",\"dateModified\":\"2025-10-01T13:04:15+00:00\",\"description\":\"Sevilla, una ciutat centre cultural del nostre pa\u00eds pel que creiem que es mereix aquest homenatge. Una tapa plena de tradici\u00f3 i sabor, amb fuet, pernil serr\u00e0 i olives, una combinaci\u00f3 perfecta.\",\"breadcrumb\":{\"@id\":\"https:\/\/www.costabravafoods.com\/ca\/producte\/tapas-sevilla\/#breadcrumb\"},\"inLanguage\":\"ca\",\"potentialAction\":[{\"@type\":\"ReadAction\",\"target\":[\"https:\/\/www.costabravafoods.com\/ca\/producte\/tapas-sevilla\/\"]}]},{\"@type\":\"ImageObject\",\"inLanguage\":\"ca\",\"@id\":\"https:\/\/www.costabravafoods.com\/ca\/producte\/tapas-sevilla\/#primaryimage\",\"url\":\"https:\/\/www.costabravafoods.com\/wp-content\/uploads\/2025\/07\/tapas-sevilla.jpg\",\"contentUrl\":\"https:\/\/www.costabravafoods.com\/wp-content\/uploads\/2025\/07\/tapas-sevilla.jpg\",\"width\":1000,\"height\":1000,\"caption\":\"Sevilla\"},{\"@type\":\"BreadcrumbList\",\"@id\":\"https:\/\/www.costabravafoods.com\/ca\/producte\/tapas-sevilla\/#breadcrumb\",\"itemListElement\":[{\"@type\":\"ListItem\",\"position\":1,\"name\":\"Portada\",\"item\":\"https:\/\/www.costabravafoods.com\/ca\/\"},{\"@type\":\"ListItem\",\"position\":2,\"name\":\"Productes\",\"item\":\"https:\/\/www.costabravafoods.com\/productos\/\"},{\"@type\":\"ListItem\",\"position\":3,\"name\":\"TAPAS Sevilla\"}]},{\"@type\":\"WebSite\",\"@id\":\"https:\/\/www.costabravafoods.com\/#website\",\"url\":\"https:\/\/www.costabravafoods.com\/\",\"name\":\"Costa Brava Foods\",\"description\":\"\",\"potentialAction\":[{\"@type\":\"SearchAction\",\"target\":{\"@type\":\"EntryPoint\",\"urlTemplate\":\"https:\/\/www.costabravafoods.com\/?s={search_term_string}\"},\"query-input\":{\"@type\":\"PropertyValueSpecification\",\"valueRequired\":true,\"valueName\":\"search_term_string\"}}],\"inLanguage\":\"ca\"}]}<\/script>\n<!-- \/ Yoast SEO plugin. -->","yoast_head_json":{"title":"TAPAS Sevilla","description":"Sevilla, una ciutat centre cultural del nostre pa\u00eds pel que creiem que es mereix aquest homenatge. Una tapa plena de tradici\u00f3 i sabor, amb fuet, pernil serr\u00e0 i olives, una combinaci\u00f3 perfecta.","robots":{"index":"index","follow":"follow","max-snippet":"max-snippet:-1","max-image-preview":"max-image-preview:large","max-video-preview":"max-video-preview:-1"},"canonical":"https:\/\/www.costabravafoods.com\/ca\/producte\/tapas-sevilla\/","og_locale":"ca_ES","og_type":"article","og_title":"TAPAS Sevilla","og_description":"Sevilla, una ciutat centre cultural del nostre pa\u00eds pel que creiem que es mereix aquest homenatge. Una tapa plena de tradici\u00f3 i sabor, amb fuet, pernil serr\u00e0 i olives, una combinaci\u00f3 perfecta.","og_url":"https:\/\/www.costabravafoods.com\/ca\/producte\/tapas-sevilla\/","og_site_name":"Costa Brava Foods","article_modified_time":"2025-10-01T13:04:15+00:00","og_image":[{"width":1000,"height":1000,"url":"https:\/\/www.costabravafoods.com\/wp-content\/uploads\/2025\/07\/tapas-sevilla.jpg","type":"image\/jpeg"}],"twitter_card":"summary_large_image","schema":{"@context":"https:\/\/schema.org","@graph":[{"@type":"WebPage","@id":"https:\/\/www.costabravafoods.com\/ca\/producte\/tapas-sevilla\/","url":"https:\/\/www.costabravafoods.com\/ca\/producte\/tapas-sevilla\/","name":"TAPAS Sevilla","isPartOf":{"@id":"https:\/\/www.costabravafoods.com\/#website"},"primaryImageOfPage":{"@id":"https:\/\/www.costabravafoods.com\/ca\/producte\/tapas-sevilla\/#primaryimage"},"image":{"@id":"https:\/\/www.costabravafoods.com\/ca\/producte\/tapas-sevilla\/#primaryimage"},"thumbnailUrl":"https:\/\/www.costabravafoods.com\/wp-content\/uploads\/2025\/07\/tapas-sevilla.jpg","datePublished":"2025-07-18T10:01:37+00:00","dateModified":"2025-10-01T13:04:15+00:00","description":"Sevilla, una ciutat centre cultural del nostre pa\u00eds pel que creiem que es mereix aquest homenatge. Una tapa plena de tradici\u00f3 i sabor, amb fuet, pernil serr\u00e0 i olives, una combinaci\u00f3 perfecta.","breadcrumb":{"@id":"https:\/\/www.costabravafoods.com\/ca\/producte\/tapas-sevilla\/#breadcrumb"},"inLanguage":"ca","potentialAction":[{"@type":"ReadAction","target":["https:\/\/www.costabravafoods.com\/ca\/producte\/tapas-sevilla\/"]}]},{"@type":"ImageObject","inLanguage":"ca","@id":"https:\/\/www.costabravafoods.com\/ca\/producte\/tapas-sevilla\/#primaryimage","url":"https:\/\/www.costabravafoods.com\/wp-content\/uploads\/2025\/07\/tapas-sevilla.jpg","contentUrl":"https:\/\/www.costabravafoods.com\/wp-content\/uploads\/2025\/07\/tapas-sevilla.jpg","width":1000,"height":1000,"caption":"Sevilla"},{"@type":"BreadcrumbList","@id":"https:\/\/www.costabravafoods.com\/ca\/producte\/tapas-sevilla\/#breadcrumb","itemListElement":[{"@type":"ListItem","position":1,"name":"Portada","item":"https:\/\/www.costabravafoods.com\/ca\/"},{"@type":"ListItem","position":2,"name":"Productes","item":"https:\/\/www.costabravafoods.com\/productos\/"},{"@type":"ListItem","position":3,"name":"TAPAS Sevilla"}]},{"@type":"WebSite","@id":"https:\/\/www.costabravafoods.com\/#website","url":"https:\/\/www.costabravafoods.com\/","name":"Costa Brava Foods","description":"","potentialAction":[{"@type":"SearchAction","target":{"@type":"EntryPoint","urlTemplate":"https:\/\/www.costabravafoods.com\/?s={search_term_string}"},"query-input":{"@type":"PropertyValueSpecification","valueRequired":true,"valueName":"search_term_string"}}],"inLanguage":"ca"}]}},"_links":{"self":[{"href":"https:\/\/www.costabravafoods.com\/ca\/wp-json\/wp\/v2\/product\/33348","targetHints":{"allow":["GET"]}}],"collection":[{"href":"https:\/\/www.costabravafoods.com\/ca\/wp-json\/wp\/v2\/product"}],"about":[{"href":"https:\/\/www.costabravafoods.com\/ca\/wp-json\/wp\/v2\/types\/product"}],"wp:featuredmedia":[{"embeddable":true,"href":"https:\/\/www.costabravafoods.com\/ca\/wp-json\/wp\/v2\/media\/18303"}],"wp:attachment":[{"href":"https:\/\/www.costabravafoods.com\/ca\/wp-json\/wp\/v2\/media?parent=33348"}],"wp:term":[{"taxonomy":"product_brand","embeddable":true,"href":"https:\/\/www.costabravafoods.com\/ca\/wp-json\/wp\/v2\/product_brand?post=33348"},{"taxonomy":"product_cat","embeddable":true,"href":"https:\/\/www.costabravafoods.com\/ca\/wp-json\/wp\/v2\/product_cat?post=33348"},{"taxonomy":"product_tag","embeddable":true,"href":"https:\/\/www.costabravafoods.com\/ca\/wp-json\/wp\/v2\/product_tag?post=33348"},{"taxonomy":"corte_cerdo","embeddable":true,"href":"https:\/\/www.costabravafoods.com\/ca\/wp-json\/wp\/v2\/corte_cerdo?post=33348"},{"taxonomy":"corte_vacuno","embeddable":true,"href":"https:\/\/www.costabravafoods.com\/ca\/wp-json\/wp\/v2\/corte_vacuno?post=33348"},{"taxonomy":"fresh_retail","embeddable":true,"href":"https:\/\/www.costabravafoods.com\/ca\/wp-json\/wp\/v2\/fresh_retail?post=33348"},{"taxonomy":"conservacion","embeddable":true,"href":"https:\/\/www.costabravafoods.com\/ca\/wp-json\/wp\/v2\/conservacion?post=33348"},{"taxonomy":"envase","embeddable":true,"href":"https:\/\/www.costabravafoods.com\/ca\/wp-json\/wp\/v2\/envase?post=33348"},{"taxonomy":"tipo_corte","embeddable":true,"href":"https:\/\/www.costabravafoods.com\/ca\/wp-json\/wp\/v2\/tipo_corte?post=33348"}],"curies":[{"name":"wp","href":"https:\/\/api.w.org\/{rel}","templated":true}]}}