

{"id":33358,"date":"2025-07-18T12:03:19","date_gmt":"2025-07-18T10:03:19","guid":{"rendered":"https:\/\/www.costabravafoods.com\/producto\/pernil-amb-regal\/"},"modified":"2025-10-01T22:51:56","modified_gmt":"2025-10-01T20:51:56","slug":"pernil-amb-regal","status":"publish","type":"product","link":"https:\/\/www.costabravafoods.com\/ca\/producte\/pernil-amb-regal\/","title":{"rendered":"Pernil amb Regal"},"content":{"rendered":"<p>El pernil amb regal Costa Brava Mediterranean Foods \u00e9s una joia de la gastron\u00f2mica que ressalta la riquesa dels sabors espanyols. El seu curat meticul\u00f3s li atorga un perfil de sabor profund i inclou de regal una taula de tall i un ganivet.<\/p>\n","protected":false},"excerpt":{"rendered":"<p>Pernil amb regal, amb el millor sabor suau i recpeta tradicional.<\/p>\n","protected":false},"featured_media":18608,"template":"","meta":[],"product_brand":[],"product_cat":[291,283],"product_tag":[],"corte_cerdo":[],"corte_vacuno":[],"fresh_retail":[276],"conservacion":[285],"envase":[272],"tipo_corte":[286],"class_list":{"0":"post-33358","1":"product","2":"type-product","3":"status-publish","4":"has-post-thumbnail","6":"product_cat-pernil-serra","7":"product_cat-tradition-ca","8":"fresh_retail-porc","9":"conservacion-temperatura-ambient","10":"envase-envasament-al-buit","11":"tipo_corte-peca","13":"first","14":"instock","15":"product-type-simple"},"yoast_head":"<!-- This site is optimized with the Yoast SEO plugin v27.2 - https:\/\/yoast.com\/product\/yoast-seo-wordpress\/ -->\n<title>Pernil amb Regal<\/title>\n<meta name=\"description\" content=\"El pernil amb regal Costa Brava Mediterranean Foods \u00e9s una joia de la gastron\u00f2mica que ressalta la riquesa dels sabors espanyols. El seu curat meticul\u00f3s li atorga un perfil de sabor profund i inclou de regal una taula de tall i un ganivet.\" \/>\n<meta name=\"robots\" content=\"index, follow, max-snippet:-1, max-image-preview:large, max-video-preview:-1\" \/>\n<link rel=\"canonical\" href=\"https:\/\/www.costabravafoods.com\/ca\/producte\/pernil-amb-regal\/\" \/>\n<meta property=\"og:locale\" content=\"ca_ES\" \/>\n<meta property=\"og:type\" content=\"article\" \/>\n<meta property=\"og:title\" content=\"Pernil amb Regal\" \/>\n<meta property=\"og:description\" content=\"El pernil amb regal Costa Brava Mediterranean Foods \u00e9s una joia de la gastron\u00f2mica que ressalta la riquesa dels sabors espanyols. El seu curat meticul\u00f3s li atorga un perfil de sabor profund i inclou de regal una taula de tall i un ganivet.\" \/>\n<meta property=\"og:url\" content=\"https:\/\/www.costabravafoods.com\/ca\/producte\/pernil-amb-regal\/\" \/>\n<meta property=\"og:site_name\" content=\"Costa Brava Foods\" \/>\n<meta property=\"article:modified_time\" content=\"2025-10-01T20:51:56+00:00\" \/>\n<meta property=\"og:image\" content=\"https:\/\/www.costabravafoods.com\/wp-content\/uploads\/2025\/07\/jamon-con-regalo-serrrano-ham-leg-with-gift.jpg\" \/>\n\t<meta property=\"og:image:width\" content=\"1000\" \/>\n\t<meta property=\"og:image:height\" content=\"1000\" \/>\n\t<meta property=\"og:image:type\" content=\"image\/jpeg\" \/>\n<meta name=\"twitter:card\" content=\"summary_large_image\" \/>\n<meta name=\"twitter:label1\" content=\"Temps estimat de lectura\" \/>\n\t<meta name=\"twitter:data1\" content=\"1 minut\" \/>\n<script type=\"application\/ld+json\" class=\"yoast-schema-graph\">{\"@context\":\"https:\/\/schema.org\",\"@graph\":[{\"@type\":\"WebPage\",\"@id\":\"https:\/\/www.costabravafoods.com\/ca\/producte\/pernil-amb-regal\/\",\"url\":\"https:\/\/www.costabravafoods.com\/ca\/producte\/pernil-amb-regal\/\",\"name\":\"Pernil amb Regal\",\"isPartOf\":{\"@id\":\"https:\/\/www.costabravafoods.com\/#website\"},\"primaryImageOfPage\":{\"@id\":\"https:\/\/www.costabravafoods.com\/ca\/producte\/pernil-amb-regal\/#primaryimage\"},\"image\":{\"@id\":\"https:\/\/www.costabravafoods.com\/ca\/producte\/pernil-amb-regal\/#primaryimage\"},\"thumbnailUrl\":\"https:\/\/www.costabravafoods.com\/wp-content\/uploads\/2025\/07\/jamon-con-regalo-serrrano-ham-leg-with-gift.jpg\",\"datePublished\":\"2025-07-18T10:03:19+00:00\",\"dateModified\":\"2025-10-01T20:51:56+00:00\",\"description\":\"El pernil amb regal Costa Brava Mediterranean Foods \u00e9s una joia de la gastron\u00f2mica que ressalta la riquesa dels sabors espanyols. El seu curat meticul\u00f3s li atorga un perfil de sabor profund i inclou de regal una taula de tall i un ganivet.\",\"breadcrumb\":{\"@id\":\"https:\/\/www.costabravafoods.com\/ca\/producte\/pernil-amb-regal\/#breadcrumb\"},\"inLanguage\":\"ca\",\"potentialAction\":[{\"@type\":\"ReadAction\",\"target\":[\"https:\/\/www.costabravafoods.com\/ca\/producte\/pernil-amb-regal\/\"]}]},{\"@type\":\"ImageObject\",\"inLanguage\":\"ca\",\"@id\":\"https:\/\/www.costabravafoods.com\/ca\/producte\/pernil-amb-regal\/#primaryimage\",\"url\":\"https:\/\/www.costabravafoods.com\/wp-content\/uploads\/2025\/07\/jamon-con-regalo-serrrano-ham-leg-with-gift.jpg\",\"contentUrl\":\"https:\/\/www.costabravafoods.com\/wp-content\/uploads\/2025\/07\/jamon-con-regalo-serrrano-ham-leg-with-gift.jpg\",\"width\":1000,\"height\":1000,\"caption\":\"El pernil amb regal Costa Brava Mediterranean Foods \u00e9s una joia de la gastron\u00f2mica que ressalta la riquesa dels sabors espanyols. El seu curat meticul\u00f3s li atorga un perfil de sabor profund i inclou de regal una taula de tall i un ganivet.\"},{\"@type\":\"BreadcrumbList\",\"@id\":\"https:\/\/www.costabravafoods.com\/ca\/producte\/pernil-amb-regal\/#breadcrumb\",\"itemListElement\":[{\"@type\":\"ListItem\",\"position\":1,\"name\":\"Portada\",\"item\":\"https:\/\/www.costabravafoods.com\/ca\/\"},{\"@type\":\"ListItem\",\"position\":2,\"name\":\"Productes\",\"item\":\"https:\/\/www.costabravafoods.com\/productos\/\"},{\"@type\":\"ListItem\",\"position\":3,\"name\":\"Pernil amb Regal\"}]},{\"@type\":\"WebSite\",\"@id\":\"https:\/\/www.costabravafoods.com\/#website\",\"url\":\"https:\/\/www.costabravafoods.com\/\",\"name\":\"Costa Brava Foods\",\"description\":\"\",\"potentialAction\":[{\"@type\":\"SearchAction\",\"target\":{\"@type\":\"EntryPoint\",\"urlTemplate\":\"https:\/\/www.costabravafoods.com\/?s={search_term_string}\"},\"query-input\":{\"@type\":\"PropertyValueSpecification\",\"valueRequired\":true,\"valueName\":\"search_term_string\"}}],\"inLanguage\":\"ca\"}]}<\/script>\n<!-- \/ Yoast SEO plugin. -->","yoast_head_json":{"title":"Pernil amb Regal","description":"El pernil amb regal Costa Brava Mediterranean Foods \u00e9s una joia de la gastron\u00f2mica que ressalta la riquesa dels sabors espanyols. El seu curat meticul\u00f3s li atorga un perfil de sabor profund i inclou de regal una taula de tall i un ganivet.","robots":{"index":"index","follow":"follow","max-snippet":"max-snippet:-1","max-image-preview":"max-image-preview:large","max-video-preview":"max-video-preview:-1"},"canonical":"https:\/\/www.costabravafoods.com\/ca\/producte\/pernil-amb-regal\/","og_locale":"ca_ES","og_type":"article","og_title":"Pernil amb Regal","og_description":"El pernil amb regal Costa Brava Mediterranean Foods \u00e9s una joia de la gastron\u00f2mica que ressalta la riquesa dels sabors espanyols. El seu curat meticul\u00f3s li atorga un perfil de sabor profund i inclou de regal una taula de tall i un ganivet.","og_url":"https:\/\/www.costabravafoods.com\/ca\/producte\/pernil-amb-regal\/","og_site_name":"Costa Brava Foods","article_modified_time":"2025-10-01T20:51:56+00:00","og_image":[{"width":1000,"height":1000,"url":"https:\/\/www.costabravafoods.com\/wp-content\/uploads\/2025\/07\/jamon-con-regalo-serrrano-ham-leg-with-gift.jpg","type":"image\/jpeg"}],"twitter_card":"summary_large_image","twitter_misc":{"Temps estimat de lectura":"1 minut"},"schema":{"@context":"https:\/\/schema.org","@graph":[{"@type":"WebPage","@id":"https:\/\/www.costabravafoods.com\/ca\/producte\/pernil-amb-regal\/","url":"https:\/\/www.costabravafoods.com\/ca\/producte\/pernil-amb-regal\/","name":"Pernil amb Regal","isPartOf":{"@id":"https:\/\/www.costabravafoods.com\/#website"},"primaryImageOfPage":{"@id":"https:\/\/www.costabravafoods.com\/ca\/producte\/pernil-amb-regal\/#primaryimage"},"image":{"@id":"https:\/\/www.costabravafoods.com\/ca\/producte\/pernil-amb-regal\/#primaryimage"},"thumbnailUrl":"https:\/\/www.costabravafoods.com\/wp-content\/uploads\/2025\/07\/jamon-con-regalo-serrrano-ham-leg-with-gift.jpg","datePublished":"2025-07-18T10:03:19+00:00","dateModified":"2025-10-01T20:51:56+00:00","description":"El pernil amb regal Costa Brava Mediterranean Foods \u00e9s una joia de la gastron\u00f2mica que ressalta la riquesa dels sabors espanyols. El seu curat meticul\u00f3s li atorga un perfil de sabor profund i inclou de regal una taula de tall i un ganivet.","breadcrumb":{"@id":"https:\/\/www.costabravafoods.com\/ca\/producte\/pernil-amb-regal\/#breadcrumb"},"inLanguage":"ca","potentialAction":[{"@type":"ReadAction","target":["https:\/\/www.costabravafoods.com\/ca\/producte\/pernil-amb-regal\/"]}]},{"@type":"ImageObject","inLanguage":"ca","@id":"https:\/\/www.costabravafoods.com\/ca\/producte\/pernil-amb-regal\/#primaryimage","url":"https:\/\/www.costabravafoods.com\/wp-content\/uploads\/2025\/07\/jamon-con-regalo-serrrano-ham-leg-with-gift.jpg","contentUrl":"https:\/\/www.costabravafoods.com\/wp-content\/uploads\/2025\/07\/jamon-con-regalo-serrrano-ham-leg-with-gift.jpg","width":1000,"height":1000,"caption":"El pernil amb regal Costa Brava Mediterranean Foods \u00e9s una joia de la gastron\u00f2mica que ressalta la riquesa dels sabors espanyols. El seu curat meticul\u00f3s li atorga un perfil de sabor profund i inclou de regal una taula de tall i un ganivet."},{"@type":"BreadcrumbList","@id":"https:\/\/www.costabravafoods.com\/ca\/producte\/pernil-amb-regal\/#breadcrumb","itemListElement":[{"@type":"ListItem","position":1,"name":"Portada","item":"https:\/\/www.costabravafoods.com\/ca\/"},{"@type":"ListItem","position":2,"name":"Productes","item":"https:\/\/www.costabravafoods.com\/productos\/"},{"@type":"ListItem","position":3,"name":"Pernil amb Regal"}]},{"@type":"WebSite","@id":"https:\/\/www.costabravafoods.com\/#website","url":"https:\/\/www.costabravafoods.com\/","name":"Costa Brava Foods","description":"","potentialAction":[{"@type":"SearchAction","target":{"@type":"EntryPoint","urlTemplate":"https:\/\/www.costabravafoods.com\/?s={search_term_string}"},"query-input":{"@type":"PropertyValueSpecification","valueRequired":true,"valueName":"search_term_string"}}],"inLanguage":"ca"}]}},"_links":{"self":[{"href":"https:\/\/www.costabravafoods.com\/ca\/wp-json\/wp\/v2\/product\/33358","targetHints":{"allow":["GET"]}}],"collection":[{"href":"https:\/\/www.costabravafoods.com\/ca\/wp-json\/wp\/v2\/product"}],"about":[{"href":"https:\/\/www.costabravafoods.com\/ca\/wp-json\/wp\/v2\/types\/product"}],"wp:featuredmedia":[{"embeddable":true,"href":"https:\/\/www.costabravafoods.com\/ca\/wp-json\/wp\/v2\/media\/18608"}],"wp:attachment":[{"href":"https:\/\/www.costabravafoods.com\/ca\/wp-json\/wp\/v2\/media?parent=33358"}],"wp:term":[{"taxonomy":"product_brand","embeddable":true,"href":"https:\/\/www.costabravafoods.com\/ca\/wp-json\/wp\/v2\/product_brand?post=33358"},{"taxonomy":"product_cat","embeddable":true,"href":"https:\/\/www.costabravafoods.com\/ca\/wp-json\/wp\/v2\/product_cat?post=33358"},{"taxonomy":"product_tag","embeddable":true,"href":"https:\/\/www.costabravafoods.com\/ca\/wp-json\/wp\/v2\/product_tag?post=33358"},{"taxonomy":"corte_cerdo","embeddable":true,"href":"https:\/\/www.costabravafoods.com\/ca\/wp-json\/wp\/v2\/corte_cerdo?post=33358"},{"taxonomy":"corte_vacuno","embeddable":true,"href":"https:\/\/www.costabravafoods.com\/ca\/wp-json\/wp\/v2\/corte_vacuno?post=33358"},{"taxonomy":"fresh_retail","embeddable":true,"href":"https:\/\/www.costabravafoods.com\/ca\/wp-json\/wp\/v2\/fresh_retail?post=33358"},{"taxonomy":"conservacion","embeddable":true,"href":"https:\/\/www.costabravafoods.com\/ca\/wp-json\/wp\/v2\/conservacion?post=33358"},{"taxonomy":"envase","embeddable":true,"href":"https:\/\/www.costabravafoods.com\/ca\/wp-json\/wp\/v2\/envase?post=33358"},{"taxonomy":"tipo_corte","embeddable":true,"href":"https:\/\/www.costabravafoods.com\/ca\/wp-json\/wp\/v2\/tipo_corte?post=33358"}],"curies":[{"name":"wp","href":"https:\/\/api.w.org\/{rel}","templated":true}]}}