

{"id":33367,"date":"2025-07-18T12:01:37","date_gmt":"2025-07-18T10:01:37","guid":{"rendered":"https:\/\/www.costabravafoods.com\/producto\/fuet-extra-pebre-negre\/"},"modified":"2025-10-01T15:04:36","modified_gmt":"2025-10-01T13:04:36","slug":"fuet-extra-pebre-negre","status":"publish","type":"product","link":"https:\/\/www.costabravafoods.com\/ca\/producte\/fuet-extra-pebre-negre\/","title":{"rendered":"Fuet Extra Pebre Negre"},"content":{"rendered":"<p>Fuet Costa Brava Mediterranean Foods amb pebre negra, una varietat que combina tradici\u00f3 i tend\u00e8ncia. Aquest fuet compta amb un lleuger toc dol\u00e7 i picant a l&#8217;hora.<\/p>\n","protected":false},"excerpt":{"rendered":"<p>Fuet amb pebre negra amb un toc dol\u00e7 i picant.<\/p>\n","protected":false},"featured_media":18359,"template":"","meta":[],"product_brand":[],"product_cat":[289,283],"product_tag":[],"corte_cerdo":[],"corte_vacuno":[],"fresh_retail":[276],"conservacion":[285],"envase":[713],"tipo_corte":[286],"class_list":{"0":"post-33367","1":"product","2":"type-product","3":"status-publish","4":"has-post-thumbnail","6":"product_cat-fuet-ca","7":"product_cat-tradition-ca","8":"fresh_retail-porc","9":"conservacion-temperatura-ambient","10":"envase-atmosfera-protectora-ca","11":"tipo_corte-peca","13":"first","14":"instock","15":"product-type-simple"},"yoast_head":"<!-- This site is optimized with the Yoast SEO plugin v27.2 - https:\/\/yoast.com\/product\/yoast-seo-wordpress\/ -->\n<title>Fuet Extra Pebre Negre<\/title>\n<meta name=\"description\" content=\"Fuet Costa Brava Mediterranean Foods amb pebre negra, una varietat que combina tradici\u00f3 i tend\u00e8ncia. Aquest fuet compta amb un lleuger toc dol\u00e7 i picant a l&#039;hora.\" \/>\n<meta name=\"robots\" content=\"index, follow, max-snippet:-1, max-image-preview:large, max-video-preview:-1\" \/>\n<link rel=\"canonical\" href=\"https:\/\/www.costabravafoods.com\/ca\/producte\/fuet-extra-pebre-negre\/\" \/>\n<meta property=\"og:locale\" content=\"ca_ES\" \/>\n<meta property=\"og:type\" content=\"article\" \/>\n<meta property=\"og:title\" content=\"Fuet Extra Pebre Negre\" \/>\n<meta property=\"og:description\" content=\"Fuet Costa Brava Mediterranean Foods amb pebre negra, una varietat que combina tradici\u00f3 i tend\u00e8ncia. Aquest fuet compta amb un lleuger toc dol\u00e7 i picant a l&#039;hora.\" \/>\n<meta property=\"og:url\" content=\"https:\/\/www.costabravafoods.com\/ca\/producte\/fuet-extra-pebre-negre\/\" \/>\n<meta property=\"og:site_name\" content=\"Costa Brava Foods\" \/>\n<meta property=\"article:modified_time\" content=\"2025-10-01T13:04:36+00:00\" \/>\n<meta property=\"og:image\" content=\"https:\/\/www.costabravafoods.com\/wp-content\/uploads\/2025\/07\/fuet-pimienta-negra-black-pepper.jpg\" \/>\n\t<meta property=\"og:image:width\" content=\"1000\" \/>\n\t<meta property=\"og:image:height\" content=\"1000\" \/>\n\t<meta property=\"og:image:type\" content=\"image\/jpeg\" \/>\n<meta name=\"twitter:card\" content=\"summary_large_image\" \/>\n<script type=\"application\/ld+json\" class=\"yoast-schema-graph\">{\"@context\":\"https:\/\/schema.org\",\"@graph\":[{\"@type\":\"WebPage\",\"@id\":\"https:\/\/www.costabravafoods.com\/ca\/producte\/fuet-extra-pebre-negre\/\",\"url\":\"https:\/\/www.costabravafoods.com\/ca\/producte\/fuet-extra-pebre-negre\/\",\"name\":\"Fuet Extra Pebre Negre\",\"isPartOf\":{\"@id\":\"https:\/\/www.costabravafoods.com\/#website\"},\"primaryImageOfPage\":{\"@id\":\"https:\/\/www.costabravafoods.com\/ca\/producte\/fuet-extra-pebre-negre\/#primaryimage\"},\"image\":{\"@id\":\"https:\/\/www.costabravafoods.com\/ca\/producte\/fuet-extra-pebre-negre\/#primaryimage\"},\"thumbnailUrl\":\"https:\/\/www.costabravafoods.com\/wp-content\/uploads\/2025\/07\/fuet-pimienta-negra-black-pepper.jpg\",\"datePublished\":\"2025-07-18T10:01:37+00:00\",\"dateModified\":\"2025-10-01T13:04:36+00:00\",\"description\":\"Fuet Costa Brava Mediterranean Foods amb pebre negra, una varietat que combina tradici\u00f3 i tend\u00e8ncia. Aquest fuet compta amb un lleuger toc dol\u00e7 i picant a l'hora.\",\"breadcrumb\":{\"@id\":\"https:\/\/www.costabravafoods.com\/ca\/producte\/fuet-extra-pebre-negre\/#breadcrumb\"},\"inLanguage\":\"ca\",\"potentialAction\":[{\"@type\":\"ReadAction\",\"target\":[\"https:\/\/www.costabravafoods.com\/ca\/producte\/fuet-extra-pebre-negre\/\"]}]},{\"@type\":\"ImageObject\",\"inLanguage\":\"ca\",\"@id\":\"https:\/\/www.costabravafoods.com\/ca\/producte\/fuet-extra-pebre-negre\/#primaryimage\",\"url\":\"https:\/\/www.costabravafoods.com\/wp-content\/uploads\/2025\/07\/fuet-pimienta-negra-black-pepper.jpg\",\"contentUrl\":\"https:\/\/www.costabravafoods.com\/wp-content\/uploads\/2025\/07\/fuet-pimienta-negra-black-pepper.jpg\",\"width\":1000,\"height\":1000,\"caption\":\"Fuet Costa Brava Mediterranean Foods amb pebre negra\"},{\"@type\":\"BreadcrumbList\",\"@id\":\"https:\/\/www.costabravafoods.com\/ca\/producte\/fuet-extra-pebre-negre\/#breadcrumb\",\"itemListElement\":[{\"@type\":\"ListItem\",\"position\":1,\"name\":\"Portada\",\"item\":\"https:\/\/www.costabravafoods.com\/ca\/\"},{\"@type\":\"ListItem\",\"position\":2,\"name\":\"Productes\",\"item\":\"https:\/\/www.costabravafoods.com\/productos\/\"},{\"@type\":\"ListItem\",\"position\":3,\"name\":\"Fuet Extra Pebre Negre\"}]},{\"@type\":\"WebSite\",\"@id\":\"https:\/\/www.costabravafoods.com\/#website\",\"url\":\"https:\/\/www.costabravafoods.com\/\",\"name\":\"Costa Brava Foods\",\"description\":\"\",\"potentialAction\":[{\"@type\":\"SearchAction\",\"target\":{\"@type\":\"EntryPoint\",\"urlTemplate\":\"https:\/\/www.costabravafoods.com\/?s={search_term_string}\"},\"query-input\":{\"@type\":\"PropertyValueSpecification\",\"valueRequired\":true,\"valueName\":\"search_term_string\"}}],\"inLanguage\":\"ca\"}]}<\/script>\n<!-- \/ Yoast SEO plugin. -->","yoast_head_json":{"title":"Fuet Extra Pebre Negre","description":"Fuet Costa Brava Mediterranean Foods amb pebre negra, una varietat que combina tradici\u00f3 i tend\u00e8ncia. Aquest fuet compta amb un lleuger toc dol\u00e7 i picant a l'hora.","robots":{"index":"index","follow":"follow","max-snippet":"max-snippet:-1","max-image-preview":"max-image-preview:large","max-video-preview":"max-video-preview:-1"},"canonical":"https:\/\/www.costabravafoods.com\/ca\/producte\/fuet-extra-pebre-negre\/","og_locale":"ca_ES","og_type":"article","og_title":"Fuet Extra Pebre Negre","og_description":"Fuet Costa Brava Mediterranean Foods amb pebre negra, una varietat que combina tradici\u00f3 i tend\u00e8ncia. Aquest fuet compta amb un lleuger toc dol\u00e7 i picant a l'hora.","og_url":"https:\/\/www.costabravafoods.com\/ca\/producte\/fuet-extra-pebre-negre\/","og_site_name":"Costa Brava Foods","article_modified_time":"2025-10-01T13:04:36+00:00","og_image":[{"width":1000,"height":1000,"url":"https:\/\/www.costabravafoods.com\/wp-content\/uploads\/2025\/07\/fuet-pimienta-negra-black-pepper.jpg","type":"image\/jpeg"}],"twitter_card":"summary_large_image","schema":{"@context":"https:\/\/schema.org","@graph":[{"@type":"WebPage","@id":"https:\/\/www.costabravafoods.com\/ca\/producte\/fuet-extra-pebre-negre\/","url":"https:\/\/www.costabravafoods.com\/ca\/producte\/fuet-extra-pebre-negre\/","name":"Fuet Extra Pebre Negre","isPartOf":{"@id":"https:\/\/www.costabravafoods.com\/#website"},"primaryImageOfPage":{"@id":"https:\/\/www.costabravafoods.com\/ca\/producte\/fuet-extra-pebre-negre\/#primaryimage"},"image":{"@id":"https:\/\/www.costabravafoods.com\/ca\/producte\/fuet-extra-pebre-negre\/#primaryimage"},"thumbnailUrl":"https:\/\/www.costabravafoods.com\/wp-content\/uploads\/2025\/07\/fuet-pimienta-negra-black-pepper.jpg","datePublished":"2025-07-18T10:01:37+00:00","dateModified":"2025-10-01T13:04:36+00:00","description":"Fuet Costa Brava Mediterranean Foods amb pebre negra, una varietat que combina tradici\u00f3 i tend\u00e8ncia. Aquest fuet compta amb un lleuger toc dol\u00e7 i picant a l'hora.","breadcrumb":{"@id":"https:\/\/www.costabravafoods.com\/ca\/producte\/fuet-extra-pebre-negre\/#breadcrumb"},"inLanguage":"ca","potentialAction":[{"@type":"ReadAction","target":["https:\/\/www.costabravafoods.com\/ca\/producte\/fuet-extra-pebre-negre\/"]}]},{"@type":"ImageObject","inLanguage":"ca","@id":"https:\/\/www.costabravafoods.com\/ca\/producte\/fuet-extra-pebre-negre\/#primaryimage","url":"https:\/\/www.costabravafoods.com\/wp-content\/uploads\/2025\/07\/fuet-pimienta-negra-black-pepper.jpg","contentUrl":"https:\/\/www.costabravafoods.com\/wp-content\/uploads\/2025\/07\/fuet-pimienta-negra-black-pepper.jpg","width":1000,"height":1000,"caption":"Fuet Costa Brava Mediterranean Foods amb pebre negra"},{"@type":"BreadcrumbList","@id":"https:\/\/www.costabravafoods.com\/ca\/producte\/fuet-extra-pebre-negre\/#breadcrumb","itemListElement":[{"@type":"ListItem","position":1,"name":"Portada","item":"https:\/\/www.costabravafoods.com\/ca\/"},{"@type":"ListItem","position":2,"name":"Productes","item":"https:\/\/www.costabravafoods.com\/productos\/"},{"@type":"ListItem","position":3,"name":"Fuet Extra Pebre Negre"}]},{"@type":"WebSite","@id":"https:\/\/www.costabravafoods.com\/#website","url":"https:\/\/www.costabravafoods.com\/","name":"Costa Brava Foods","description":"","potentialAction":[{"@type":"SearchAction","target":{"@type":"EntryPoint","urlTemplate":"https:\/\/www.costabravafoods.com\/?s={search_term_string}"},"query-input":{"@type":"PropertyValueSpecification","valueRequired":true,"valueName":"search_term_string"}}],"inLanguage":"ca"}]}},"_links":{"self":[{"href":"https:\/\/www.costabravafoods.com\/ca\/wp-json\/wp\/v2\/product\/33367","targetHints":{"allow":["GET"]}}],"collection":[{"href":"https:\/\/www.costabravafoods.com\/ca\/wp-json\/wp\/v2\/product"}],"about":[{"href":"https:\/\/www.costabravafoods.com\/ca\/wp-json\/wp\/v2\/types\/product"}],"wp:featuredmedia":[{"embeddable":true,"href":"https:\/\/www.costabravafoods.com\/ca\/wp-json\/wp\/v2\/media\/18359"}],"wp:attachment":[{"href":"https:\/\/www.costabravafoods.com\/ca\/wp-json\/wp\/v2\/media?parent=33367"}],"wp:term":[{"taxonomy":"product_brand","embeddable":true,"href":"https:\/\/www.costabravafoods.com\/ca\/wp-json\/wp\/v2\/product_brand?post=33367"},{"taxonomy":"product_cat","embeddable":true,"href":"https:\/\/www.costabravafoods.com\/ca\/wp-json\/wp\/v2\/product_cat?post=33367"},{"taxonomy":"product_tag","embeddable":true,"href":"https:\/\/www.costabravafoods.com\/ca\/wp-json\/wp\/v2\/product_tag?post=33367"},{"taxonomy":"corte_cerdo","embeddable":true,"href":"https:\/\/www.costabravafoods.com\/ca\/wp-json\/wp\/v2\/corte_cerdo?post=33367"},{"taxonomy":"corte_vacuno","embeddable":true,"href":"https:\/\/www.costabravafoods.com\/ca\/wp-json\/wp\/v2\/corte_vacuno?post=33367"},{"taxonomy":"fresh_retail","embeddable":true,"href":"https:\/\/www.costabravafoods.com\/ca\/wp-json\/wp\/v2\/fresh_retail?post=33367"},{"taxonomy":"conservacion","embeddable":true,"href":"https:\/\/www.costabravafoods.com\/ca\/wp-json\/wp\/v2\/conservacion?post=33367"},{"taxonomy":"envase","embeddable":true,"href":"https:\/\/www.costabravafoods.com\/ca\/wp-json\/wp\/v2\/envase?post=33367"},{"taxonomy":"tipo_corte","embeddable":true,"href":"https:\/\/www.costabravafoods.com\/ca\/wp-json\/wp\/v2\/tipo_corte?post=33367"}],"curies":[{"name":"wp","href":"https:\/\/api.w.org\/{rel}","templated":true}]}}