

{"id":33378,"date":"2025-07-18T12:01:37","date_gmt":"2025-07-18T10:01:37","guid":{"rendered":"https:\/\/www.costabravafoods.com\/producto\/cap-de-llom-coppa\/"},"modified":"2025-10-01T15:04:49","modified_gmt":"2025-10-01T13:04:49","slug":"cap-de-llom-coppa","status":"publish","type":"product","link":"https:\/\/www.costabravafoods.com\/ca\/producte\/cap-de-llom-coppa\/","title":{"rendered":"Cap de Llom (Coppa)"},"content":{"rendered":"<p>Cap de llom curat, Coppa, Costa Brava Mediterranean Foods, un dels embotits m\u00e9s apreciats i una bona opci\u00f3 per a picotejar, acompanyar amb pa o incloure en taules d&#8217;embotits.<\/p>\n","protected":false},"excerpt":{"rendered":"<p>El cap de llom curat, Coppa, \u00e9s un dels embotits m\u00e9s apreciats pel seu alt contingut en prote\u00efnes i el seu bon sabor.<\/p>\n","protected":false},"featured_media":18447,"template":"","meta":[],"product_brand":[],"product_cat":[290,283],"product_tag":[],"corte_cerdo":[],"corte_vacuno":[],"fresh_retail":[276],"conservacion":[288],"envase":[713],"tipo_corte":[287],"class_list":{"0":"post-33378","1":"product","2":"type-product","3":"status-publish","4":"has-post-thumbnail","6":"product_cat-embotit-curat","7":"product_cat-tradition-ca","8":"fresh_retail-porc","9":"conservacion-refrigerat","10":"envase-atmosfera-protectora-ca","11":"tipo_corte-llescat","13":"first","14":"instock","15":"product-type-simple"},"yoast_head":"<!-- This site is optimized with the Yoast SEO plugin v27.2 - https:\/\/yoast.com\/product\/yoast-seo-wordpress\/ -->\n<title>Cap de Llom (Coppa)<\/title>\n<meta name=\"description\" content=\"Cap de llom curat, Coppa, Costa Brava Mediterranean Foods, un dels embotits m\u00e9s apreciats i una bona opci\u00f3 per a picotejar, acompanyar amb pa o incloure en taules d&#039;embotits.\" \/>\n<meta name=\"robots\" content=\"index, follow, max-snippet:-1, max-image-preview:large, max-video-preview:-1\" \/>\n<link rel=\"canonical\" href=\"https:\/\/www.costabravafoods.com\/ca\/producte\/cap-de-llom-coppa\/\" \/>\n<meta property=\"og:locale\" content=\"ca_ES\" \/>\n<meta property=\"og:type\" content=\"article\" \/>\n<meta property=\"og:title\" content=\"Cap de Llom (Coppa)\" \/>\n<meta property=\"og:description\" content=\"Cap de llom curat, Coppa, Costa Brava Mediterranean Foods, un dels embotits m\u00e9s apreciats i una bona opci\u00f3 per a picotejar, acompanyar amb pa o incloure en taules d&#039;embotits.\" \/>\n<meta property=\"og:url\" content=\"https:\/\/www.costabravafoods.com\/ca\/producte\/cap-de-llom-coppa\/\" \/>\n<meta property=\"og:site_name\" content=\"Costa Brava Foods\" \/>\n<meta property=\"article:modified_time\" content=\"2025-10-01T13:04:49+00:00\" \/>\n<meta property=\"og:image\" content=\"https:\/\/www.costabravafoods.com\/wp-content\/uploads\/2025\/07\/cabeza-lomo-coppa.jpg\" \/>\n\t<meta property=\"og:image:width\" content=\"1000\" \/>\n\t<meta property=\"og:image:height\" content=\"1000\" \/>\n\t<meta property=\"og:image:type\" content=\"image\/jpeg\" \/>\n<meta name=\"twitter:card\" content=\"summary_large_image\" \/>\n<script type=\"application\/ld+json\" class=\"yoast-schema-graph\">{\"@context\":\"https:\/\/schema.org\",\"@graph\":[{\"@type\":\"WebPage\",\"@id\":\"https:\/\/www.costabravafoods.com\/ca\/producte\/cap-de-llom-coppa\/\",\"url\":\"https:\/\/www.costabravafoods.com\/ca\/producte\/cap-de-llom-coppa\/\",\"name\":\"Cap de Llom (Coppa)\",\"isPartOf\":{\"@id\":\"https:\/\/www.costabravafoods.com\/#website\"},\"primaryImageOfPage\":{\"@id\":\"https:\/\/www.costabravafoods.com\/ca\/producte\/cap-de-llom-coppa\/#primaryimage\"},\"image\":{\"@id\":\"https:\/\/www.costabravafoods.com\/ca\/producte\/cap-de-llom-coppa\/#primaryimage\"},\"thumbnailUrl\":\"https:\/\/www.costabravafoods.com\/wp-content\/uploads\/2025\/07\/cabeza-lomo-coppa.jpg\",\"datePublished\":\"2025-07-18T10:01:37+00:00\",\"dateModified\":\"2025-10-01T13:04:49+00:00\",\"description\":\"Cap de llom curat, Coppa, Costa Brava Mediterranean Foods, un dels embotits m\u00e9s apreciats i una bona opci\u00f3 per a picotejar, acompanyar amb pa o incloure en taules d'embotits.\",\"breadcrumb\":{\"@id\":\"https:\/\/www.costabravafoods.com\/ca\/producte\/cap-de-llom-coppa\/#breadcrumb\"},\"inLanguage\":\"ca\",\"potentialAction\":[{\"@type\":\"ReadAction\",\"target\":[\"https:\/\/www.costabravafoods.com\/ca\/producte\/cap-de-llom-coppa\/\"]}]},{\"@type\":\"ImageObject\",\"inLanguage\":\"ca\",\"@id\":\"https:\/\/www.costabravafoods.com\/ca\/producte\/cap-de-llom-coppa\/#primaryimage\",\"url\":\"https:\/\/www.costabravafoods.com\/wp-content\/uploads\/2025\/07\/cabeza-lomo-coppa.jpg\",\"contentUrl\":\"https:\/\/www.costabravafoods.com\/wp-content\/uploads\/2025\/07\/cabeza-lomo-coppa.jpg\",\"width\":1000,\"height\":1000,\"caption\":\"Cap de llom curat\"},{\"@type\":\"BreadcrumbList\",\"@id\":\"https:\/\/www.costabravafoods.com\/ca\/producte\/cap-de-llom-coppa\/#breadcrumb\",\"itemListElement\":[{\"@type\":\"ListItem\",\"position\":1,\"name\":\"Portada\",\"item\":\"https:\/\/www.costabravafoods.com\/ca\/\"},{\"@type\":\"ListItem\",\"position\":2,\"name\":\"Productes\",\"item\":\"https:\/\/www.costabravafoods.com\/productos\/\"},{\"@type\":\"ListItem\",\"position\":3,\"name\":\"Cap de Llom (Coppa)\"}]},{\"@type\":\"WebSite\",\"@id\":\"https:\/\/www.costabravafoods.com\/#website\",\"url\":\"https:\/\/www.costabravafoods.com\/\",\"name\":\"Costa Brava Foods\",\"description\":\"\",\"potentialAction\":[{\"@type\":\"SearchAction\",\"target\":{\"@type\":\"EntryPoint\",\"urlTemplate\":\"https:\/\/www.costabravafoods.com\/?s={search_term_string}\"},\"query-input\":{\"@type\":\"PropertyValueSpecification\",\"valueRequired\":true,\"valueName\":\"search_term_string\"}}],\"inLanguage\":\"ca\"}]}<\/script>\n<!-- \/ Yoast SEO plugin. -->","yoast_head_json":{"title":"Cap de Llom (Coppa)","description":"Cap de llom curat, Coppa, Costa Brava Mediterranean Foods, un dels embotits m\u00e9s apreciats i una bona opci\u00f3 per a picotejar, acompanyar amb pa o incloure en taules d'embotits.","robots":{"index":"index","follow":"follow","max-snippet":"max-snippet:-1","max-image-preview":"max-image-preview:large","max-video-preview":"max-video-preview:-1"},"canonical":"https:\/\/www.costabravafoods.com\/ca\/producte\/cap-de-llom-coppa\/","og_locale":"ca_ES","og_type":"article","og_title":"Cap de Llom (Coppa)","og_description":"Cap de llom curat, Coppa, Costa Brava Mediterranean Foods, un dels embotits m\u00e9s apreciats i una bona opci\u00f3 per a picotejar, acompanyar amb pa o incloure en taules d'embotits.","og_url":"https:\/\/www.costabravafoods.com\/ca\/producte\/cap-de-llom-coppa\/","og_site_name":"Costa Brava Foods","article_modified_time":"2025-10-01T13:04:49+00:00","og_image":[{"width":1000,"height":1000,"url":"https:\/\/www.costabravafoods.com\/wp-content\/uploads\/2025\/07\/cabeza-lomo-coppa.jpg","type":"image\/jpeg"}],"twitter_card":"summary_large_image","schema":{"@context":"https:\/\/schema.org","@graph":[{"@type":"WebPage","@id":"https:\/\/www.costabravafoods.com\/ca\/producte\/cap-de-llom-coppa\/","url":"https:\/\/www.costabravafoods.com\/ca\/producte\/cap-de-llom-coppa\/","name":"Cap de Llom (Coppa)","isPartOf":{"@id":"https:\/\/www.costabravafoods.com\/#website"},"primaryImageOfPage":{"@id":"https:\/\/www.costabravafoods.com\/ca\/producte\/cap-de-llom-coppa\/#primaryimage"},"image":{"@id":"https:\/\/www.costabravafoods.com\/ca\/producte\/cap-de-llom-coppa\/#primaryimage"},"thumbnailUrl":"https:\/\/www.costabravafoods.com\/wp-content\/uploads\/2025\/07\/cabeza-lomo-coppa.jpg","datePublished":"2025-07-18T10:01:37+00:00","dateModified":"2025-10-01T13:04:49+00:00","description":"Cap de llom curat, Coppa, Costa Brava Mediterranean Foods, un dels embotits m\u00e9s apreciats i una bona opci\u00f3 per a picotejar, acompanyar amb pa o incloure en taules d'embotits.","breadcrumb":{"@id":"https:\/\/www.costabravafoods.com\/ca\/producte\/cap-de-llom-coppa\/#breadcrumb"},"inLanguage":"ca","potentialAction":[{"@type":"ReadAction","target":["https:\/\/www.costabravafoods.com\/ca\/producte\/cap-de-llom-coppa\/"]}]},{"@type":"ImageObject","inLanguage":"ca","@id":"https:\/\/www.costabravafoods.com\/ca\/producte\/cap-de-llom-coppa\/#primaryimage","url":"https:\/\/www.costabravafoods.com\/wp-content\/uploads\/2025\/07\/cabeza-lomo-coppa.jpg","contentUrl":"https:\/\/www.costabravafoods.com\/wp-content\/uploads\/2025\/07\/cabeza-lomo-coppa.jpg","width":1000,"height":1000,"caption":"Cap de llom curat"},{"@type":"BreadcrumbList","@id":"https:\/\/www.costabravafoods.com\/ca\/producte\/cap-de-llom-coppa\/#breadcrumb","itemListElement":[{"@type":"ListItem","position":1,"name":"Portada","item":"https:\/\/www.costabravafoods.com\/ca\/"},{"@type":"ListItem","position":2,"name":"Productes","item":"https:\/\/www.costabravafoods.com\/productos\/"},{"@type":"ListItem","position":3,"name":"Cap de Llom (Coppa)"}]},{"@type":"WebSite","@id":"https:\/\/www.costabravafoods.com\/#website","url":"https:\/\/www.costabravafoods.com\/","name":"Costa Brava Foods","description":"","potentialAction":[{"@type":"SearchAction","target":{"@type":"EntryPoint","urlTemplate":"https:\/\/www.costabravafoods.com\/?s={search_term_string}"},"query-input":{"@type":"PropertyValueSpecification","valueRequired":true,"valueName":"search_term_string"}}],"inLanguage":"ca"}]}},"_links":{"self":[{"href":"https:\/\/www.costabravafoods.com\/ca\/wp-json\/wp\/v2\/product\/33378","targetHints":{"allow":["GET"]}}],"collection":[{"href":"https:\/\/www.costabravafoods.com\/ca\/wp-json\/wp\/v2\/product"}],"about":[{"href":"https:\/\/www.costabravafoods.com\/ca\/wp-json\/wp\/v2\/types\/product"}],"wp:featuredmedia":[{"embeddable":true,"href":"https:\/\/www.costabravafoods.com\/ca\/wp-json\/wp\/v2\/media\/18447"}],"wp:attachment":[{"href":"https:\/\/www.costabravafoods.com\/ca\/wp-json\/wp\/v2\/media?parent=33378"}],"wp:term":[{"taxonomy":"product_brand","embeddable":true,"href":"https:\/\/www.costabravafoods.com\/ca\/wp-json\/wp\/v2\/product_brand?post=33378"},{"taxonomy":"product_cat","embeddable":true,"href":"https:\/\/www.costabravafoods.com\/ca\/wp-json\/wp\/v2\/product_cat?post=33378"},{"taxonomy":"product_tag","embeddable":true,"href":"https:\/\/www.costabravafoods.com\/ca\/wp-json\/wp\/v2\/product_tag?post=33378"},{"taxonomy":"corte_cerdo","embeddable":true,"href":"https:\/\/www.costabravafoods.com\/ca\/wp-json\/wp\/v2\/corte_cerdo?post=33378"},{"taxonomy":"corte_vacuno","embeddable":true,"href":"https:\/\/www.costabravafoods.com\/ca\/wp-json\/wp\/v2\/corte_vacuno?post=33378"},{"taxonomy":"fresh_retail","embeddable":true,"href":"https:\/\/www.costabravafoods.com\/ca\/wp-json\/wp\/v2\/fresh_retail?post=33378"},{"taxonomy":"conservacion","embeddable":true,"href":"https:\/\/www.costabravafoods.com\/ca\/wp-json\/wp\/v2\/conservacion?post=33378"},{"taxonomy":"envase","embeddable":true,"href":"https:\/\/www.costabravafoods.com\/ca\/wp-json\/wp\/v2\/envase?post=33378"},{"taxonomy":"tipo_corte","embeddable":true,"href":"https:\/\/www.costabravafoods.com\/ca\/wp-json\/wp\/v2\/tipo_corte?post=33378"}],"curies":[{"name":"wp","href":"https:\/\/api.w.org\/{rel}","templated":true}]}}