

{"id":33385,"date":"2025-07-18T12:02:25","date_gmt":"2025-07-18T10:02:25","guid":{"rendered":"https:\/\/www.costabravafoods.com\/producto\/llonganissa-extra-chiffonade\/"},"modified":"2025-10-01T15:04:55","modified_gmt":"2025-10-01T13:04:55","slug":"llonganissa-extra-chiffonade","status":"publish","type":"product","link":"https:\/\/www.costabravafoods.com\/ca\/producte\/llonganissa-extra-chiffonade\/","title":{"rendered":"Llonganissa Extra chiffonade"},"content":{"rendered":"<p>Llonganissa chiffonade Costa Brava Mediterranean Foods de sabor suau, una bona opci\u00f3 per a combinar amb altres embotits, formatges o pa en qualsevol ocasi\u00f3. Un dels embotits m\u00e9s preciats i coneguts de la cultura espanyola.<\/p>\n","protected":false},"excerpt":{"rendered":"<p>llonganissa chiffonade, un dels embotits m\u00e9s apreciats i coneguts de la nostra cultura.<\/p>\n","protected":false},"featured_media":18496,"template":"","meta":[],"product_brand":[],"product_cat":[290,283],"product_tag":[],"corte_cerdo":[],"corte_vacuno":[],"fresh_retail":[276],"conservacion":[288],"envase":[713],"tipo_corte":[653],"class_list":{"0":"post-33385","1":"product","2":"type-product","3":"status-publish","4":"has-post-thumbnail","6":"product_cat-embotit-curat","7":"product_cat-tradition-ca","8":"fresh_retail-porc","9":"conservacion-refrigerat","10":"envase-atmosfera-protectora-ca","11":"tipo_corte-chiffonade-ca","13":"first","14":"instock","15":"product-type-simple"},"yoast_head":"<!-- This site is optimized with the Yoast SEO plugin v27.2 - https:\/\/yoast.com\/product\/yoast-seo-wordpress\/ -->\n<title>Llonganissa Extra chiffonade<\/title>\n<meta name=\"description\" content=\"Llonganissa chiffonade Costa Brava Mediterranean Foods de sabor suau, una bona opci\u00f3 per a combinar amb altres embotits, formatges o pa en qualsevol ocasi\u00f3. Un dels embotits m\u00e9s preciats i coneguts de la cultura espanyola.\" \/>\n<meta name=\"robots\" content=\"index, follow, max-snippet:-1, max-image-preview:large, max-video-preview:-1\" \/>\n<link rel=\"canonical\" href=\"https:\/\/www.costabravafoods.com\/ca\/producte\/llonganissa-extra-chiffonade\/\" \/>\n<meta property=\"og:locale\" content=\"ca_ES\" \/>\n<meta property=\"og:type\" content=\"article\" \/>\n<meta property=\"og:title\" content=\"Llonganissa Extra chiffonade\" \/>\n<meta property=\"og:description\" content=\"Llonganissa chiffonade Costa Brava Mediterranean Foods de sabor suau, una bona opci\u00f3 per a combinar amb altres embotits, formatges o pa en qualsevol ocasi\u00f3. Un dels embotits m\u00e9s preciats i coneguts de la cultura espanyola.\" \/>\n<meta property=\"og:url\" content=\"https:\/\/www.costabravafoods.com\/ca\/producte\/llonganissa-extra-chiffonade\/\" \/>\n<meta property=\"og:site_name\" content=\"Costa Brava Foods\" \/>\n<meta property=\"article:modified_time\" content=\"2025-10-01T13:04:55+00:00\" \/>\n<meta property=\"og:image\" content=\"https:\/\/www.costabravafoods.com\/wp-content\/uploads\/2025\/07\/salchichon-chiffonade.jpg\" \/>\n\t<meta property=\"og:image:width\" content=\"1000\" \/>\n\t<meta property=\"og:image:height\" content=\"1000\" \/>\n\t<meta property=\"og:image:type\" content=\"image\/jpeg\" \/>\n<meta name=\"twitter:card\" content=\"summary_large_image\" \/>\n<script type=\"application\/ld+json\" class=\"yoast-schema-graph\">{\"@context\":\"https:\/\/schema.org\",\"@graph\":[{\"@type\":\"WebPage\",\"@id\":\"https:\/\/www.costabravafoods.com\/ca\/producte\/llonganissa-extra-chiffonade\/\",\"url\":\"https:\/\/www.costabravafoods.com\/ca\/producte\/llonganissa-extra-chiffonade\/\",\"name\":\"Llonganissa Extra chiffonade\",\"isPartOf\":{\"@id\":\"https:\/\/www.costabravafoods.com\/#website\"},\"primaryImageOfPage\":{\"@id\":\"https:\/\/www.costabravafoods.com\/ca\/producte\/llonganissa-extra-chiffonade\/#primaryimage\"},\"image\":{\"@id\":\"https:\/\/www.costabravafoods.com\/ca\/producte\/llonganissa-extra-chiffonade\/#primaryimage\"},\"thumbnailUrl\":\"https:\/\/www.costabravafoods.com\/wp-content\/uploads\/2025\/07\/salchichon-chiffonade.jpg\",\"datePublished\":\"2025-07-18T10:02:25+00:00\",\"dateModified\":\"2025-10-01T13:04:55+00:00\",\"description\":\"Llonganissa chiffonade Costa Brava Mediterranean Foods de sabor suau, una bona opci\u00f3 per a combinar amb altres embotits, formatges o pa en qualsevol ocasi\u00f3. Un dels embotits m\u00e9s preciats i coneguts de la cultura espanyola.\",\"breadcrumb\":{\"@id\":\"https:\/\/www.costabravafoods.com\/ca\/producte\/llonganissa-extra-chiffonade\/#breadcrumb\"},\"inLanguage\":\"ca\",\"potentialAction\":[{\"@type\":\"ReadAction\",\"target\":[\"https:\/\/www.costabravafoods.com\/ca\/producte\/llonganissa-extra-chiffonade\/\"]}]},{\"@type\":\"ImageObject\",\"inLanguage\":\"ca\",\"@id\":\"https:\/\/www.costabravafoods.com\/ca\/producte\/llonganissa-extra-chiffonade\/#primaryimage\",\"url\":\"https:\/\/www.costabravafoods.com\/wp-content\/uploads\/2025\/07\/salchichon-chiffonade.jpg\",\"contentUrl\":\"https:\/\/www.costabravafoods.com\/wp-content\/uploads\/2025\/07\/salchichon-chiffonade.jpg\",\"width\":1000,\"height\":1000,\"caption\":\"Llonganissa chiffonade Costa Brava Mediterranean Foods de sabor suau\"},{\"@type\":\"BreadcrumbList\",\"@id\":\"https:\/\/www.costabravafoods.com\/ca\/producte\/llonganissa-extra-chiffonade\/#breadcrumb\",\"itemListElement\":[{\"@type\":\"ListItem\",\"position\":1,\"name\":\"Portada\",\"item\":\"https:\/\/www.costabravafoods.com\/ca\/\"},{\"@type\":\"ListItem\",\"position\":2,\"name\":\"Productes\",\"item\":\"https:\/\/www.costabravafoods.com\/productos\/\"},{\"@type\":\"ListItem\",\"position\":3,\"name\":\"Llonganissa Extra chiffonade\"}]},{\"@type\":\"WebSite\",\"@id\":\"https:\/\/www.costabravafoods.com\/#website\",\"url\":\"https:\/\/www.costabravafoods.com\/\",\"name\":\"Costa Brava Foods\",\"description\":\"\",\"potentialAction\":[{\"@type\":\"SearchAction\",\"target\":{\"@type\":\"EntryPoint\",\"urlTemplate\":\"https:\/\/www.costabravafoods.com\/?s={search_term_string}\"},\"query-input\":{\"@type\":\"PropertyValueSpecification\",\"valueRequired\":true,\"valueName\":\"search_term_string\"}}],\"inLanguage\":\"ca\"}]}<\/script>\n<!-- \/ Yoast SEO plugin. -->","yoast_head_json":{"title":"Llonganissa Extra chiffonade","description":"Llonganissa chiffonade Costa Brava Mediterranean Foods de sabor suau, una bona opci\u00f3 per a combinar amb altres embotits, formatges o pa en qualsevol ocasi\u00f3. Un dels embotits m\u00e9s preciats i coneguts de la cultura espanyola.","robots":{"index":"index","follow":"follow","max-snippet":"max-snippet:-1","max-image-preview":"max-image-preview:large","max-video-preview":"max-video-preview:-1"},"canonical":"https:\/\/www.costabravafoods.com\/ca\/producte\/llonganissa-extra-chiffonade\/","og_locale":"ca_ES","og_type":"article","og_title":"Llonganissa Extra chiffonade","og_description":"Llonganissa chiffonade Costa Brava Mediterranean Foods de sabor suau, una bona opci\u00f3 per a combinar amb altres embotits, formatges o pa en qualsevol ocasi\u00f3. Un dels embotits m\u00e9s preciats i coneguts de la cultura espanyola.","og_url":"https:\/\/www.costabravafoods.com\/ca\/producte\/llonganissa-extra-chiffonade\/","og_site_name":"Costa Brava Foods","article_modified_time":"2025-10-01T13:04:55+00:00","og_image":[{"width":1000,"height":1000,"url":"https:\/\/www.costabravafoods.com\/wp-content\/uploads\/2025\/07\/salchichon-chiffonade.jpg","type":"image\/jpeg"}],"twitter_card":"summary_large_image","schema":{"@context":"https:\/\/schema.org","@graph":[{"@type":"WebPage","@id":"https:\/\/www.costabravafoods.com\/ca\/producte\/llonganissa-extra-chiffonade\/","url":"https:\/\/www.costabravafoods.com\/ca\/producte\/llonganissa-extra-chiffonade\/","name":"Llonganissa Extra chiffonade","isPartOf":{"@id":"https:\/\/www.costabravafoods.com\/#website"},"primaryImageOfPage":{"@id":"https:\/\/www.costabravafoods.com\/ca\/producte\/llonganissa-extra-chiffonade\/#primaryimage"},"image":{"@id":"https:\/\/www.costabravafoods.com\/ca\/producte\/llonganissa-extra-chiffonade\/#primaryimage"},"thumbnailUrl":"https:\/\/www.costabravafoods.com\/wp-content\/uploads\/2025\/07\/salchichon-chiffonade.jpg","datePublished":"2025-07-18T10:02:25+00:00","dateModified":"2025-10-01T13:04:55+00:00","description":"Llonganissa chiffonade Costa Brava Mediterranean Foods de sabor suau, una bona opci\u00f3 per a combinar amb altres embotits, formatges o pa en qualsevol ocasi\u00f3. Un dels embotits m\u00e9s preciats i coneguts de la cultura espanyola.","breadcrumb":{"@id":"https:\/\/www.costabravafoods.com\/ca\/producte\/llonganissa-extra-chiffonade\/#breadcrumb"},"inLanguage":"ca","potentialAction":[{"@type":"ReadAction","target":["https:\/\/www.costabravafoods.com\/ca\/producte\/llonganissa-extra-chiffonade\/"]}]},{"@type":"ImageObject","inLanguage":"ca","@id":"https:\/\/www.costabravafoods.com\/ca\/producte\/llonganissa-extra-chiffonade\/#primaryimage","url":"https:\/\/www.costabravafoods.com\/wp-content\/uploads\/2025\/07\/salchichon-chiffonade.jpg","contentUrl":"https:\/\/www.costabravafoods.com\/wp-content\/uploads\/2025\/07\/salchichon-chiffonade.jpg","width":1000,"height":1000,"caption":"Llonganissa chiffonade Costa Brava Mediterranean Foods de sabor suau"},{"@type":"BreadcrumbList","@id":"https:\/\/www.costabravafoods.com\/ca\/producte\/llonganissa-extra-chiffonade\/#breadcrumb","itemListElement":[{"@type":"ListItem","position":1,"name":"Portada","item":"https:\/\/www.costabravafoods.com\/ca\/"},{"@type":"ListItem","position":2,"name":"Productes","item":"https:\/\/www.costabravafoods.com\/productos\/"},{"@type":"ListItem","position":3,"name":"Llonganissa Extra chiffonade"}]},{"@type":"WebSite","@id":"https:\/\/www.costabravafoods.com\/#website","url":"https:\/\/www.costabravafoods.com\/","name":"Costa Brava Foods","description":"","potentialAction":[{"@type":"SearchAction","target":{"@type":"EntryPoint","urlTemplate":"https:\/\/www.costabravafoods.com\/?s={search_term_string}"},"query-input":{"@type":"PropertyValueSpecification","valueRequired":true,"valueName":"search_term_string"}}],"inLanguage":"ca"}]}},"_links":{"self":[{"href":"https:\/\/www.costabravafoods.com\/ca\/wp-json\/wp\/v2\/product\/33385","targetHints":{"allow":["GET"]}}],"collection":[{"href":"https:\/\/www.costabravafoods.com\/ca\/wp-json\/wp\/v2\/product"}],"about":[{"href":"https:\/\/www.costabravafoods.com\/ca\/wp-json\/wp\/v2\/types\/product"}],"wp:featuredmedia":[{"embeddable":true,"href":"https:\/\/www.costabravafoods.com\/ca\/wp-json\/wp\/v2\/media\/18496"}],"wp:attachment":[{"href":"https:\/\/www.costabravafoods.com\/ca\/wp-json\/wp\/v2\/media?parent=33385"}],"wp:term":[{"taxonomy":"product_brand","embeddable":true,"href":"https:\/\/www.costabravafoods.com\/ca\/wp-json\/wp\/v2\/product_brand?post=33385"},{"taxonomy":"product_cat","embeddable":true,"href":"https:\/\/www.costabravafoods.com\/ca\/wp-json\/wp\/v2\/product_cat?post=33385"},{"taxonomy":"product_tag","embeddable":true,"href":"https:\/\/www.costabravafoods.com\/ca\/wp-json\/wp\/v2\/product_tag?post=33385"},{"taxonomy":"corte_cerdo","embeddable":true,"href":"https:\/\/www.costabravafoods.com\/ca\/wp-json\/wp\/v2\/corte_cerdo?post=33385"},{"taxonomy":"corte_vacuno","embeddable":true,"href":"https:\/\/www.costabravafoods.com\/ca\/wp-json\/wp\/v2\/corte_vacuno?post=33385"},{"taxonomy":"fresh_retail","embeddable":true,"href":"https:\/\/www.costabravafoods.com\/ca\/wp-json\/wp\/v2\/fresh_retail?post=33385"},{"taxonomy":"conservacion","embeddable":true,"href":"https:\/\/www.costabravafoods.com\/ca\/wp-json\/wp\/v2\/conservacion?post=33385"},{"taxonomy":"envase","embeddable":true,"href":"https:\/\/www.costabravafoods.com\/ca\/wp-json\/wp\/v2\/envase?post=33385"},{"taxonomy":"tipo_corte","embeddable":true,"href":"https:\/\/www.costabravafoods.com\/ca\/wp-json\/wp\/v2\/tipo_corte?post=33385"}],"curies":[{"name":"wp","href":"https:\/\/api.w.org\/{rel}","templated":true}]}}