

{"id":33391,"date":"2025-07-18T11:53:10","date_gmt":"2025-07-18T09:53:10","guid":{"rendered":"https:\/\/www.costabravafoods.com\/producto\/llom-baix-amb-os-4x300g-bovi\/"},"modified":"2025-10-01T15:05:05","modified_gmt":"2025-10-01T13:05:05","slug":"llom-baix-amb-os-4x300g-bovi","status":"publish","type":"product","link":"https:\/\/www.costabravafoods.com\/ca\/producte\/llom-baix-amb-os-4x300g-bovi\/","title":{"rendered":"Llom baix amb os 4x300g bov\u00ed"},"content":{"rendered":"<p>Lot de cuatre entrecots de bov\u00ed amb os de 300 g. Provinent del llom baix del bov\u00ed, \u00e9s un tall amb menys infiltraci\u00f3 de greix que el llom alt. Ideal per a cuinar a la planxa o a la brasa.<\/p>\n","protected":false},"excerpt":{"rendered":"<p>Lot de cuatre lloms baixos amb os de bov\u00ed 300 g, tall amb menys infiltraci\u00f3 de greix que la chuleta.<\/p>\n","protected":false},"featured_media":17865,"template":"","meta":[],"product_brand":[],"product_cat":[264,270],"product_tag":[],"corte_cerdo":[],"corte_vacuno":[],"fresh_retail":[271],"conservacion":[],"envase":[272],"tipo_corte":[],"class_list":{"0":"post-33391","1":"product","2":"type-product","3":"status-publish","4":"has-post-thumbnail","6":"product_cat-fresh-ca","7":"product_cat-retail-ca","8":"fresh_retail-bovi","9":"envase-envasament-al-buit","11":"first","12":"instock","13":"product-type-simple"},"yoast_head":"<!-- This site is optimized with the Yoast SEO plugin v27.2 - https:\/\/yoast.com\/product\/yoast-seo-wordpress\/ -->\n<title>Llom baix amb os 4x300g bov\u00ed<\/title>\n<meta name=\"description\" content=\"Lot de cuatre &quot;entrecots&quot; de bov\u00ed amb os de 300 g. Provinent del llom baix del bov\u00ed, \u00e9s un tall amb menys infiltraci\u00f3 de greix que el llom alt. Ideal per a cuinar a la planxa o a la brasa.\" \/>\n<meta name=\"robots\" content=\"index, follow, max-snippet:-1, max-image-preview:large, max-video-preview:-1\" \/>\n<link rel=\"canonical\" href=\"https:\/\/www.costabravafoods.com\/ca\/producte\/llom-baix-amb-os-4x300g-bovi\/\" \/>\n<meta property=\"og:locale\" content=\"ca_ES\" \/>\n<meta property=\"og:type\" content=\"article\" \/>\n<meta property=\"og:title\" content=\"Llom baix amb os 4x300g bov\u00ed\" \/>\n<meta property=\"og:description\" content=\"Lot de cuatre &quot;entrecots&quot; de bov\u00ed amb os de 300 g. Provinent del llom baix del bov\u00ed, \u00e9s un tall amb menys infiltraci\u00f3 de greix que el llom alt. Ideal per a cuinar a la planxa o a la brasa.\" \/>\n<meta property=\"og:url\" content=\"https:\/\/www.costabravafoods.com\/ca\/producte\/llom-baix-amb-os-4x300g-bovi\/\" \/>\n<meta property=\"og:site_name\" content=\"Costa Brava Foods\" \/>\n<meta property=\"article:modified_time\" content=\"2025-10-01T13:05:05+00:00\" \/>\n<meta property=\"og:image\" content=\"https:\/\/www.costabravafoods.com\/wp-content\/uploads\/2025\/07\/lomo-bajo-4x300-striploin-bone.png\" \/>\n\t<meta property=\"og:image:width\" content=\"1000\" \/>\n\t<meta property=\"og:image:height\" content=\"1000\" \/>\n\t<meta property=\"og:image:type\" content=\"image\/png\" \/>\n<meta name=\"twitter:card\" content=\"summary_large_image\" \/>\n<script type=\"application\/ld+json\" class=\"yoast-schema-graph\">{\"@context\":\"https:\/\/schema.org\",\"@graph\":[{\"@type\":\"WebPage\",\"@id\":\"https:\/\/www.costabravafoods.com\/ca\/producte\/llom-baix-amb-os-4x300g-bovi\/\",\"url\":\"https:\/\/www.costabravafoods.com\/ca\/producte\/llom-baix-amb-os-4x300g-bovi\/\",\"name\":\"Llom baix amb os 4x300g bov\u00ed\",\"isPartOf\":{\"@id\":\"https:\/\/www.costabravafoods.com\/#website\"},\"primaryImageOfPage\":{\"@id\":\"https:\/\/www.costabravafoods.com\/ca\/producte\/llom-baix-amb-os-4x300g-bovi\/#primaryimage\"},\"image\":{\"@id\":\"https:\/\/www.costabravafoods.com\/ca\/producte\/llom-baix-amb-os-4x300g-bovi\/#primaryimage\"},\"thumbnailUrl\":\"https:\/\/www.costabravafoods.com\/wp-content\/uploads\/2025\/07\/lomo-bajo-4x300-striploin-bone.png\",\"datePublished\":\"2025-07-18T09:53:10+00:00\",\"dateModified\":\"2025-10-01T13:05:05+00:00\",\"description\":\"Lot de cuatre \\\"entrecots\\\" de bov\u00ed amb os de 300 g. Provinent del llom baix del bov\u00ed, \u00e9s un tall amb menys infiltraci\u00f3 de greix que el llom alt. Ideal per a cuinar a la planxa o a la brasa.\",\"breadcrumb\":{\"@id\":\"https:\/\/www.costabravafoods.com\/ca\/producte\/llom-baix-amb-os-4x300g-bovi\/#breadcrumb\"},\"inLanguage\":\"ca\",\"potentialAction\":[{\"@type\":\"ReadAction\",\"target\":[\"https:\/\/www.costabravafoods.com\/ca\/producte\/llom-baix-amb-os-4x300g-bovi\/\"]}]},{\"@type\":\"ImageObject\",\"inLanguage\":\"ca\",\"@id\":\"https:\/\/www.costabravafoods.com\/ca\/producte\/llom-baix-amb-os-4x300g-bovi\/#primaryimage\",\"url\":\"https:\/\/www.costabravafoods.com\/wp-content\/uploads\/2025\/07\/lomo-bajo-4x300-striploin-bone.png\",\"contentUrl\":\"https:\/\/www.costabravafoods.com\/wp-content\/uploads\/2025\/07\/lomo-bajo-4x300-striploin-bone.png\",\"width\":1000,\"height\":1000,\"caption\":\"Lot de cuatre \\\"entrecots\\\" de bov\u00ed amb os de 300 g. Provinent del llom baix del bov\u00ed\"},{\"@type\":\"BreadcrumbList\",\"@id\":\"https:\/\/www.costabravafoods.com\/ca\/producte\/llom-baix-amb-os-4x300g-bovi\/#breadcrumb\",\"itemListElement\":[{\"@type\":\"ListItem\",\"position\":1,\"name\":\"Portada\",\"item\":\"https:\/\/www.costabravafoods.com\/ca\/\"},{\"@type\":\"ListItem\",\"position\":2,\"name\":\"Productes\",\"item\":\"https:\/\/www.costabravafoods.com\/productos\/\"},{\"@type\":\"ListItem\",\"position\":3,\"name\":\"Llom baix amb os 4x300g bov\u00ed\"}]},{\"@type\":\"WebSite\",\"@id\":\"https:\/\/www.costabravafoods.com\/#website\",\"url\":\"https:\/\/www.costabravafoods.com\/\",\"name\":\"Costa Brava Foods\",\"description\":\"\",\"potentialAction\":[{\"@type\":\"SearchAction\",\"target\":{\"@type\":\"EntryPoint\",\"urlTemplate\":\"https:\/\/www.costabravafoods.com\/?s={search_term_string}\"},\"query-input\":{\"@type\":\"PropertyValueSpecification\",\"valueRequired\":true,\"valueName\":\"search_term_string\"}}],\"inLanguage\":\"ca\"}]}<\/script>\n<!-- \/ Yoast SEO plugin. -->","yoast_head_json":{"title":"Llom baix amb os 4x300g bov\u00ed","description":"Lot de cuatre \"entrecots\" de bov\u00ed amb os de 300 g. Provinent del llom baix del bov\u00ed, \u00e9s un tall amb menys infiltraci\u00f3 de greix que el llom alt. Ideal per a cuinar a la planxa o a la brasa.","robots":{"index":"index","follow":"follow","max-snippet":"max-snippet:-1","max-image-preview":"max-image-preview:large","max-video-preview":"max-video-preview:-1"},"canonical":"https:\/\/www.costabravafoods.com\/ca\/producte\/llom-baix-amb-os-4x300g-bovi\/","og_locale":"ca_ES","og_type":"article","og_title":"Llom baix amb os 4x300g bov\u00ed","og_description":"Lot de cuatre \"entrecots\" de bov\u00ed amb os de 300 g. Provinent del llom baix del bov\u00ed, \u00e9s un tall amb menys infiltraci\u00f3 de greix que el llom alt. Ideal per a cuinar a la planxa o a la brasa.","og_url":"https:\/\/www.costabravafoods.com\/ca\/producte\/llom-baix-amb-os-4x300g-bovi\/","og_site_name":"Costa Brava Foods","article_modified_time":"2025-10-01T13:05:05+00:00","og_image":[{"width":1000,"height":1000,"url":"https:\/\/www.costabravafoods.com\/wp-content\/uploads\/2025\/07\/lomo-bajo-4x300-striploin-bone.png","type":"image\/png"}],"twitter_card":"summary_large_image","schema":{"@context":"https:\/\/schema.org","@graph":[{"@type":"WebPage","@id":"https:\/\/www.costabravafoods.com\/ca\/producte\/llom-baix-amb-os-4x300g-bovi\/","url":"https:\/\/www.costabravafoods.com\/ca\/producte\/llom-baix-amb-os-4x300g-bovi\/","name":"Llom baix amb os 4x300g bov\u00ed","isPartOf":{"@id":"https:\/\/www.costabravafoods.com\/#website"},"primaryImageOfPage":{"@id":"https:\/\/www.costabravafoods.com\/ca\/producte\/llom-baix-amb-os-4x300g-bovi\/#primaryimage"},"image":{"@id":"https:\/\/www.costabravafoods.com\/ca\/producte\/llom-baix-amb-os-4x300g-bovi\/#primaryimage"},"thumbnailUrl":"https:\/\/www.costabravafoods.com\/wp-content\/uploads\/2025\/07\/lomo-bajo-4x300-striploin-bone.png","datePublished":"2025-07-18T09:53:10+00:00","dateModified":"2025-10-01T13:05:05+00:00","description":"Lot de cuatre \"entrecots\" de bov\u00ed amb os de 300 g. Provinent del llom baix del bov\u00ed, \u00e9s un tall amb menys infiltraci\u00f3 de greix que el llom alt. Ideal per a cuinar a la planxa o a la brasa.","breadcrumb":{"@id":"https:\/\/www.costabravafoods.com\/ca\/producte\/llom-baix-amb-os-4x300g-bovi\/#breadcrumb"},"inLanguage":"ca","potentialAction":[{"@type":"ReadAction","target":["https:\/\/www.costabravafoods.com\/ca\/producte\/llom-baix-amb-os-4x300g-bovi\/"]}]},{"@type":"ImageObject","inLanguage":"ca","@id":"https:\/\/www.costabravafoods.com\/ca\/producte\/llom-baix-amb-os-4x300g-bovi\/#primaryimage","url":"https:\/\/www.costabravafoods.com\/wp-content\/uploads\/2025\/07\/lomo-bajo-4x300-striploin-bone.png","contentUrl":"https:\/\/www.costabravafoods.com\/wp-content\/uploads\/2025\/07\/lomo-bajo-4x300-striploin-bone.png","width":1000,"height":1000,"caption":"Lot de cuatre \"entrecots\" de bov\u00ed amb os de 300 g. Provinent del llom baix del bov\u00ed"},{"@type":"BreadcrumbList","@id":"https:\/\/www.costabravafoods.com\/ca\/producte\/llom-baix-amb-os-4x300g-bovi\/#breadcrumb","itemListElement":[{"@type":"ListItem","position":1,"name":"Portada","item":"https:\/\/www.costabravafoods.com\/ca\/"},{"@type":"ListItem","position":2,"name":"Productes","item":"https:\/\/www.costabravafoods.com\/productos\/"},{"@type":"ListItem","position":3,"name":"Llom baix amb os 4x300g bov\u00ed"}]},{"@type":"WebSite","@id":"https:\/\/www.costabravafoods.com\/#website","url":"https:\/\/www.costabravafoods.com\/","name":"Costa Brava Foods","description":"","potentialAction":[{"@type":"SearchAction","target":{"@type":"EntryPoint","urlTemplate":"https:\/\/www.costabravafoods.com\/?s={search_term_string}"},"query-input":{"@type":"PropertyValueSpecification","valueRequired":true,"valueName":"search_term_string"}}],"inLanguage":"ca"}]}},"_links":{"self":[{"href":"https:\/\/www.costabravafoods.com\/ca\/wp-json\/wp\/v2\/product\/33391","targetHints":{"allow":["GET"]}}],"collection":[{"href":"https:\/\/www.costabravafoods.com\/ca\/wp-json\/wp\/v2\/product"}],"about":[{"href":"https:\/\/www.costabravafoods.com\/ca\/wp-json\/wp\/v2\/types\/product"}],"wp:featuredmedia":[{"embeddable":true,"href":"https:\/\/www.costabravafoods.com\/ca\/wp-json\/wp\/v2\/media\/17865"}],"wp:attachment":[{"href":"https:\/\/www.costabravafoods.com\/ca\/wp-json\/wp\/v2\/media?parent=33391"}],"wp:term":[{"taxonomy":"product_brand","embeddable":true,"href":"https:\/\/www.costabravafoods.com\/ca\/wp-json\/wp\/v2\/product_brand?post=33391"},{"taxonomy":"product_cat","embeddable":true,"href":"https:\/\/www.costabravafoods.com\/ca\/wp-json\/wp\/v2\/product_cat?post=33391"},{"taxonomy":"product_tag","embeddable":true,"href":"https:\/\/www.costabravafoods.com\/ca\/wp-json\/wp\/v2\/product_tag?post=33391"},{"taxonomy":"corte_cerdo","embeddable":true,"href":"https:\/\/www.costabravafoods.com\/ca\/wp-json\/wp\/v2\/corte_cerdo?post=33391"},{"taxonomy":"corte_vacuno","embeddable":true,"href":"https:\/\/www.costabravafoods.com\/ca\/wp-json\/wp\/v2\/corte_vacuno?post=33391"},{"taxonomy":"fresh_retail","embeddable":true,"href":"https:\/\/www.costabravafoods.com\/ca\/wp-json\/wp\/v2\/fresh_retail?post=33391"},{"taxonomy":"conservacion","embeddable":true,"href":"https:\/\/www.costabravafoods.com\/ca\/wp-json\/wp\/v2\/conservacion?post=33391"},{"taxonomy":"envase","embeddable":true,"href":"https:\/\/www.costabravafoods.com\/ca\/wp-json\/wp\/v2\/envase?post=33391"},{"taxonomy":"tipo_corte","embeddable":true,"href":"https:\/\/www.costabravafoods.com\/ca\/wp-json\/wp\/v2\/tipo_corte?post=33391"}],"curies":[{"name":"wp","href":"https:\/\/api.w.org\/{rel}","templated":true}]}}