

{"id":33408,"date":"2025-07-18T11:56:31","date_gmt":"2025-07-18T09:56:31","guid":{"rendered":"https:\/\/www.costabravafoods.com\/producto\/agulla-bistec-1ab-bovi\/"},"modified":"2025-10-01T15:05:22","modified_gmt":"2025-10-01T13:05:22","slug":"agulla-bistec-1ab-bovi","status":"publish","type":"product","link":"https:\/\/www.costabravafoods.com\/ca\/producte\/agulla-bistec-1ab-bovi\/","title":{"rendered":"Agulla (Bistec 1\u00aaB) bov\u00ed"},"content":{"rendered":"<p>L&#8217;agulla de bov\u00ed \u00e9s un tall sabor\u00f3s i tendre considerat bistec de primera. \u00c9s ideal per a fer a la planxa o empanar.<\/p>\n","protected":false},"excerpt":{"rendered":"<p>Agulla de bov\u00ed &#8211; bistec de primera, tall sabr\u00f3s i suc\u00f3s ideal per a fer a la planxa o arrebossar.<\/p>\n","protected":false},"featured_media":18001,"template":"","meta":[],"product_brand":[],"product_cat":[264,270],"product_tag":[],"corte_cerdo":[],"corte_vacuno":[],"fresh_retail":[271],"conservacion":[],"envase":[649],"tipo_corte":[],"class_list":{"0":"post-33408","1":"product","2":"type-product","3":"status-publish","4":"has-post-thumbnail","6":"product_cat-fresh-ca","7":"product_cat-retail-ca","8":"fresh_retail-bovi","9":"envase-flat-skin-ca","11":"first","12":"instock","13":"product-type-simple"},"yoast_head":"<!-- This site is optimized with the Yoast SEO plugin v27.2 - https:\/\/yoast.com\/product\/yoast-seo-wordpress\/ -->\n<title>Agulla (Bistec 1\u00aaB) bov\u00ed<\/title>\n<meta name=\"description\" content=\"L&#039;agulla de bov\u00ed \u00e9s un tall sabor\u00f3s i tendre considerat bistec de primera. \u00c9s ideal per a fer a la planxa o empanar.\" \/>\n<meta name=\"robots\" content=\"index, follow, max-snippet:-1, max-image-preview:large, max-video-preview:-1\" \/>\n<link rel=\"canonical\" href=\"https:\/\/www.costabravafoods.com\/ca\/producte\/agulla-bistec-1ab-bovi\/\" \/>\n<meta property=\"og:locale\" content=\"ca_ES\" \/>\n<meta property=\"og:type\" content=\"article\" \/>\n<meta property=\"og:title\" content=\"Agulla (Bistec 1\u00aaB) bov\u00ed\" \/>\n<meta property=\"og:description\" content=\"L&#039;agulla de bov\u00ed \u00e9s un tall sabor\u00f3s i tendre considerat bistec de primera. \u00c9s ideal per a fer a la planxa o empanar.\" \/>\n<meta property=\"og:url\" content=\"https:\/\/www.costabravafoods.com\/ca\/producte\/agulla-bistec-1ab-bovi\/\" \/>\n<meta property=\"og:site_name\" content=\"Costa Brava Foods\" \/>\n<meta property=\"article:modified_time\" content=\"2025-10-01T13:05:22+00:00\" \/>\n<meta property=\"og:image\" content=\"https:\/\/www.costabravafoods.com\/wp-content\/uploads\/2025\/07\/aguja-chuck-boneless-flatskin.png\" \/>\n\t<meta property=\"og:image:width\" content=\"1000\" \/>\n\t<meta property=\"og:image:height\" content=\"1000\" \/>\n\t<meta property=\"og:image:type\" content=\"image\/png\" \/>\n<meta name=\"twitter:card\" content=\"summary_large_image\" \/>\n<script type=\"application\/ld+json\" class=\"yoast-schema-graph\">{\"@context\":\"https:\/\/schema.org\",\"@graph\":[{\"@type\":\"WebPage\",\"@id\":\"https:\/\/www.costabravafoods.com\/ca\/producte\/agulla-bistec-1ab-bovi\/\",\"url\":\"https:\/\/www.costabravafoods.com\/ca\/producte\/agulla-bistec-1ab-bovi\/\",\"name\":\"Agulla (Bistec 1\u00aaB) bov\u00ed\",\"isPartOf\":{\"@id\":\"https:\/\/www.costabravafoods.com\/#website\"},\"primaryImageOfPage\":{\"@id\":\"https:\/\/www.costabravafoods.com\/ca\/producte\/agulla-bistec-1ab-bovi\/#primaryimage\"},\"image\":{\"@id\":\"https:\/\/www.costabravafoods.com\/ca\/producte\/agulla-bistec-1ab-bovi\/#primaryimage\"},\"thumbnailUrl\":\"https:\/\/www.costabravafoods.com\/wp-content\/uploads\/2025\/07\/aguja-chuck-boneless-flatskin.png\",\"datePublished\":\"2025-07-18T09:56:31+00:00\",\"dateModified\":\"2025-10-01T13:05:22+00:00\",\"description\":\"L'agulla de bov\u00ed \u00e9s un tall sabor\u00f3s i tendre considerat bistec de primera. \u00c9s ideal per a fer a la planxa o empanar.\",\"breadcrumb\":{\"@id\":\"https:\/\/www.costabravafoods.com\/ca\/producte\/agulla-bistec-1ab-bovi\/#breadcrumb\"},\"inLanguage\":\"ca\",\"potentialAction\":[{\"@type\":\"ReadAction\",\"target\":[\"https:\/\/www.costabravafoods.com\/ca\/producte\/agulla-bistec-1ab-bovi\/\"]}]},{\"@type\":\"ImageObject\",\"inLanguage\":\"ca\",\"@id\":\"https:\/\/www.costabravafoods.com\/ca\/producte\/agulla-bistec-1ab-bovi\/#primaryimage\",\"url\":\"https:\/\/www.costabravafoods.com\/wp-content\/uploads\/2025\/07\/aguja-chuck-boneless-flatskin.png\",\"contentUrl\":\"https:\/\/www.costabravafoods.com\/wp-content\/uploads\/2025\/07\/aguja-chuck-boneless-flatskin.png\",\"width\":1000,\"height\":1000,\"caption\":\"Flat Skin\"},{\"@type\":\"BreadcrumbList\",\"@id\":\"https:\/\/www.costabravafoods.com\/ca\/producte\/agulla-bistec-1ab-bovi\/#breadcrumb\",\"itemListElement\":[{\"@type\":\"ListItem\",\"position\":1,\"name\":\"Portada\",\"item\":\"https:\/\/www.costabravafoods.com\/ca\/\"},{\"@type\":\"ListItem\",\"position\":2,\"name\":\"Productes\",\"item\":\"https:\/\/www.costabravafoods.com\/productos\/\"},{\"@type\":\"ListItem\",\"position\":3,\"name\":\"Agulla (Bistec 1\u00aaB) bov\u00ed\"}]},{\"@type\":\"WebSite\",\"@id\":\"https:\/\/www.costabravafoods.com\/#website\",\"url\":\"https:\/\/www.costabravafoods.com\/\",\"name\":\"Costa Brava Foods\",\"description\":\"\",\"potentialAction\":[{\"@type\":\"SearchAction\",\"target\":{\"@type\":\"EntryPoint\",\"urlTemplate\":\"https:\/\/www.costabravafoods.com\/?s={search_term_string}\"},\"query-input\":{\"@type\":\"PropertyValueSpecification\",\"valueRequired\":true,\"valueName\":\"search_term_string\"}}],\"inLanguage\":\"ca\"}]}<\/script>\n<!-- \/ Yoast SEO plugin. -->","yoast_head_json":{"title":"Agulla (Bistec 1\u00aaB) bov\u00ed","description":"L'agulla de bov\u00ed \u00e9s un tall sabor\u00f3s i tendre considerat bistec de primera. \u00c9s ideal per a fer a la planxa o empanar.","robots":{"index":"index","follow":"follow","max-snippet":"max-snippet:-1","max-image-preview":"max-image-preview:large","max-video-preview":"max-video-preview:-1"},"canonical":"https:\/\/www.costabravafoods.com\/ca\/producte\/agulla-bistec-1ab-bovi\/","og_locale":"ca_ES","og_type":"article","og_title":"Agulla (Bistec 1\u00aaB) bov\u00ed","og_description":"L'agulla de bov\u00ed \u00e9s un tall sabor\u00f3s i tendre considerat bistec de primera. \u00c9s ideal per a fer a la planxa o empanar.","og_url":"https:\/\/www.costabravafoods.com\/ca\/producte\/agulla-bistec-1ab-bovi\/","og_site_name":"Costa Brava Foods","article_modified_time":"2025-10-01T13:05:22+00:00","og_image":[{"width":1000,"height":1000,"url":"https:\/\/www.costabravafoods.com\/wp-content\/uploads\/2025\/07\/aguja-chuck-boneless-flatskin.png","type":"image\/png"}],"twitter_card":"summary_large_image","schema":{"@context":"https:\/\/schema.org","@graph":[{"@type":"WebPage","@id":"https:\/\/www.costabravafoods.com\/ca\/producte\/agulla-bistec-1ab-bovi\/","url":"https:\/\/www.costabravafoods.com\/ca\/producte\/agulla-bistec-1ab-bovi\/","name":"Agulla (Bistec 1\u00aaB) bov\u00ed","isPartOf":{"@id":"https:\/\/www.costabravafoods.com\/#website"},"primaryImageOfPage":{"@id":"https:\/\/www.costabravafoods.com\/ca\/producte\/agulla-bistec-1ab-bovi\/#primaryimage"},"image":{"@id":"https:\/\/www.costabravafoods.com\/ca\/producte\/agulla-bistec-1ab-bovi\/#primaryimage"},"thumbnailUrl":"https:\/\/www.costabravafoods.com\/wp-content\/uploads\/2025\/07\/aguja-chuck-boneless-flatskin.png","datePublished":"2025-07-18T09:56:31+00:00","dateModified":"2025-10-01T13:05:22+00:00","description":"L'agulla de bov\u00ed \u00e9s un tall sabor\u00f3s i tendre considerat bistec de primera. \u00c9s ideal per a fer a la planxa o empanar.","breadcrumb":{"@id":"https:\/\/www.costabravafoods.com\/ca\/producte\/agulla-bistec-1ab-bovi\/#breadcrumb"},"inLanguage":"ca","potentialAction":[{"@type":"ReadAction","target":["https:\/\/www.costabravafoods.com\/ca\/producte\/agulla-bistec-1ab-bovi\/"]}]},{"@type":"ImageObject","inLanguage":"ca","@id":"https:\/\/www.costabravafoods.com\/ca\/producte\/agulla-bistec-1ab-bovi\/#primaryimage","url":"https:\/\/www.costabravafoods.com\/wp-content\/uploads\/2025\/07\/aguja-chuck-boneless-flatskin.png","contentUrl":"https:\/\/www.costabravafoods.com\/wp-content\/uploads\/2025\/07\/aguja-chuck-boneless-flatskin.png","width":1000,"height":1000,"caption":"Flat Skin"},{"@type":"BreadcrumbList","@id":"https:\/\/www.costabravafoods.com\/ca\/producte\/agulla-bistec-1ab-bovi\/#breadcrumb","itemListElement":[{"@type":"ListItem","position":1,"name":"Portada","item":"https:\/\/www.costabravafoods.com\/ca\/"},{"@type":"ListItem","position":2,"name":"Productes","item":"https:\/\/www.costabravafoods.com\/productos\/"},{"@type":"ListItem","position":3,"name":"Agulla (Bistec 1\u00aaB) bov\u00ed"}]},{"@type":"WebSite","@id":"https:\/\/www.costabravafoods.com\/#website","url":"https:\/\/www.costabravafoods.com\/","name":"Costa Brava Foods","description":"","potentialAction":[{"@type":"SearchAction","target":{"@type":"EntryPoint","urlTemplate":"https:\/\/www.costabravafoods.com\/?s={search_term_string}"},"query-input":{"@type":"PropertyValueSpecification","valueRequired":true,"valueName":"search_term_string"}}],"inLanguage":"ca"}]}},"_links":{"self":[{"href":"https:\/\/www.costabravafoods.com\/ca\/wp-json\/wp\/v2\/product\/33408","targetHints":{"allow":["GET"]}}],"collection":[{"href":"https:\/\/www.costabravafoods.com\/ca\/wp-json\/wp\/v2\/product"}],"about":[{"href":"https:\/\/www.costabravafoods.com\/ca\/wp-json\/wp\/v2\/types\/product"}],"wp:featuredmedia":[{"embeddable":true,"href":"https:\/\/www.costabravafoods.com\/ca\/wp-json\/wp\/v2\/media\/18001"}],"wp:attachment":[{"href":"https:\/\/www.costabravafoods.com\/ca\/wp-json\/wp\/v2\/media?parent=33408"}],"wp:term":[{"taxonomy":"product_brand","embeddable":true,"href":"https:\/\/www.costabravafoods.com\/ca\/wp-json\/wp\/v2\/product_brand?post=33408"},{"taxonomy":"product_cat","embeddable":true,"href":"https:\/\/www.costabravafoods.com\/ca\/wp-json\/wp\/v2\/product_cat?post=33408"},{"taxonomy":"product_tag","embeddable":true,"href":"https:\/\/www.costabravafoods.com\/ca\/wp-json\/wp\/v2\/product_tag?post=33408"},{"taxonomy":"corte_cerdo","embeddable":true,"href":"https:\/\/www.costabravafoods.com\/ca\/wp-json\/wp\/v2\/corte_cerdo?post=33408"},{"taxonomy":"corte_vacuno","embeddable":true,"href":"https:\/\/www.costabravafoods.com\/ca\/wp-json\/wp\/v2\/corte_vacuno?post=33408"},{"taxonomy":"fresh_retail","embeddable":true,"href":"https:\/\/www.costabravafoods.com\/ca\/wp-json\/wp\/v2\/fresh_retail?post=33408"},{"taxonomy":"conservacion","embeddable":true,"href":"https:\/\/www.costabravafoods.com\/ca\/wp-json\/wp\/v2\/conservacion?post=33408"},{"taxonomy":"envase","embeddable":true,"href":"https:\/\/www.costabravafoods.com\/ca\/wp-json\/wp\/v2\/envase?post=33408"},{"taxonomy":"tipo_corte","embeddable":true,"href":"https:\/\/www.costabravafoods.com\/ca\/wp-json\/wp\/v2\/tipo_corte?post=33408"}],"curies":[{"name":"wp","href":"https:\/\/api.w.org\/{rel}","templated":true}]}}