

{"id":33431,"date":"2025-07-19T12:40:42","date_gmt":"2025-07-19T10:40:42","guid":{"rendered":"https:\/\/www.costabravafoods.com\/producto\/llom-amb-cordo\/"},"modified":"2025-10-01T15:05:51","modified_gmt":"2025-10-01T13:05:51","slug":"llom-amb-cordo","status":"publish","type":"product","link":"https:\/\/www.costabravafoods.com\/ca\/producte\/llom-amb-cordo\/","title":{"rendered":"Llom amb cord\u00f3"},"content":{"rendered":"<p>Llom amb cord\u00f3, una pe\u00e7a vers\u00e0til ubicada a la regi\u00f3 posterior del porc i una bona opci\u00f3 per rostits, planxes i graelles.<\/p>\n","protected":false},"excerpt":{"rendered":"<p>Llom amb cord\u00f3, pe\u00e7a vers\u00e0til perfecta per rostits, planxes i graellades.<\/p>\n","protected":false},"featured_media":3899,"template":"","meta":[],"product_brand":[],"product_cat":[264,486,274],"product_tag":[],"corte_cerdo":[277],"corte_vacuno":[],"fresh_retail":[276],"conservacion":[],"envase":[],"tipo_corte":[],"class_list":{"0":"post-33431","1":"product","2":"type-product","3":"status-publish","4":"has-post-thumbnail","6":"product_cat-fresh-ca","7":"product_cat-llom","8":"product_cat-porc","9":"corte_cerdo-llom","10":"fresh_retail-porc","12":"first","13":"instock","14":"product-type-simple"},"yoast_head":"<!-- This site is optimized with the Yoast SEO plugin v27.2 - https:\/\/yoast.com\/product\/yoast-seo-wordpress\/ -->\n<title>Llom amb cord\u00f3<\/title>\n<meta name=\"description\" content=\"Llom amb cord\u00f3, una pe\u00e7a vers\u00e0til ubicada a la regi\u00f3 posterior del porc i una bona opci\u00f3 per rostits, planxes i graelles.\" \/>\n<meta name=\"robots\" content=\"index, follow, max-snippet:-1, max-image-preview:large, max-video-preview:-1\" \/>\n<link rel=\"canonical\" href=\"https:\/\/www.costabravafoods.com\/ca\/producte\/llom-amb-cordo\/\" \/>\n<meta property=\"og:locale\" content=\"ca_ES\" \/>\n<meta property=\"og:type\" content=\"article\" \/>\n<meta property=\"og:title\" content=\"Llom amb cord\u00f3\" \/>\n<meta property=\"og:description\" content=\"Llom amb cord\u00f3, una pe\u00e7a vers\u00e0til ubicada a la regi\u00f3 posterior del porc i una bona opci\u00f3 per rostits, planxes i graelles.\" \/>\n<meta property=\"og:url\" content=\"https:\/\/www.costabravafoods.com\/ca\/producte\/llom-amb-cordo\/\" \/>\n<meta property=\"og:site_name\" content=\"Costa Brava Foods\" \/>\n<meta property=\"article:modified_time\" content=\"2025-10-01T13:05:51+00:00\" \/>\n<meta property=\"og:image\" content=\"https:\/\/www.costabravafoods.com\/wp-content\/uploads\/2025\/04\/lomo-cordon-chain-loin.jpg\" \/>\n\t<meta property=\"og:image:width\" content=\"1000\" \/>\n\t<meta property=\"og:image:height\" content=\"1000\" \/>\n\t<meta property=\"og:image:type\" content=\"image\/jpeg\" \/>\n<meta name=\"twitter:card\" content=\"summary_large_image\" \/>\n<script type=\"application\/ld+json\" class=\"yoast-schema-graph\">{\"@context\":\"https:\/\/schema.org\",\"@graph\":[{\"@type\":\"WebPage\",\"@id\":\"https:\/\/www.costabravafoods.com\/ca\/producte\/llom-amb-cordo\/\",\"url\":\"https:\/\/www.costabravafoods.com\/ca\/producte\/llom-amb-cordo\/\",\"name\":\"Llom amb cord\u00f3\",\"isPartOf\":{\"@id\":\"https:\/\/www.costabravafoods.com\/#website\"},\"primaryImageOfPage\":{\"@id\":\"https:\/\/www.costabravafoods.com\/ca\/producte\/llom-amb-cordo\/#primaryimage\"},\"image\":{\"@id\":\"https:\/\/www.costabravafoods.com\/ca\/producte\/llom-amb-cordo\/#primaryimage\"},\"thumbnailUrl\":\"https:\/\/www.costabravafoods.com\/wp-content\/uploads\/2025\/04\/lomo-cordon-chain-loin.jpg\",\"datePublished\":\"2025-07-19T10:40:42+00:00\",\"dateModified\":\"2025-10-01T13:05:51+00:00\",\"description\":\"Llom amb cord\u00f3, una pe\u00e7a vers\u00e0til ubicada a la regi\u00f3 posterior del porc i una bona opci\u00f3 per rostits, planxes i graelles.\",\"breadcrumb\":{\"@id\":\"https:\/\/www.costabravafoods.com\/ca\/producte\/llom-amb-cordo\/#breadcrumb\"},\"inLanguage\":\"ca\",\"potentialAction\":[{\"@type\":\"ReadAction\",\"target\":[\"https:\/\/www.costabravafoods.com\/ca\/producte\/llom-amb-cordo\/\"]}]},{\"@type\":\"ImageObject\",\"inLanguage\":\"ca\",\"@id\":\"https:\/\/www.costabravafoods.com\/ca\/producte\/llom-amb-cordo\/#primaryimage\",\"url\":\"https:\/\/www.costabravafoods.com\/wp-content\/uploads\/2025\/04\/lomo-cordon-chain-loin.jpg\",\"contentUrl\":\"https:\/\/www.costabravafoods.com\/wp-content\/uploads\/2025\/04\/lomo-cordon-chain-loin.jpg\",\"width\":1000,\"height\":1000,\"caption\":\"Llom amb cord\u00f3\"},{\"@type\":\"BreadcrumbList\",\"@id\":\"https:\/\/www.costabravafoods.com\/ca\/producte\/llom-amb-cordo\/#breadcrumb\",\"itemListElement\":[{\"@type\":\"ListItem\",\"position\":1,\"name\":\"Portada\",\"item\":\"https:\/\/www.costabravafoods.com\/ca\/\"},{\"@type\":\"ListItem\",\"position\":2,\"name\":\"Productes\",\"item\":\"https:\/\/www.costabravafoods.com\/productos\/\"},{\"@type\":\"ListItem\",\"position\":3,\"name\":\"Llom amb cord\u00f3\"}]},{\"@type\":\"WebSite\",\"@id\":\"https:\/\/www.costabravafoods.com\/#website\",\"url\":\"https:\/\/www.costabravafoods.com\/\",\"name\":\"Costa Brava Foods\",\"description\":\"\",\"potentialAction\":[{\"@type\":\"SearchAction\",\"target\":{\"@type\":\"EntryPoint\",\"urlTemplate\":\"https:\/\/www.costabravafoods.com\/?s={search_term_string}\"},\"query-input\":{\"@type\":\"PropertyValueSpecification\",\"valueRequired\":true,\"valueName\":\"search_term_string\"}}],\"inLanguage\":\"ca\"}]}<\/script>\n<!-- \/ Yoast SEO plugin. -->","yoast_head_json":{"title":"Llom amb cord\u00f3","description":"Llom amb cord\u00f3, una pe\u00e7a vers\u00e0til ubicada a la regi\u00f3 posterior del porc i una bona opci\u00f3 per rostits, planxes i graelles.","robots":{"index":"index","follow":"follow","max-snippet":"max-snippet:-1","max-image-preview":"max-image-preview:large","max-video-preview":"max-video-preview:-1"},"canonical":"https:\/\/www.costabravafoods.com\/ca\/producte\/llom-amb-cordo\/","og_locale":"ca_ES","og_type":"article","og_title":"Llom amb cord\u00f3","og_description":"Llom amb cord\u00f3, una pe\u00e7a vers\u00e0til ubicada a la regi\u00f3 posterior del porc i una bona opci\u00f3 per rostits, planxes i graelles.","og_url":"https:\/\/www.costabravafoods.com\/ca\/producte\/llom-amb-cordo\/","og_site_name":"Costa Brava Foods","article_modified_time":"2025-10-01T13:05:51+00:00","og_image":[{"width":1000,"height":1000,"url":"https:\/\/www.costabravafoods.com\/wp-content\/uploads\/2025\/04\/lomo-cordon-chain-loin.jpg","type":"image\/jpeg"}],"twitter_card":"summary_large_image","schema":{"@context":"https:\/\/schema.org","@graph":[{"@type":"WebPage","@id":"https:\/\/www.costabravafoods.com\/ca\/producte\/llom-amb-cordo\/","url":"https:\/\/www.costabravafoods.com\/ca\/producte\/llom-amb-cordo\/","name":"Llom amb cord\u00f3","isPartOf":{"@id":"https:\/\/www.costabravafoods.com\/#website"},"primaryImageOfPage":{"@id":"https:\/\/www.costabravafoods.com\/ca\/producte\/llom-amb-cordo\/#primaryimage"},"image":{"@id":"https:\/\/www.costabravafoods.com\/ca\/producte\/llom-amb-cordo\/#primaryimage"},"thumbnailUrl":"https:\/\/www.costabravafoods.com\/wp-content\/uploads\/2025\/04\/lomo-cordon-chain-loin.jpg","datePublished":"2025-07-19T10:40:42+00:00","dateModified":"2025-10-01T13:05:51+00:00","description":"Llom amb cord\u00f3, una pe\u00e7a vers\u00e0til ubicada a la regi\u00f3 posterior del porc i una bona opci\u00f3 per rostits, planxes i graelles.","breadcrumb":{"@id":"https:\/\/www.costabravafoods.com\/ca\/producte\/llom-amb-cordo\/#breadcrumb"},"inLanguage":"ca","potentialAction":[{"@type":"ReadAction","target":["https:\/\/www.costabravafoods.com\/ca\/producte\/llom-amb-cordo\/"]}]},{"@type":"ImageObject","inLanguage":"ca","@id":"https:\/\/www.costabravafoods.com\/ca\/producte\/llom-amb-cordo\/#primaryimage","url":"https:\/\/www.costabravafoods.com\/wp-content\/uploads\/2025\/04\/lomo-cordon-chain-loin.jpg","contentUrl":"https:\/\/www.costabravafoods.com\/wp-content\/uploads\/2025\/04\/lomo-cordon-chain-loin.jpg","width":1000,"height":1000,"caption":"Llom amb cord\u00f3"},{"@type":"BreadcrumbList","@id":"https:\/\/www.costabravafoods.com\/ca\/producte\/llom-amb-cordo\/#breadcrumb","itemListElement":[{"@type":"ListItem","position":1,"name":"Portada","item":"https:\/\/www.costabravafoods.com\/ca\/"},{"@type":"ListItem","position":2,"name":"Productes","item":"https:\/\/www.costabravafoods.com\/productos\/"},{"@type":"ListItem","position":3,"name":"Llom amb cord\u00f3"}]},{"@type":"WebSite","@id":"https:\/\/www.costabravafoods.com\/#website","url":"https:\/\/www.costabravafoods.com\/","name":"Costa Brava Foods","description":"","potentialAction":[{"@type":"SearchAction","target":{"@type":"EntryPoint","urlTemplate":"https:\/\/www.costabravafoods.com\/?s={search_term_string}"},"query-input":{"@type":"PropertyValueSpecification","valueRequired":true,"valueName":"search_term_string"}}],"inLanguage":"ca"}]}},"_links":{"self":[{"href":"https:\/\/www.costabravafoods.com\/ca\/wp-json\/wp\/v2\/product\/33431","targetHints":{"allow":["GET"]}}],"collection":[{"href":"https:\/\/www.costabravafoods.com\/ca\/wp-json\/wp\/v2\/product"}],"about":[{"href":"https:\/\/www.costabravafoods.com\/ca\/wp-json\/wp\/v2\/types\/product"}],"wp:featuredmedia":[{"embeddable":true,"href":"https:\/\/www.costabravafoods.com\/ca\/wp-json\/wp\/v2\/media\/3899"}],"wp:attachment":[{"href":"https:\/\/www.costabravafoods.com\/ca\/wp-json\/wp\/v2\/media?parent=33431"}],"wp:term":[{"taxonomy":"product_brand","embeddable":true,"href":"https:\/\/www.costabravafoods.com\/ca\/wp-json\/wp\/v2\/product_brand?post=33431"},{"taxonomy":"product_cat","embeddable":true,"href":"https:\/\/www.costabravafoods.com\/ca\/wp-json\/wp\/v2\/product_cat?post=33431"},{"taxonomy":"product_tag","embeddable":true,"href":"https:\/\/www.costabravafoods.com\/ca\/wp-json\/wp\/v2\/product_tag?post=33431"},{"taxonomy":"corte_cerdo","embeddable":true,"href":"https:\/\/www.costabravafoods.com\/ca\/wp-json\/wp\/v2\/corte_cerdo?post=33431"},{"taxonomy":"corte_vacuno","embeddable":true,"href":"https:\/\/www.costabravafoods.com\/ca\/wp-json\/wp\/v2\/corte_vacuno?post=33431"},{"taxonomy":"fresh_retail","embeddable":true,"href":"https:\/\/www.costabravafoods.com\/ca\/wp-json\/wp\/v2\/fresh_retail?post=33431"},{"taxonomy":"conservacion","embeddable":true,"href":"https:\/\/www.costabravafoods.com\/ca\/wp-json\/wp\/v2\/conservacion?post=33431"},{"taxonomy":"envase","embeddable":true,"href":"https:\/\/www.costabravafoods.com\/ca\/wp-json\/wp\/v2\/envase?post=33431"},{"taxonomy":"tipo_corte","embeddable":true,"href":"https:\/\/www.costabravafoods.com\/ca\/wp-json\/wp\/v2\/tipo_corte?post=33431"}],"curies":[{"name":"wp","href":"https:\/\/api.w.org\/{rel}","templated":true}]}}