

{"id":33436,"date":"2025-07-19T12:40:42","date_gmt":"2025-07-19T10:40:42","guid":{"rendered":"https:\/\/www.costabravafoods.com\/producto\/back-backon\/"},"modified":"2025-10-01T15:05:55","modified_gmt":"2025-10-01T13:05:55","slug":"back-backon","status":"publish","type":"product","link":"https:\/\/www.costabravafoods.com\/ca\/producte\/back-backon\/","title":{"rendered":"Back Backon"},"content":{"rendered":"<p>El back backon \u00e9s un tall que prov\u00e9 de la part superior de l&#8217;esquena del porc, espec\u00edficament de la zona del llom. Un tall que inclou tant la carn magra com una mica de greix. Es caracteritza per un sabor i el seu m\u00e8tode de preparaci\u00f3, que sol ser fumat o curat, i est\u00e0 principalment destinat al mercat brit\u00e0nic.<\/p>\n","protected":false},"excerpt":{"rendered":"<p>El back backon prov\u00e9 de la part superior de l&#8217;esquena de porc. \u00c9s un tall amb carn magra i algo de greix.<\/p>\n","protected":false},"featured_media":3869,"template":"","meta":[],"product_brand":[],"product_cat":[264,1026,274],"product_tag":[],"corte_cerdo":[275],"corte_vacuno":[],"fresh_retail":[276],"conservacion":[],"envase":[],"tipo_corte":[],"class_list":{"0":"post-33436","1":"product","2":"type-product","3":"status-publish","4":"has-post-thumbnail","6":"product_cat-fresh-ca","7":"product_cat-panxetes","8":"product_cat-porc","9":"corte_cerdo-cansalada","10":"fresh_retail-porc","12":"first","13":"instock","14":"product-type-simple"},"yoast_head":"<!-- This site is optimized with the Yoast SEO plugin v27.2 - https:\/\/yoast.com\/product\/yoast-seo-wordpress\/ -->\n<title>Back Backon<\/title>\n<meta name=\"description\" content=\"El back backon \u00e9s un tall que prov\u00e9 de la part superior de l&#039;esquena del porc, espec\u00edficament de la zona del llom. Un tall que inclou tant la carn magra com una mica de greix. Es caracteritza per un sabor i el seu m\u00e8tode de preparaci\u00f3, que sol ser fumat o curat, i est\u00e0 principalment destinat al mercat brit\u00e0nic.\" \/>\n<meta name=\"robots\" content=\"index, follow, max-snippet:-1, max-image-preview:large, max-video-preview:-1\" \/>\n<link rel=\"canonical\" href=\"https:\/\/www.costabravafoods.com\/ca\/producte\/back-backon\/\" \/>\n<meta property=\"og:locale\" content=\"ca_ES\" \/>\n<meta property=\"og:type\" content=\"article\" \/>\n<meta property=\"og:title\" content=\"Back Backon\" \/>\n<meta property=\"og:description\" content=\"El back backon \u00e9s un tall que prov\u00e9 de la part superior de l&#039;esquena del porc, espec\u00edficament de la zona del llom. Un tall que inclou tant la carn magra com una mica de greix. Es caracteritza per un sabor i el seu m\u00e8tode de preparaci\u00f3, que sol ser fumat o curat, i est\u00e0 principalment destinat al mercat brit\u00e0nic.\" \/>\n<meta property=\"og:url\" content=\"https:\/\/www.costabravafoods.com\/ca\/producte\/back-backon\/\" \/>\n<meta property=\"og:site_name\" content=\"Costa Brava Foods\" \/>\n<meta property=\"article:modified_time\" content=\"2025-10-01T13:05:55+00:00\" \/>\n<meta property=\"og:image\" content=\"https:\/\/www.costabravafoods.com\/wp-content\/uploads\/2025\/04\/back-bacon-cerdo-pork.jpg\" \/>\n\t<meta property=\"og:image:width\" content=\"1000\" \/>\n\t<meta property=\"og:image:height\" content=\"1000\" \/>\n\t<meta property=\"og:image:type\" content=\"image\/jpeg\" \/>\n<meta name=\"twitter:card\" content=\"summary_large_image\" \/>\n<script type=\"application\/ld+json\" class=\"yoast-schema-graph\">{\"@context\":\"https:\/\/schema.org\",\"@graph\":[{\"@type\":\"WebPage\",\"@id\":\"https:\/\/www.costabravafoods.com\/ca\/producte\/back-backon\/\",\"url\":\"https:\/\/www.costabravafoods.com\/ca\/producte\/back-backon\/\",\"name\":\"Back Backon\",\"isPartOf\":{\"@id\":\"https:\/\/www.costabravafoods.com\/#website\"},\"primaryImageOfPage\":{\"@id\":\"https:\/\/www.costabravafoods.com\/ca\/producte\/back-backon\/#primaryimage\"},\"image\":{\"@id\":\"https:\/\/www.costabravafoods.com\/ca\/producte\/back-backon\/#primaryimage\"},\"thumbnailUrl\":\"https:\/\/www.costabravafoods.com\/wp-content\/uploads\/2025\/04\/back-bacon-cerdo-pork.jpg\",\"datePublished\":\"2025-07-19T10:40:42+00:00\",\"dateModified\":\"2025-10-01T13:05:55+00:00\",\"description\":\"El back backon \u00e9s un tall que prov\u00e9 de la part superior de l'esquena del porc, espec\u00edficament de la zona del llom. Un tall que inclou tant la carn magra com una mica de greix. Es caracteritza per un sabor i el seu m\u00e8tode de preparaci\u00f3, que sol ser fumat o curat, i est\u00e0 principalment destinat al mercat brit\u00e0nic.\",\"breadcrumb\":{\"@id\":\"https:\/\/www.costabravafoods.com\/ca\/producte\/back-backon\/#breadcrumb\"},\"inLanguage\":\"ca\",\"potentialAction\":[{\"@type\":\"ReadAction\",\"target\":[\"https:\/\/www.costabravafoods.com\/ca\/producte\/back-backon\/\"]}]},{\"@type\":\"ImageObject\",\"inLanguage\":\"ca\",\"@id\":\"https:\/\/www.costabravafoods.com\/ca\/producte\/back-backon\/#primaryimage\",\"url\":\"https:\/\/www.costabravafoods.com\/wp-content\/uploads\/2025\/04\/back-bacon-cerdo-pork.jpg\",\"contentUrl\":\"https:\/\/www.costabravafoods.com\/wp-content\/uploads\/2025\/04\/back-bacon-cerdo-pork.jpg\",\"width\":1000,\"height\":1000,\"caption\":\"El back backon \u00e9s un tall que prov\u00e9 de la part superior de l'esquena del porc\"},{\"@type\":\"BreadcrumbList\",\"@id\":\"https:\/\/www.costabravafoods.com\/ca\/producte\/back-backon\/#breadcrumb\",\"itemListElement\":[{\"@type\":\"ListItem\",\"position\":1,\"name\":\"Portada\",\"item\":\"https:\/\/www.costabravafoods.com\/ca\/\"},{\"@type\":\"ListItem\",\"position\":2,\"name\":\"Productes\",\"item\":\"https:\/\/www.costabravafoods.com\/productos\/\"},{\"@type\":\"ListItem\",\"position\":3,\"name\":\"Back Backon\"}]},{\"@type\":\"WebSite\",\"@id\":\"https:\/\/www.costabravafoods.com\/#website\",\"url\":\"https:\/\/www.costabravafoods.com\/\",\"name\":\"Costa Brava Foods\",\"description\":\"\",\"potentialAction\":[{\"@type\":\"SearchAction\",\"target\":{\"@type\":\"EntryPoint\",\"urlTemplate\":\"https:\/\/www.costabravafoods.com\/?s={search_term_string}\"},\"query-input\":{\"@type\":\"PropertyValueSpecification\",\"valueRequired\":true,\"valueName\":\"search_term_string\"}}],\"inLanguage\":\"ca\"}]}<\/script>\n<!-- \/ Yoast SEO plugin. -->","yoast_head_json":{"title":"Back Backon","description":"El back backon \u00e9s un tall que prov\u00e9 de la part superior de l'esquena del porc, espec\u00edficament de la zona del llom. Un tall que inclou tant la carn magra com una mica de greix. Es caracteritza per un sabor i el seu m\u00e8tode de preparaci\u00f3, que sol ser fumat o curat, i est\u00e0 principalment destinat al mercat brit\u00e0nic.","robots":{"index":"index","follow":"follow","max-snippet":"max-snippet:-1","max-image-preview":"max-image-preview:large","max-video-preview":"max-video-preview:-1"},"canonical":"https:\/\/www.costabravafoods.com\/ca\/producte\/back-backon\/","og_locale":"ca_ES","og_type":"article","og_title":"Back Backon","og_description":"El back backon \u00e9s un tall que prov\u00e9 de la part superior de l'esquena del porc, espec\u00edficament de la zona del llom. Un tall que inclou tant la carn magra com una mica de greix. Es caracteritza per un sabor i el seu m\u00e8tode de preparaci\u00f3, que sol ser fumat o curat, i est\u00e0 principalment destinat al mercat brit\u00e0nic.","og_url":"https:\/\/www.costabravafoods.com\/ca\/producte\/back-backon\/","og_site_name":"Costa Brava Foods","article_modified_time":"2025-10-01T13:05:55+00:00","og_image":[{"width":1000,"height":1000,"url":"https:\/\/www.costabravafoods.com\/wp-content\/uploads\/2025\/04\/back-bacon-cerdo-pork.jpg","type":"image\/jpeg"}],"twitter_card":"summary_large_image","schema":{"@context":"https:\/\/schema.org","@graph":[{"@type":"WebPage","@id":"https:\/\/www.costabravafoods.com\/ca\/producte\/back-backon\/","url":"https:\/\/www.costabravafoods.com\/ca\/producte\/back-backon\/","name":"Back Backon","isPartOf":{"@id":"https:\/\/www.costabravafoods.com\/#website"},"primaryImageOfPage":{"@id":"https:\/\/www.costabravafoods.com\/ca\/producte\/back-backon\/#primaryimage"},"image":{"@id":"https:\/\/www.costabravafoods.com\/ca\/producte\/back-backon\/#primaryimage"},"thumbnailUrl":"https:\/\/www.costabravafoods.com\/wp-content\/uploads\/2025\/04\/back-bacon-cerdo-pork.jpg","datePublished":"2025-07-19T10:40:42+00:00","dateModified":"2025-10-01T13:05:55+00:00","description":"El back backon \u00e9s un tall que prov\u00e9 de la part superior de l'esquena del porc, espec\u00edficament de la zona del llom. Un tall que inclou tant la carn magra com una mica de greix. Es caracteritza per un sabor i el seu m\u00e8tode de preparaci\u00f3, que sol ser fumat o curat, i est\u00e0 principalment destinat al mercat brit\u00e0nic.","breadcrumb":{"@id":"https:\/\/www.costabravafoods.com\/ca\/producte\/back-backon\/#breadcrumb"},"inLanguage":"ca","potentialAction":[{"@type":"ReadAction","target":["https:\/\/www.costabravafoods.com\/ca\/producte\/back-backon\/"]}]},{"@type":"ImageObject","inLanguage":"ca","@id":"https:\/\/www.costabravafoods.com\/ca\/producte\/back-backon\/#primaryimage","url":"https:\/\/www.costabravafoods.com\/wp-content\/uploads\/2025\/04\/back-bacon-cerdo-pork.jpg","contentUrl":"https:\/\/www.costabravafoods.com\/wp-content\/uploads\/2025\/04\/back-bacon-cerdo-pork.jpg","width":1000,"height":1000,"caption":"El back backon \u00e9s un tall que prov\u00e9 de la part superior de l'esquena del porc"},{"@type":"BreadcrumbList","@id":"https:\/\/www.costabravafoods.com\/ca\/producte\/back-backon\/#breadcrumb","itemListElement":[{"@type":"ListItem","position":1,"name":"Portada","item":"https:\/\/www.costabravafoods.com\/ca\/"},{"@type":"ListItem","position":2,"name":"Productes","item":"https:\/\/www.costabravafoods.com\/productos\/"},{"@type":"ListItem","position":3,"name":"Back Backon"}]},{"@type":"WebSite","@id":"https:\/\/www.costabravafoods.com\/#website","url":"https:\/\/www.costabravafoods.com\/","name":"Costa Brava Foods","description":"","potentialAction":[{"@type":"SearchAction","target":{"@type":"EntryPoint","urlTemplate":"https:\/\/www.costabravafoods.com\/?s={search_term_string}"},"query-input":{"@type":"PropertyValueSpecification","valueRequired":true,"valueName":"search_term_string"}}],"inLanguage":"ca"}]}},"_links":{"self":[{"href":"https:\/\/www.costabravafoods.com\/ca\/wp-json\/wp\/v2\/product\/33436","targetHints":{"allow":["GET"]}}],"collection":[{"href":"https:\/\/www.costabravafoods.com\/ca\/wp-json\/wp\/v2\/product"}],"about":[{"href":"https:\/\/www.costabravafoods.com\/ca\/wp-json\/wp\/v2\/types\/product"}],"wp:featuredmedia":[{"embeddable":true,"href":"https:\/\/www.costabravafoods.com\/ca\/wp-json\/wp\/v2\/media\/3869"}],"wp:attachment":[{"href":"https:\/\/www.costabravafoods.com\/ca\/wp-json\/wp\/v2\/media?parent=33436"}],"wp:term":[{"taxonomy":"product_brand","embeddable":true,"href":"https:\/\/www.costabravafoods.com\/ca\/wp-json\/wp\/v2\/product_brand?post=33436"},{"taxonomy":"product_cat","embeddable":true,"href":"https:\/\/www.costabravafoods.com\/ca\/wp-json\/wp\/v2\/product_cat?post=33436"},{"taxonomy":"product_tag","embeddable":true,"href":"https:\/\/www.costabravafoods.com\/ca\/wp-json\/wp\/v2\/product_tag?post=33436"},{"taxonomy":"corte_cerdo","embeddable":true,"href":"https:\/\/www.costabravafoods.com\/ca\/wp-json\/wp\/v2\/corte_cerdo?post=33436"},{"taxonomy":"corte_vacuno","embeddable":true,"href":"https:\/\/www.costabravafoods.com\/ca\/wp-json\/wp\/v2\/corte_vacuno?post=33436"},{"taxonomy":"fresh_retail","embeddable":true,"href":"https:\/\/www.costabravafoods.com\/ca\/wp-json\/wp\/v2\/fresh_retail?post=33436"},{"taxonomy":"conservacion","embeddable":true,"href":"https:\/\/www.costabravafoods.com\/ca\/wp-json\/wp\/v2\/conservacion?post=33436"},{"taxonomy":"envase","embeddable":true,"href":"https:\/\/www.costabravafoods.com\/ca\/wp-json\/wp\/v2\/envase?post=33436"},{"taxonomy":"tipo_corte","embeddable":true,"href":"https:\/\/www.costabravafoods.com\/ca\/wp-json\/wp\/v2\/tipo_corte?post=33436"}],"curies":[{"name":"wp","href":"https:\/\/api.w.org\/{rel}","templated":true}]}}