

{"id":33497,"date":"2025-07-19T12:53:58","date_gmt":"2025-07-19T10:53:58","guid":{"rendered":"https:\/\/www.costabravafoods.com\/producto\/llom-alt-sense-os\/"},"modified":"2025-10-01T15:07:08","modified_gmt":"2025-10-01T13:07:08","slug":"llom-alt-sense-os","status":"publish","type":"product","link":"https:\/\/www.costabravafoods.com\/ca\/producte\/llom-alt-sense-os\/","title":{"rendered":"Llom alt sense os"},"content":{"rendered":"<p>Llom alt sense os de bov\u00ed que es caracteritza pel seu aspecte suc\u00f3s i tendre i la seva infiltraci\u00f3 de greix al llarg de tota la pe\u00e7a. Ideal per a cuinar a la planxa o a la brasa.<\/p>\n","protected":false},"excerpt":{"rendered":"<p>Llom alt de bov\u00ed sense os, suc\u00f3s i tendre amb infiltraci\u00f3 de greix.<\/p>\n","protected":false},"featured_media":17793,"template":"","meta":[],"product_brand":[],"product_cat":[265,264,528],"product_tag":[],"corte_cerdo":[],"corte_vacuno":[269],"fresh_retail":[],"conservacion":[],"envase":[],"tipo_corte":[],"class_list":{"0":"post-33497","1":"product","2":"type-product","3":"status-publish","4":"has-post-thumbnail","6":"product_cat-bovi","7":"product_cat-fresh-ca","8":"product_cat-xuleter","9":"corte_vacuno-xuleter","11":"first","12":"instock","13":"product-type-simple"},"yoast_head":"<!-- This site is optimized with the Yoast SEO plugin v27.2 - https:\/\/yoast.com\/product\/yoast-seo-wordpress\/ -->\n<title>Llom alt sense os<\/title>\n<meta name=\"description\" content=\"Llom alt sense os de bov\u00ed que es caracteritza pel seu aspecte suc\u00f3s i tendre i la seva infiltraci\u00f3 de greix al llarg de tota la pe\u00e7a. Ideal per a cuinar a la planxa o a la brasa.\" \/>\n<meta name=\"robots\" content=\"index, follow, max-snippet:-1, max-image-preview:large, max-video-preview:-1\" \/>\n<link rel=\"canonical\" href=\"https:\/\/www.costabravafoods.com\/ca\/producte\/llom-alt-sense-os\/\" \/>\n<meta property=\"og:locale\" content=\"ca_ES\" \/>\n<meta property=\"og:type\" content=\"article\" \/>\n<meta property=\"og:title\" content=\"Llom alt sense os\" \/>\n<meta property=\"og:description\" content=\"Llom alt sense os de bov\u00ed que es caracteritza pel seu aspecte suc\u00f3s i tendre i la seva infiltraci\u00f3 de greix al llarg de tota la pe\u00e7a. Ideal per a cuinar a la planxa o a la brasa.\" \/>\n<meta property=\"og:url\" content=\"https:\/\/www.costabravafoods.com\/ca\/producte\/llom-alt-sense-os\/\" \/>\n<meta property=\"og:site_name\" content=\"Costa Brava Foods\" \/>\n<meta property=\"article:modified_time\" content=\"2025-10-01T13:07:08+00:00\" \/>\n<meta property=\"og:image\" content=\"https:\/\/www.costabravafoods.com\/wp-content\/uploads\/2025\/07\/lomo-alto-ribeye-boneless.png\" \/>\n\t<meta property=\"og:image:width\" content=\"1000\" \/>\n\t<meta property=\"og:image:height\" content=\"1000\" \/>\n\t<meta property=\"og:image:type\" content=\"image\/png\" \/>\n<meta name=\"twitter:card\" content=\"summary_large_image\" \/>\n<script type=\"application\/ld+json\" class=\"yoast-schema-graph\">{\"@context\":\"https:\/\/schema.org\",\"@graph\":[{\"@type\":\"WebPage\",\"@id\":\"https:\/\/www.costabravafoods.com\/ca\/producte\/llom-alt-sense-os\/\",\"url\":\"https:\/\/www.costabravafoods.com\/ca\/producte\/llom-alt-sense-os\/\",\"name\":\"Llom alt sense os\",\"isPartOf\":{\"@id\":\"https:\/\/www.costabravafoods.com\/#website\"},\"primaryImageOfPage\":{\"@id\":\"https:\/\/www.costabravafoods.com\/ca\/producte\/llom-alt-sense-os\/#primaryimage\"},\"image\":{\"@id\":\"https:\/\/www.costabravafoods.com\/ca\/producte\/llom-alt-sense-os\/#primaryimage\"},\"thumbnailUrl\":\"https:\/\/www.costabravafoods.com\/wp-content\/uploads\/2025\/07\/lomo-alto-ribeye-boneless.png\",\"datePublished\":\"2025-07-19T10:53:58+00:00\",\"dateModified\":\"2025-10-01T13:07:08+00:00\",\"description\":\"Llom alt sense os de bov\u00ed que es caracteritza pel seu aspecte suc\u00f3s i tendre i la seva infiltraci\u00f3 de greix al llarg de tota la pe\u00e7a. Ideal per a cuinar a la planxa o a la brasa.\",\"breadcrumb\":{\"@id\":\"https:\/\/www.costabravafoods.com\/ca\/producte\/llom-alt-sense-os\/#breadcrumb\"},\"inLanguage\":\"ca\",\"potentialAction\":[{\"@type\":\"ReadAction\",\"target\":[\"https:\/\/www.costabravafoods.com\/ca\/producte\/llom-alt-sense-os\/\"]}]},{\"@type\":\"ImageObject\",\"inLanguage\":\"ca\",\"@id\":\"https:\/\/www.costabravafoods.com\/ca\/producte\/llom-alt-sense-os\/#primaryimage\",\"url\":\"https:\/\/www.costabravafoods.com\/wp-content\/uploads\/2025\/07\/lomo-alto-ribeye-boneless.png\",\"contentUrl\":\"https:\/\/www.costabravafoods.com\/wp-content\/uploads\/2025\/07\/lomo-alto-ribeye-boneless.png\",\"width\":1000,\"height\":1000,\"caption\":\"Llom alt sense os de bov\u00ed que es caracteritza pel seu aspecte suc\u00f3s i tendre i la seva infiltraci\u00f3 de greix al llarg de tota la pe\u00e7a. Ideal per a cuinar a la planxa o a la brasa.\"},{\"@type\":\"BreadcrumbList\",\"@id\":\"https:\/\/www.costabravafoods.com\/ca\/producte\/llom-alt-sense-os\/#breadcrumb\",\"itemListElement\":[{\"@type\":\"ListItem\",\"position\":1,\"name\":\"Portada\",\"item\":\"https:\/\/www.costabravafoods.com\/ca\/\"},{\"@type\":\"ListItem\",\"position\":2,\"name\":\"Productes\",\"item\":\"https:\/\/www.costabravafoods.com\/productos\/\"},{\"@type\":\"ListItem\",\"position\":3,\"name\":\"Llom alt sense os\"}]},{\"@type\":\"WebSite\",\"@id\":\"https:\/\/www.costabravafoods.com\/#website\",\"url\":\"https:\/\/www.costabravafoods.com\/\",\"name\":\"Costa Brava Foods\",\"description\":\"\",\"potentialAction\":[{\"@type\":\"SearchAction\",\"target\":{\"@type\":\"EntryPoint\",\"urlTemplate\":\"https:\/\/www.costabravafoods.com\/?s={search_term_string}\"},\"query-input\":{\"@type\":\"PropertyValueSpecification\",\"valueRequired\":true,\"valueName\":\"search_term_string\"}}],\"inLanguage\":\"ca\"}]}<\/script>\n<!-- \/ Yoast SEO plugin. -->","yoast_head_json":{"title":"Llom alt sense os","description":"Llom alt sense os de bov\u00ed que es caracteritza pel seu aspecte suc\u00f3s i tendre i la seva infiltraci\u00f3 de greix al llarg de tota la pe\u00e7a. Ideal per a cuinar a la planxa o a la brasa.","robots":{"index":"index","follow":"follow","max-snippet":"max-snippet:-1","max-image-preview":"max-image-preview:large","max-video-preview":"max-video-preview:-1"},"canonical":"https:\/\/www.costabravafoods.com\/ca\/producte\/llom-alt-sense-os\/","og_locale":"ca_ES","og_type":"article","og_title":"Llom alt sense os","og_description":"Llom alt sense os de bov\u00ed que es caracteritza pel seu aspecte suc\u00f3s i tendre i la seva infiltraci\u00f3 de greix al llarg de tota la pe\u00e7a. Ideal per a cuinar a la planxa o a la brasa.","og_url":"https:\/\/www.costabravafoods.com\/ca\/producte\/llom-alt-sense-os\/","og_site_name":"Costa Brava Foods","article_modified_time":"2025-10-01T13:07:08+00:00","og_image":[{"width":1000,"height":1000,"url":"https:\/\/www.costabravafoods.com\/wp-content\/uploads\/2025\/07\/lomo-alto-ribeye-boneless.png","type":"image\/png"}],"twitter_card":"summary_large_image","schema":{"@context":"https:\/\/schema.org","@graph":[{"@type":"WebPage","@id":"https:\/\/www.costabravafoods.com\/ca\/producte\/llom-alt-sense-os\/","url":"https:\/\/www.costabravafoods.com\/ca\/producte\/llom-alt-sense-os\/","name":"Llom alt sense os","isPartOf":{"@id":"https:\/\/www.costabravafoods.com\/#website"},"primaryImageOfPage":{"@id":"https:\/\/www.costabravafoods.com\/ca\/producte\/llom-alt-sense-os\/#primaryimage"},"image":{"@id":"https:\/\/www.costabravafoods.com\/ca\/producte\/llom-alt-sense-os\/#primaryimage"},"thumbnailUrl":"https:\/\/www.costabravafoods.com\/wp-content\/uploads\/2025\/07\/lomo-alto-ribeye-boneless.png","datePublished":"2025-07-19T10:53:58+00:00","dateModified":"2025-10-01T13:07:08+00:00","description":"Llom alt sense os de bov\u00ed que es caracteritza pel seu aspecte suc\u00f3s i tendre i la seva infiltraci\u00f3 de greix al llarg de tota la pe\u00e7a. Ideal per a cuinar a la planxa o a la brasa.","breadcrumb":{"@id":"https:\/\/www.costabravafoods.com\/ca\/producte\/llom-alt-sense-os\/#breadcrumb"},"inLanguage":"ca","potentialAction":[{"@type":"ReadAction","target":["https:\/\/www.costabravafoods.com\/ca\/producte\/llom-alt-sense-os\/"]}]},{"@type":"ImageObject","inLanguage":"ca","@id":"https:\/\/www.costabravafoods.com\/ca\/producte\/llom-alt-sense-os\/#primaryimage","url":"https:\/\/www.costabravafoods.com\/wp-content\/uploads\/2025\/07\/lomo-alto-ribeye-boneless.png","contentUrl":"https:\/\/www.costabravafoods.com\/wp-content\/uploads\/2025\/07\/lomo-alto-ribeye-boneless.png","width":1000,"height":1000,"caption":"Llom alt sense os de bov\u00ed que es caracteritza pel seu aspecte suc\u00f3s i tendre i la seva infiltraci\u00f3 de greix al llarg de tota la pe\u00e7a. Ideal per a cuinar a la planxa o a la brasa."},{"@type":"BreadcrumbList","@id":"https:\/\/www.costabravafoods.com\/ca\/producte\/llom-alt-sense-os\/#breadcrumb","itemListElement":[{"@type":"ListItem","position":1,"name":"Portada","item":"https:\/\/www.costabravafoods.com\/ca\/"},{"@type":"ListItem","position":2,"name":"Productes","item":"https:\/\/www.costabravafoods.com\/productos\/"},{"@type":"ListItem","position":3,"name":"Llom alt sense os"}]},{"@type":"WebSite","@id":"https:\/\/www.costabravafoods.com\/#website","url":"https:\/\/www.costabravafoods.com\/","name":"Costa Brava Foods","description":"","potentialAction":[{"@type":"SearchAction","target":{"@type":"EntryPoint","urlTemplate":"https:\/\/www.costabravafoods.com\/?s={search_term_string}"},"query-input":{"@type":"PropertyValueSpecification","valueRequired":true,"valueName":"search_term_string"}}],"inLanguage":"ca"}]}},"_links":{"self":[{"href":"https:\/\/www.costabravafoods.com\/ca\/wp-json\/wp\/v2\/product\/33497","targetHints":{"allow":["GET"]}}],"collection":[{"href":"https:\/\/www.costabravafoods.com\/ca\/wp-json\/wp\/v2\/product"}],"about":[{"href":"https:\/\/www.costabravafoods.com\/ca\/wp-json\/wp\/v2\/types\/product"}],"wp:featuredmedia":[{"embeddable":true,"href":"https:\/\/www.costabravafoods.com\/ca\/wp-json\/wp\/v2\/media\/17793"}],"wp:attachment":[{"href":"https:\/\/www.costabravafoods.com\/ca\/wp-json\/wp\/v2\/media?parent=33497"}],"wp:term":[{"taxonomy":"product_brand","embeddable":true,"href":"https:\/\/www.costabravafoods.com\/ca\/wp-json\/wp\/v2\/product_brand?post=33497"},{"taxonomy":"product_cat","embeddable":true,"href":"https:\/\/www.costabravafoods.com\/ca\/wp-json\/wp\/v2\/product_cat?post=33497"},{"taxonomy":"product_tag","embeddable":true,"href":"https:\/\/www.costabravafoods.com\/ca\/wp-json\/wp\/v2\/product_tag?post=33497"},{"taxonomy":"corte_cerdo","embeddable":true,"href":"https:\/\/www.costabravafoods.com\/ca\/wp-json\/wp\/v2\/corte_cerdo?post=33497"},{"taxonomy":"corte_vacuno","embeddable":true,"href":"https:\/\/www.costabravafoods.com\/ca\/wp-json\/wp\/v2\/corte_vacuno?post=33497"},{"taxonomy":"fresh_retail","embeddable":true,"href":"https:\/\/www.costabravafoods.com\/ca\/wp-json\/wp\/v2\/fresh_retail?post=33497"},{"taxonomy":"conservacion","embeddable":true,"href":"https:\/\/www.costabravafoods.com\/ca\/wp-json\/wp\/v2\/conservacion?post=33497"},{"taxonomy":"envase","embeddable":true,"href":"https:\/\/www.costabravafoods.com\/ca\/wp-json\/wp\/v2\/envase?post=33497"},{"taxonomy":"tipo_corte","embeddable":true,"href":"https:\/\/www.costabravafoods.com\/ca\/wp-json\/wp\/v2\/tipo_corte?post=33497"}],"curies":[{"name":"wp","href":"https:\/\/api.w.org\/{rel}","templated":true}]}}