

{"id":33518,"date":"2025-07-18T11:46:23","date_gmt":"2025-07-18T09:46:23","guid":{"rendered":"https:\/\/www.costabravafoods.com\/producto\/medallons-de-bovi\/"},"modified":"2025-10-01T15:07:31","modified_gmt":"2025-10-01T13:07:31","slug":"medallons-de-bovi","status":"publish","type":"product","link":"https:\/\/www.costabravafoods.com\/ca\/producte\/medallons-de-bovi\/","title":{"rendered":"Medallons de bov\u00ed"},"content":{"rendered":"<p>Medallons de bov\u00ed tendres i suculents. Congelats mediant el m\u00e8tode IQF, s\u00f3n perfectes per a fer la planxa directament des del congelat.<\/p>\n","protected":false},"excerpt":{"rendered":"<p>Els medallons de bov\u00ed s\u00f3n tendres i sucosos.<\/p>\n","protected":false},"featured_media":17440,"template":"","meta":[],"product_brand":[],"product_cat":[258,261],"product_tag":[],"corte_cerdo":[],"corte_vacuno":[],"fresh_retail":[],"conservacion":[],"envase":[],"tipo_corte":[],"class_list":{"0":"post-33518","1":"product","2":"type-product","3":"status-publish","4":"has-post-thumbnail","6":"product_cat-delicious-ca","7":"product_cat-marinats","9":"first","10":"instock","11":"product-type-simple"},"yoast_head":"<!-- This site is optimized with the Yoast SEO plugin v27.2 - https:\/\/yoast.com\/product\/yoast-seo-wordpress\/ -->\n<title>Medallons de bov\u00ed<\/title>\n<meta name=\"description\" content=\"Medallons de bov\u00ed tendres i suculents. Congelats mediant el m\u00e8tode IQF, s\u00f3n perfectes per a fer la planxa directament des del congelat.\" \/>\n<meta name=\"robots\" content=\"index, follow, max-snippet:-1, max-image-preview:large, max-video-preview:-1\" \/>\n<link rel=\"canonical\" href=\"https:\/\/www.costabravafoods.com\/ca\/producte\/medallons-de-bovi\/\" \/>\n<meta property=\"og:locale\" content=\"ca_ES\" \/>\n<meta property=\"og:type\" content=\"article\" \/>\n<meta property=\"og:title\" content=\"Medallons de bov\u00ed\" \/>\n<meta property=\"og:description\" content=\"Medallons de bov\u00ed tendres i suculents. Congelats mediant el m\u00e8tode IQF, s\u00f3n perfectes per a fer la planxa directament des del congelat.\" \/>\n<meta property=\"og:url\" content=\"https:\/\/www.costabravafoods.com\/ca\/producte\/medallons-de-bovi\/\" \/>\n<meta property=\"og:site_name\" content=\"Costa Brava Foods\" \/>\n<meta property=\"article:modified_time\" content=\"2025-10-01T13:07:31+00:00\" \/>\n<meta property=\"og:image\" content=\"https:\/\/www.costabravafoods.com\/wp-content\/uploads\/2025\/07\/medallones-vacuno-beef-medallions.png\" \/>\n\t<meta property=\"og:image:width\" content=\"1000\" \/>\n\t<meta property=\"og:image:height\" content=\"1000\" \/>\n\t<meta property=\"og:image:type\" content=\"image\/png\" \/>\n<meta name=\"twitter:card\" content=\"summary_large_image\" \/>\n<script type=\"application\/ld+json\" class=\"yoast-schema-graph\">{\"@context\":\"https:\/\/schema.org\",\"@graph\":[{\"@type\":\"WebPage\",\"@id\":\"https:\/\/www.costabravafoods.com\/ca\/producte\/medallons-de-bovi\/\",\"url\":\"https:\/\/www.costabravafoods.com\/ca\/producte\/medallons-de-bovi\/\",\"name\":\"Medallons de bov\u00ed\",\"isPartOf\":{\"@id\":\"https:\/\/www.costabravafoods.com\/#website\"},\"primaryImageOfPage\":{\"@id\":\"https:\/\/www.costabravafoods.com\/ca\/producte\/medallons-de-bovi\/#primaryimage\"},\"image\":{\"@id\":\"https:\/\/www.costabravafoods.com\/ca\/producte\/medallons-de-bovi\/#primaryimage\"},\"thumbnailUrl\":\"https:\/\/www.costabravafoods.com\/wp-content\/uploads\/2025\/07\/medallones-vacuno-beef-medallions.png\",\"datePublished\":\"2025-07-18T09:46:23+00:00\",\"dateModified\":\"2025-10-01T13:07:31+00:00\",\"description\":\"Medallons de bov\u00ed tendres i suculents. Congelats mediant el m\u00e8tode IQF, s\u00f3n perfectes per a fer la planxa directament des del congelat.\",\"breadcrumb\":{\"@id\":\"https:\/\/www.costabravafoods.com\/ca\/producte\/medallons-de-bovi\/#breadcrumb\"},\"inLanguage\":\"ca\",\"potentialAction\":[{\"@type\":\"ReadAction\",\"target\":[\"https:\/\/www.costabravafoods.com\/ca\/producte\/medallons-de-bovi\/\"]}]},{\"@type\":\"ImageObject\",\"inLanguage\":\"ca\",\"@id\":\"https:\/\/www.costabravafoods.com\/ca\/producte\/medallons-de-bovi\/#primaryimage\",\"url\":\"https:\/\/www.costabravafoods.com\/wp-content\/uploads\/2025\/07\/medallones-vacuno-beef-medallions.png\",\"contentUrl\":\"https:\/\/www.costabravafoods.com\/wp-content\/uploads\/2025\/07\/medallones-vacuno-beef-medallions.png\",\"width\":1000,\"height\":1000,\"caption\":\"Medallons de bov\u00ed tendres i suculents. Congelats mediant el m\u00e8tode IQF\"},{\"@type\":\"BreadcrumbList\",\"@id\":\"https:\/\/www.costabravafoods.com\/ca\/producte\/medallons-de-bovi\/#breadcrumb\",\"itemListElement\":[{\"@type\":\"ListItem\",\"position\":1,\"name\":\"Portada\",\"item\":\"https:\/\/www.costabravafoods.com\/ca\/\"},{\"@type\":\"ListItem\",\"position\":2,\"name\":\"Productes\",\"item\":\"https:\/\/www.costabravafoods.com\/productos\/\"},{\"@type\":\"ListItem\",\"position\":3,\"name\":\"Medallons de bov\u00ed\"}]},{\"@type\":\"WebSite\",\"@id\":\"https:\/\/www.costabravafoods.com\/#website\",\"url\":\"https:\/\/www.costabravafoods.com\/\",\"name\":\"Costa Brava Foods\",\"description\":\"\",\"potentialAction\":[{\"@type\":\"SearchAction\",\"target\":{\"@type\":\"EntryPoint\",\"urlTemplate\":\"https:\/\/www.costabravafoods.com\/?s={search_term_string}\"},\"query-input\":{\"@type\":\"PropertyValueSpecification\",\"valueRequired\":true,\"valueName\":\"search_term_string\"}}],\"inLanguage\":\"ca\"}]}<\/script>\n<!-- \/ Yoast SEO plugin. -->","yoast_head_json":{"title":"Medallons de bov\u00ed","description":"Medallons de bov\u00ed tendres i suculents. Congelats mediant el m\u00e8tode IQF, s\u00f3n perfectes per a fer la planxa directament des del congelat.","robots":{"index":"index","follow":"follow","max-snippet":"max-snippet:-1","max-image-preview":"max-image-preview:large","max-video-preview":"max-video-preview:-1"},"canonical":"https:\/\/www.costabravafoods.com\/ca\/producte\/medallons-de-bovi\/","og_locale":"ca_ES","og_type":"article","og_title":"Medallons de bov\u00ed","og_description":"Medallons de bov\u00ed tendres i suculents. Congelats mediant el m\u00e8tode IQF, s\u00f3n perfectes per a fer la planxa directament des del congelat.","og_url":"https:\/\/www.costabravafoods.com\/ca\/producte\/medallons-de-bovi\/","og_site_name":"Costa Brava Foods","article_modified_time":"2025-10-01T13:07:31+00:00","og_image":[{"width":1000,"height":1000,"url":"https:\/\/www.costabravafoods.com\/wp-content\/uploads\/2025\/07\/medallones-vacuno-beef-medallions.png","type":"image\/png"}],"twitter_card":"summary_large_image","schema":{"@context":"https:\/\/schema.org","@graph":[{"@type":"WebPage","@id":"https:\/\/www.costabravafoods.com\/ca\/producte\/medallons-de-bovi\/","url":"https:\/\/www.costabravafoods.com\/ca\/producte\/medallons-de-bovi\/","name":"Medallons de bov\u00ed","isPartOf":{"@id":"https:\/\/www.costabravafoods.com\/#website"},"primaryImageOfPage":{"@id":"https:\/\/www.costabravafoods.com\/ca\/producte\/medallons-de-bovi\/#primaryimage"},"image":{"@id":"https:\/\/www.costabravafoods.com\/ca\/producte\/medallons-de-bovi\/#primaryimage"},"thumbnailUrl":"https:\/\/www.costabravafoods.com\/wp-content\/uploads\/2025\/07\/medallones-vacuno-beef-medallions.png","datePublished":"2025-07-18T09:46:23+00:00","dateModified":"2025-10-01T13:07:31+00:00","description":"Medallons de bov\u00ed tendres i suculents. Congelats mediant el m\u00e8tode IQF, s\u00f3n perfectes per a fer la planxa directament des del congelat.","breadcrumb":{"@id":"https:\/\/www.costabravafoods.com\/ca\/producte\/medallons-de-bovi\/#breadcrumb"},"inLanguage":"ca","potentialAction":[{"@type":"ReadAction","target":["https:\/\/www.costabravafoods.com\/ca\/producte\/medallons-de-bovi\/"]}]},{"@type":"ImageObject","inLanguage":"ca","@id":"https:\/\/www.costabravafoods.com\/ca\/producte\/medallons-de-bovi\/#primaryimage","url":"https:\/\/www.costabravafoods.com\/wp-content\/uploads\/2025\/07\/medallones-vacuno-beef-medallions.png","contentUrl":"https:\/\/www.costabravafoods.com\/wp-content\/uploads\/2025\/07\/medallones-vacuno-beef-medallions.png","width":1000,"height":1000,"caption":"Medallons de bov\u00ed tendres i suculents. Congelats mediant el m\u00e8tode IQF"},{"@type":"BreadcrumbList","@id":"https:\/\/www.costabravafoods.com\/ca\/producte\/medallons-de-bovi\/#breadcrumb","itemListElement":[{"@type":"ListItem","position":1,"name":"Portada","item":"https:\/\/www.costabravafoods.com\/ca\/"},{"@type":"ListItem","position":2,"name":"Productes","item":"https:\/\/www.costabravafoods.com\/productos\/"},{"@type":"ListItem","position":3,"name":"Medallons de bov\u00ed"}]},{"@type":"WebSite","@id":"https:\/\/www.costabravafoods.com\/#website","url":"https:\/\/www.costabravafoods.com\/","name":"Costa Brava Foods","description":"","potentialAction":[{"@type":"SearchAction","target":{"@type":"EntryPoint","urlTemplate":"https:\/\/www.costabravafoods.com\/?s={search_term_string}"},"query-input":{"@type":"PropertyValueSpecification","valueRequired":true,"valueName":"search_term_string"}}],"inLanguage":"ca"}]}},"_links":{"self":[{"href":"https:\/\/www.costabravafoods.com\/ca\/wp-json\/wp\/v2\/product\/33518","targetHints":{"allow":["GET"]}}],"collection":[{"href":"https:\/\/www.costabravafoods.com\/ca\/wp-json\/wp\/v2\/product"}],"about":[{"href":"https:\/\/www.costabravafoods.com\/ca\/wp-json\/wp\/v2\/types\/product"}],"wp:featuredmedia":[{"embeddable":true,"href":"https:\/\/www.costabravafoods.com\/ca\/wp-json\/wp\/v2\/media\/17440"}],"wp:attachment":[{"href":"https:\/\/www.costabravafoods.com\/ca\/wp-json\/wp\/v2\/media?parent=33518"}],"wp:term":[{"taxonomy":"product_brand","embeddable":true,"href":"https:\/\/www.costabravafoods.com\/ca\/wp-json\/wp\/v2\/product_brand?post=33518"},{"taxonomy":"product_cat","embeddable":true,"href":"https:\/\/www.costabravafoods.com\/ca\/wp-json\/wp\/v2\/product_cat?post=33518"},{"taxonomy":"product_tag","embeddable":true,"href":"https:\/\/www.costabravafoods.com\/ca\/wp-json\/wp\/v2\/product_tag?post=33518"},{"taxonomy":"corte_cerdo","embeddable":true,"href":"https:\/\/www.costabravafoods.com\/ca\/wp-json\/wp\/v2\/corte_cerdo?post=33518"},{"taxonomy":"corte_vacuno","embeddable":true,"href":"https:\/\/www.costabravafoods.com\/ca\/wp-json\/wp\/v2\/corte_vacuno?post=33518"},{"taxonomy":"fresh_retail","embeddable":true,"href":"https:\/\/www.costabravafoods.com\/ca\/wp-json\/wp\/v2\/fresh_retail?post=33518"},{"taxonomy":"conservacion","embeddable":true,"href":"https:\/\/www.costabravafoods.com\/ca\/wp-json\/wp\/v2\/conservacion?post=33518"},{"taxonomy":"envase","embeddable":true,"href":"https:\/\/www.costabravafoods.com\/ca\/wp-json\/wp\/v2\/envase?post=33518"},{"taxonomy":"tipo_corte","embeddable":true,"href":"https:\/\/www.costabravafoods.com\/ca\/wp-json\/wp\/v2\/tipo_corte?post=33518"}],"curies":[{"name":"wp","href":"https:\/\/api.w.org\/{rel}","templated":true}]}}