

{"id":33546,"date":"2025-07-18T11:45:10","date_gmt":"2025-07-18T09:45:10","guid":{"rendered":"https:\/\/www.costabravafoods.com\/producto\/croquetes-de-xorico-500g\/"},"modified":"2025-10-01T15:08:01","modified_gmt":"2025-10-01T13:08:01","slug":"croquetes-de-xorico-500g","status":"publish","type":"product","link":"https:\/\/www.costabravafoods.com\/ca\/producte\/croquetes-de-xorico-500g\/","title":{"rendered":"Croquetes de Xori\u00e7o 500g"},"content":{"rendered":"<p>Croquetes d&#8217;aut\u00e8ntic xori\u00e7o espanyol, cruixents i daurades per fora, amb intens sabor al seu interior. Perfectes per a amants del xori\u00e7o i per a compartir.<\/p>\n","protected":false},"excerpt":{"rendered":"<p>Croquetes de xori\u00e7o espanyol, cruixents i daurades per fora i amb un intens sabor a l&#8217;interior.<\/p>\n","protected":false},"featured_media":17168,"template":"","meta":[],"product_brand":[],"product_cat":[259,258],"product_tag":[],"corte_cerdo":[],"corte_vacuno":[],"fresh_retail":[],"conservacion":[],"envase":[],"tipo_corte":[],"class_list":{"0":"post-33546","1":"product","2":"type-product","3":"status-publish","4":"has-post-thumbnail","6":"product_cat-croquetes","7":"product_cat-delicious-ca","9":"first","10":"instock","11":"product-type-simple"},"yoast_head":"<!-- This site is optimized with the Yoast SEO plugin v27.2 - https:\/\/yoast.com\/product\/yoast-seo-wordpress\/ -->\n<title>Croquetes de Xori\u00e7o 500g<\/title>\n<meta name=\"description\" content=\"Croquetes d&#039;aut\u00e8ntic xori\u00e7o espanyol, cruixents i daurades per fora, amb intens sabor al seu interior. Perfectes per a amants del xori\u00e7o i per a compartir.\" \/>\n<meta name=\"robots\" content=\"index, follow, max-snippet:-1, max-image-preview:large, max-video-preview:-1\" \/>\n<link rel=\"canonical\" href=\"https:\/\/www.costabravafoods.com\/ca\/producte\/croquetes-de-xorico-500g\/\" \/>\n<meta property=\"og:locale\" content=\"ca_ES\" \/>\n<meta property=\"og:type\" content=\"article\" \/>\n<meta property=\"og:title\" content=\"Croquetes de Xori\u00e7o 500g\" \/>\n<meta property=\"og:description\" content=\"Croquetes d&#039;aut\u00e8ntic xori\u00e7o espanyol, cruixents i daurades per fora, amb intens sabor al seu interior. Perfectes per a amants del xori\u00e7o i per a compartir.\" \/>\n<meta property=\"og:url\" content=\"https:\/\/www.costabravafoods.com\/ca\/producte\/croquetes-de-xorico-500g\/\" \/>\n<meta property=\"og:site_name\" content=\"Costa Brava Foods\" \/>\n<meta property=\"article:modified_time\" content=\"2025-10-01T13:08:01+00:00\" \/>\n<meta property=\"og:image\" content=\"https:\/\/www.costabravafoods.com\/wp-content\/uploads\/2025\/07\/croquetas-chorizo.jpg\" \/>\n\t<meta property=\"og:image:width\" content=\"1000\" \/>\n\t<meta property=\"og:image:height\" content=\"1000\" \/>\n\t<meta property=\"og:image:type\" content=\"image\/jpeg\" \/>\n<meta name=\"twitter:card\" content=\"summary_large_image\" \/>\n<script type=\"application\/ld+json\" class=\"yoast-schema-graph\">{\"@context\":\"https:\/\/schema.org\",\"@graph\":[{\"@type\":\"WebPage\",\"@id\":\"https:\/\/www.costabravafoods.com\/ca\/producte\/croquetes-de-xorico-500g\/\",\"url\":\"https:\/\/www.costabravafoods.com\/ca\/producte\/croquetes-de-xorico-500g\/\",\"name\":\"Croquetes de Xori\u00e7o 500g\",\"isPartOf\":{\"@id\":\"https:\/\/www.costabravafoods.com\/#website\"},\"primaryImageOfPage\":{\"@id\":\"https:\/\/www.costabravafoods.com\/ca\/producte\/croquetes-de-xorico-500g\/#primaryimage\"},\"image\":{\"@id\":\"https:\/\/www.costabravafoods.com\/ca\/producte\/croquetes-de-xorico-500g\/#primaryimage\"},\"thumbnailUrl\":\"https:\/\/www.costabravafoods.com\/wp-content\/uploads\/2025\/07\/croquetas-chorizo.jpg\",\"datePublished\":\"2025-07-18T09:45:10+00:00\",\"dateModified\":\"2025-10-01T13:08:01+00:00\",\"description\":\"Croquetes d'aut\u00e8ntic xori\u00e7o espanyol, cruixents i daurades per fora, amb intens sabor al seu interior. Perfectes per a amants del xori\u00e7o i per a compartir.\",\"breadcrumb\":{\"@id\":\"https:\/\/www.costabravafoods.com\/ca\/producte\/croquetes-de-xorico-500g\/#breadcrumb\"},\"inLanguage\":\"ca\",\"potentialAction\":[{\"@type\":\"ReadAction\",\"target\":[\"https:\/\/www.costabravafoods.com\/ca\/producte\/croquetes-de-xorico-500g\/\"]}]},{\"@type\":\"ImageObject\",\"inLanguage\":\"ca\",\"@id\":\"https:\/\/www.costabravafoods.com\/ca\/producte\/croquetes-de-xorico-500g\/#primaryimage\",\"url\":\"https:\/\/www.costabravafoods.com\/wp-content\/uploads\/2025\/07\/croquetas-chorizo.jpg\",\"contentUrl\":\"https:\/\/www.costabravafoods.com\/wp-content\/uploads\/2025\/07\/croquetas-chorizo.jpg\",\"width\":1000,\"height\":1000,\"caption\":\"Croquetes d'aut\u00e8ntic xori\u00e7o espanyol\"},{\"@type\":\"BreadcrumbList\",\"@id\":\"https:\/\/www.costabravafoods.com\/ca\/producte\/croquetes-de-xorico-500g\/#breadcrumb\",\"itemListElement\":[{\"@type\":\"ListItem\",\"position\":1,\"name\":\"Portada\",\"item\":\"https:\/\/www.costabravafoods.com\/ca\/\"},{\"@type\":\"ListItem\",\"position\":2,\"name\":\"Productes\",\"item\":\"https:\/\/www.costabravafoods.com\/productos\/\"},{\"@type\":\"ListItem\",\"position\":3,\"name\":\"Croquetes de Xori\u00e7o 500g\"}]},{\"@type\":\"WebSite\",\"@id\":\"https:\/\/www.costabravafoods.com\/#website\",\"url\":\"https:\/\/www.costabravafoods.com\/\",\"name\":\"Costa Brava Foods\",\"description\":\"\",\"potentialAction\":[{\"@type\":\"SearchAction\",\"target\":{\"@type\":\"EntryPoint\",\"urlTemplate\":\"https:\/\/www.costabravafoods.com\/?s={search_term_string}\"},\"query-input\":{\"@type\":\"PropertyValueSpecification\",\"valueRequired\":true,\"valueName\":\"search_term_string\"}}],\"inLanguage\":\"ca\"}]}<\/script>\n<!-- \/ Yoast SEO plugin. -->","yoast_head_json":{"title":"Croquetes de Xori\u00e7o 500g","description":"Croquetes d'aut\u00e8ntic xori\u00e7o espanyol, cruixents i daurades per fora, amb intens sabor al seu interior. Perfectes per a amants del xori\u00e7o i per a compartir.","robots":{"index":"index","follow":"follow","max-snippet":"max-snippet:-1","max-image-preview":"max-image-preview:large","max-video-preview":"max-video-preview:-1"},"canonical":"https:\/\/www.costabravafoods.com\/ca\/producte\/croquetes-de-xorico-500g\/","og_locale":"ca_ES","og_type":"article","og_title":"Croquetes de Xori\u00e7o 500g","og_description":"Croquetes d'aut\u00e8ntic xori\u00e7o espanyol, cruixents i daurades per fora, amb intens sabor al seu interior. Perfectes per a amants del xori\u00e7o i per a compartir.","og_url":"https:\/\/www.costabravafoods.com\/ca\/producte\/croquetes-de-xorico-500g\/","og_site_name":"Costa Brava Foods","article_modified_time":"2025-10-01T13:08:01+00:00","og_image":[{"width":1000,"height":1000,"url":"https:\/\/www.costabravafoods.com\/wp-content\/uploads\/2025\/07\/croquetas-chorizo.jpg","type":"image\/jpeg"}],"twitter_card":"summary_large_image","schema":{"@context":"https:\/\/schema.org","@graph":[{"@type":"WebPage","@id":"https:\/\/www.costabravafoods.com\/ca\/producte\/croquetes-de-xorico-500g\/","url":"https:\/\/www.costabravafoods.com\/ca\/producte\/croquetes-de-xorico-500g\/","name":"Croquetes de Xori\u00e7o 500g","isPartOf":{"@id":"https:\/\/www.costabravafoods.com\/#website"},"primaryImageOfPage":{"@id":"https:\/\/www.costabravafoods.com\/ca\/producte\/croquetes-de-xorico-500g\/#primaryimage"},"image":{"@id":"https:\/\/www.costabravafoods.com\/ca\/producte\/croquetes-de-xorico-500g\/#primaryimage"},"thumbnailUrl":"https:\/\/www.costabravafoods.com\/wp-content\/uploads\/2025\/07\/croquetas-chorizo.jpg","datePublished":"2025-07-18T09:45:10+00:00","dateModified":"2025-10-01T13:08:01+00:00","description":"Croquetes d'aut\u00e8ntic xori\u00e7o espanyol, cruixents i daurades per fora, amb intens sabor al seu interior. Perfectes per a amants del xori\u00e7o i per a compartir.","breadcrumb":{"@id":"https:\/\/www.costabravafoods.com\/ca\/producte\/croquetes-de-xorico-500g\/#breadcrumb"},"inLanguage":"ca","potentialAction":[{"@type":"ReadAction","target":["https:\/\/www.costabravafoods.com\/ca\/producte\/croquetes-de-xorico-500g\/"]}]},{"@type":"ImageObject","inLanguage":"ca","@id":"https:\/\/www.costabravafoods.com\/ca\/producte\/croquetes-de-xorico-500g\/#primaryimage","url":"https:\/\/www.costabravafoods.com\/wp-content\/uploads\/2025\/07\/croquetas-chorizo.jpg","contentUrl":"https:\/\/www.costabravafoods.com\/wp-content\/uploads\/2025\/07\/croquetas-chorizo.jpg","width":1000,"height":1000,"caption":"Croquetes d'aut\u00e8ntic xori\u00e7o espanyol"},{"@type":"BreadcrumbList","@id":"https:\/\/www.costabravafoods.com\/ca\/producte\/croquetes-de-xorico-500g\/#breadcrumb","itemListElement":[{"@type":"ListItem","position":1,"name":"Portada","item":"https:\/\/www.costabravafoods.com\/ca\/"},{"@type":"ListItem","position":2,"name":"Productes","item":"https:\/\/www.costabravafoods.com\/productos\/"},{"@type":"ListItem","position":3,"name":"Croquetes de Xori\u00e7o 500g"}]},{"@type":"WebSite","@id":"https:\/\/www.costabravafoods.com\/#website","url":"https:\/\/www.costabravafoods.com\/","name":"Costa Brava Foods","description":"","potentialAction":[{"@type":"SearchAction","target":{"@type":"EntryPoint","urlTemplate":"https:\/\/www.costabravafoods.com\/?s={search_term_string}"},"query-input":{"@type":"PropertyValueSpecification","valueRequired":true,"valueName":"search_term_string"}}],"inLanguage":"ca"}]}},"_links":{"self":[{"href":"https:\/\/www.costabravafoods.com\/ca\/wp-json\/wp\/v2\/product\/33546","targetHints":{"allow":["GET"]}}],"collection":[{"href":"https:\/\/www.costabravafoods.com\/ca\/wp-json\/wp\/v2\/product"}],"about":[{"href":"https:\/\/www.costabravafoods.com\/ca\/wp-json\/wp\/v2\/types\/product"}],"wp:featuredmedia":[{"embeddable":true,"href":"https:\/\/www.costabravafoods.com\/ca\/wp-json\/wp\/v2\/media\/17168"}],"wp:attachment":[{"href":"https:\/\/www.costabravafoods.com\/ca\/wp-json\/wp\/v2\/media?parent=33546"}],"wp:term":[{"taxonomy":"product_brand","embeddable":true,"href":"https:\/\/www.costabravafoods.com\/ca\/wp-json\/wp\/v2\/product_brand?post=33546"},{"taxonomy":"product_cat","embeddable":true,"href":"https:\/\/www.costabravafoods.com\/ca\/wp-json\/wp\/v2\/product_cat?post=33546"},{"taxonomy":"product_tag","embeddable":true,"href":"https:\/\/www.costabravafoods.com\/ca\/wp-json\/wp\/v2\/product_tag?post=33546"},{"taxonomy":"corte_cerdo","embeddable":true,"href":"https:\/\/www.costabravafoods.com\/ca\/wp-json\/wp\/v2\/corte_cerdo?post=33546"},{"taxonomy":"corte_vacuno","embeddable":true,"href":"https:\/\/www.costabravafoods.com\/ca\/wp-json\/wp\/v2\/corte_vacuno?post=33546"},{"taxonomy":"fresh_retail","embeddable":true,"href":"https:\/\/www.costabravafoods.com\/ca\/wp-json\/wp\/v2\/fresh_retail?post=33546"},{"taxonomy":"conservacion","embeddable":true,"href":"https:\/\/www.costabravafoods.com\/ca\/wp-json\/wp\/v2\/conservacion?post=33546"},{"taxonomy":"envase","embeddable":true,"href":"https:\/\/www.costabravafoods.com\/ca\/wp-json\/wp\/v2\/envase?post=33546"},{"taxonomy":"tipo_corte","embeddable":true,"href":"https:\/\/www.costabravafoods.com\/ca\/wp-json\/wp\/v2\/tipo_corte?post=33546"}],"curies":[{"name":"wp","href":"https:\/\/api.w.org\/{rel}","templated":true}]}}