

{"id":33554,"date":"2025-07-18T11:45:10","date_gmt":"2025-07-18T09:45:10","guid":{"rendered":"https:\/\/www.costabravafoods.com\/producto\/croquetes-de-gorgonzola-500g\/"},"modified":"2025-10-01T15:08:13","modified_gmt":"2025-10-01T13:08:13","slug":"croquetes-de-gorgonzola-500g","status":"publish","type":"product","link":"https:\/\/www.costabravafoods.com\/ca\/producte\/croquetes-de-gorgonzola-500g\/","title":{"rendered":"Croquetes de Gorgonzola 500g"},"content":{"rendered":"<p>Les croquetes de gorgonzola amb passes de Costa Brava Mediterranean Foods s\u00f3n una del\u00edcia per als amants del formatge. La combinaci\u00f3 del formatge blau amb el toc dol\u00e7 de les passes s\u00f3n un encert assegurat.<\/p>\n","protected":false},"excerpt":{"rendered":"<p>Croquetes de gorgonzola, un tresor pels amants del formatge.<\/p>\n","protected":false},"featured_media":17232,"template":"","meta":[],"product_brand":[],"product_cat":[259,258],"product_tag":[],"corte_cerdo":[],"corte_vacuno":[],"fresh_retail":[],"conservacion":[],"envase":[],"tipo_corte":[],"class_list":{"0":"post-33554","1":"product","2":"type-product","3":"status-publish","4":"has-post-thumbnail","6":"product_cat-croquetes","7":"product_cat-delicious-ca","9":"first","10":"instock","11":"product-type-simple"},"yoast_head":"<!-- This site is optimized with the Yoast SEO plugin v27.2 - https:\/\/yoast.com\/product\/yoast-seo-wordpress\/ -->\n<title>Croquetes de Gorgonzola 500g<\/title>\n<meta name=\"description\" content=\"Les croquetes de gorgonzola amb passes de Costa Brava Mediterranean Foods s\u00f3n una del\u00edcia per als amants del formatge. La combinaci\u00f3 del formatge blau amb el toc dol\u00e7 de les passes s\u00f3n un encert assegurat.\" \/>\n<meta name=\"robots\" content=\"index, follow, max-snippet:-1, max-image-preview:large, max-video-preview:-1\" \/>\n<link rel=\"canonical\" href=\"https:\/\/www.costabravafoods.com\/ca\/producte\/croquetes-de-gorgonzola-500g\/\" \/>\n<meta property=\"og:locale\" content=\"ca_ES\" \/>\n<meta property=\"og:type\" content=\"article\" \/>\n<meta property=\"og:title\" content=\"Croquetes de Gorgonzola 500g\" \/>\n<meta property=\"og:description\" content=\"Les croquetes de gorgonzola amb passes de Costa Brava Mediterranean Foods s\u00f3n una del\u00edcia per als amants del formatge. La combinaci\u00f3 del formatge blau amb el toc dol\u00e7 de les passes s\u00f3n un encert assegurat.\" \/>\n<meta property=\"og:url\" content=\"https:\/\/www.costabravafoods.com\/ca\/producte\/croquetes-de-gorgonzola-500g\/\" \/>\n<meta property=\"og:site_name\" content=\"Costa Brava Foods\" \/>\n<meta property=\"article:modified_time\" content=\"2025-10-01T13:08:13+00:00\" \/>\n<meta property=\"og:image\" content=\"https:\/\/www.costabravafoods.com\/wp-content\/uploads\/2025\/07\/croquetas-gorgonzola-cheese.jpg\" \/>\n\t<meta property=\"og:image:width\" content=\"1000\" \/>\n\t<meta property=\"og:image:height\" content=\"1000\" \/>\n\t<meta property=\"og:image:type\" content=\"image\/jpeg\" \/>\n<meta name=\"twitter:card\" content=\"summary_large_image\" \/>\n<script type=\"application\/ld+json\" class=\"yoast-schema-graph\">{\"@context\":\"https:\/\/schema.org\",\"@graph\":[{\"@type\":\"WebPage\",\"@id\":\"https:\/\/www.costabravafoods.com\/ca\/producte\/croquetes-de-gorgonzola-500g\/\",\"url\":\"https:\/\/www.costabravafoods.com\/ca\/producte\/croquetes-de-gorgonzola-500g\/\",\"name\":\"Croquetes de Gorgonzola 500g\",\"isPartOf\":{\"@id\":\"https:\/\/www.costabravafoods.com\/#website\"},\"primaryImageOfPage\":{\"@id\":\"https:\/\/www.costabravafoods.com\/ca\/producte\/croquetes-de-gorgonzola-500g\/#primaryimage\"},\"image\":{\"@id\":\"https:\/\/www.costabravafoods.com\/ca\/producte\/croquetes-de-gorgonzola-500g\/#primaryimage\"},\"thumbnailUrl\":\"https:\/\/www.costabravafoods.com\/wp-content\/uploads\/2025\/07\/croquetas-gorgonzola-cheese.jpg\",\"datePublished\":\"2025-07-18T09:45:10+00:00\",\"dateModified\":\"2025-10-01T13:08:13+00:00\",\"description\":\"Les croquetes de gorgonzola amb passes de Costa Brava Mediterranean Foods s\u00f3n una del\u00edcia per als amants del formatge. La combinaci\u00f3 del formatge blau amb el toc dol\u00e7 de les passes s\u00f3n un encert assegurat.\",\"breadcrumb\":{\"@id\":\"https:\/\/www.costabravafoods.com\/ca\/producte\/croquetes-de-gorgonzola-500g\/#breadcrumb\"},\"inLanguage\":\"ca\",\"potentialAction\":[{\"@type\":\"ReadAction\",\"target\":[\"https:\/\/www.costabravafoods.com\/ca\/producte\/croquetes-de-gorgonzola-500g\/\"]}]},{\"@type\":\"ImageObject\",\"inLanguage\":\"ca\",\"@id\":\"https:\/\/www.costabravafoods.com\/ca\/producte\/croquetes-de-gorgonzola-500g\/#primaryimage\",\"url\":\"https:\/\/www.costabravafoods.com\/wp-content\/uploads\/2025\/07\/croquetas-gorgonzola-cheese.jpg\",\"contentUrl\":\"https:\/\/www.costabravafoods.com\/wp-content\/uploads\/2025\/07\/croquetas-gorgonzola-cheese.jpg\",\"width\":1000,\"height\":1000,\"caption\":\"Les croquetes de gorgonzola amb passes de Costa Brava Mediterranean Foods s\u00f3n una del\u00edcia per als amants del formatge. La combinaci\u00f3 del formatge blau amb el toc dol\u00e7 de les passes s\u00f3n un encert assegurat.\"},{\"@type\":\"BreadcrumbList\",\"@id\":\"https:\/\/www.costabravafoods.com\/ca\/producte\/croquetes-de-gorgonzola-500g\/#breadcrumb\",\"itemListElement\":[{\"@type\":\"ListItem\",\"position\":1,\"name\":\"Portada\",\"item\":\"https:\/\/www.costabravafoods.com\/ca\/\"},{\"@type\":\"ListItem\",\"position\":2,\"name\":\"Productes\",\"item\":\"https:\/\/www.costabravafoods.com\/productos\/\"},{\"@type\":\"ListItem\",\"position\":3,\"name\":\"Croquetes de Gorgonzola 500g\"}]},{\"@type\":\"WebSite\",\"@id\":\"https:\/\/www.costabravafoods.com\/#website\",\"url\":\"https:\/\/www.costabravafoods.com\/\",\"name\":\"Costa Brava Foods\",\"description\":\"\",\"potentialAction\":[{\"@type\":\"SearchAction\",\"target\":{\"@type\":\"EntryPoint\",\"urlTemplate\":\"https:\/\/www.costabravafoods.com\/?s={search_term_string}\"},\"query-input\":{\"@type\":\"PropertyValueSpecification\",\"valueRequired\":true,\"valueName\":\"search_term_string\"}}],\"inLanguage\":\"ca\"}]}<\/script>\n<!-- \/ Yoast SEO plugin. -->","yoast_head_json":{"title":"Croquetes de Gorgonzola 500g","description":"Les croquetes de gorgonzola amb passes de Costa Brava Mediterranean Foods s\u00f3n una del\u00edcia per als amants del formatge. La combinaci\u00f3 del formatge blau amb el toc dol\u00e7 de les passes s\u00f3n un encert assegurat.","robots":{"index":"index","follow":"follow","max-snippet":"max-snippet:-1","max-image-preview":"max-image-preview:large","max-video-preview":"max-video-preview:-1"},"canonical":"https:\/\/www.costabravafoods.com\/ca\/producte\/croquetes-de-gorgonzola-500g\/","og_locale":"ca_ES","og_type":"article","og_title":"Croquetes de Gorgonzola 500g","og_description":"Les croquetes de gorgonzola amb passes de Costa Brava Mediterranean Foods s\u00f3n una del\u00edcia per als amants del formatge. La combinaci\u00f3 del formatge blau amb el toc dol\u00e7 de les passes s\u00f3n un encert assegurat.","og_url":"https:\/\/www.costabravafoods.com\/ca\/producte\/croquetes-de-gorgonzola-500g\/","og_site_name":"Costa Brava Foods","article_modified_time":"2025-10-01T13:08:13+00:00","og_image":[{"width":1000,"height":1000,"url":"https:\/\/www.costabravafoods.com\/wp-content\/uploads\/2025\/07\/croquetas-gorgonzola-cheese.jpg","type":"image\/jpeg"}],"twitter_card":"summary_large_image","schema":{"@context":"https:\/\/schema.org","@graph":[{"@type":"WebPage","@id":"https:\/\/www.costabravafoods.com\/ca\/producte\/croquetes-de-gorgonzola-500g\/","url":"https:\/\/www.costabravafoods.com\/ca\/producte\/croquetes-de-gorgonzola-500g\/","name":"Croquetes de Gorgonzola 500g","isPartOf":{"@id":"https:\/\/www.costabravafoods.com\/#website"},"primaryImageOfPage":{"@id":"https:\/\/www.costabravafoods.com\/ca\/producte\/croquetes-de-gorgonzola-500g\/#primaryimage"},"image":{"@id":"https:\/\/www.costabravafoods.com\/ca\/producte\/croquetes-de-gorgonzola-500g\/#primaryimage"},"thumbnailUrl":"https:\/\/www.costabravafoods.com\/wp-content\/uploads\/2025\/07\/croquetas-gorgonzola-cheese.jpg","datePublished":"2025-07-18T09:45:10+00:00","dateModified":"2025-10-01T13:08:13+00:00","description":"Les croquetes de gorgonzola amb passes de Costa Brava Mediterranean Foods s\u00f3n una del\u00edcia per als amants del formatge. La combinaci\u00f3 del formatge blau amb el toc dol\u00e7 de les passes s\u00f3n un encert assegurat.","breadcrumb":{"@id":"https:\/\/www.costabravafoods.com\/ca\/producte\/croquetes-de-gorgonzola-500g\/#breadcrumb"},"inLanguage":"ca","potentialAction":[{"@type":"ReadAction","target":["https:\/\/www.costabravafoods.com\/ca\/producte\/croquetes-de-gorgonzola-500g\/"]}]},{"@type":"ImageObject","inLanguage":"ca","@id":"https:\/\/www.costabravafoods.com\/ca\/producte\/croquetes-de-gorgonzola-500g\/#primaryimage","url":"https:\/\/www.costabravafoods.com\/wp-content\/uploads\/2025\/07\/croquetas-gorgonzola-cheese.jpg","contentUrl":"https:\/\/www.costabravafoods.com\/wp-content\/uploads\/2025\/07\/croquetas-gorgonzola-cheese.jpg","width":1000,"height":1000,"caption":"Les croquetes de gorgonzola amb passes de Costa Brava Mediterranean Foods s\u00f3n una del\u00edcia per als amants del formatge. La combinaci\u00f3 del formatge blau amb el toc dol\u00e7 de les passes s\u00f3n un encert assegurat."},{"@type":"BreadcrumbList","@id":"https:\/\/www.costabravafoods.com\/ca\/producte\/croquetes-de-gorgonzola-500g\/#breadcrumb","itemListElement":[{"@type":"ListItem","position":1,"name":"Portada","item":"https:\/\/www.costabravafoods.com\/ca\/"},{"@type":"ListItem","position":2,"name":"Productes","item":"https:\/\/www.costabravafoods.com\/productos\/"},{"@type":"ListItem","position":3,"name":"Croquetes de Gorgonzola 500g"}]},{"@type":"WebSite","@id":"https:\/\/www.costabravafoods.com\/#website","url":"https:\/\/www.costabravafoods.com\/","name":"Costa Brava Foods","description":"","potentialAction":[{"@type":"SearchAction","target":{"@type":"EntryPoint","urlTemplate":"https:\/\/www.costabravafoods.com\/?s={search_term_string}"},"query-input":{"@type":"PropertyValueSpecification","valueRequired":true,"valueName":"search_term_string"}}],"inLanguage":"ca"}]}},"_links":{"self":[{"href":"https:\/\/www.costabravafoods.com\/ca\/wp-json\/wp\/v2\/product\/33554","targetHints":{"allow":["GET"]}}],"collection":[{"href":"https:\/\/www.costabravafoods.com\/ca\/wp-json\/wp\/v2\/product"}],"about":[{"href":"https:\/\/www.costabravafoods.com\/ca\/wp-json\/wp\/v2\/types\/product"}],"wp:featuredmedia":[{"embeddable":true,"href":"https:\/\/www.costabravafoods.com\/ca\/wp-json\/wp\/v2\/media\/17232"}],"wp:attachment":[{"href":"https:\/\/www.costabravafoods.com\/ca\/wp-json\/wp\/v2\/media?parent=33554"}],"wp:term":[{"taxonomy":"product_brand","embeddable":true,"href":"https:\/\/www.costabravafoods.com\/ca\/wp-json\/wp\/v2\/product_brand?post=33554"},{"taxonomy":"product_cat","embeddable":true,"href":"https:\/\/www.costabravafoods.com\/ca\/wp-json\/wp\/v2\/product_cat?post=33554"},{"taxonomy":"product_tag","embeddable":true,"href":"https:\/\/www.costabravafoods.com\/ca\/wp-json\/wp\/v2\/product_tag?post=33554"},{"taxonomy":"corte_cerdo","embeddable":true,"href":"https:\/\/www.costabravafoods.com\/ca\/wp-json\/wp\/v2\/corte_cerdo?post=33554"},{"taxonomy":"corte_vacuno","embeddable":true,"href":"https:\/\/www.costabravafoods.com\/ca\/wp-json\/wp\/v2\/corte_vacuno?post=33554"},{"taxonomy":"fresh_retail","embeddable":true,"href":"https:\/\/www.costabravafoods.com\/ca\/wp-json\/wp\/v2\/fresh_retail?post=33554"},{"taxonomy":"conservacion","embeddable":true,"href":"https:\/\/www.costabravafoods.com\/ca\/wp-json\/wp\/v2\/conservacion?post=33554"},{"taxonomy":"envase","embeddable":true,"href":"https:\/\/www.costabravafoods.com\/ca\/wp-json\/wp\/v2\/envase?post=33554"},{"taxonomy":"tipo_corte","embeddable":true,"href":"https:\/\/www.costabravafoods.com\/ca\/wp-json\/wp\/v2\/tipo_corte?post=33554"}],"curies":[{"name":"wp","href":"https:\/\/api.w.org\/{rel}","templated":true}]}}