

{"id":19832,"date":"2025-05-23T14:59:09","date_gmt":"2025-05-23T12:59:09","guid":{"rendered":"https:\/\/www.costabravafoods.com\/rechtliche-hinweise\/"},"modified":"2025-08-20T17:35:22","modified_gmt":"2025-08-20T15:35:22","slug":"rechtliche-hinweise","status":"publish","type":"page","link":"https:\/\/www.costabravafoods.com\/de\/rechtliche-hinweise\/","title":{"rendered":"Rechtliche Hinweise"},"content":{"rendered":"<p><div class=\"fusion-fullwidth fullwidth-box fusion-builder-row-1 fusion-flex-container has-pattern-background has-mask-background nonhundred-percent-fullwidth non-hundred-percent-height-scrolling\" style=\"--awb-border-radius-top-left:0px;--awb-border-radius-top-right:0px;--awb-border-radius-bottom-right:0px;--awb-border-radius-bottom-left:0px;--awb-flex-wrap:wrap;\" ><div class=\"fusion-builder-row fusion-row fusion-flex-align-items-flex-start fusion-flex-content-wrap\" style=\"max-width:1248px;margin-left: calc(-4% \/ 2 );margin-right: calc(-4% \/ 2 );\"><div class=\"fusion-layout-column fusion_builder_column fusion-builder-column-0 fusion_builder_column_1_1 1_1 fusion-flex-column\" style=\"--awb-bg-size:cover;--awb-width-large:100%;--awb-margin-top-large:0px;--awb-spacing-right-large:1.92%;--awb-margin-bottom-large:20px;--awb-spacing-left-large:1.92%;--awb-width-medium:100%;--awb-order-medium:0;--awb-spacing-right-medium:1.92%;--awb-spacing-left-medium:1.92%;--awb-width-small:100%;--awb-order-small:0;--awb-spacing-right-small:1.92%;--awb-spacing-left-small:1.92%;\"><div class=\"fusion-column-wrapper fusion-column-has-shadow fusion-flex-justify-content-flex-start fusion-content-layout-column\"><div class=\"fusion-title title fusion-title-1 fusion-title-center fusion-title-text fusion-title-size-one\" style=\"--awb-text-color:#051d30;--awb-margin-top-small:10px;--awb-margin-right-small:0px;--awb-margin-bottom-small:10px;--awb-margin-left-small:0px;--awb-sep-color:var(--awb-color4);--awb-font-size:28px;\"><div class=\"title-sep-container title-sep-container-left\"><div class=\"title-sep sep-single sep-solid\" style=\"border-color:var(--awb-color4);\"><\/div><\/div><span class=\"awb-title-spacer\"><\/span><h1 class=\"fusion-title-heading title-heading-center\" style=\"font-family:&quot;Noto Sans Bold&quot;;font-style:normal;font-weight:400;margin:0;letter-spacing:0.5px;font-size:1em;\">RECHTLICHE HINWEISE<\/h1><span class=\"awb-title-spacer\"><\/span><div class=\"title-sep-container title-sep-container-right\"><div class=\"title-sep sep-single sep-solid\" style=\"border-color:var(--awb-color4);\"><\/div><\/div><\/div><\/div><\/div><\/div><\/div><div class=\"fusion-fullwidth fullwidth-box fusion-builder-row-2 fusion-flex-container nonhundred-percent-fullwidth non-hundred-percent-height-scrolling\" style=\"--awb-border-radius-top-left:0px;--awb-border-radius-top-right:0px;--awb-border-radius-bottom-right:0px;--awb-border-radius-bottom-left:0px;--awb-flex-wrap:wrap;\" ><div class=\"fusion-builder-row fusion-row fusion-flex-align-items-flex-start fusion-flex-content-wrap\" style=\"max-width:1248px;margin-left: calc(-4% \/ 2 );margin-right: calc(-4% \/ 2 );\"><div class=\"fusion-layout-column fusion_builder_column fusion-builder-column-1 fusion_builder_column_1_1 1_1 fusion-flex-column\" style=\"--awb-bg-size:cover;--awb-width-large:100%;--awb-margin-top-large:0px;--awb-spacing-right-large:1.92%;--awb-margin-bottom-large:0px;--awb-spacing-left-large:1.92%;--awb-width-medium:100%;--awb-spacing-right-medium:1.92%;--awb-spacing-left-medium:1.92%;--awb-width-small:100%;--awb-spacing-right-small:1.92%;--awb-spacing-left-small:1.92%;\"><div class=\"fusion-column-wrapper fusion-flex-justify-content-flex-start fusion-content-layout-column\"><div class=\"fusion-text fusion-text-1\"><p><strong>Informationen gem\u00e4\u00df Artikel 10 der IVSS<\/strong><\/p>\n<p><strong>Eigent\u00fcmer dieser Website ist:<\/strong><\/p>\n<p>Unternehmen: COSTA BRAVA MEDITERRANEAN FOODS, S.L.U.<br \/>USt-IdNr: B55349880<br \/>Adresse: C\/L\u2019Avellana, 11. 17178 \u2013 Les Preses (Girona, Spanien)<br \/>Tel.: +34 872 22 02 77<br \/>Email: info@costabravafoods.com<br \/>Eingetragen im Handelsregister von Girona, t. 3250, f. 81, Blatt GI-66206.<\/p>\n<p><strong>Nutzungsbedingungen<\/strong><\/p>\n<p>Die Nutzung dieser Website setzt die vollst\u00e4ndige Annahme der Bedingungen und Konditionen dieses rechtlichen Hinweises voraus. Eventuelle Konflikte im Zusammenhang mit dieser Website werden ausschlie\u00dflich durch das Recht des spanischen Staates geregelt. Alle Benutzer der Website, unabh\u00e4ngig von der territorialen Gerichtsbarkeit, von der aus sie auf die Website zugreifen, akzeptieren die Einhaltung und Achtung dieser Klauseln und verzichten ausdr\u00fccklich auf jede andere Gerichtsbarkeit, die ihnen entsprechen k\u00f6nnte.<\/p>\n<p><strong>Geistiges und gewerbliches Eigentum<\/strong><\/p>\n<p>Der gesamte Inhalt dieser Website, seien es Texte, Bilder, Audiodateien, Marken, Logos oder andere Elemente, sowie der Aufbau, das Design, die Farbkombinationen oder die Form der Pr\u00e4sentation der Materialien, sind durch gewerbliche und geistige Eigentumsrechte gesch\u00fctzt, die der Benutzer dieser Website respektieren muss. Ihre Umwandlung oder Ver\u00e4nderung, \u00f6ffentliche Bekanntmachung oder jede andere Form der Verwertung durch irgendein Verfahren ohne ausdr\u00fcckliche Genehmigung von COSTA BRAVA MEDITERRANEAN FOODS, S.L.U. ist nicht gestattet.<\/p>\n<p><strong>Verantwortlichkeit f\u00fcr den Inhalt<\/strong><\/p>\n<p>Obwohl COSTA BRAVA MEDITERRANEAN FOODS, S.L.U. mit gr\u00f6\u00dftm\u00f6glicher Sorgfalt vorgeht, kann es vorkommen, dass einige Daten oder Informationen zum Zeitpunkt der Abfrage durch den Benutzer der Website nicht vollst\u00e4ndig aktualisiert sind. Daher dienen die auf dieser Website dargestellten Informationen nur zur Orientierung und verpflichten COSTA BRAVA MEDITERRANEAN FOODS, S.L.U. nicht.<\/p>\n<p>COSTA BRAVA MEDITERRANEAN FOODS, S.L.U. ist nicht verantwortlich f\u00fcr Informationen, die \u00fcber Links auf ihrer Website abgerufen werden.<\/p>\n<p>COSTA BRAVA MEDITERRANEAN FOODS, S.L.U. beh\u00e4lt sich das Recht vor, jederzeit und ohne Vorank\u00fcndigung \u00c4nderungen oder Aktualisierungen an den Informationen und allen Elementen vorzunehmen, die das Design und die Konfiguration der Website ausmachen.<\/p>\n<p><strong>Geltendes Recht und Gerichtsbarkeit<\/strong><\/p>\n<div class=\"blocs pagedefault\">\n<div class=\"center\">\n<p>Die Nutzung dieser Website setzt die vollst\u00e4ndige Annahme der Bedingungen und Konditionen dieser Rechtspolitik voraus. Alle m\u00f6glichen Konflikte im Zusammenhang mit dieser Website werden ausschlie\u00dflich durch die spanische Gesetzgebung geregelt, indem die spanischen Gerichte und Tribunale f\u00fcr alle sich daraus ergebenden Fragen zust\u00e4ndig sind. Der Benutzer verzichtet kraft seines Einverst\u00e4ndnisses ausdr\u00fccklich auf jegliche Gerichtsbarkeit, die ihm in Anwendung des geltenden Zivilprozessrechts zustehen k\u00f6nnte.<\/p>\n<\/div>\n<\/div>\n<\/div><\/div><\/div><\/div><\/div><\/p>\n","protected":false},"excerpt":{"rendered":"","protected":false},"author":2,"featured_media":0,"parent":0,"menu_order":0,"comment_status":"closed","ping_status":"open","template":"100-width.php","meta":{"footnotes":""},"class_list":["post-19832","page","type-page","status-publish","hentry"],"yoast_head":"<!-- This site is optimized with the Yoast SEO plugin v27.2 - https:\/\/yoast.com\/product\/yoast-seo-wordpress\/ -->\n<title>Rechtliche Hinweise - Costa Brava Foods<\/title>\n<meta name=\"robots\" content=\"index, follow, max-snippet:-1, max-image-preview:large, max-video-preview:-1\" \/>\n<link rel=\"canonical\" href=\"https:\/\/www.costabravafoods.com\/aviso-legal\/\" \/>\n<meta property=\"og:locale\" content=\"de_DE\" \/>\n<meta property=\"og:type\" content=\"article\" \/>\n<meta property=\"og:title\" content=\"Rechtliche Hinweise - Costa Brava Foods\" \/>\n<meta property=\"og:url\" content=\"https:\/\/www.costabravafoods.com\/aviso-legal\/\" \/>\n<meta property=\"og:site_name\" content=\"Costa Brava Foods\" \/>\n<meta property=\"article:modified_time\" content=\"2025-08-20T15:35:22+00:00\" \/>\n<meta name=\"twitter:card\" content=\"summary_large_image\" \/>\n<meta name=\"twitter:label1\" content=\"Gesch\u00e4tzte Lesezeit\" \/>\n\t<meta name=\"twitter:data1\" content=\"9\u00a0Minuten\" \/>\n<script type=\"application\/ld+json\" class=\"yoast-schema-graph\">{\"@context\":\"https:\/\/schema.org\",\"@graph\":[{\"@type\":\"WebPage\",\"@id\":\"https:\/\/www.costabravafoods.com\/aviso-legal\/\",\"url\":\"https:\/\/www.costabravafoods.com\/aviso-legal\/\",\"name\":\"Rechtliche Hinweise - Costa Brava Foods\",\"isPartOf\":{\"@id\":\"https:\/\/www.costabravafoods.com\/#website\"},\"datePublished\":\"2025-05-23T12:59:09+00:00\",\"dateModified\":\"2025-08-20T15:35:22+00:00\",\"breadcrumb\":{\"@id\":\"https:\/\/www.costabravafoods.com\/aviso-legal\/#breadcrumb\"},\"inLanguage\":\"de\",\"potentialAction\":[{\"@type\":\"ReadAction\",\"target\":[\"https:\/\/www.costabravafoods.com\/aviso-legal\/\"]}]},{\"@type\":\"BreadcrumbList\",\"@id\":\"https:\/\/www.costabravafoods.com\/aviso-legal\/#breadcrumb\",\"itemListElement\":[{\"@type\":\"ListItem\",\"position\":1,\"name\":\"Portada\",\"item\":\"https:\/\/www.costabravafoods.com\/de\/\"},{\"@type\":\"ListItem\",\"position\":2,\"name\":\"Rechtliche Hinweise\"}]},{\"@type\":\"WebSite\",\"@id\":\"https:\/\/www.costabravafoods.com\/#website\",\"url\":\"https:\/\/www.costabravafoods.com\/\",\"name\":\"Costa Brava Foods\",\"description\":\"\",\"potentialAction\":[{\"@type\":\"SearchAction\",\"target\":{\"@type\":\"EntryPoint\",\"urlTemplate\":\"https:\/\/www.costabravafoods.com\/?s={search_term_string}\"},\"query-input\":{\"@type\":\"PropertyValueSpecification\",\"valueRequired\":true,\"valueName\":\"search_term_string\"}}],\"inLanguage\":\"de\"}]}<\/script>\n<!-- \/ Yoast SEO plugin. -->","yoast_head_json":{"title":"Rechtliche Hinweise - Costa Brava Foods","robots":{"index":"index","follow":"follow","max-snippet":"max-snippet:-1","max-image-preview":"max-image-preview:large","max-video-preview":"max-video-preview:-1"},"canonical":"https:\/\/www.costabravafoods.com\/aviso-legal\/","og_locale":"de_DE","og_type":"article","og_title":"Rechtliche Hinweise - Costa Brava Foods","og_url":"https:\/\/www.costabravafoods.com\/aviso-legal\/","og_site_name":"Costa Brava Foods","article_modified_time":"2025-08-20T15:35:22+00:00","twitter_card":"summary_large_image","twitter_misc":{"Gesch\u00e4tzte Lesezeit":"9\u00a0Minuten"},"schema":{"@context":"https:\/\/schema.org","@graph":[{"@type":"WebPage","@id":"https:\/\/www.costabravafoods.com\/aviso-legal\/","url":"https:\/\/www.costabravafoods.com\/aviso-legal\/","name":"Rechtliche Hinweise - Costa Brava Foods","isPartOf":{"@id":"https:\/\/www.costabravafoods.com\/#website"},"datePublished":"2025-05-23T12:59:09+00:00","dateModified":"2025-08-20T15:35:22+00:00","breadcrumb":{"@id":"https:\/\/www.costabravafoods.com\/aviso-legal\/#breadcrumb"},"inLanguage":"de","potentialAction":[{"@type":"ReadAction","target":["https:\/\/www.costabravafoods.com\/aviso-legal\/"]}]},{"@type":"BreadcrumbList","@id":"https:\/\/www.costabravafoods.com\/aviso-legal\/#breadcrumb","itemListElement":[{"@type":"ListItem","position":1,"name":"Portada","item":"https:\/\/www.costabravafoods.com\/de\/"},{"@type":"ListItem","position":2,"name":"Rechtliche Hinweise"}]},{"@type":"WebSite","@id":"https:\/\/www.costabravafoods.com\/#website","url":"https:\/\/www.costabravafoods.com\/","name":"Costa Brava Foods","description":"","potentialAction":[{"@type":"SearchAction","target":{"@type":"EntryPoint","urlTemplate":"https:\/\/www.costabravafoods.com\/?s={search_term_string}"},"query-input":{"@type":"PropertyValueSpecification","valueRequired":true,"valueName":"search_term_string"}}],"inLanguage":"de"}]}},"_links":{"self":[{"href":"https:\/\/www.costabravafoods.com\/de\/wp-json\/wp\/v2\/pages\/19832","targetHints":{"allow":["GET"]}}],"collection":[{"href":"https:\/\/www.costabravafoods.com\/de\/wp-json\/wp\/v2\/pages"}],"about":[{"href":"https:\/\/www.costabravafoods.com\/de\/wp-json\/wp\/v2\/types\/page"}],"author":[{"embeddable":true,"href":"https:\/\/www.costabravafoods.com\/de\/wp-json\/wp\/v2\/users\/2"}],"replies":[{"embeddable":true,"href":"https:\/\/www.costabravafoods.com\/de\/wp-json\/wp\/v2\/comments?post=19832"}],"version-history":[{"count":2,"href":"https:\/\/www.costabravafoods.com\/de\/wp-json\/wp\/v2\/pages\/19832\/revisions"}],"predecessor-version":[{"id":19834,"href":"https:\/\/www.costabravafoods.com\/de\/wp-json\/wp\/v2\/pages\/19832\/revisions\/19834"}],"wp:attachment":[{"href":"https:\/\/www.costabravafoods.com\/de\/wp-json\/wp\/v2\/media?parent=19832"}],"curies":[{"name":"wp","href":"https:\/\/api.w.org\/{rel}","templated":true}]}}