

{"id":27765,"date":"2025-05-23T14:55:04","date_gmt":"2025-05-23T12:55:04","guid":{"rendered":"https:\/\/www.costabravafoods.com\/cookie-richtlinien\/"},"modified":"2025-09-27T17:24:52","modified_gmt":"2025-09-27T15:24:52","slug":"cookie-richtlinien","status":"publish","type":"page","link":"https:\/\/www.costabravafoods.com\/de\/cookie-richtlinien\/","title":{"rendered":"Cookie-Richtlinien"},"content":{"rendered":"<p><div class=\"fusion-fullwidth fullwidth-box fusion-builder-row-1 fusion-flex-container has-pattern-background has-mask-background nonhundred-percent-fullwidth non-hundred-percent-height-scrolling fusion-no-small-visibility\" style=\"--link_color: var(--awb-color4);--awb-border-radius-top-left:0px;--awb-border-radius-top-right:0px;--awb-border-radius-bottom-right:0px;--awb-border-radius-bottom-left:0px;--awb-flex-wrap:wrap;\" ><div class=\"fusion-builder-row fusion-row fusion-flex-align-items-flex-start fusion-flex-content-wrap\" style=\"max-width:1248px;margin-left: calc(-4% \/ 2 );margin-right: calc(-4% \/ 2 );\"><div class=\"fusion-layout-column fusion_builder_column fusion-builder-column-0 fusion_builder_column_1_1 1_1 fusion-flex-column\" style=\"--awb-bg-size:cover;--awb-width-large:100%;--awb-margin-top-large:0px;--awb-spacing-right-large:1.92%;--awb-margin-bottom-large:20px;--awb-spacing-left-large:1.92%;--awb-width-medium:100%;--awb-order-medium:0;--awb-spacing-right-medium:1.92%;--awb-spacing-left-medium:1.92%;--awb-width-small:100%;--awb-order-small:0;--awb-spacing-right-small:1.92%;--awb-spacing-left-small:1.92%;\"><div class=\"fusion-column-wrapper fusion-column-has-shadow fusion-flex-justify-content-flex-start fusion-content-layout-column\"><div class=\"fusion-title title fusion-title-1 fusion-title-center fusion-title-text fusion-title-size-one\" style=\"--awb-text-color:#051d30;--awb-margin-top-small:10px;--awb-margin-right-small:0px;--awb-margin-bottom-small:10px;--awb-margin-left-small:0px;--awb-sep-color:var(--awb-color4);--awb-font-size:28px;\"><div class=\"title-sep-container title-sep-container-left\"><div class=\"title-sep sep-single sep-solid\" style=\"border-color:var(--awb-color4);\"><\/div><\/div><span class=\"awb-title-spacer\"><\/span><h1 class=\"fusion-title-heading title-heading-center\" style=\"font-family:&quot;Noto Sans Bold&quot;;font-style:normal;font-weight:400;margin:0;letter-spacing:0.5px;font-size:1em;\"><p>&nbsp;<\/p>\n<div style=\"margin: 0 20px;\">Cookie-Richtlinien<\/div>\n<p>&nbsp;<\/p><\/h1><span class=\"awb-title-spacer\"><\/span><div class=\"title-sep-container title-sep-container-right\"><div class=\"title-sep sep-single sep-solid\" style=\"border-color:var(--awb-color4);\"><\/div><\/div><\/div><div class=\"fusion-text fusion-text-1\" style=\"--awb-margin-top:10px;\"><p>Cookies sind kleine Textdateien, die auf den Computern installiert werden, von denen aus auf unsere Website zugegriffen wird. Cookies zeichnen unter anderem die Pr\u00e4ferenzen und Surfgewohnheiten eines Benutzers auf. Obwohl sie mit diesem Benutzer und seinem Computer verbunden sind, liefern sie keine direkt identifizierenden Daten. Es gibt Cookies, z.B. solche, die es uns erm\u00f6glichen, Statistiken oder Werbung zu erstellen, die die Zustimmung des Benutzers unserer Website erfordern. Andere hingegen, wie solche technischer Art oder solche, die notwendig sind, um eine vom Benutzer selbst angeforderte Dienstleistung anzubieten, sind f\u00fcr den Betrieb der Website von wesentlicher Bedeutung. Cookies k\u00f6nnen nach ihrer G\u00fcltigkeit, nach denjenigen, die sie verwalten, oder nach ihrem Zweck klassifiziert werden.<\/p>\n<p><strong>NACH IHRER G\u00dcLTIGKEIT<\/strong><br \/>\n<em>Sitzungsbezogen:<\/em>\u00a0sind tempor\u00e4r und verbleiben in der Cookie-Datei des Browsers, den Sie zum Betreten der Website verwenden, bis Sie die Website verlassen.<\/p>\n<p><em>Dauerhaft<\/em><em>:<\/em>\u00a0bleiben gespeichert und die Website liest sie bei jedem Besuch.<\/p>\n<p><strong>NACH DENEN, DIE SIE VERWALTEN<\/strong><br \/>\n<em>Eigene:<\/em>\u00a0sind diejenigen, die dem Eigent\u00fcmer der Website geh\u00f6ren, von der aus die Dienstleistungen f\u00fcr den Benutzer erbracht werden.<\/p>\n<p><em>Von Dritten<\/em><em>:<\/em>\u00a0werden von einem Dritten, der nicht der Eigent\u00fcmer der Website ist, an den Benutzer gesendet.<\/p>\n<p><strong>NACH IHREM ZWECK<\/strong><br \/>\n<em>Notwendige:<\/em>\u00a0die wesentlichen, um Ihre Verbindung zu erleichtern. Es gibt keine M\u00f6glichkeit, sie zu deaktivieren, da sie f\u00fcr den Betrieb der Website notwendig sind.<\/p>\n<p><em>Technische<\/em><em>:\u00a0<\/em>die es erlauben, den Verkehr und die Kommunikation von Daten zu kontrollieren, die Sitzung identifizieren und auf eingeschr\u00e4nkte Seiten zugreifen, unter anderem.<\/p>\n<p><em>Pr\u00e4ferenzen<\/em><em>:<\/em>\u00a0diese erlauben, sich an Ihre Auswahl zu erinnern (z.B. Ihre Sprache oder Region, von der aus Sie Zugang haben), um Ihnen weiterf\u00fchrende Dienstleistungen anbieten zu k\u00f6nnen.<\/p>\n<p><em>Statistiken<\/em><em>:<\/em>\u00a0sie stellen statistische Informationen bereit und erm\u00f6glichen eine Verbesserung der Dienstleistungen.<\/p>\n<p><em>Marketing<\/em><em>:<\/em>\u00a0zur Bereitstellung von Werbeinhalten in Bezug auf die Interessen des Nutzers, entweder direkt oder durch Drittanbieter (\u201eAdServer\u201c).<\/p>\n<p><em>Geolokalisierung:\u00a0<\/em>um den geographischen Standort des Benutzers zu erfahren.<\/p>\n<p>Wir listen die von unserer Website verwendeten Cookies auf und geben damit jedem Benutzer die M\u00f6glichkeit (letzte Spalte), ihren Download zu autorisieren.<\/p>\n<table class=\"llistat-cookies\">\n<tbody>\n<tr>\n<th>Finalidad<\/th>\n<th>Proveedor<\/th>\n<th>Nombre de la cookie<\/th>\n<th>Gesti\u00f3n<\/th>\n<th>Vigencia<\/th>\n<th>Funci\u00f3n<\/th>\n<\/tr>\n<tr>\n<td>T\u00e9cnicas<\/td>\n<td>Propia<\/td>\n<td>PHPSESSID<\/td>\n<td>Propia<\/td>\n<td>1 a\u00f1o<\/td>\n<td>PHPSESSID. Esta cookie es usada por el lenguaje de encriptado PHP para permitir que las variables de SESI\u00d3N sean guardadas en el servidor web.<\/td>\n<\/tr>\n<tr>\n<td>T\u00e9cnicas<\/td>\n<td>Propia<\/td>\n<td>wp-settings-time-1, wp-settings-1<\/td>\n<td>Propia<\/td>\n<td>1 a\u00f1o<\/td>\n<td>Estas cookies son utilizadas por WordPress para personalizar la Interfaz de Usuario.<\/td>\n<\/tr>\n<tr>\n<td>T\u00e9cnicas<\/td>\n<td>Propia<\/td>\n<td>wordpress_logged_in_<\/td>\n<td>Propia<\/td>\n<td>1 a\u00f1o<\/td>\n<td>Despu\u00e9s del loggin, WordPress activa la cookie wordpress_logged_in_, cuya funci\u00f3n es indicar cuando se ha conectado y qui\u00e9n es, siendo utilizado por la interfaz de WordPress.<\/td>\n<\/tr>\n<tr>\n<td>T\u00e9cnicas<\/td>\n<td>Propia<\/td>\n<td>wp-wpml_current_language<\/td>\n<td>Propia<\/td>\n<td>1 a\u00f1o<\/td>\n<td>Permite recordar el idioma del usuario<\/td>\n<\/tr>\n<tr>\n<td>T\u00e9cnicas<\/td>\n<td>Propia<\/td>\n<td>concentiment_cookies<\/td>\n<td>Propia<\/td>\n<td>1 a\u00f1o<\/td>\n<td>Guarda el valor de la aceptaci\u00f3n del cartel de cookies<\/td>\n<\/tr>\n<tr>\n<td>T\u00e9cnicas<\/td>\n<td>Propia<\/td>\n<td>dateExpireCookie<\/td>\n<td>Propia<\/td>\n<td>1 a\u00f1o<\/td>\n<td>Guarda la fecha de expiraci\u00f3n de la cookie del cartel de cookies<\/td>\n<\/tr>\n<tr>\n<td>Anal\u00edticas<\/td>\n<td>GOOGLE<\/td>\n<td>_ga<\/td>\n<td>Terceros<\/td>\n<td>2 a\u00f1os<\/td>\n<td>Ofrecer estad\u00edsticas de uso de los sitios web. Tambi\u00e9n se pueden utilizar junto con algunas de las cookies publicitarias descritas anteriormente para mostrar anuncios m\u00e1s relevantes en las propiedades de Google<\/td>\n<\/tr>\n<tr>\n<td>Anal\u00edticas<\/td>\n<td>GOOGLE<\/td>\n<td>_gid<\/td>\n<td>Terceros<\/td>\n<td>23 horas<\/td>\n<td>Registra una identificaci\u00f3n \u00fanica que se utiliza para generar datos estad\u00edsticos sobre c\u00f3mo el visitante utiliza el sitio web.<\/td>\n<\/tr>\n<tr>\n<td>Anal\u00edticas<\/td>\n<td>GOOGLE<\/td>\n<td>_gat<\/td>\n<td>Terceros<\/td>\n<td>1 minuto<\/td>\n<td>Se usa para limitar el porcentaje de solicitudes. Si se ha implementado Google Analytics mediante Google Tag Manager, esta cookie se llamar\u00e1 _dc_gtm_.<\/td>\n<\/tr>\n<\/tbody>\n<\/table>\n<p>Sie k\u00f6nnen die Cookie-Einstellungen bearbeiten, indem Sie\u00a0<span id=\"ajustes_cookies\">hier<\/span>\u00a0klicken.<\/p>\n<p>Sie k\u00f6nnen Ihre Zustimmung zur Verwendung von Cookies widerrufen, indem Sie diese l\u00f6schen unter Verwendung der von Ihrem Browser angebotenen Optionen. Sie k\u00f6nnen auch Ihren Browser so konfigurieren, dass er Sie im Voraus \u00fcber die m\u00f6gliche Installation von Cookies informiert. Die folgenden Links bieten Informationen dar\u00fcber, wie Sie dies tun k\u00f6nnen.<\/p>\n<ul class=\"wp-block-list\">\n<li>F\u00fcr Firefox (<a>Link<\/a>)<\/li>\n<li>F\u00fcr Chrome (<a href=\"https:\/\/support.google.com\/chrome\/answer\/95647?co=GENIE.Platform%3DDesktop&amp;hl=de%3C\/a%3E)%3C\/div%3E%E2%80%9E%3E%3C\/a%3E%3C\/li%3E%3Cli%3EF%C3%BCr%20Internet%20Explorer%20(%3Ca%20href=\">Link<\/a>)<\/li>\n<li>F\u00fcr Microsoft Edge (<a href=\"https:\/\/support.microsoft.com\/de-de\/help\/4468242\/microsoft-edge-browsing-data-and-privacy%3C\/a%3E)%3C\/div%3E%E2%80%9E%3E%3C\/a%3E%3C\/li%3E%3Cli%3EF%C3%BCr%20Safari%20f%C3%BCr%20iOS%20(%3Ca%20href=\">Link<\/a>)<\/li>\n<li>F\u00fcr Opera (<a href=\"https:\/\/help.opera.com\/de\/latest\/web-preferences\/#cookies\">Link<\/a>)<\/li>\n<\/ul>\n<\/div><\/div><\/div><\/div><\/div><div class=\"fusion-fullwidth fullwidth-box fusion-builder-row-2 fusion-flex-container has-pattern-background has-mask-background nonhundred-percent-fullwidth non-hundred-percent-height-scrolling fusion-no-medium-visibility fusion-no-large-visibility\" style=\"--link_color: var(--awb-color4);--awb-border-radius-top-left:0px;--awb-border-radius-top-right:0px;--awb-border-radius-bottom-right:0px;--awb-border-radius-bottom-left:0px;--awb-flex-wrap:wrap;\" ><div class=\"fusion-builder-row fusion-row fusion-flex-align-items-flex-start fusion-flex-content-wrap\" style=\"max-width:1248px;margin-left: calc(-4% \/ 2 );margin-right: calc(-4% \/ 2 );\"><div class=\"fusion-layout-column fusion_builder_column fusion-builder-column-1 fusion_builder_column_1_1 1_1 fusion-flex-column\" style=\"--awb-bg-size:cover;--awb-width-large:100%;--awb-margin-top-large:0px;--awb-spacing-right-large:1.92%;--awb-margin-bottom-large:20px;--awb-spacing-left-large:1.92%;--awb-width-medium:100%;--awb-order-medium:0;--awb-spacing-right-medium:1.92%;--awb-spacing-left-medium:1.92%;--awb-width-small:100%;--awb-order-small:0;--awb-spacing-right-small:1.92%;--awb-spacing-left-small:1.92%;\"><div class=\"fusion-column-wrapper fusion-column-has-shadow fusion-flex-justify-content-flex-start fusion-content-layout-column\"><div class=\"fusion-title title fusion-title-2 fusion-title-center fusion-title-text fusion-title-size-one\" style=\"--awb-text-color:#051d30;--awb-margin-top-small:10px;--awb-margin-right-small:0px;--awb-margin-bottom-small:10px;--awb-margin-left-small:0px;--awb-sep-color:var(--awb-color4);--awb-font-size:28px;\"><div class=\"title-sep-container title-sep-container-left\"><div class=\"title-sep sep-single sep-solid\" style=\"border-color:var(--awb-color4);\"><\/div><\/div><span class=\"awb-title-spacer\"><\/span><h1 class=\"fusion-title-heading title-heading-center\" style=\"font-family:&quot;Noto Sans Bold&quot;;font-style:normal;font-weight:400;margin:0;letter-spacing:0.5px;font-size:1em;\"><p>&nbsp;<\/p>\n<div style=\"margin: 0 20px;\">Cookie-Richtlinien<\/div>\n<p>&nbsp;<\/p><\/h1><span class=\"awb-title-spacer\"><\/span><div class=\"title-sep-container title-sep-container-right\"><div class=\"title-sep sep-single sep-solid\" style=\"border-color:var(--awb-color4);\"><\/div><\/div><\/div><div class=\"fusion-text fusion-text-2\" style=\"--awb-margin-top:10px;\"><p>Cookies sind kleine Textdateien, die auf den Computern installiert werden, von denen aus auf unsere Website zugegriffen wird. Cookies zeichnen unter anderem die Pr\u00e4ferenzen und Surfgewohnheiten eines Benutzers auf. Obwohl sie mit diesem Benutzer und seinem Computer verbunden sind, liefern sie keine direkt identifizierenden Daten. Es gibt Cookies, z.B. solche, die es uns erm\u00f6glichen, Statistiken oder Werbung zu erstellen, die die Zustimmung des Benutzers unserer Website erfordern. Andere hingegen, wie solche technischer Art oder solche, die notwendig sind, um eine vom Benutzer selbst angeforderte Dienstleistung anzubieten, sind f\u00fcr den Betrieb der Website von wesentlicher Bedeutung. Cookies k\u00f6nnen nach ihrer G\u00fcltigkeit, nach denjenigen, die sie verwalten, oder nach ihrem Zweck klassifiziert werden.<\/p>\n<p><strong>NACH IHRER G\u00dcLTIGKEIT<\/strong><br \/>\n<em>Sitzungsbezogen:<\/em>\u00a0sind tempor\u00e4r und verbleiben in der Cookie-Datei des Browsers, den Sie zum Betreten der Website verwenden, bis Sie die Website verlassen.<\/p>\n<p><em>Dauerhaft<\/em><em>:<\/em>\u00a0bleiben gespeichert und die Website liest sie bei jedem Besuch.<\/p>\n<p><strong>NACH DENEN, DIE SIE VERWALTEN<\/strong><br \/>\n<em>Eigene:<\/em>\u00a0sind diejenigen, die dem Eigent\u00fcmer der Website geh\u00f6ren, von der aus die Dienstleistungen f\u00fcr den Benutzer erbracht werden.<\/p>\n<p><em>Von Dritten<\/em><em>:<\/em>\u00a0werden von einem Dritten, der nicht der Eigent\u00fcmer der Website ist, an den Benutzer gesendet.<\/p>\n<p><strong>NACH IHREM ZWECK<\/strong><br \/>\n<em>Notwendige:<\/em>\u00a0die wesentlichen, um Ihre Verbindung zu erleichtern. Es gibt keine M\u00f6glichkeit, sie zu deaktivieren, da sie f\u00fcr den Betrieb der Website notwendig sind.<\/p>\n<p><em>Technische<\/em><em>:\u00a0<\/em>die es erlauben, den Verkehr und die Kommunikation von Daten zu kontrollieren, die Sitzung identifizieren und auf eingeschr\u00e4nkte Seiten zugreifen, unter anderem.<\/p>\n<p><em>Pr\u00e4ferenzen<\/em><em>:<\/em>\u00a0diese erlauben, sich an Ihre Auswahl zu erinnern (z.B. Ihre Sprache oder Region, von der aus Sie Zugang haben), um Ihnen weiterf\u00fchrende Dienstleistungen anbieten zu k\u00f6nnen.<\/p>\n<p><em>Statistiken<\/em><em>:<\/em>\u00a0sie stellen statistische Informationen bereit und erm\u00f6glichen eine Verbesserung der Dienstleistungen.<\/p>\n<p><em>Marketing<\/em><em>:<\/em>\u00a0zur Bereitstellung von Werbeinhalten in Bezug auf die Interessen des Nutzers, entweder direkt oder durch Drittanbieter (\u201eAdServer\u201c).<\/p>\n<p><em>Geolokalisierung:\u00a0<\/em>um den geographischen Standort des Benutzers zu erfahren.<\/p>\n<p>Wir listen die von unserer Website verwendeten Cookies auf und geben damit jedem Benutzer die M\u00f6glichkeit (letzte Spalte), ihren Download zu autorisieren.<\/p>\n<p>FINALIDAD: T\u00e9cnicas<br \/>\nPROVEEDOR: Propia<br \/>\nNOMBRE: PHPSESSID<br \/>\nGESTI\u00d3N: Propia<br \/>\nVIGENCIA: 1 a\u00f1o<br \/>\nFUNCI\u00d3N: Esta cookie es usada por el lenguaje de encriptado PHP para permitir que las variables de SESI\u00d3N sean guardadas en el servidor web.<\/p>\n<p>FINALIDAD: T\u00e9cnicas<br \/>\nPROVEEDOR: Propia<br \/>\nNOMBRE: wp-settings-time-1, wp-settings-1<br \/>\nGESTI\u00d3N: Propia<br \/>\nVIGENCIA: 1 a\u00f1o<br \/>\nFUNCI\u00d3N: Estas cookies son utilizadas por WordPress para personalizar la Interfaz de Usuario.<\/p>\n<p>FINALIDAD: T\u00e9cnicas<br \/>\nPROVEEDOR: Propia<br \/>\nNOMBRE: wordpress_logged_in_<br \/>\nGESTI\u00d3N: Propia<br \/>\nVIGENCIA: 1 a\u00f1o<br \/>\nFUNCI\u00d3N: Despu\u00e9s del loggin, WordPress activa la cookie wordpress_logged_in_, cuya funci\u00f3n es indicar cuando se ha conectado y qui\u00e9n es, siendo utilizado por la interfaz de WordPress.<\/p>\n<p>FINALIDAD: T\u00e9cnicas<br \/>\nPROVEEDOR: Propia<br \/>\nNOMBRE: wp-wpml_current_language<br \/>\nGESTI\u00d3N: Propia<br \/>\nVIGENCIA: 1 a\u00f1o<br \/>\nFUNCI\u00d3N: Permite recordar el idioma del usuario<\/p>\n<p>FINALIDAD: T\u00e9cnicas<br \/>\nPROVEEDOR: Propia<br \/>\nNOMBRE: concentiment_cookies<br \/>\nGESTI\u00d3N: Propia<br \/>\nVIGENCIA: 1 a\u00f1o<br \/>\nFUNCI\u00d3N: Guarda el valor de la aceptaci\u00f3n del cartel de cookies<\/p>\n<p>FINALIDAD: T\u00e9cnicas<br \/>\nPROVEEDOR: Propia<br \/>\nNOMBRE: dateExpireCookie<br \/>\nGESTI\u00d3N: Propia<br \/>\nVIGENCIA: 1 a\u00f1o<br \/>\nFUNCI\u00d3N: Guarda la fecha de expiraci\u00f3n de la cookie del cartel de cookies<\/p>\n<p>FINALIDAD: Anal\u00edticas<br \/>\nPROVEEDOR: GOOGLE<br \/>\nNOMBRE: _ga<br \/>\nGESTI\u00d3N: Terceros<br \/>\nVIGENCIA: 2 a\u00f1os<br \/>\nFUNCI\u00d3N: Ofrecer estad\u00edsticas de uso de los sitios web. Tambi\u00e9n se pueden utilizar junto con algunas de las cookies publicitarias descritas anteriormente para mostrar anuncios m\u00e1s relevantes en las propiedades de Google<\/p>\n<p>FINALIDAD: Anal\u00edticas<br \/>\nPROVEEDOR: GOOGLE<br \/>\nNOMBRE: _gid<br \/>\nGESTI\u00d3N: Terceros<br \/>\nVIGENCIA: 23 horas<br \/>\nFUNCI\u00d3N: Registra una identificaci\u00f3n \u00fanica que se utiliza para generar datos estad\u00edsticos sobre c\u00f3mo el visitante utiliza el sitio web.<\/p>\n<p>FINALIDAD: Anal\u00edticas<br \/>\nPROVEEDOR: GOOGLE<br \/>\nNOMBRE: _gat<br \/>\nGESTI\u00d3N: Terceros<br \/>\nVIGENCIA: 1 minuto<br \/>\nFUNCI\u00d3N: Se usa para limitar el porcentaje de solicitudes. Si se ha implementado Google Analytics mediante Google Tag Manager, esta cookie se llamar\u00e1 _dc_gtm_.<\/p>\n<p>Sie k\u00f6nnen die Cookie-Einstellungen bearbeiten, indem Sie\u00a0<span id=\"ajustes_cookies\">hier<\/span>\u00a0klicken.<\/p>\n<p>Sie k\u00f6nnen Ihre Zustimmung zur Verwendung von Cookies widerrufen, indem Sie diese l\u00f6schen unter Verwendung der von Ihrem Browser angebotenen Optionen. Sie k\u00f6nnen auch Ihren Browser so konfigurieren, dass er Sie im Voraus \u00fcber die m\u00f6gliche Installation von Cookies informiert. Die folgenden Links bieten Informationen dar\u00fcber, wie Sie dies tun k\u00f6nnen.<\/p>\n<ul class=\"wp-block-list\">\n<li>F\u00fcr Firefox (<a>Link<\/a>)<\/li>\n<li>F\u00fcr Chrome (<a href=\"https:\/\/support.google.com\/chrome\/answer\/95647?co=GENIE.Platform%3DDesktop&amp;hl=de%3C\/a%3E)%3C\/div%3E%E2%80%9E%3E%3C\/a%3E%3C\/li%3E%3Cli%3EF%C3%BCr%20Internet%20Explorer%20(%3Ca%20href=\">Link<\/a>)<\/li>\n<li>F\u00fcr Microsoft Edge (<a href=\"https:\/\/support.microsoft.com\/de-de\/help\/4468242\/microsoft-edge-browsing-data-and-privacy%3C\/a%3E)%3C\/div%3E%E2%80%9E%3E%3C\/a%3E%3C\/li%3E%3Cli%3EF%C3%BCr%20Safari%20f%C3%BCr%20iOS%20(%3Ca%20href=\">Link<\/a>)<\/li>\n<li>F\u00fcr Opera (<a href=\"https:\/\/help.opera.com\/de\/latest\/web-preferences\/#cookies\">Link<\/a>)<\/li>\n<\/ul>\n<\/div><\/div><\/div><\/div><\/div><\/p>\n","protected":false},"excerpt":{"rendered":"","protected":false},"author":2,"featured_media":0,"parent":0,"menu_order":0,"comment_status":"closed","ping_status":"open","template":"","meta":{"footnotes":""},"class_list":["post-27765","page","type-page","status-publish","hentry"],"yoast_head":"<!-- This site is optimized with the Yoast SEO plugin v27.2 - https:\/\/yoast.com\/product\/yoast-seo-wordpress\/ -->\n<title>Cookie-Richtlinien - Costa Brava Foods<\/title>\n<meta name=\"robots\" content=\"index, follow, max-snippet:-1, max-image-preview:large, max-video-preview:-1\" \/>\n<link rel=\"canonical\" href=\"https:\/\/www.costabravafoods.com\/de\/cookie-richtlinien\/\" \/>\n<meta property=\"og:locale\" content=\"de_DE\" \/>\n<meta property=\"og:type\" content=\"article\" \/>\n<meta property=\"og:title\" content=\"Cookie-Richtlinien - Costa Brava Foods\" \/>\n<meta property=\"og:url\" content=\"https:\/\/www.costabravafoods.com\/de\/cookie-richtlinien\/\" \/>\n<meta property=\"og:site_name\" content=\"Costa Brava Foods\" \/>\n<meta property=\"article:modified_time\" content=\"2025-09-27T15:24:52+00:00\" \/>\n<meta name=\"twitter:card\" content=\"summary_large_image\" \/>\n<meta name=\"twitter:label1\" content=\"Gesch\u00e4tzte Lesezeit\" \/>\n\t<meta name=\"twitter:data1\" content=\"6\u00a0Minuten\" \/>\n<script type=\"application\/ld+json\" class=\"yoast-schema-graph\">{\"@context\":\"https:\/\/schema.org\",\"@graph\":[{\"@type\":\"WebPage\",\"@id\":\"https:\/\/www.costabravafoods.com\/de\/cookie-richtlinien\/\",\"url\":\"https:\/\/www.costabravafoods.com\/de\/cookie-richtlinien\/\",\"name\":\"Cookie-Richtlinien - Costa Brava Foods\",\"isPartOf\":{\"@id\":\"https:\/\/www.costabravafoods.com\/#website\"},\"datePublished\":\"2025-05-23T12:55:04+00:00\",\"dateModified\":\"2025-09-27T15:24:52+00:00\",\"breadcrumb\":{\"@id\":\"https:\/\/www.costabravafoods.com\/de\/cookie-richtlinien\/#breadcrumb\"},\"inLanguage\":\"de\",\"potentialAction\":[{\"@type\":\"ReadAction\",\"target\":[\"https:\/\/www.costabravafoods.com\/de\/cookie-richtlinien\/\"]}]},{\"@type\":\"BreadcrumbList\",\"@id\":\"https:\/\/www.costabravafoods.com\/de\/cookie-richtlinien\/#breadcrumb\",\"itemListElement\":[{\"@type\":\"ListItem\",\"position\":1,\"name\":\"Portada\",\"item\":\"https:\/\/www.costabravafoods.com\/de\/\"},{\"@type\":\"ListItem\",\"position\":2,\"name\":\"Cookie-Richtlinien\"}]},{\"@type\":\"WebSite\",\"@id\":\"https:\/\/www.costabravafoods.com\/#website\",\"url\":\"https:\/\/www.costabravafoods.com\/\",\"name\":\"Costa Brava Foods\",\"description\":\"\",\"potentialAction\":[{\"@type\":\"SearchAction\",\"target\":{\"@type\":\"EntryPoint\",\"urlTemplate\":\"https:\/\/www.costabravafoods.com\/?s={search_term_string}\"},\"query-input\":{\"@type\":\"PropertyValueSpecification\",\"valueRequired\":true,\"valueName\":\"search_term_string\"}}],\"inLanguage\":\"de\"}]}<\/script>\n<!-- \/ Yoast SEO plugin. -->","yoast_head_json":{"title":"Cookie-Richtlinien - Costa Brava Foods","robots":{"index":"index","follow":"follow","max-snippet":"max-snippet:-1","max-image-preview":"max-image-preview:large","max-video-preview":"max-video-preview:-1"},"canonical":"https:\/\/www.costabravafoods.com\/de\/cookie-richtlinien\/","og_locale":"de_DE","og_type":"article","og_title":"Cookie-Richtlinien - Costa Brava Foods","og_url":"https:\/\/www.costabravafoods.com\/de\/cookie-richtlinien\/","og_site_name":"Costa Brava Foods","article_modified_time":"2025-09-27T15:24:52+00:00","twitter_card":"summary_large_image","twitter_misc":{"Gesch\u00e4tzte Lesezeit":"6\u00a0Minuten"},"schema":{"@context":"https:\/\/schema.org","@graph":[{"@type":"WebPage","@id":"https:\/\/www.costabravafoods.com\/de\/cookie-richtlinien\/","url":"https:\/\/www.costabravafoods.com\/de\/cookie-richtlinien\/","name":"Cookie-Richtlinien - Costa Brava Foods","isPartOf":{"@id":"https:\/\/www.costabravafoods.com\/#website"},"datePublished":"2025-05-23T12:55:04+00:00","dateModified":"2025-09-27T15:24:52+00:00","breadcrumb":{"@id":"https:\/\/www.costabravafoods.com\/de\/cookie-richtlinien\/#breadcrumb"},"inLanguage":"de","potentialAction":[{"@type":"ReadAction","target":["https:\/\/www.costabravafoods.com\/de\/cookie-richtlinien\/"]}]},{"@type":"BreadcrumbList","@id":"https:\/\/www.costabravafoods.com\/de\/cookie-richtlinien\/#breadcrumb","itemListElement":[{"@type":"ListItem","position":1,"name":"Portada","item":"https:\/\/www.costabravafoods.com\/de\/"},{"@type":"ListItem","position":2,"name":"Cookie-Richtlinien"}]},{"@type":"WebSite","@id":"https:\/\/www.costabravafoods.com\/#website","url":"https:\/\/www.costabravafoods.com\/","name":"Costa Brava Foods","description":"","potentialAction":[{"@type":"SearchAction","target":{"@type":"EntryPoint","urlTemplate":"https:\/\/www.costabravafoods.com\/?s={search_term_string}"},"query-input":{"@type":"PropertyValueSpecification","valueRequired":true,"valueName":"search_term_string"}}],"inLanguage":"de"}]}},"_links":{"self":[{"href":"https:\/\/www.costabravafoods.com\/de\/wp-json\/wp\/v2\/pages\/27765","targetHints":{"allow":["GET"]}}],"collection":[{"href":"https:\/\/www.costabravafoods.com\/de\/wp-json\/wp\/v2\/pages"}],"about":[{"href":"https:\/\/www.costabravafoods.com\/de\/wp-json\/wp\/v2\/types\/page"}],"author":[{"embeddable":true,"href":"https:\/\/www.costabravafoods.com\/de\/wp-json\/wp\/v2\/users\/2"}],"replies":[{"embeddable":true,"href":"https:\/\/www.costabravafoods.com\/de\/wp-json\/wp\/v2\/comments?post=27765"}],"version-history":[{"count":4,"href":"https:\/\/www.costabravafoods.com\/de\/wp-json\/wp\/v2\/pages\/27765\/revisions"}],"predecessor-version":[{"id":29849,"href":"https:\/\/www.costabravafoods.com\/de\/wp-json\/wp\/v2\/pages\/27765\/revisions\/29849"}],"wp:attachment":[{"href":"https:\/\/www.costabravafoods.com\/de\/wp-json\/wp\/v2\/media?parent=27765"}],"curies":[{"name":"wp","href":"https:\/\/api.w.org\/{rel}","templated":true}]}}