

{"id":32246,"date":"2025-07-18T11:45:10","date_gmt":"2025-07-18T09:45:10","guid":{"rendered":"https:\/\/www.costabravafoods.com\/producto\/croquetas-mit-gorgonzola-500-g\/"},"modified":"2025-09-30T19:03:17","modified_gmt":"2025-09-30T17:03:17","slug":"croquetas-mit-gorgonzola-500-g","status":"publish","type":"product","link":"https:\/\/www.costabravafoods.com\/de\/produkt\/croquetas-mit-gorgonzola-500-g\/","title":{"rendered":"Croquetas mit Gorgonzola, 500 g"},"content":{"rendered":"<p>Die Croquetas mit Gorgonzola und Rosinen von Costa Brava Mediterranean Foods sind ein ganz besonderer Leckerbissen f\u00fcr K\u00e4seliebhaber. Die Kombination aus Blauschimmelk\u00e4se mit dem s\u00fc\u00dfen Touch der Rosinen ist ein garantierter Erfolg.<\/p>\n","protected":false},"excerpt":{"rendered":"<p>Croquetas mit Gorgonzola, ein Leckerbissen f\u00fcr K\u00e4seliebhaber.<\/p>\n","protected":false},"featured_media":17236,"template":"","meta":[],"product_brand":[],"product_cat":[365,364],"product_tag":[],"corte_cerdo":[],"corte_vacuno":[],"fresh_retail":[],"conservacion":[],"envase":[],"tipo_corte":[],"class_list":{"0":"post-32246","1":"product","2":"type-product","3":"status-publish","4":"has-post-thumbnail","6":"product_cat-croquetas-de","7":"product_cat-delicious-de","9":"first","10":"instock","11":"product-type-simple"},"yoast_head":"<!-- This site is optimized with the Yoast SEO plugin v27.2 - https:\/\/yoast.com\/product\/yoast-seo-wordpress\/ -->\n<title>Croquetas mit Gorgonzola, 500 g<\/title>\n<meta name=\"description\" content=\"Croquetas mit Gorgonzola, ein Leckerbissen f\u00fcr K\u00e4seliebhaber.\" \/>\n<meta name=\"robots\" content=\"index, follow, max-snippet:-1, max-image-preview:large, max-video-preview:-1\" \/>\n<link rel=\"canonical\" href=\"https:\/\/www.costabravafoods.com\/de\/produkt\/croquetas-mit-gorgonzola-500-g\/\" \/>\n<meta property=\"og:locale\" content=\"de_DE\" \/>\n<meta property=\"og:type\" content=\"article\" \/>\n<meta property=\"og:title\" content=\"Croquetas mit Gorgonzola, 500 g\" \/>\n<meta property=\"og:description\" content=\"Croquetas mit Gorgonzola, ein Leckerbissen f\u00fcr K\u00e4seliebhaber.\" \/>\n<meta property=\"og:url\" content=\"https:\/\/www.costabravafoods.com\/de\/produkt\/croquetas-mit-gorgonzola-500-g\/\" \/>\n<meta property=\"og:site_name\" content=\"Costa Brava Foods\" \/>\n<meta property=\"article:modified_time\" content=\"2025-09-30T17:03:17+00:00\" \/>\n<meta property=\"og:image\" content=\"https:\/\/www.costabravafoods.com\/wp-content\/uploads\/2025\/07\/croquetas-gorgonzola-cheese.jpg\" \/>\n\t<meta property=\"og:image:width\" content=\"1000\" \/>\n\t<meta property=\"og:image:height\" content=\"1000\" \/>\n\t<meta property=\"og:image:type\" content=\"image\/jpeg\" \/>\n<meta name=\"twitter:card\" content=\"summary_large_image\" \/>\n<script type=\"application\/ld+json\" class=\"yoast-schema-graph\">{\"@context\":\"https:\/\/schema.org\",\"@graph\":[{\"@type\":\"WebPage\",\"@id\":\"https:\/\/www.costabravafoods.com\/de\/produkt\/croquetas-mit-gorgonzola-500-g\/\",\"url\":\"https:\/\/www.costabravafoods.com\/de\/produkt\/croquetas-mit-gorgonzola-500-g\/\",\"name\":\"Croquetas mit Gorgonzola, 500 g\",\"isPartOf\":{\"@id\":\"https:\/\/www.costabravafoods.com\/#website\"},\"primaryImageOfPage\":{\"@id\":\"https:\/\/www.costabravafoods.com\/de\/produkt\/croquetas-mit-gorgonzola-500-g\/#primaryimage\"},\"image\":{\"@id\":\"https:\/\/www.costabravafoods.com\/de\/produkt\/croquetas-mit-gorgonzola-500-g\/#primaryimage\"},\"thumbnailUrl\":\"https:\/\/www.costabravafoods.com\/wp-content\/uploads\/2025\/07\/croquetas-gorgonzola-cheese.jpg\",\"datePublished\":\"2025-07-18T09:45:10+00:00\",\"dateModified\":\"2025-09-30T17:03:17+00:00\",\"description\":\"Croquetas mit Gorgonzola, ein Leckerbissen f\u00fcr K\u00e4seliebhaber.\",\"breadcrumb\":{\"@id\":\"https:\/\/www.costabravafoods.com\/de\/produkt\/croquetas-mit-gorgonzola-500-g\/#breadcrumb\"},\"inLanguage\":\"de\",\"potentialAction\":[{\"@type\":\"ReadAction\",\"target\":[\"https:\/\/www.costabravafoods.com\/de\/produkt\/croquetas-mit-gorgonzola-500-g\/\"]}]},{\"@type\":\"ImageObject\",\"inLanguage\":\"de\",\"@id\":\"https:\/\/www.costabravafoods.com\/de\/produkt\/croquetas-mit-gorgonzola-500-g\/#primaryimage\",\"url\":\"https:\/\/www.costabravafoods.com\/wp-content\/uploads\/2025\/07\/croquetas-gorgonzola-cheese.jpg\",\"contentUrl\":\"https:\/\/www.costabravafoods.com\/wp-content\/uploads\/2025\/07\/croquetas-gorgonzola-cheese.jpg\",\"width\":1000,\"height\":1000,\"caption\":\"Croquetas mit Gorgonzola\"},{\"@type\":\"BreadcrumbList\",\"@id\":\"https:\/\/www.costabravafoods.com\/de\/produkt\/croquetas-mit-gorgonzola-500-g\/#breadcrumb\",\"itemListElement\":[{\"@type\":\"ListItem\",\"position\":1,\"name\":\"Portada\",\"item\":\"https:\/\/www.costabravafoods.com\/de\/\"},{\"@type\":\"ListItem\",\"position\":2,\"name\":\"Produkte\",\"item\":\"https:\/\/www.costabravafoods.com\/productos\/\"},{\"@type\":\"ListItem\",\"position\":3,\"name\":\"Croquetas mit Gorgonzola, 500 g\"}]},{\"@type\":\"WebSite\",\"@id\":\"https:\/\/www.costabravafoods.com\/#website\",\"url\":\"https:\/\/www.costabravafoods.com\/\",\"name\":\"Costa Brava Foods\",\"description\":\"\",\"potentialAction\":[{\"@type\":\"SearchAction\",\"target\":{\"@type\":\"EntryPoint\",\"urlTemplate\":\"https:\/\/www.costabravafoods.com\/?s={search_term_string}\"},\"query-input\":{\"@type\":\"PropertyValueSpecification\",\"valueRequired\":true,\"valueName\":\"search_term_string\"}}],\"inLanguage\":\"de\"}]}<\/script>\n<!-- \/ Yoast SEO plugin. -->","yoast_head_json":{"title":"Croquetas mit Gorgonzola, 500 g","description":"Croquetas mit Gorgonzola, ein Leckerbissen f\u00fcr K\u00e4seliebhaber.","robots":{"index":"index","follow":"follow","max-snippet":"max-snippet:-1","max-image-preview":"max-image-preview:large","max-video-preview":"max-video-preview:-1"},"canonical":"https:\/\/www.costabravafoods.com\/de\/produkt\/croquetas-mit-gorgonzola-500-g\/","og_locale":"de_DE","og_type":"article","og_title":"Croquetas mit Gorgonzola, 500 g","og_description":"Croquetas mit Gorgonzola, ein Leckerbissen f\u00fcr K\u00e4seliebhaber.","og_url":"https:\/\/www.costabravafoods.com\/de\/produkt\/croquetas-mit-gorgonzola-500-g\/","og_site_name":"Costa Brava Foods","article_modified_time":"2025-09-30T17:03:17+00:00","og_image":[{"width":1000,"height":1000,"url":"https:\/\/www.costabravafoods.com\/wp-content\/uploads\/2025\/07\/croquetas-gorgonzola-cheese.jpg","type":"image\/jpeg"}],"twitter_card":"summary_large_image","schema":{"@context":"https:\/\/schema.org","@graph":[{"@type":"WebPage","@id":"https:\/\/www.costabravafoods.com\/de\/produkt\/croquetas-mit-gorgonzola-500-g\/","url":"https:\/\/www.costabravafoods.com\/de\/produkt\/croquetas-mit-gorgonzola-500-g\/","name":"Croquetas mit Gorgonzola, 500 g","isPartOf":{"@id":"https:\/\/www.costabravafoods.com\/#website"},"primaryImageOfPage":{"@id":"https:\/\/www.costabravafoods.com\/de\/produkt\/croquetas-mit-gorgonzola-500-g\/#primaryimage"},"image":{"@id":"https:\/\/www.costabravafoods.com\/de\/produkt\/croquetas-mit-gorgonzola-500-g\/#primaryimage"},"thumbnailUrl":"https:\/\/www.costabravafoods.com\/wp-content\/uploads\/2025\/07\/croquetas-gorgonzola-cheese.jpg","datePublished":"2025-07-18T09:45:10+00:00","dateModified":"2025-09-30T17:03:17+00:00","description":"Croquetas mit Gorgonzola, ein Leckerbissen f\u00fcr K\u00e4seliebhaber.","breadcrumb":{"@id":"https:\/\/www.costabravafoods.com\/de\/produkt\/croquetas-mit-gorgonzola-500-g\/#breadcrumb"},"inLanguage":"de","potentialAction":[{"@type":"ReadAction","target":["https:\/\/www.costabravafoods.com\/de\/produkt\/croquetas-mit-gorgonzola-500-g\/"]}]},{"@type":"ImageObject","inLanguage":"de","@id":"https:\/\/www.costabravafoods.com\/de\/produkt\/croquetas-mit-gorgonzola-500-g\/#primaryimage","url":"https:\/\/www.costabravafoods.com\/wp-content\/uploads\/2025\/07\/croquetas-gorgonzola-cheese.jpg","contentUrl":"https:\/\/www.costabravafoods.com\/wp-content\/uploads\/2025\/07\/croquetas-gorgonzola-cheese.jpg","width":1000,"height":1000,"caption":"Croquetas mit Gorgonzola"},{"@type":"BreadcrumbList","@id":"https:\/\/www.costabravafoods.com\/de\/produkt\/croquetas-mit-gorgonzola-500-g\/#breadcrumb","itemListElement":[{"@type":"ListItem","position":1,"name":"Portada","item":"https:\/\/www.costabravafoods.com\/de\/"},{"@type":"ListItem","position":2,"name":"Produkte","item":"https:\/\/www.costabravafoods.com\/productos\/"},{"@type":"ListItem","position":3,"name":"Croquetas mit Gorgonzola, 500 g"}]},{"@type":"WebSite","@id":"https:\/\/www.costabravafoods.com\/#website","url":"https:\/\/www.costabravafoods.com\/","name":"Costa Brava Foods","description":"","potentialAction":[{"@type":"SearchAction","target":{"@type":"EntryPoint","urlTemplate":"https:\/\/www.costabravafoods.com\/?s={search_term_string}"},"query-input":{"@type":"PropertyValueSpecification","valueRequired":true,"valueName":"search_term_string"}}],"inLanguage":"de"}]}},"_links":{"self":[{"href":"https:\/\/www.costabravafoods.com\/de\/wp-json\/wp\/v2\/product\/32246","targetHints":{"allow":["GET"]}}],"collection":[{"href":"https:\/\/www.costabravafoods.com\/de\/wp-json\/wp\/v2\/product"}],"about":[{"href":"https:\/\/www.costabravafoods.com\/de\/wp-json\/wp\/v2\/types\/product"}],"wp:featuredmedia":[{"embeddable":true,"href":"https:\/\/www.costabravafoods.com\/de\/wp-json\/wp\/v2\/media\/17236"}],"wp:attachment":[{"href":"https:\/\/www.costabravafoods.com\/de\/wp-json\/wp\/v2\/media?parent=32246"}],"wp:term":[{"taxonomy":"product_brand","embeddable":true,"href":"https:\/\/www.costabravafoods.com\/de\/wp-json\/wp\/v2\/product_brand?post=32246"},{"taxonomy":"product_cat","embeddable":true,"href":"https:\/\/www.costabravafoods.com\/de\/wp-json\/wp\/v2\/product_cat?post=32246"},{"taxonomy":"product_tag","embeddable":true,"href":"https:\/\/www.costabravafoods.com\/de\/wp-json\/wp\/v2\/product_tag?post=32246"},{"taxonomy":"corte_cerdo","embeddable":true,"href":"https:\/\/www.costabravafoods.com\/de\/wp-json\/wp\/v2\/corte_cerdo?post=32246"},{"taxonomy":"corte_vacuno","embeddable":true,"href":"https:\/\/www.costabravafoods.com\/de\/wp-json\/wp\/v2\/corte_vacuno?post=32246"},{"taxonomy":"fresh_retail","embeddable":true,"href":"https:\/\/www.costabravafoods.com\/de\/wp-json\/wp\/v2\/fresh_retail?post=32246"},{"taxonomy":"conservacion","embeddable":true,"href":"https:\/\/www.costabravafoods.com\/de\/wp-json\/wp\/v2\/conservacion?post=32246"},{"taxonomy":"envase","embeddable":true,"href":"https:\/\/www.costabravafoods.com\/de\/wp-json\/wp\/v2\/envase?post=32246"},{"taxonomy":"tipo_corte","embeddable":true,"href":"https:\/\/www.costabravafoods.com\/de\/wp-json\/wp\/v2\/tipo_corte?post=32246"}],"curies":[{"name":"wp","href":"https:\/\/api.w.org\/{rel}","templated":true}]}}