

{"id":32270,"date":"2025-07-18T11:46:23","date_gmt":"2025-07-18T09:46:23","guid":{"rendered":"https:\/\/www.costabravafoods.com\/producto\/steaks-vom-gebeizten-schweineruecken\/"},"modified":"2025-09-30T19:03:41","modified_gmt":"2025-09-30T17:03:41","slug":"steaks-vom-gebeizten-schweineruecken","status":"publish","type":"product","link":"https:\/\/www.costabravafoods.com\/de\/produkt\/steaks-vom-gebeizten-schweineruecken\/","title":{"rendered":"Steaks vom gebeizten Schweiner\u00fccken"},"content":{"rendered":"<p>Die Steaks vom mit rotem Paprika gebeizten Schweiner\u00fccken sind einer unserer Bestseller. Ein vielseitiges, saftiges und zartes Produkt, perfekt f\u00fcr Grill, Pfanne oder B\u00fcfetts. Bleibt auch nach dem Garen zart und bietet eine einfache und schnelle Zubereitung.<\/p>\n","protected":false},"excerpt":{"rendered":"<p>Steaks vom mit rotem Paprika gebeizten Schweiner\u00fccken, vielseitig, saftig und zart, perfekt f\u00fcr Grill, Pfanne oder B\u00fcfett<\/p>\n","protected":false},"featured_media":17428,"template":"","meta":[],"product_brand":[],"product_cat":[364,367],"product_tag":[],"corte_cerdo":[],"corte_vacuno":[],"fresh_retail":[],"conservacion":[],"envase":[],"tipo_corte":[],"class_list":{"0":"post-32270","1":"product","2":"type-product","3":"status-publish","4":"has-post-thumbnail","6":"product_cat-delicious-de","7":"product_cat-mariniert","9":"first","10":"instock","11":"product-type-simple"},"yoast_head":"<!-- This site is optimized with the Yoast SEO plugin v27.2 - https:\/\/yoast.com\/product\/yoast-seo-wordpress\/ -->\n<title>Steaks vom gebeizten Schweiner\u00fccken<\/title>\n<meta name=\"description\" content=\"Steaks vom mit rotem Paprika gebeizten Schweiner\u00fccken, vielseitig, saftig und zart, perfekt f\u00fcr Grill, Pfanne oder B\u00fcfett\" \/>\n<meta name=\"robots\" content=\"index, follow, max-snippet:-1, max-image-preview:large, max-video-preview:-1\" \/>\n<link rel=\"canonical\" href=\"https:\/\/www.costabravafoods.com\/de\/produkt\/steaks-vom-gebeizten-schweineruecken\/\" \/>\n<meta property=\"og:locale\" content=\"de_DE\" \/>\n<meta property=\"og:type\" content=\"article\" \/>\n<meta property=\"og:title\" content=\"Steaks vom gebeizten Schweiner\u00fccken\" \/>\n<meta property=\"og:description\" content=\"Steaks vom mit rotem Paprika gebeizten Schweiner\u00fccken, vielseitig, saftig und zart, perfekt f\u00fcr Grill, Pfanne oder B\u00fcfett\" \/>\n<meta property=\"og:url\" content=\"https:\/\/www.costabravafoods.com\/de\/produkt\/steaks-vom-gebeizten-schweineruecken\/\" \/>\n<meta property=\"og:site_name\" content=\"Costa Brava Foods\" \/>\n<meta property=\"article:modified_time\" content=\"2025-09-30T17:03:41+00:00\" \/>\n<meta property=\"og:image\" content=\"https:\/\/www.costabravafoods.com\/wp-content\/uploads\/2025\/07\/lomo-adobado-paprika-loin.png\" \/>\n\t<meta property=\"og:image:width\" content=\"1000\" \/>\n\t<meta property=\"og:image:height\" content=\"1000\" \/>\n\t<meta property=\"og:image:type\" content=\"image\/png\" \/>\n<meta name=\"twitter:card\" content=\"summary_large_image\" \/>\n<script type=\"application\/ld+json\" class=\"yoast-schema-graph\">{\"@context\":\"https:\/\/schema.org\",\"@graph\":[{\"@type\":\"WebPage\",\"@id\":\"https:\/\/www.costabravafoods.com\/de\/produkt\/steaks-vom-gebeizten-schweineruecken\/\",\"url\":\"https:\/\/www.costabravafoods.com\/de\/produkt\/steaks-vom-gebeizten-schweineruecken\/\",\"name\":\"Steaks vom gebeizten Schweiner\u00fccken\",\"isPartOf\":{\"@id\":\"https:\/\/www.costabravafoods.com\/#website\"},\"primaryImageOfPage\":{\"@id\":\"https:\/\/www.costabravafoods.com\/de\/produkt\/steaks-vom-gebeizten-schweineruecken\/#primaryimage\"},\"image\":{\"@id\":\"https:\/\/www.costabravafoods.com\/de\/produkt\/steaks-vom-gebeizten-schweineruecken\/#primaryimage\"},\"thumbnailUrl\":\"https:\/\/www.costabravafoods.com\/wp-content\/uploads\/2025\/07\/lomo-adobado-paprika-loin.png\",\"datePublished\":\"2025-07-18T09:46:23+00:00\",\"dateModified\":\"2025-09-30T17:03:41+00:00\",\"description\":\"Steaks vom mit rotem Paprika gebeizten Schweiner\u00fccken, vielseitig, saftig und zart, perfekt f\u00fcr Grill, Pfanne oder B\u00fcfett\",\"breadcrumb\":{\"@id\":\"https:\/\/www.costabravafoods.com\/de\/produkt\/steaks-vom-gebeizten-schweineruecken\/#breadcrumb\"},\"inLanguage\":\"de\",\"potentialAction\":[{\"@type\":\"ReadAction\",\"target\":[\"https:\/\/www.costabravafoods.com\/de\/produkt\/steaks-vom-gebeizten-schweineruecken\/\"]}]},{\"@type\":\"ImageObject\",\"inLanguage\":\"de\",\"@id\":\"https:\/\/www.costabravafoods.com\/de\/produkt\/steaks-vom-gebeizten-schweineruecken\/#primaryimage\",\"url\":\"https:\/\/www.costabravafoods.com\/wp-content\/uploads\/2025\/07\/lomo-adobado-paprika-loin.png\",\"contentUrl\":\"https:\/\/www.costabravafoods.com\/wp-content\/uploads\/2025\/07\/lomo-adobado-paprika-loin.png\",\"width\":1000,\"height\":1000,\"caption\":\"Steaks vom mit rotem Paprika gebeizten Schweiner\u00fccken\"},{\"@type\":\"BreadcrumbList\",\"@id\":\"https:\/\/www.costabravafoods.com\/de\/produkt\/steaks-vom-gebeizten-schweineruecken\/#breadcrumb\",\"itemListElement\":[{\"@type\":\"ListItem\",\"position\":1,\"name\":\"Portada\",\"item\":\"https:\/\/www.costabravafoods.com\/de\/\"},{\"@type\":\"ListItem\",\"position\":2,\"name\":\"Produkte\",\"item\":\"https:\/\/www.costabravafoods.com\/productos\/\"},{\"@type\":\"ListItem\",\"position\":3,\"name\":\"Steaks vom gebeizten Schweiner\u00fccken\"}]},{\"@type\":\"WebSite\",\"@id\":\"https:\/\/www.costabravafoods.com\/#website\",\"url\":\"https:\/\/www.costabravafoods.com\/\",\"name\":\"Costa Brava Foods\",\"description\":\"\",\"potentialAction\":[{\"@type\":\"SearchAction\",\"target\":{\"@type\":\"EntryPoint\",\"urlTemplate\":\"https:\/\/www.costabravafoods.com\/?s={search_term_string}\"},\"query-input\":{\"@type\":\"PropertyValueSpecification\",\"valueRequired\":true,\"valueName\":\"search_term_string\"}}],\"inLanguage\":\"de\"}]}<\/script>\n<!-- \/ Yoast SEO plugin. -->","yoast_head_json":{"title":"Steaks vom gebeizten Schweiner\u00fccken","description":"Steaks vom mit rotem Paprika gebeizten Schweiner\u00fccken, vielseitig, saftig und zart, perfekt f\u00fcr Grill, Pfanne oder B\u00fcfett","robots":{"index":"index","follow":"follow","max-snippet":"max-snippet:-1","max-image-preview":"max-image-preview:large","max-video-preview":"max-video-preview:-1"},"canonical":"https:\/\/www.costabravafoods.com\/de\/produkt\/steaks-vom-gebeizten-schweineruecken\/","og_locale":"de_DE","og_type":"article","og_title":"Steaks vom gebeizten Schweiner\u00fccken","og_description":"Steaks vom mit rotem Paprika gebeizten Schweiner\u00fccken, vielseitig, saftig und zart, perfekt f\u00fcr Grill, Pfanne oder B\u00fcfett","og_url":"https:\/\/www.costabravafoods.com\/de\/produkt\/steaks-vom-gebeizten-schweineruecken\/","og_site_name":"Costa Brava Foods","article_modified_time":"2025-09-30T17:03:41+00:00","og_image":[{"width":1000,"height":1000,"url":"https:\/\/www.costabravafoods.com\/wp-content\/uploads\/2025\/07\/lomo-adobado-paprika-loin.png","type":"image\/png"}],"twitter_card":"summary_large_image","schema":{"@context":"https:\/\/schema.org","@graph":[{"@type":"WebPage","@id":"https:\/\/www.costabravafoods.com\/de\/produkt\/steaks-vom-gebeizten-schweineruecken\/","url":"https:\/\/www.costabravafoods.com\/de\/produkt\/steaks-vom-gebeizten-schweineruecken\/","name":"Steaks vom gebeizten Schweiner\u00fccken","isPartOf":{"@id":"https:\/\/www.costabravafoods.com\/#website"},"primaryImageOfPage":{"@id":"https:\/\/www.costabravafoods.com\/de\/produkt\/steaks-vom-gebeizten-schweineruecken\/#primaryimage"},"image":{"@id":"https:\/\/www.costabravafoods.com\/de\/produkt\/steaks-vom-gebeizten-schweineruecken\/#primaryimage"},"thumbnailUrl":"https:\/\/www.costabravafoods.com\/wp-content\/uploads\/2025\/07\/lomo-adobado-paprika-loin.png","datePublished":"2025-07-18T09:46:23+00:00","dateModified":"2025-09-30T17:03:41+00:00","description":"Steaks vom mit rotem Paprika gebeizten Schweiner\u00fccken, vielseitig, saftig und zart, perfekt f\u00fcr Grill, Pfanne oder B\u00fcfett","breadcrumb":{"@id":"https:\/\/www.costabravafoods.com\/de\/produkt\/steaks-vom-gebeizten-schweineruecken\/#breadcrumb"},"inLanguage":"de","potentialAction":[{"@type":"ReadAction","target":["https:\/\/www.costabravafoods.com\/de\/produkt\/steaks-vom-gebeizten-schweineruecken\/"]}]},{"@type":"ImageObject","inLanguage":"de","@id":"https:\/\/www.costabravafoods.com\/de\/produkt\/steaks-vom-gebeizten-schweineruecken\/#primaryimage","url":"https:\/\/www.costabravafoods.com\/wp-content\/uploads\/2025\/07\/lomo-adobado-paprika-loin.png","contentUrl":"https:\/\/www.costabravafoods.com\/wp-content\/uploads\/2025\/07\/lomo-adobado-paprika-loin.png","width":1000,"height":1000,"caption":"Steaks vom mit rotem Paprika gebeizten Schweiner\u00fccken"},{"@type":"BreadcrumbList","@id":"https:\/\/www.costabravafoods.com\/de\/produkt\/steaks-vom-gebeizten-schweineruecken\/#breadcrumb","itemListElement":[{"@type":"ListItem","position":1,"name":"Portada","item":"https:\/\/www.costabravafoods.com\/de\/"},{"@type":"ListItem","position":2,"name":"Produkte","item":"https:\/\/www.costabravafoods.com\/productos\/"},{"@type":"ListItem","position":3,"name":"Steaks vom gebeizten Schweiner\u00fccken"}]},{"@type":"WebSite","@id":"https:\/\/www.costabravafoods.com\/#website","url":"https:\/\/www.costabravafoods.com\/","name":"Costa Brava Foods","description":"","potentialAction":[{"@type":"SearchAction","target":{"@type":"EntryPoint","urlTemplate":"https:\/\/www.costabravafoods.com\/?s={search_term_string}"},"query-input":{"@type":"PropertyValueSpecification","valueRequired":true,"valueName":"search_term_string"}}],"inLanguage":"de"}]}},"_links":{"self":[{"href":"https:\/\/www.costabravafoods.com\/de\/wp-json\/wp\/v2\/product\/32270","targetHints":{"allow":["GET"]}}],"collection":[{"href":"https:\/\/www.costabravafoods.com\/de\/wp-json\/wp\/v2\/product"}],"about":[{"href":"https:\/\/www.costabravafoods.com\/de\/wp-json\/wp\/v2\/types\/product"}],"wp:featuredmedia":[{"embeddable":true,"href":"https:\/\/www.costabravafoods.com\/de\/wp-json\/wp\/v2\/media\/17428"}],"wp:attachment":[{"href":"https:\/\/www.costabravafoods.com\/de\/wp-json\/wp\/v2\/media?parent=32270"}],"wp:term":[{"taxonomy":"product_brand","embeddable":true,"href":"https:\/\/www.costabravafoods.com\/de\/wp-json\/wp\/v2\/product_brand?post=32270"},{"taxonomy":"product_cat","embeddable":true,"href":"https:\/\/www.costabravafoods.com\/de\/wp-json\/wp\/v2\/product_cat?post=32270"},{"taxonomy":"product_tag","embeddable":true,"href":"https:\/\/www.costabravafoods.com\/de\/wp-json\/wp\/v2\/product_tag?post=32270"},{"taxonomy":"corte_cerdo","embeddable":true,"href":"https:\/\/www.costabravafoods.com\/de\/wp-json\/wp\/v2\/corte_cerdo?post=32270"},{"taxonomy":"corte_vacuno","embeddable":true,"href":"https:\/\/www.costabravafoods.com\/de\/wp-json\/wp\/v2\/corte_vacuno?post=32270"},{"taxonomy":"fresh_retail","embeddable":true,"href":"https:\/\/www.costabravafoods.com\/de\/wp-json\/wp\/v2\/fresh_retail?post=32270"},{"taxonomy":"conservacion","embeddable":true,"href":"https:\/\/www.costabravafoods.com\/de\/wp-json\/wp\/v2\/conservacion?post=32270"},{"taxonomy":"envase","embeddable":true,"href":"https:\/\/www.costabravafoods.com\/de\/wp-json\/wp\/v2\/envase?post=32270"},{"taxonomy":"tipo_corte","embeddable":true,"href":"https:\/\/www.costabravafoods.com\/de\/wp-json\/wp\/v2\/tipo_corte?post=32270"}],"curies":[{"name":"wp","href":"https:\/\/api.w.org\/{rel}","templated":true}]}}