

{"id":32271,"date":"2025-07-18T11:46:23","date_gmt":"2025-07-18T09:46:23","guid":{"rendered":"https:\/\/www.costabravafoods.com\/producto\/schweineruecken-mit-knoblauch\/"},"modified":"2025-09-30T19:03:42","modified_gmt":"2025-09-30T17:03:42","slug":"schweineruecken-mit-knoblauch","status":"publish","type":"product","link":"https:\/\/www.costabravafoods.com\/de\/produkt\/schweineruecken-mit-knoblauch\/","title":{"rendered":"Schweiner\u00fccken mit Knoblauch"},"content":{"rendered":"<p>Die Steaks vom Schweiner\u00fccken mit Knoblauch sind einer unserer Bestseller. Ein vielseitiges, saftiges und zartes Produkt, perfekt f\u00fcr Grill, Pfanne oder B\u00fcfetts. Bleibt auch nach dem Garen zart und bietet eine einfache und schnelle Zubereitung.<\/p>\n","protected":false},"excerpt":{"rendered":"<p>Steaks vom Schweiner\u00fccken mit Knoblauch, vielseitig, saftig und zart, perfekt f\u00fcr Grill, Pfanne oder B\u00fcfett<\/p>\n","protected":false},"featured_media":17436,"template":"","meta":[],"product_brand":[],"product_cat":[364,367],"product_tag":[],"corte_cerdo":[],"corte_vacuno":[],"fresh_retail":[],"conservacion":[],"envase":[],"tipo_corte":[],"class_list":{"0":"post-32271","1":"product","2":"type-product","3":"status-publish","4":"has-post-thumbnail","6":"product_cat-delicious-de","7":"product_cat-mariniert","9":"first","10":"instock","11":"product-type-simple"},"yoast_head":"<!-- This site is optimized with the Yoast SEO plugin v27.2 - https:\/\/yoast.com\/product\/yoast-seo-wordpress\/ -->\n<title>Schweiner\u00fccken mit Knoblauch<\/title>\n<meta name=\"description\" content=\"Steaks vom Schweiner\u00fccken mit Knoblauch, vielseitig, saftig und zart, perfekt f\u00fcr Grill, Pfanne oder B\u00fcfett\" \/>\n<meta name=\"robots\" content=\"index, follow, max-snippet:-1, max-image-preview:large, max-video-preview:-1\" \/>\n<link rel=\"canonical\" href=\"https:\/\/www.costabravafoods.com\/de\/produkt\/schweineruecken-mit-knoblauch\/\" \/>\n<meta property=\"og:locale\" content=\"de_DE\" \/>\n<meta property=\"og:type\" content=\"article\" \/>\n<meta property=\"og:title\" content=\"Schweiner\u00fccken mit Knoblauch\" \/>\n<meta property=\"og:description\" content=\"Steaks vom Schweiner\u00fccken mit Knoblauch, vielseitig, saftig und zart, perfekt f\u00fcr Grill, Pfanne oder B\u00fcfett\" \/>\n<meta property=\"og:url\" content=\"https:\/\/www.costabravafoods.com\/de\/produkt\/schweineruecken-mit-knoblauch\/\" \/>\n<meta property=\"og:site_name\" content=\"Costa Brava Foods\" \/>\n<meta property=\"article:modified_time\" content=\"2025-09-30T17:03:42+00:00\" \/>\n<meta property=\"og:image\" content=\"https:\/\/www.costabravafoods.com\/wp-content\/uploads\/2025\/07\/lomo-ajillo-garlic-loin.png\" \/>\n\t<meta property=\"og:image:width\" content=\"1000\" \/>\n\t<meta property=\"og:image:height\" content=\"1000\" \/>\n\t<meta property=\"og:image:type\" content=\"image\/png\" \/>\n<meta name=\"twitter:card\" content=\"summary_large_image\" \/>\n<script type=\"application\/ld+json\" class=\"yoast-schema-graph\">{\"@context\":\"https:\/\/schema.org\",\"@graph\":[{\"@type\":\"WebPage\",\"@id\":\"https:\/\/www.costabravafoods.com\/de\/produkt\/schweineruecken-mit-knoblauch\/\",\"url\":\"https:\/\/www.costabravafoods.com\/de\/produkt\/schweineruecken-mit-knoblauch\/\",\"name\":\"Schweiner\u00fccken mit Knoblauch\",\"isPartOf\":{\"@id\":\"https:\/\/www.costabravafoods.com\/#website\"},\"primaryImageOfPage\":{\"@id\":\"https:\/\/www.costabravafoods.com\/de\/produkt\/schweineruecken-mit-knoblauch\/#primaryimage\"},\"image\":{\"@id\":\"https:\/\/www.costabravafoods.com\/de\/produkt\/schweineruecken-mit-knoblauch\/#primaryimage\"},\"thumbnailUrl\":\"https:\/\/www.costabravafoods.com\/wp-content\/uploads\/2025\/07\/lomo-ajillo-garlic-loin.png\",\"datePublished\":\"2025-07-18T09:46:23+00:00\",\"dateModified\":\"2025-09-30T17:03:42+00:00\",\"description\":\"Steaks vom Schweiner\u00fccken mit Knoblauch, vielseitig, saftig und zart, perfekt f\u00fcr Grill, Pfanne oder B\u00fcfett\",\"breadcrumb\":{\"@id\":\"https:\/\/www.costabravafoods.com\/de\/produkt\/schweineruecken-mit-knoblauch\/#breadcrumb\"},\"inLanguage\":\"de\",\"potentialAction\":[{\"@type\":\"ReadAction\",\"target\":[\"https:\/\/www.costabravafoods.com\/de\/produkt\/schweineruecken-mit-knoblauch\/\"]}]},{\"@type\":\"ImageObject\",\"inLanguage\":\"de\",\"@id\":\"https:\/\/www.costabravafoods.com\/de\/produkt\/schweineruecken-mit-knoblauch\/#primaryimage\",\"url\":\"https:\/\/www.costabravafoods.com\/wp-content\/uploads\/2025\/07\/lomo-ajillo-garlic-loin.png\",\"contentUrl\":\"https:\/\/www.costabravafoods.com\/wp-content\/uploads\/2025\/07\/lomo-ajillo-garlic-loin.png\",\"width\":1000,\"height\":1000,\"caption\":\"Steaks vom Schweiner\u00fccken mit Knoblauch\"},{\"@type\":\"BreadcrumbList\",\"@id\":\"https:\/\/www.costabravafoods.com\/de\/produkt\/schweineruecken-mit-knoblauch\/#breadcrumb\",\"itemListElement\":[{\"@type\":\"ListItem\",\"position\":1,\"name\":\"Portada\",\"item\":\"https:\/\/www.costabravafoods.com\/de\/\"},{\"@type\":\"ListItem\",\"position\":2,\"name\":\"Produkte\",\"item\":\"https:\/\/www.costabravafoods.com\/productos\/\"},{\"@type\":\"ListItem\",\"position\":3,\"name\":\"Schweiner\u00fccken mit Knoblauch\"}]},{\"@type\":\"WebSite\",\"@id\":\"https:\/\/www.costabravafoods.com\/#website\",\"url\":\"https:\/\/www.costabravafoods.com\/\",\"name\":\"Costa Brava Foods\",\"description\":\"\",\"potentialAction\":[{\"@type\":\"SearchAction\",\"target\":{\"@type\":\"EntryPoint\",\"urlTemplate\":\"https:\/\/www.costabravafoods.com\/?s={search_term_string}\"},\"query-input\":{\"@type\":\"PropertyValueSpecification\",\"valueRequired\":true,\"valueName\":\"search_term_string\"}}],\"inLanguage\":\"de\"}]}<\/script>\n<!-- \/ Yoast SEO plugin. -->","yoast_head_json":{"title":"Schweiner\u00fccken mit Knoblauch","description":"Steaks vom Schweiner\u00fccken mit Knoblauch, vielseitig, saftig und zart, perfekt f\u00fcr Grill, Pfanne oder B\u00fcfett","robots":{"index":"index","follow":"follow","max-snippet":"max-snippet:-1","max-image-preview":"max-image-preview:large","max-video-preview":"max-video-preview:-1"},"canonical":"https:\/\/www.costabravafoods.com\/de\/produkt\/schweineruecken-mit-knoblauch\/","og_locale":"de_DE","og_type":"article","og_title":"Schweiner\u00fccken mit Knoblauch","og_description":"Steaks vom Schweiner\u00fccken mit Knoblauch, vielseitig, saftig und zart, perfekt f\u00fcr Grill, Pfanne oder B\u00fcfett","og_url":"https:\/\/www.costabravafoods.com\/de\/produkt\/schweineruecken-mit-knoblauch\/","og_site_name":"Costa Brava Foods","article_modified_time":"2025-09-30T17:03:42+00:00","og_image":[{"width":1000,"height":1000,"url":"https:\/\/www.costabravafoods.com\/wp-content\/uploads\/2025\/07\/lomo-ajillo-garlic-loin.png","type":"image\/png"}],"twitter_card":"summary_large_image","schema":{"@context":"https:\/\/schema.org","@graph":[{"@type":"WebPage","@id":"https:\/\/www.costabravafoods.com\/de\/produkt\/schweineruecken-mit-knoblauch\/","url":"https:\/\/www.costabravafoods.com\/de\/produkt\/schweineruecken-mit-knoblauch\/","name":"Schweiner\u00fccken mit Knoblauch","isPartOf":{"@id":"https:\/\/www.costabravafoods.com\/#website"},"primaryImageOfPage":{"@id":"https:\/\/www.costabravafoods.com\/de\/produkt\/schweineruecken-mit-knoblauch\/#primaryimage"},"image":{"@id":"https:\/\/www.costabravafoods.com\/de\/produkt\/schweineruecken-mit-knoblauch\/#primaryimage"},"thumbnailUrl":"https:\/\/www.costabravafoods.com\/wp-content\/uploads\/2025\/07\/lomo-ajillo-garlic-loin.png","datePublished":"2025-07-18T09:46:23+00:00","dateModified":"2025-09-30T17:03:42+00:00","description":"Steaks vom Schweiner\u00fccken mit Knoblauch, vielseitig, saftig und zart, perfekt f\u00fcr Grill, Pfanne oder B\u00fcfett","breadcrumb":{"@id":"https:\/\/www.costabravafoods.com\/de\/produkt\/schweineruecken-mit-knoblauch\/#breadcrumb"},"inLanguage":"de","potentialAction":[{"@type":"ReadAction","target":["https:\/\/www.costabravafoods.com\/de\/produkt\/schweineruecken-mit-knoblauch\/"]}]},{"@type":"ImageObject","inLanguage":"de","@id":"https:\/\/www.costabravafoods.com\/de\/produkt\/schweineruecken-mit-knoblauch\/#primaryimage","url":"https:\/\/www.costabravafoods.com\/wp-content\/uploads\/2025\/07\/lomo-ajillo-garlic-loin.png","contentUrl":"https:\/\/www.costabravafoods.com\/wp-content\/uploads\/2025\/07\/lomo-ajillo-garlic-loin.png","width":1000,"height":1000,"caption":"Steaks vom Schweiner\u00fccken mit Knoblauch"},{"@type":"BreadcrumbList","@id":"https:\/\/www.costabravafoods.com\/de\/produkt\/schweineruecken-mit-knoblauch\/#breadcrumb","itemListElement":[{"@type":"ListItem","position":1,"name":"Portada","item":"https:\/\/www.costabravafoods.com\/de\/"},{"@type":"ListItem","position":2,"name":"Produkte","item":"https:\/\/www.costabravafoods.com\/productos\/"},{"@type":"ListItem","position":3,"name":"Schweiner\u00fccken mit Knoblauch"}]},{"@type":"WebSite","@id":"https:\/\/www.costabravafoods.com\/#website","url":"https:\/\/www.costabravafoods.com\/","name":"Costa Brava Foods","description":"","potentialAction":[{"@type":"SearchAction","target":{"@type":"EntryPoint","urlTemplate":"https:\/\/www.costabravafoods.com\/?s={search_term_string}"},"query-input":{"@type":"PropertyValueSpecification","valueRequired":true,"valueName":"search_term_string"}}],"inLanguage":"de"}]}},"_links":{"self":[{"href":"https:\/\/www.costabravafoods.com\/de\/wp-json\/wp\/v2\/product\/32271","targetHints":{"allow":["GET"]}}],"collection":[{"href":"https:\/\/www.costabravafoods.com\/de\/wp-json\/wp\/v2\/product"}],"about":[{"href":"https:\/\/www.costabravafoods.com\/de\/wp-json\/wp\/v2\/types\/product"}],"wp:featuredmedia":[{"embeddable":true,"href":"https:\/\/www.costabravafoods.com\/de\/wp-json\/wp\/v2\/media\/17436"}],"wp:attachment":[{"href":"https:\/\/www.costabravafoods.com\/de\/wp-json\/wp\/v2\/media?parent=32271"}],"wp:term":[{"taxonomy":"product_brand","embeddable":true,"href":"https:\/\/www.costabravafoods.com\/de\/wp-json\/wp\/v2\/product_brand?post=32271"},{"taxonomy":"product_cat","embeddable":true,"href":"https:\/\/www.costabravafoods.com\/de\/wp-json\/wp\/v2\/product_cat?post=32271"},{"taxonomy":"product_tag","embeddable":true,"href":"https:\/\/www.costabravafoods.com\/de\/wp-json\/wp\/v2\/product_tag?post=32271"},{"taxonomy":"corte_cerdo","embeddable":true,"href":"https:\/\/www.costabravafoods.com\/de\/wp-json\/wp\/v2\/corte_cerdo?post=32271"},{"taxonomy":"corte_vacuno","embeddable":true,"href":"https:\/\/www.costabravafoods.com\/de\/wp-json\/wp\/v2\/corte_vacuno?post=32271"},{"taxonomy":"fresh_retail","embeddable":true,"href":"https:\/\/www.costabravafoods.com\/de\/wp-json\/wp\/v2\/fresh_retail?post=32271"},{"taxonomy":"conservacion","embeddable":true,"href":"https:\/\/www.costabravafoods.com\/de\/wp-json\/wp\/v2\/conservacion?post=32271"},{"taxonomy":"envase","embeddable":true,"href":"https:\/\/www.costabravafoods.com\/de\/wp-json\/wp\/v2\/envase?post=32271"},{"taxonomy":"tipo_corte","embeddable":true,"href":"https:\/\/www.costabravafoods.com\/de\/wp-json\/wp\/v2\/tipo_corte?post=32271"}],"curies":[{"name":"wp","href":"https:\/\/api.w.org\/{rel}","templated":true}]}}