

{"id":32276,"date":"2025-07-18T11:48:29","date_gmt":"2025-07-18T09:48:29","guid":{"rendered":"https:\/\/www.costabravafoods.com\/producto\/lendenmedaillons-kraeuter-der-provence\/"},"modified":"2025-09-30T19:03:49","modified_gmt":"2025-09-30T17:03:49","slug":"lendenmedaillons-kraeuter-der-provence","status":"publish","type":"product","link":"https:\/\/www.costabravafoods.com\/de\/produkt\/lendenmedaillons-kraeuter-der-provence\/","title":{"rendered":"Lendenmedaillons &#8222;Kr\u00e4uter der Provence&#8220;"},"content":{"rendered":"<p>Schweinelendenmedaillons mit einer Marinade aus Kr\u00e4utern der Provence, der ganze Geschmack von Costa Brava Mediterranean Foods mit Kr\u00e4uterkick.<\/p>\n","protected":false},"excerpt":{"rendered":"<p>Schweinelendenmedaillons &#8222;Kr\u00e4uter der Provence&#8220; f\u00fcr leichte Gerichte<\/p>\n","protected":false},"featured_media":17476,"template":"","meta":[],"product_brand":[],"product_cat":[364,367],"product_tag":[],"corte_cerdo":[],"corte_vacuno":[],"fresh_retail":[],"conservacion":[],"envase":[],"tipo_corte":[],"class_list":{"0":"post-32276","1":"product","2":"type-product","3":"status-publish","4":"has-post-thumbnail","6":"product_cat-delicious-de","7":"product_cat-mariniert","9":"first","10":"instock","11":"product-type-simple"},"yoast_head":"<!-- This site is optimized with the Yoast SEO plugin v27.2 - https:\/\/yoast.com\/product\/yoast-seo-wordpress\/ -->\n<title>Lendenmedaillons &quot;Kr\u00e4uter der Provence&quot;<\/title>\n<meta name=\"description\" content=\"Schweinelendenmedaillons &quot;Kr\u00e4uter der Provence&quot; f\u00fcr leichte Gerichte\" \/>\n<meta name=\"robots\" content=\"index, follow, max-snippet:-1, max-image-preview:large, max-video-preview:-1\" \/>\n<link rel=\"canonical\" href=\"https:\/\/www.costabravafoods.com\/de\/produkt\/lendenmedaillons-kraeuter-der-provence\/\" \/>\n<meta property=\"og:locale\" content=\"de_DE\" \/>\n<meta property=\"og:type\" content=\"article\" \/>\n<meta property=\"og:title\" content=\"Lendenmedaillons &quot;Kr\u00e4uter der Provence&quot;\" \/>\n<meta property=\"og:description\" content=\"Schweinelendenmedaillons &quot;Kr\u00e4uter der Provence&quot; f\u00fcr leichte Gerichte\" \/>\n<meta property=\"og:url\" content=\"https:\/\/www.costabravafoods.com\/de\/produkt\/lendenmedaillons-kraeuter-der-provence\/\" \/>\n<meta property=\"og:site_name\" content=\"Costa Brava Foods\" \/>\n<meta property=\"article:modified_time\" content=\"2025-09-30T17:03:49+00:00\" \/>\n<meta property=\"og:image\" content=\"https:\/\/www.costabravafoods.com\/wp-content\/uploads\/2025\/07\/medallones-provenzal-medallions.png\" \/>\n\t<meta property=\"og:image:width\" content=\"1000\" \/>\n\t<meta property=\"og:image:height\" content=\"1000\" \/>\n\t<meta property=\"og:image:type\" content=\"image\/png\" \/>\n<meta name=\"twitter:card\" content=\"summary_large_image\" \/>\n<script type=\"application\/ld+json\" class=\"yoast-schema-graph\">{\"@context\":\"https:\/\/schema.org\",\"@graph\":[{\"@type\":\"WebPage\",\"@id\":\"https:\/\/www.costabravafoods.com\/de\/produkt\/lendenmedaillons-kraeuter-der-provence\/\",\"url\":\"https:\/\/www.costabravafoods.com\/de\/produkt\/lendenmedaillons-kraeuter-der-provence\/\",\"name\":\"Lendenmedaillons \\\"Kr\u00e4uter der Provence\\\"\",\"isPartOf\":{\"@id\":\"https:\/\/www.costabravafoods.com\/#website\"},\"primaryImageOfPage\":{\"@id\":\"https:\/\/www.costabravafoods.com\/de\/produkt\/lendenmedaillons-kraeuter-der-provence\/#primaryimage\"},\"image\":{\"@id\":\"https:\/\/www.costabravafoods.com\/de\/produkt\/lendenmedaillons-kraeuter-der-provence\/#primaryimage\"},\"thumbnailUrl\":\"https:\/\/www.costabravafoods.com\/wp-content\/uploads\/2025\/07\/medallones-provenzal-medallions.png\",\"datePublished\":\"2025-07-18T09:48:29+00:00\",\"dateModified\":\"2025-09-30T17:03:49+00:00\",\"description\":\"Schweinelendenmedaillons \\\"Kr\u00e4uter der Provence\\\" f\u00fcr leichte Gerichte\",\"breadcrumb\":{\"@id\":\"https:\/\/www.costabravafoods.com\/de\/produkt\/lendenmedaillons-kraeuter-der-provence\/#breadcrumb\"},\"inLanguage\":\"de\",\"potentialAction\":[{\"@type\":\"ReadAction\",\"target\":[\"https:\/\/www.costabravafoods.com\/de\/produkt\/lendenmedaillons-kraeuter-der-provence\/\"]}]},{\"@type\":\"ImageObject\",\"inLanguage\":\"de\",\"@id\":\"https:\/\/www.costabravafoods.com\/de\/produkt\/lendenmedaillons-kraeuter-der-provence\/#primaryimage\",\"url\":\"https:\/\/www.costabravafoods.com\/wp-content\/uploads\/2025\/07\/medallones-provenzal-medallions.png\",\"contentUrl\":\"https:\/\/www.costabravafoods.com\/wp-content\/uploads\/2025\/07\/medallones-provenzal-medallions.png\",\"width\":1000,\"height\":1000,\"caption\":\"Schweinelendenmedaillons \\\"Kr\u00e4uter der Provence\\\" f\u00fcr leichte Gerichte\"},{\"@type\":\"BreadcrumbList\",\"@id\":\"https:\/\/www.costabravafoods.com\/de\/produkt\/lendenmedaillons-kraeuter-der-provence\/#breadcrumb\",\"itemListElement\":[{\"@type\":\"ListItem\",\"position\":1,\"name\":\"Portada\",\"item\":\"https:\/\/www.costabravafoods.com\/de\/\"},{\"@type\":\"ListItem\",\"position\":2,\"name\":\"Produkte\",\"item\":\"https:\/\/www.costabravafoods.com\/productos\/\"},{\"@type\":\"ListItem\",\"position\":3,\"name\":\"Lendenmedaillons \u00abKr\u00e4uter der Provence\u00bb\"}]},{\"@type\":\"WebSite\",\"@id\":\"https:\/\/www.costabravafoods.com\/#website\",\"url\":\"https:\/\/www.costabravafoods.com\/\",\"name\":\"Costa Brava Foods\",\"description\":\"\",\"potentialAction\":[{\"@type\":\"SearchAction\",\"target\":{\"@type\":\"EntryPoint\",\"urlTemplate\":\"https:\/\/www.costabravafoods.com\/?s={search_term_string}\"},\"query-input\":{\"@type\":\"PropertyValueSpecification\",\"valueRequired\":true,\"valueName\":\"search_term_string\"}}],\"inLanguage\":\"de\"}]}<\/script>\n<!-- \/ Yoast SEO plugin. -->","yoast_head_json":{"title":"Lendenmedaillons \"Kr\u00e4uter der Provence\"","description":"Schweinelendenmedaillons \"Kr\u00e4uter der Provence\" f\u00fcr leichte Gerichte","robots":{"index":"index","follow":"follow","max-snippet":"max-snippet:-1","max-image-preview":"max-image-preview:large","max-video-preview":"max-video-preview:-1"},"canonical":"https:\/\/www.costabravafoods.com\/de\/produkt\/lendenmedaillons-kraeuter-der-provence\/","og_locale":"de_DE","og_type":"article","og_title":"Lendenmedaillons \"Kr\u00e4uter der Provence\"","og_description":"Schweinelendenmedaillons \"Kr\u00e4uter der Provence\" f\u00fcr leichte Gerichte","og_url":"https:\/\/www.costabravafoods.com\/de\/produkt\/lendenmedaillons-kraeuter-der-provence\/","og_site_name":"Costa Brava Foods","article_modified_time":"2025-09-30T17:03:49+00:00","og_image":[{"width":1000,"height":1000,"url":"https:\/\/www.costabravafoods.com\/wp-content\/uploads\/2025\/07\/medallones-provenzal-medallions.png","type":"image\/png"}],"twitter_card":"summary_large_image","schema":{"@context":"https:\/\/schema.org","@graph":[{"@type":"WebPage","@id":"https:\/\/www.costabravafoods.com\/de\/produkt\/lendenmedaillons-kraeuter-der-provence\/","url":"https:\/\/www.costabravafoods.com\/de\/produkt\/lendenmedaillons-kraeuter-der-provence\/","name":"Lendenmedaillons \"Kr\u00e4uter der Provence\"","isPartOf":{"@id":"https:\/\/www.costabravafoods.com\/#website"},"primaryImageOfPage":{"@id":"https:\/\/www.costabravafoods.com\/de\/produkt\/lendenmedaillons-kraeuter-der-provence\/#primaryimage"},"image":{"@id":"https:\/\/www.costabravafoods.com\/de\/produkt\/lendenmedaillons-kraeuter-der-provence\/#primaryimage"},"thumbnailUrl":"https:\/\/www.costabravafoods.com\/wp-content\/uploads\/2025\/07\/medallones-provenzal-medallions.png","datePublished":"2025-07-18T09:48:29+00:00","dateModified":"2025-09-30T17:03:49+00:00","description":"Schweinelendenmedaillons \"Kr\u00e4uter der Provence\" f\u00fcr leichte Gerichte","breadcrumb":{"@id":"https:\/\/www.costabravafoods.com\/de\/produkt\/lendenmedaillons-kraeuter-der-provence\/#breadcrumb"},"inLanguage":"de","potentialAction":[{"@type":"ReadAction","target":["https:\/\/www.costabravafoods.com\/de\/produkt\/lendenmedaillons-kraeuter-der-provence\/"]}]},{"@type":"ImageObject","inLanguage":"de","@id":"https:\/\/www.costabravafoods.com\/de\/produkt\/lendenmedaillons-kraeuter-der-provence\/#primaryimage","url":"https:\/\/www.costabravafoods.com\/wp-content\/uploads\/2025\/07\/medallones-provenzal-medallions.png","contentUrl":"https:\/\/www.costabravafoods.com\/wp-content\/uploads\/2025\/07\/medallones-provenzal-medallions.png","width":1000,"height":1000,"caption":"Schweinelendenmedaillons \"Kr\u00e4uter der Provence\" f\u00fcr leichte Gerichte"},{"@type":"BreadcrumbList","@id":"https:\/\/www.costabravafoods.com\/de\/produkt\/lendenmedaillons-kraeuter-der-provence\/#breadcrumb","itemListElement":[{"@type":"ListItem","position":1,"name":"Portada","item":"https:\/\/www.costabravafoods.com\/de\/"},{"@type":"ListItem","position":2,"name":"Produkte","item":"https:\/\/www.costabravafoods.com\/productos\/"},{"@type":"ListItem","position":3,"name":"Lendenmedaillons \u00abKr\u00e4uter der Provence\u00bb"}]},{"@type":"WebSite","@id":"https:\/\/www.costabravafoods.com\/#website","url":"https:\/\/www.costabravafoods.com\/","name":"Costa Brava Foods","description":"","potentialAction":[{"@type":"SearchAction","target":{"@type":"EntryPoint","urlTemplate":"https:\/\/www.costabravafoods.com\/?s={search_term_string}"},"query-input":{"@type":"PropertyValueSpecification","valueRequired":true,"valueName":"search_term_string"}}],"inLanguage":"de"}]}},"_links":{"self":[{"href":"https:\/\/www.costabravafoods.com\/de\/wp-json\/wp\/v2\/product\/32276","targetHints":{"allow":["GET"]}}],"collection":[{"href":"https:\/\/www.costabravafoods.com\/de\/wp-json\/wp\/v2\/product"}],"about":[{"href":"https:\/\/www.costabravafoods.com\/de\/wp-json\/wp\/v2\/types\/product"}],"wp:featuredmedia":[{"embeddable":true,"href":"https:\/\/www.costabravafoods.com\/de\/wp-json\/wp\/v2\/media\/17476"}],"wp:attachment":[{"href":"https:\/\/www.costabravafoods.com\/de\/wp-json\/wp\/v2\/media?parent=32276"}],"wp:term":[{"taxonomy":"product_brand","embeddable":true,"href":"https:\/\/www.costabravafoods.com\/de\/wp-json\/wp\/v2\/product_brand?post=32276"},{"taxonomy":"product_cat","embeddable":true,"href":"https:\/\/www.costabravafoods.com\/de\/wp-json\/wp\/v2\/product_cat?post=32276"},{"taxonomy":"product_tag","embeddable":true,"href":"https:\/\/www.costabravafoods.com\/de\/wp-json\/wp\/v2\/product_tag?post=32276"},{"taxonomy":"corte_cerdo","embeddable":true,"href":"https:\/\/www.costabravafoods.com\/de\/wp-json\/wp\/v2\/corte_cerdo?post=32276"},{"taxonomy":"corte_vacuno","embeddable":true,"href":"https:\/\/www.costabravafoods.com\/de\/wp-json\/wp\/v2\/corte_vacuno?post=32276"},{"taxonomy":"fresh_retail","embeddable":true,"href":"https:\/\/www.costabravafoods.com\/de\/wp-json\/wp\/v2\/fresh_retail?post=32276"},{"taxonomy":"conservacion","embeddable":true,"href":"https:\/\/www.costabravafoods.com\/de\/wp-json\/wp\/v2\/conservacion?post=32276"},{"taxonomy":"envase","embeddable":true,"href":"https:\/\/www.costabravafoods.com\/de\/wp-json\/wp\/v2\/envase?post=32276"},{"taxonomy":"tipo_corte","embeddable":true,"href":"https:\/\/www.costabravafoods.com\/de\/wp-json\/wp\/v2\/tipo_corte?post=32276"}],"curies":[{"name":"wp","href":"https:\/\/api.w.org\/{rel}","templated":true}]}}