

{"id":32332,"date":"2025-07-18T11:53:10","date_gmt":"2025-07-18T09:53:10","guid":{"rendered":"https:\/\/www.costabravafoods.com\/producto\/rinderhueftsteaks-vom-mittelstueck\/"},"modified":"2025-09-30T19:04:46","modified_gmt":"2025-09-30T17:04:46","slug":"rinderhueftsteaks-vom-mittelstueck","status":"publish","type":"product","link":"https:\/\/www.costabravafoods.com\/de\/produkt\/rinderhueftsteaks-vom-mittelstueck\/","title":{"rendered":"Rinderh\u00fcftsteaks vom Mittelst\u00fcck"},"content":{"rendered":"<p>Rindersteaks aus dem Mittelst\u00fcck der H\u00fcfte Stammen aus der H\u00fcfte bzw. vom Hinterteil und gelten als eines der besten St\u00fccke vom Rind. Ein mageres und weiches Fleisch von besonderer Qualit\u00e4t, das \u00fcblicherweise in der Pfanne oder auf dem Grill zubereitet wird.<\/p>\n","protected":false},"excerpt":{"rendered":"<p>Steaks aus dem Mittelst\u00fcck der H\u00fcfte gelten als eines der besten St\u00fccke vom Rind.<\/p>\n","protected":false},"featured_media":17917,"template":"","meta":[],"product_brand":[],"product_cat":[377,370],"product_tag":[],"corte_cerdo":[],"corte_vacuno":[],"fresh_retail":[378],"conservacion":[],"envase":[380],"tipo_corte":[],"class_list":{"0":"post-32332","1":"product","2":"type-product","3":"status-publish","4":"has-post-thumbnail","6":"product_cat-einzelhandel","7":"product_cat-fresh-de","8":"fresh_retail-rind","9":"envase-schale-vakuumverpackt","11":"first","12":"instock","13":"product-type-simple"},"yoast_head":"<!-- This site is optimized with the Yoast SEO plugin v27.2 - https:\/\/yoast.com\/product\/yoast-seo-wordpress\/ -->\n<title>Rinderh\u00fcftsteaks vom Mittelst\u00fcck<\/title>\n<meta name=\"description\" content=\"Steaks aus dem Mittelst\u00fcck der H\u00fcfte gelten als eines der besten St\u00fccke vom Rind.\" \/>\n<meta name=\"robots\" content=\"index, follow, max-snippet:-1, max-image-preview:large, max-video-preview:-1\" \/>\n<link rel=\"canonical\" href=\"https:\/\/www.costabravafoods.com\/de\/produkt\/rinderhueftsteaks-vom-mittelstueck\/\" \/>\n<meta property=\"og:locale\" content=\"de_DE\" \/>\n<meta property=\"og:type\" content=\"article\" \/>\n<meta property=\"og:title\" content=\"Rinderh\u00fcftsteaks vom Mittelst\u00fcck\" \/>\n<meta property=\"og:description\" content=\"Steaks aus dem Mittelst\u00fcck der H\u00fcfte gelten als eines der besten St\u00fccke vom Rind.\" \/>\n<meta property=\"og:url\" content=\"https:\/\/www.costabravafoods.com\/de\/produkt\/rinderhueftsteaks-vom-mittelstueck\/\" \/>\n<meta property=\"og:site_name\" content=\"Costa Brava Foods\" \/>\n<meta property=\"article:modified_time\" content=\"2025-09-30T17:04:46+00:00\" \/>\n<meta property=\"og:image\" content=\"https:\/\/www.costabravafoods.com\/wp-content\/uploads\/2025\/07\/cadera-loncheada-rump-loin.png\" \/>\n\t<meta property=\"og:image:width\" content=\"1000\" \/>\n\t<meta property=\"og:image:height\" content=\"1000\" \/>\n\t<meta property=\"og:image:type\" content=\"image\/png\" \/>\n<meta name=\"twitter:card\" content=\"summary_large_image\" \/>\n<script type=\"application\/ld+json\" class=\"yoast-schema-graph\">{\"@context\":\"https:\/\/schema.org\",\"@graph\":[{\"@type\":\"WebPage\",\"@id\":\"https:\/\/www.costabravafoods.com\/de\/produkt\/rinderhueftsteaks-vom-mittelstueck\/\",\"url\":\"https:\/\/www.costabravafoods.com\/de\/produkt\/rinderhueftsteaks-vom-mittelstueck\/\",\"name\":\"Rinderh\u00fcftsteaks vom Mittelst\u00fcck\",\"isPartOf\":{\"@id\":\"https:\/\/www.costabravafoods.com\/#website\"},\"primaryImageOfPage\":{\"@id\":\"https:\/\/www.costabravafoods.com\/de\/produkt\/rinderhueftsteaks-vom-mittelstueck\/#primaryimage\"},\"image\":{\"@id\":\"https:\/\/www.costabravafoods.com\/de\/produkt\/rinderhueftsteaks-vom-mittelstueck\/#primaryimage\"},\"thumbnailUrl\":\"https:\/\/www.costabravafoods.com\/wp-content\/uploads\/2025\/07\/cadera-loncheada-rump-loin.png\",\"datePublished\":\"2025-07-18T09:53:10+00:00\",\"dateModified\":\"2025-09-30T17:04:46+00:00\",\"description\":\"Steaks aus dem Mittelst\u00fcck der H\u00fcfte gelten als eines der besten St\u00fccke vom Rind.\",\"breadcrumb\":{\"@id\":\"https:\/\/www.costabravafoods.com\/de\/produkt\/rinderhueftsteaks-vom-mittelstueck\/#breadcrumb\"},\"inLanguage\":\"de\",\"potentialAction\":[{\"@type\":\"ReadAction\",\"target\":[\"https:\/\/www.costabravafoods.com\/de\/produkt\/rinderhueftsteaks-vom-mittelstueck\/\"]}]},{\"@type\":\"ImageObject\",\"inLanguage\":\"de\",\"@id\":\"https:\/\/www.costabravafoods.com\/de\/produkt\/rinderhueftsteaks-vom-mittelstueck\/#primaryimage\",\"url\":\"https:\/\/www.costabravafoods.com\/wp-content\/uploads\/2025\/07\/cadera-loncheada-rump-loin.png\",\"contentUrl\":\"https:\/\/www.costabravafoods.com\/wp-content\/uploads\/2025\/07\/cadera-loncheada-rump-loin.png\",\"width\":1000,\"height\":1000,\"caption\":\"Bandeja al vacio\"},{\"@type\":\"BreadcrumbList\",\"@id\":\"https:\/\/www.costabravafoods.com\/de\/produkt\/rinderhueftsteaks-vom-mittelstueck\/#breadcrumb\",\"itemListElement\":[{\"@type\":\"ListItem\",\"position\":1,\"name\":\"Portada\",\"item\":\"https:\/\/www.costabravafoods.com\/de\/\"},{\"@type\":\"ListItem\",\"position\":2,\"name\":\"Produkte\",\"item\":\"https:\/\/www.costabravafoods.com\/productos\/\"},{\"@type\":\"ListItem\",\"position\":3,\"name\":\"Rinderh\u00fcftsteaks vom Mittelst\u00fcck\"}]},{\"@type\":\"WebSite\",\"@id\":\"https:\/\/www.costabravafoods.com\/#website\",\"url\":\"https:\/\/www.costabravafoods.com\/\",\"name\":\"Costa Brava Foods\",\"description\":\"\",\"potentialAction\":[{\"@type\":\"SearchAction\",\"target\":{\"@type\":\"EntryPoint\",\"urlTemplate\":\"https:\/\/www.costabravafoods.com\/?s={search_term_string}\"},\"query-input\":{\"@type\":\"PropertyValueSpecification\",\"valueRequired\":true,\"valueName\":\"search_term_string\"}}],\"inLanguage\":\"de\"}]}<\/script>\n<!-- \/ Yoast SEO plugin. -->","yoast_head_json":{"title":"Rinderh\u00fcftsteaks vom Mittelst\u00fcck","description":"Steaks aus dem Mittelst\u00fcck der H\u00fcfte gelten als eines der besten St\u00fccke vom Rind.","robots":{"index":"index","follow":"follow","max-snippet":"max-snippet:-1","max-image-preview":"max-image-preview:large","max-video-preview":"max-video-preview:-1"},"canonical":"https:\/\/www.costabravafoods.com\/de\/produkt\/rinderhueftsteaks-vom-mittelstueck\/","og_locale":"de_DE","og_type":"article","og_title":"Rinderh\u00fcftsteaks vom Mittelst\u00fcck","og_description":"Steaks aus dem Mittelst\u00fcck der H\u00fcfte gelten als eines der besten St\u00fccke vom Rind.","og_url":"https:\/\/www.costabravafoods.com\/de\/produkt\/rinderhueftsteaks-vom-mittelstueck\/","og_site_name":"Costa Brava Foods","article_modified_time":"2025-09-30T17:04:46+00:00","og_image":[{"width":1000,"height":1000,"url":"https:\/\/www.costabravafoods.com\/wp-content\/uploads\/2025\/07\/cadera-loncheada-rump-loin.png","type":"image\/png"}],"twitter_card":"summary_large_image","schema":{"@context":"https:\/\/schema.org","@graph":[{"@type":"WebPage","@id":"https:\/\/www.costabravafoods.com\/de\/produkt\/rinderhueftsteaks-vom-mittelstueck\/","url":"https:\/\/www.costabravafoods.com\/de\/produkt\/rinderhueftsteaks-vom-mittelstueck\/","name":"Rinderh\u00fcftsteaks vom Mittelst\u00fcck","isPartOf":{"@id":"https:\/\/www.costabravafoods.com\/#website"},"primaryImageOfPage":{"@id":"https:\/\/www.costabravafoods.com\/de\/produkt\/rinderhueftsteaks-vom-mittelstueck\/#primaryimage"},"image":{"@id":"https:\/\/www.costabravafoods.com\/de\/produkt\/rinderhueftsteaks-vom-mittelstueck\/#primaryimage"},"thumbnailUrl":"https:\/\/www.costabravafoods.com\/wp-content\/uploads\/2025\/07\/cadera-loncheada-rump-loin.png","datePublished":"2025-07-18T09:53:10+00:00","dateModified":"2025-09-30T17:04:46+00:00","description":"Steaks aus dem Mittelst\u00fcck der H\u00fcfte gelten als eines der besten St\u00fccke vom Rind.","breadcrumb":{"@id":"https:\/\/www.costabravafoods.com\/de\/produkt\/rinderhueftsteaks-vom-mittelstueck\/#breadcrumb"},"inLanguage":"de","potentialAction":[{"@type":"ReadAction","target":["https:\/\/www.costabravafoods.com\/de\/produkt\/rinderhueftsteaks-vom-mittelstueck\/"]}]},{"@type":"ImageObject","inLanguage":"de","@id":"https:\/\/www.costabravafoods.com\/de\/produkt\/rinderhueftsteaks-vom-mittelstueck\/#primaryimage","url":"https:\/\/www.costabravafoods.com\/wp-content\/uploads\/2025\/07\/cadera-loncheada-rump-loin.png","contentUrl":"https:\/\/www.costabravafoods.com\/wp-content\/uploads\/2025\/07\/cadera-loncheada-rump-loin.png","width":1000,"height":1000,"caption":"Bandeja al vacio"},{"@type":"BreadcrumbList","@id":"https:\/\/www.costabravafoods.com\/de\/produkt\/rinderhueftsteaks-vom-mittelstueck\/#breadcrumb","itemListElement":[{"@type":"ListItem","position":1,"name":"Portada","item":"https:\/\/www.costabravafoods.com\/de\/"},{"@type":"ListItem","position":2,"name":"Produkte","item":"https:\/\/www.costabravafoods.com\/productos\/"},{"@type":"ListItem","position":3,"name":"Rinderh\u00fcftsteaks vom Mittelst\u00fcck"}]},{"@type":"WebSite","@id":"https:\/\/www.costabravafoods.com\/#website","url":"https:\/\/www.costabravafoods.com\/","name":"Costa Brava Foods","description":"","potentialAction":[{"@type":"SearchAction","target":{"@type":"EntryPoint","urlTemplate":"https:\/\/www.costabravafoods.com\/?s={search_term_string}"},"query-input":{"@type":"PropertyValueSpecification","valueRequired":true,"valueName":"search_term_string"}}],"inLanguage":"de"}]}},"_links":{"self":[{"href":"https:\/\/www.costabravafoods.com\/de\/wp-json\/wp\/v2\/product\/32332","targetHints":{"allow":["GET"]}}],"collection":[{"href":"https:\/\/www.costabravafoods.com\/de\/wp-json\/wp\/v2\/product"}],"about":[{"href":"https:\/\/www.costabravafoods.com\/de\/wp-json\/wp\/v2\/types\/product"}],"wp:featuredmedia":[{"embeddable":true,"href":"https:\/\/www.costabravafoods.com\/de\/wp-json\/wp\/v2\/media\/17917"}],"wp:attachment":[{"href":"https:\/\/www.costabravafoods.com\/de\/wp-json\/wp\/v2\/media?parent=32332"}],"wp:term":[{"taxonomy":"product_brand","embeddable":true,"href":"https:\/\/www.costabravafoods.com\/de\/wp-json\/wp\/v2\/product_brand?post=32332"},{"taxonomy":"product_cat","embeddable":true,"href":"https:\/\/www.costabravafoods.com\/de\/wp-json\/wp\/v2\/product_cat?post=32332"},{"taxonomy":"product_tag","embeddable":true,"href":"https:\/\/www.costabravafoods.com\/de\/wp-json\/wp\/v2\/product_tag?post=32332"},{"taxonomy":"corte_cerdo","embeddable":true,"href":"https:\/\/www.costabravafoods.com\/de\/wp-json\/wp\/v2\/corte_cerdo?post=32332"},{"taxonomy":"corte_vacuno","embeddable":true,"href":"https:\/\/www.costabravafoods.com\/de\/wp-json\/wp\/v2\/corte_vacuno?post=32332"},{"taxonomy":"fresh_retail","embeddable":true,"href":"https:\/\/www.costabravafoods.com\/de\/wp-json\/wp\/v2\/fresh_retail?post=32332"},{"taxonomy":"conservacion","embeddable":true,"href":"https:\/\/www.costabravafoods.com\/de\/wp-json\/wp\/v2\/conservacion?post=32332"},{"taxonomy":"envase","embeddable":true,"href":"https:\/\/www.costabravafoods.com\/de\/wp-json\/wp\/v2\/envase?post=32332"},{"taxonomy":"tipo_corte","embeddable":true,"href":"https:\/\/www.costabravafoods.com\/de\/wp-json\/wp\/v2\/tipo_corte?post=32332"}],"curies":[{"name":"wp","href":"https:\/\/api.w.org\/{rel}","templated":true}]}}