

{"id":32339,"date":"2025-07-18T11:56:31","date_gmt":"2025-07-18T09:56:31","guid":{"rendered":"https:\/\/www.costabravafoods.com\/producto\/vorderer-rinder-churrasco\/"},"modified":"2025-09-30T19:04:56","modified_gmt":"2025-09-30T17:04:56","slug":"vorderer-rinder-churrasco","status":"publish","type":"product","link":"https:\/\/www.costabravafoods.com\/de\/produkt\/vorderer-rinder-churrasco\/","title":{"rendered":"Vorderer Rinder-Churrasco"},"content":{"rendered":"<p>Vorderer Rinder-Churrasco. Dieses schmackhafte und saftige St\u00fcck stammt aus der Brustrippe vom Rind und wird aufgrund seiner Fettinfiltrierung gesch\u00e4tzt. Dieses St\u00fcck besteht aus den ersten f\u00fcnf Rippen des Rinds und eignet sich perfekt zum Grillen und f\u00fcr Eint\u00f6pfe.<\/p>\n","protected":false},"excerpt":{"rendered":"<p>Vorderes Churrasco aus den Brustrippen des Rinds, ein schmackhaftes und saftiges St\u00fcck Fleisch.<\/p>\n","protected":false},"featured_media":17973,"template":"","meta":[],"product_brand":[],"product_cat":[377,370],"product_tag":[],"corte_cerdo":[],"corte_vacuno":[],"fresh_retail":[378],"conservacion":[],"envase":[379],"tipo_corte":[],"class_list":{"0":"post-32339","1":"product","2":"type-product","3":"status-publish","4":"has-post-thumbnail","6":"product_cat-einzelhandel","7":"product_cat-fresh-de","8":"fresh_retail-rind","9":"envase-vakuumverpackt","11":"first","12":"instock","13":"product-type-simple"},"yoast_head":"<!-- This site is optimized with the Yoast SEO plugin v27.2 - https:\/\/yoast.com\/product\/yoast-seo-wordpress\/ -->\n<title>Vorderer Rinder-Churrasco<\/title>\n<meta name=\"description\" content=\"Vorderes Churrasco aus den Brustrippen des Rinds, ein schmackhaftes und saftiges St\u00fcck Fleisch.\" \/>\n<meta name=\"robots\" content=\"index, follow, max-snippet:-1, max-image-preview:large, max-video-preview:-1\" \/>\n<link rel=\"canonical\" href=\"https:\/\/www.costabravafoods.com\/de\/produkt\/vorderer-rinder-churrasco\/\" \/>\n<meta property=\"og:locale\" content=\"de_DE\" \/>\n<meta property=\"og:type\" content=\"article\" \/>\n<meta property=\"og:title\" content=\"Vorderer Rinder-Churrasco\" \/>\n<meta property=\"og:description\" content=\"Vorderes Churrasco aus den Brustrippen des Rinds, ein schmackhaftes und saftiges St\u00fcck Fleisch.\" \/>\n<meta property=\"og:url\" content=\"https:\/\/www.costabravafoods.com\/de\/produkt\/vorderer-rinder-churrasco\/\" \/>\n<meta property=\"og:site_name\" content=\"Costa Brava Foods\" \/>\n<meta property=\"article:modified_time\" content=\"2025-09-30T17:04:56+00:00\" \/>\n<meta property=\"og:image\" content=\"https:\/\/www.costabravafoods.com\/wp-content\/uploads\/2025\/07\/churrasco-delantero-forequarter-ribs.png\" \/>\n\t<meta property=\"og:image:width\" content=\"1000\" \/>\n\t<meta property=\"og:image:height\" content=\"1000\" \/>\n\t<meta property=\"og:image:type\" content=\"image\/png\" \/>\n<meta name=\"twitter:card\" content=\"summary_large_image\" \/>\n<script type=\"application\/ld+json\" class=\"yoast-schema-graph\">{\"@context\":\"https:\/\/schema.org\",\"@graph\":[{\"@type\":\"WebPage\",\"@id\":\"https:\/\/www.costabravafoods.com\/de\/produkt\/vorderer-rinder-churrasco\/\",\"url\":\"https:\/\/www.costabravafoods.com\/de\/produkt\/vorderer-rinder-churrasco\/\",\"name\":\"Vorderer Rinder-Churrasco\",\"isPartOf\":{\"@id\":\"https:\/\/www.costabravafoods.com\/#website\"},\"primaryImageOfPage\":{\"@id\":\"https:\/\/www.costabravafoods.com\/de\/produkt\/vorderer-rinder-churrasco\/#primaryimage\"},\"image\":{\"@id\":\"https:\/\/www.costabravafoods.com\/de\/produkt\/vorderer-rinder-churrasco\/#primaryimage\"},\"thumbnailUrl\":\"https:\/\/www.costabravafoods.com\/wp-content\/uploads\/2025\/07\/churrasco-delantero-forequarter-ribs.png\",\"datePublished\":\"2025-07-18T09:56:31+00:00\",\"dateModified\":\"2025-09-30T17:04:56+00:00\",\"description\":\"Vorderes Churrasco aus den Brustrippen des Rinds, ein schmackhaftes und saftiges St\u00fcck Fleisch.\",\"breadcrumb\":{\"@id\":\"https:\/\/www.costabravafoods.com\/de\/produkt\/vorderer-rinder-churrasco\/#breadcrumb\"},\"inLanguage\":\"de\",\"potentialAction\":[{\"@type\":\"ReadAction\",\"target\":[\"https:\/\/www.costabravafoods.com\/de\/produkt\/vorderer-rinder-churrasco\/\"]}]},{\"@type\":\"ImageObject\",\"inLanguage\":\"de\",\"@id\":\"https:\/\/www.costabravafoods.com\/de\/produkt\/vorderer-rinder-churrasco\/#primaryimage\",\"url\":\"https:\/\/www.costabravafoods.com\/wp-content\/uploads\/2025\/07\/churrasco-delantero-forequarter-ribs.png\",\"contentUrl\":\"https:\/\/www.costabravafoods.com\/wp-content\/uploads\/2025\/07\/churrasco-delantero-forequarter-ribs.png\",\"width\":1000,\"height\":1000,\"caption\":\"Vorderes Churrasco aus den Brustrippen des Rinds\"},{\"@type\":\"BreadcrumbList\",\"@id\":\"https:\/\/www.costabravafoods.com\/de\/produkt\/vorderer-rinder-churrasco\/#breadcrumb\",\"itemListElement\":[{\"@type\":\"ListItem\",\"position\":1,\"name\":\"Portada\",\"item\":\"https:\/\/www.costabravafoods.com\/de\/\"},{\"@type\":\"ListItem\",\"position\":2,\"name\":\"Produkte\",\"item\":\"https:\/\/www.costabravafoods.com\/productos\/\"},{\"@type\":\"ListItem\",\"position\":3,\"name\":\"Vorderer Rinder-Churrasco\"}]},{\"@type\":\"WebSite\",\"@id\":\"https:\/\/www.costabravafoods.com\/#website\",\"url\":\"https:\/\/www.costabravafoods.com\/\",\"name\":\"Costa Brava Foods\",\"description\":\"\",\"potentialAction\":[{\"@type\":\"SearchAction\",\"target\":{\"@type\":\"EntryPoint\",\"urlTemplate\":\"https:\/\/www.costabravafoods.com\/?s={search_term_string}\"},\"query-input\":{\"@type\":\"PropertyValueSpecification\",\"valueRequired\":true,\"valueName\":\"search_term_string\"}}],\"inLanguage\":\"de\"}]}<\/script>\n<!-- \/ Yoast SEO plugin. -->","yoast_head_json":{"title":"Vorderer Rinder-Churrasco","description":"Vorderes Churrasco aus den Brustrippen des Rinds, ein schmackhaftes und saftiges St\u00fcck Fleisch.","robots":{"index":"index","follow":"follow","max-snippet":"max-snippet:-1","max-image-preview":"max-image-preview:large","max-video-preview":"max-video-preview:-1"},"canonical":"https:\/\/www.costabravafoods.com\/de\/produkt\/vorderer-rinder-churrasco\/","og_locale":"de_DE","og_type":"article","og_title":"Vorderer Rinder-Churrasco","og_description":"Vorderes Churrasco aus den Brustrippen des Rinds, ein schmackhaftes und saftiges St\u00fcck Fleisch.","og_url":"https:\/\/www.costabravafoods.com\/de\/produkt\/vorderer-rinder-churrasco\/","og_site_name":"Costa Brava Foods","article_modified_time":"2025-09-30T17:04:56+00:00","og_image":[{"width":1000,"height":1000,"url":"https:\/\/www.costabravafoods.com\/wp-content\/uploads\/2025\/07\/churrasco-delantero-forequarter-ribs.png","type":"image\/png"}],"twitter_card":"summary_large_image","schema":{"@context":"https:\/\/schema.org","@graph":[{"@type":"WebPage","@id":"https:\/\/www.costabravafoods.com\/de\/produkt\/vorderer-rinder-churrasco\/","url":"https:\/\/www.costabravafoods.com\/de\/produkt\/vorderer-rinder-churrasco\/","name":"Vorderer Rinder-Churrasco","isPartOf":{"@id":"https:\/\/www.costabravafoods.com\/#website"},"primaryImageOfPage":{"@id":"https:\/\/www.costabravafoods.com\/de\/produkt\/vorderer-rinder-churrasco\/#primaryimage"},"image":{"@id":"https:\/\/www.costabravafoods.com\/de\/produkt\/vorderer-rinder-churrasco\/#primaryimage"},"thumbnailUrl":"https:\/\/www.costabravafoods.com\/wp-content\/uploads\/2025\/07\/churrasco-delantero-forequarter-ribs.png","datePublished":"2025-07-18T09:56:31+00:00","dateModified":"2025-09-30T17:04:56+00:00","description":"Vorderes Churrasco aus den Brustrippen des Rinds, ein schmackhaftes und saftiges St\u00fcck Fleisch.","breadcrumb":{"@id":"https:\/\/www.costabravafoods.com\/de\/produkt\/vorderer-rinder-churrasco\/#breadcrumb"},"inLanguage":"de","potentialAction":[{"@type":"ReadAction","target":["https:\/\/www.costabravafoods.com\/de\/produkt\/vorderer-rinder-churrasco\/"]}]},{"@type":"ImageObject","inLanguage":"de","@id":"https:\/\/www.costabravafoods.com\/de\/produkt\/vorderer-rinder-churrasco\/#primaryimage","url":"https:\/\/www.costabravafoods.com\/wp-content\/uploads\/2025\/07\/churrasco-delantero-forequarter-ribs.png","contentUrl":"https:\/\/www.costabravafoods.com\/wp-content\/uploads\/2025\/07\/churrasco-delantero-forequarter-ribs.png","width":1000,"height":1000,"caption":"Vorderes Churrasco aus den Brustrippen des Rinds"},{"@type":"BreadcrumbList","@id":"https:\/\/www.costabravafoods.com\/de\/produkt\/vorderer-rinder-churrasco\/#breadcrumb","itemListElement":[{"@type":"ListItem","position":1,"name":"Portada","item":"https:\/\/www.costabravafoods.com\/de\/"},{"@type":"ListItem","position":2,"name":"Produkte","item":"https:\/\/www.costabravafoods.com\/productos\/"},{"@type":"ListItem","position":3,"name":"Vorderer Rinder-Churrasco"}]},{"@type":"WebSite","@id":"https:\/\/www.costabravafoods.com\/#website","url":"https:\/\/www.costabravafoods.com\/","name":"Costa Brava Foods","description":"","potentialAction":[{"@type":"SearchAction","target":{"@type":"EntryPoint","urlTemplate":"https:\/\/www.costabravafoods.com\/?s={search_term_string}"},"query-input":{"@type":"PropertyValueSpecification","valueRequired":true,"valueName":"search_term_string"}}],"inLanguage":"de"}]}},"_links":{"self":[{"href":"https:\/\/www.costabravafoods.com\/de\/wp-json\/wp\/v2\/product\/32339","targetHints":{"allow":["GET"]}}],"collection":[{"href":"https:\/\/www.costabravafoods.com\/de\/wp-json\/wp\/v2\/product"}],"about":[{"href":"https:\/\/www.costabravafoods.com\/de\/wp-json\/wp\/v2\/types\/product"}],"wp:featuredmedia":[{"embeddable":true,"href":"https:\/\/www.costabravafoods.com\/de\/wp-json\/wp\/v2\/media\/17973"}],"wp:attachment":[{"href":"https:\/\/www.costabravafoods.com\/de\/wp-json\/wp\/v2\/media?parent=32339"}],"wp:term":[{"taxonomy":"product_brand","embeddable":true,"href":"https:\/\/www.costabravafoods.com\/de\/wp-json\/wp\/v2\/product_brand?post=32339"},{"taxonomy":"product_cat","embeddable":true,"href":"https:\/\/www.costabravafoods.com\/de\/wp-json\/wp\/v2\/product_cat?post=32339"},{"taxonomy":"product_tag","embeddable":true,"href":"https:\/\/www.costabravafoods.com\/de\/wp-json\/wp\/v2\/product_tag?post=32339"},{"taxonomy":"corte_cerdo","embeddable":true,"href":"https:\/\/www.costabravafoods.com\/de\/wp-json\/wp\/v2\/corte_cerdo?post=32339"},{"taxonomy":"corte_vacuno","embeddable":true,"href":"https:\/\/www.costabravafoods.com\/de\/wp-json\/wp\/v2\/corte_vacuno?post=32339"},{"taxonomy":"fresh_retail","embeddable":true,"href":"https:\/\/www.costabravafoods.com\/de\/wp-json\/wp\/v2\/fresh_retail?post=32339"},{"taxonomy":"conservacion","embeddable":true,"href":"https:\/\/www.costabravafoods.com\/de\/wp-json\/wp\/v2\/conservacion?post=32339"},{"taxonomy":"envase","embeddable":true,"href":"https:\/\/www.costabravafoods.com\/de\/wp-json\/wp\/v2\/envase?post=32339"},{"taxonomy":"tipo_corte","embeddable":true,"href":"https:\/\/www.costabravafoods.com\/de\/wp-json\/wp\/v2\/tipo_corte?post=32339"}],"curies":[{"name":"wp","href":"https:\/\/api.w.org\/{rel}","templated":true}]}}