

{"id":32350,"date":"2025-07-19T12:40:42","date_gmt":"2025-07-19T10:40:42","guid":{"rendered":"https:\/\/www.costabravafoods.com\/producto\/runder-schinken-ohne-fuss\/"},"modified":"2025-09-30T19:05:08","modified_gmt":"2025-09-30T17:05:08","slug":"runder-schinken-ohne-fuss","status":"publish","type":"product","link":"https:\/\/www.costabravafoods.com\/de\/produkt\/runder-schinken-ohne-fuss\/","title":{"rendered":"Runder Schinken ohne Fu\u00df"},"content":{"rendered":"<p>Runder Schinken ohne Fu\u00df vom Schwein. Dieses Produkt ist haupts\u00e4chlich f\u00fcr den inl\u00e4ndischen spanischen Markt bestimmt und wird u. a. vor allem zum Einp\u00f6keln verwendet.<\/p>\n","protected":false},"excerpt":{"rendered":"<p>Runder Schinken ohne Fu\u00df, haupts\u00e4chlich zum Einp\u00f6keln oder Herstellen von anderen Wurstsorten nach Entfernen des Knochens.<\/p>\n","protected":false},"featured_media":3765,"template":"","meta":[],"product_brand":[],"product_cat":[370,500,381],"product_tag":[],"corte_cerdo":[385],"corte_vacuno":[],"fresh_retail":[383],"conservacion":[],"envase":[],"tipo_corte":[],"class_list":{"0":"post-32350","1":"product","2":"type-product","3":"status-publish","4":"has-post-thumbnail","6":"product_cat-fresh-de","7":"product_cat-schinken","8":"product_cat-schwein","9":"corte_cerdo-schinken","10":"fresh_retail-schwein","12":"first","13":"instock","14":"product-type-simple"},"yoast_head":"<!-- This site is optimized with the Yoast SEO plugin v27.2 - https:\/\/yoast.com\/product\/yoast-seo-wordpress\/ -->\n<title>Runder Schinken ohne Fu\u00df<\/title>\n<meta name=\"description\" content=\"Runder Schinken ohne Fu\u00df, haupts\u00e4chlich zum Einp\u00f6keln oder Herstellen von anderen Wurstsorten nach Entfernen des Knochens.\" \/>\n<meta name=\"robots\" content=\"index, follow, max-snippet:-1, max-image-preview:large, max-video-preview:-1\" \/>\n<link rel=\"canonical\" href=\"https:\/\/www.costabravafoods.com\/de\/produkt\/runder-schinken-ohne-fuss\/\" \/>\n<meta property=\"og:locale\" content=\"de_DE\" \/>\n<meta property=\"og:type\" content=\"article\" \/>\n<meta property=\"og:title\" content=\"Runder Schinken ohne Fu\u00df\" \/>\n<meta property=\"og:description\" content=\"Runder Schinken ohne Fu\u00df, haupts\u00e4chlich zum Einp\u00f6keln oder Herstellen von anderen Wurstsorten nach Entfernen des Knochens.\" \/>\n<meta property=\"og:url\" content=\"https:\/\/www.costabravafoods.com\/de\/produkt\/runder-schinken-ohne-fuss\/\" \/>\n<meta property=\"og:site_name\" content=\"Costa Brava Foods\" \/>\n<meta property=\"article:modified_time\" content=\"2025-09-30T17:05:08+00:00\" \/>\n<meta property=\"og:image\" content=\"https:\/\/www.costabravafoods.com\/wp-content\/uploads\/2025\/04\/jamon-redondo-round-ham.jpg\" \/>\n\t<meta property=\"og:image:width\" content=\"1000\" \/>\n\t<meta property=\"og:image:height\" content=\"1000\" \/>\n\t<meta property=\"og:image:type\" content=\"image\/jpeg\" \/>\n<meta name=\"twitter:card\" content=\"summary_large_image\" \/>\n<script type=\"application\/ld+json\" class=\"yoast-schema-graph\">{\"@context\":\"https:\/\/schema.org\",\"@graph\":[{\"@type\":\"WebPage\",\"@id\":\"https:\/\/www.costabravafoods.com\/de\/produkt\/runder-schinken-ohne-fuss\/\",\"url\":\"https:\/\/www.costabravafoods.com\/de\/produkt\/runder-schinken-ohne-fuss\/\",\"name\":\"Runder Schinken ohne Fu\u00df\",\"isPartOf\":{\"@id\":\"https:\/\/www.costabravafoods.com\/#website\"},\"primaryImageOfPage\":{\"@id\":\"https:\/\/www.costabravafoods.com\/de\/produkt\/runder-schinken-ohne-fuss\/#primaryimage\"},\"image\":{\"@id\":\"https:\/\/www.costabravafoods.com\/de\/produkt\/runder-schinken-ohne-fuss\/#primaryimage\"},\"thumbnailUrl\":\"https:\/\/www.costabravafoods.com\/wp-content\/uploads\/2025\/04\/jamon-redondo-round-ham.jpg\",\"datePublished\":\"2025-07-19T10:40:42+00:00\",\"dateModified\":\"2025-09-30T17:05:08+00:00\",\"description\":\"Runder Schinken ohne Fu\u00df, haupts\u00e4chlich zum Einp\u00f6keln oder Herstellen von anderen Wurstsorten nach Entfernen des Knochens.\",\"breadcrumb\":{\"@id\":\"https:\/\/www.costabravafoods.com\/de\/produkt\/runder-schinken-ohne-fuss\/#breadcrumb\"},\"inLanguage\":\"de\",\"potentialAction\":[{\"@type\":\"ReadAction\",\"target\":[\"https:\/\/www.costabravafoods.com\/de\/produkt\/runder-schinken-ohne-fuss\/\"]}]},{\"@type\":\"ImageObject\",\"inLanguage\":\"de\",\"@id\":\"https:\/\/www.costabravafoods.com\/de\/produkt\/runder-schinken-ohne-fuss\/#primaryimage\",\"url\":\"https:\/\/www.costabravafoods.com\/wp-content\/uploads\/2025\/04\/jamon-redondo-round-ham.jpg\",\"contentUrl\":\"https:\/\/www.costabravafoods.com\/wp-content\/uploads\/2025\/04\/jamon-redondo-round-ham.jpg\",\"width\":1000,\"height\":1000,\"caption\":\"Runder Schinken ohne Fu\u00df\"},{\"@type\":\"BreadcrumbList\",\"@id\":\"https:\/\/www.costabravafoods.com\/de\/produkt\/runder-schinken-ohne-fuss\/#breadcrumb\",\"itemListElement\":[{\"@type\":\"ListItem\",\"position\":1,\"name\":\"Portada\",\"item\":\"https:\/\/www.costabravafoods.com\/de\/\"},{\"@type\":\"ListItem\",\"position\":2,\"name\":\"Produkte\",\"item\":\"https:\/\/www.costabravafoods.com\/productos\/\"},{\"@type\":\"ListItem\",\"position\":3,\"name\":\"Runder Schinken ohne Fu\u00df\"}]},{\"@type\":\"WebSite\",\"@id\":\"https:\/\/www.costabravafoods.com\/#website\",\"url\":\"https:\/\/www.costabravafoods.com\/\",\"name\":\"Costa Brava Foods\",\"description\":\"\",\"potentialAction\":[{\"@type\":\"SearchAction\",\"target\":{\"@type\":\"EntryPoint\",\"urlTemplate\":\"https:\/\/www.costabravafoods.com\/?s={search_term_string}\"},\"query-input\":{\"@type\":\"PropertyValueSpecification\",\"valueRequired\":true,\"valueName\":\"search_term_string\"}}],\"inLanguage\":\"de\"}]}<\/script>\n<!-- \/ Yoast SEO plugin. -->","yoast_head_json":{"title":"Runder Schinken ohne Fu\u00df","description":"Runder Schinken ohne Fu\u00df, haupts\u00e4chlich zum Einp\u00f6keln oder Herstellen von anderen Wurstsorten nach Entfernen des Knochens.","robots":{"index":"index","follow":"follow","max-snippet":"max-snippet:-1","max-image-preview":"max-image-preview:large","max-video-preview":"max-video-preview:-1"},"canonical":"https:\/\/www.costabravafoods.com\/de\/produkt\/runder-schinken-ohne-fuss\/","og_locale":"de_DE","og_type":"article","og_title":"Runder Schinken ohne Fu\u00df","og_description":"Runder Schinken ohne Fu\u00df, haupts\u00e4chlich zum Einp\u00f6keln oder Herstellen von anderen Wurstsorten nach Entfernen des Knochens.","og_url":"https:\/\/www.costabravafoods.com\/de\/produkt\/runder-schinken-ohne-fuss\/","og_site_name":"Costa Brava Foods","article_modified_time":"2025-09-30T17:05:08+00:00","og_image":[{"width":1000,"height":1000,"url":"https:\/\/www.costabravafoods.com\/wp-content\/uploads\/2025\/04\/jamon-redondo-round-ham.jpg","type":"image\/jpeg"}],"twitter_card":"summary_large_image","schema":{"@context":"https:\/\/schema.org","@graph":[{"@type":"WebPage","@id":"https:\/\/www.costabravafoods.com\/de\/produkt\/runder-schinken-ohne-fuss\/","url":"https:\/\/www.costabravafoods.com\/de\/produkt\/runder-schinken-ohne-fuss\/","name":"Runder Schinken ohne Fu\u00df","isPartOf":{"@id":"https:\/\/www.costabravafoods.com\/#website"},"primaryImageOfPage":{"@id":"https:\/\/www.costabravafoods.com\/de\/produkt\/runder-schinken-ohne-fuss\/#primaryimage"},"image":{"@id":"https:\/\/www.costabravafoods.com\/de\/produkt\/runder-schinken-ohne-fuss\/#primaryimage"},"thumbnailUrl":"https:\/\/www.costabravafoods.com\/wp-content\/uploads\/2025\/04\/jamon-redondo-round-ham.jpg","datePublished":"2025-07-19T10:40:42+00:00","dateModified":"2025-09-30T17:05:08+00:00","description":"Runder Schinken ohne Fu\u00df, haupts\u00e4chlich zum Einp\u00f6keln oder Herstellen von anderen Wurstsorten nach Entfernen des Knochens.","breadcrumb":{"@id":"https:\/\/www.costabravafoods.com\/de\/produkt\/runder-schinken-ohne-fuss\/#breadcrumb"},"inLanguage":"de","potentialAction":[{"@type":"ReadAction","target":["https:\/\/www.costabravafoods.com\/de\/produkt\/runder-schinken-ohne-fuss\/"]}]},{"@type":"ImageObject","inLanguage":"de","@id":"https:\/\/www.costabravafoods.com\/de\/produkt\/runder-schinken-ohne-fuss\/#primaryimage","url":"https:\/\/www.costabravafoods.com\/wp-content\/uploads\/2025\/04\/jamon-redondo-round-ham.jpg","contentUrl":"https:\/\/www.costabravafoods.com\/wp-content\/uploads\/2025\/04\/jamon-redondo-round-ham.jpg","width":1000,"height":1000,"caption":"Runder Schinken ohne Fu\u00df"},{"@type":"BreadcrumbList","@id":"https:\/\/www.costabravafoods.com\/de\/produkt\/runder-schinken-ohne-fuss\/#breadcrumb","itemListElement":[{"@type":"ListItem","position":1,"name":"Portada","item":"https:\/\/www.costabravafoods.com\/de\/"},{"@type":"ListItem","position":2,"name":"Produkte","item":"https:\/\/www.costabravafoods.com\/productos\/"},{"@type":"ListItem","position":3,"name":"Runder Schinken ohne Fu\u00df"}]},{"@type":"WebSite","@id":"https:\/\/www.costabravafoods.com\/#website","url":"https:\/\/www.costabravafoods.com\/","name":"Costa Brava Foods","description":"","potentialAction":[{"@type":"SearchAction","target":{"@type":"EntryPoint","urlTemplate":"https:\/\/www.costabravafoods.com\/?s={search_term_string}"},"query-input":{"@type":"PropertyValueSpecification","valueRequired":true,"valueName":"search_term_string"}}],"inLanguage":"de"}]}},"_links":{"self":[{"href":"https:\/\/www.costabravafoods.com\/de\/wp-json\/wp\/v2\/product\/32350","targetHints":{"allow":["GET"]}}],"collection":[{"href":"https:\/\/www.costabravafoods.com\/de\/wp-json\/wp\/v2\/product"}],"about":[{"href":"https:\/\/www.costabravafoods.com\/de\/wp-json\/wp\/v2\/types\/product"}],"wp:featuredmedia":[{"embeddable":true,"href":"https:\/\/www.costabravafoods.com\/de\/wp-json\/wp\/v2\/media\/3765"}],"wp:attachment":[{"href":"https:\/\/www.costabravafoods.com\/de\/wp-json\/wp\/v2\/media?parent=32350"}],"wp:term":[{"taxonomy":"product_brand","embeddable":true,"href":"https:\/\/www.costabravafoods.com\/de\/wp-json\/wp\/v2\/product_brand?post=32350"},{"taxonomy":"product_cat","embeddable":true,"href":"https:\/\/www.costabravafoods.com\/de\/wp-json\/wp\/v2\/product_cat?post=32350"},{"taxonomy":"product_tag","embeddable":true,"href":"https:\/\/www.costabravafoods.com\/de\/wp-json\/wp\/v2\/product_tag?post=32350"},{"taxonomy":"corte_cerdo","embeddable":true,"href":"https:\/\/www.costabravafoods.com\/de\/wp-json\/wp\/v2\/corte_cerdo?post=32350"},{"taxonomy":"corte_vacuno","embeddable":true,"href":"https:\/\/www.costabravafoods.com\/de\/wp-json\/wp\/v2\/corte_vacuno?post=32350"},{"taxonomy":"fresh_retail","embeddable":true,"href":"https:\/\/www.costabravafoods.com\/de\/wp-json\/wp\/v2\/fresh_retail?post=32350"},{"taxonomy":"conservacion","embeddable":true,"href":"https:\/\/www.costabravafoods.com\/de\/wp-json\/wp\/v2\/conservacion?post=32350"},{"taxonomy":"envase","embeddable":true,"href":"https:\/\/www.costabravafoods.com\/de\/wp-json\/wp\/v2\/envase?post=32350"},{"taxonomy":"tipo_corte","embeddable":true,"href":"https:\/\/www.costabravafoods.com\/de\/wp-json\/wp\/v2\/tipo_corte?post=32350"}],"curies":[{"name":"wp","href":"https:\/\/api.w.org\/{rel}","templated":true}]}}