

{"id":32351,"date":"2025-07-19T12:40:42","date_gmt":"2025-07-19T10:40:42","guid":{"rendered":"https:\/\/www.costabravafoods.com\/producto\/filetkopf-gerade-geschnitten\/"},"modified":"2025-09-30T19:05:09","modified_gmt":"2025-09-30T17:05:09","slug":"filetkopf-gerade-geschnitten","status":"publish","type":"product","link":"https:\/\/www.costabravafoods.com\/de\/produkt\/filetkopf-gerade-geschnitten\/","title":{"rendered":"Filetkopf, gerade geschnitten"},"content":{"rendered":"<p>Filetkopf vom Schwein, gerade geschnitten Ein vielseitiges St\u00fcck Fleisch aus dem Halsbereich des Schweins, das sich durch seinen geraden Zuschnitt auszeichnet, der die Zubereitung erleichtert. Es wird zwar haupts\u00e4chlich zum Grillen verwendet, erfreut sich in manchen L\u00e4ndern jedoch auch gro\u00dfer Beliebtheit f\u00fcr das Lufttrocknen.<\/p>\n","protected":false},"excerpt":{"rendered":"<p>Filetkopf, gerade geschnitten, ein vielseitiges St\u00fcck Fleisch zum Grillen oder Lufttrocknen.<\/p>\n","protected":false},"featured_media":3867,"template":"","meta":[],"product_brand":[],"product_cat":[484,370,381],"product_tag":[],"corte_cerdo":[386],"corte_vacuno":[],"fresh_retail":[383],"conservacion":[],"envase":[],"tipo_corte":[],"class_list":{"0":"post-32351","1":"product","2":"type-product","3":"status-publish","4":"has-post-thumbnail","6":"product_cat-bug-und-haelse","7":"product_cat-fresh-de","8":"product_cat-schwein","9":"corte_cerdo-bug-und-haelse","10":"fresh_retail-schwein","12":"first","13":"instock","14":"product-type-simple"},"yoast_head":"<!-- This site is optimized with the Yoast SEO plugin v27.2 - https:\/\/yoast.com\/product\/yoast-seo-wordpress\/ -->\n<title>Filetkopf, gerade geschnitten<\/title>\n<meta name=\"description\" content=\"Filetkopf, gerade geschnitten, ein vielseitiges St\u00fcck Fleisch zum Grillen oder Lufttrocknen.\" \/>\n<meta name=\"robots\" content=\"index, follow, max-snippet:-1, max-image-preview:large, max-video-preview:-1\" \/>\n<link rel=\"canonical\" href=\"https:\/\/www.costabravafoods.com\/de\/produkt\/filetkopf-gerade-geschnitten\/\" \/>\n<meta property=\"og:locale\" content=\"de_DE\" \/>\n<meta property=\"og:type\" content=\"article\" \/>\n<meta property=\"og:title\" content=\"Filetkopf, gerade geschnitten\" \/>\n<meta property=\"og:description\" content=\"Filetkopf, gerade geschnitten, ein vielseitiges St\u00fcck Fleisch zum Grillen oder Lufttrocknen.\" \/>\n<meta property=\"og:url\" content=\"https:\/\/www.costabravafoods.com\/de\/produkt\/filetkopf-gerade-geschnitten\/\" \/>\n<meta property=\"og:site_name\" content=\"Costa Brava Foods\" \/>\n<meta property=\"article:modified_time\" content=\"2025-09-30T17:05:09+00:00\" \/>\n<meta property=\"og:image\" content=\"https:\/\/www.costabravafoods.com\/wp-content\/uploads\/2025\/04\/cabeza-lomo-recta-collar-straight.jpg\" \/>\n\t<meta property=\"og:image:width\" content=\"1000\" \/>\n\t<meta property=\"og:image:height\" content=\"1000\" \/>\n\t<meta property=\"og:image:type\" content=\"image\/jpeg\" \/>\n<meta name=\"twitter:card\" content=\"summary_large_image\" \/>\n<script type=\"application\/ld+json\" class=\"yoast-schema-graph\">{\"@context\":\"https:\/\/schema.org\",\"@graph\":[{\"@type\":\"WebPage\",\"@id\":\"https:\/\/www.costabravafoods.com\/de\/produkt\/filetkopf-gerade-geschnitten\/\",\"url\":\"https:\/\/www.costabravafoods.com\/de\/produkt\/filetkopf-gerade-geschnitten\/\",\"name\":\"Filetkopf, gerade geschnitten\",\"isPartOf\":{\"@id\":\"https:\/\/www.costabravafoods.com\/#website\"},\"primaryImageOfPage\":{\"@id\":\"https:\/\/www.costabravafoods.com\/de\/produkt\/filetkopf-gerade-geschnitten\/#primaryimage\"},\"image\":{\"@id\":\"https:\/\/www.costabravafoods.com\/de\/produkt\/filetkopf-gerade-geschnitten\/#primaryimage\"},\"thumbnailUrl\":\"https:\/\/www.costabravafoods.com\/wp-content\/uploads\/2025\/04\/cabeza-lomo-recta-collar-straight.jpg\",\"datePublished\":\"2025-07-19T10:40:42+00:00\",\"dateModified\":\"2025-09-30T17:05:09+00:00\",\"description\":\"Filetkopf, gerade geschnitten, ein vielseitiges St\u00fcck Fleisch zum Grillen oder Lufttrocknen.\",\"breadcrumb\":{\"@id\":\"https:\/\/www.costabravafoods.com\/de\/produkt\/filetkopf-gerade-geschnitten\/#breadcrumb\"},\"inLanguage\":\"de\",\"potentialAction\":[{\"@type\":\"ReadAction\",\"target\":[\"https:\/\/www.costabravafoods.com\/de\/produkt\/filetkopf-gerade-geschnitten\/\"]}]},{\"@type\":\"ImageObject\",\"inLanguage\":\"de\",\"@id\":\"https:\/\/www.costabravafoods.com\/de\/produkt\/filetkopf-gerade-geschnitten\/#primaryimage\",\"url\":\"https:\/\/www.costabravafoods.com\/wp-content\/uploads\/2025\/04\/cabeza-lomo-recta-collar-straight.jpg\",\"contentUrl\":\"https:\/\/www.costabravafoods.com\/wp-content\/uploads\/2025\/04\/cabeza-lomo-recta-collar-straight.jpg\",\"width\":1000,\"height\":1000,\"caption\":\"Filetkopf\"},{\"@type\":\"BreadcrumbList\",\"@id\":\"https:\/\/www.costabravafoods.com\/de\/produkt\/filetkopf-gerade-geschnitten\/#breadcrumb\",\"itemListElement\":[{\"@type\":\"ListItem\",\"position\":1,\"name\":\"Portada\",\"item\":\"https:\/\/www.costabravafoods.com\/de\/\"},{\"@type\":\"ListItem\",\"position\":2,\"name\":\"Produkte\",\"item\":\"https:\/\/www.costabravafoods.com\/productos\/\"},{\"@type\":\"ListItem\",\"position\":3,\"name\":\"Filetkopf, gerade geschnitten\"}]},{\"@type\":\"WebSite\",\"@id\":\"https:\/\/www.costabravafoods.com\/#website\",\"url\":\"https:\/\/www.costabravafoods.com\/\",\"name\":\"Costa Brava Foods\",\"description\":\"\",\"potentialAction\":[{\"@type\":\"SearchAction\",\"target\":{\"@type\":\"EntryPoint\",\"urlTemplate\":\"https:\/\/www.costabravafoods.com\/?s={search_term_string}\"},\"query-input\":{\"@type\":\"PropertyValueSpecification\",\"valueRequired\":true,\"valueName\":\"search_term_string\"}}],\"inLanguage\":\"de\"}]}<\/script>\n<!-- \/ Yoast SEO plugin. -->","yoast_head_json":{"title":"Filetkopf, gerade geschnitten","description":"Filetkopf, gerade geschnitten, ein vielseitiges St\u00fcck Fleisch zum Grillen oder Lufttrocknen.","robots":{"index":"index","follow":"follow","max-snippet":"max-snippet:-1","max-image-preview":"max-image-preview:large","max-video-preview":"max-video-preview:-1"},"canonical":"https:\/\/www.costabravafoods.com\/de\/produkt\/filetkopf-gerade-geschnitten\/","og_locale":"de_DE","og_type":"article","og_title":"Filetkopf, gerade geschnitten","og_description":"Filetkopf, gerade geschnitten, ein vielseitiges St\u00fcck Fleisch zum Grillen oder Lufttrocknen.","og_url":"https:\/\/www.costabravafoods.com\/de\/produkt\/filetkopf-gerade-geschnitten\/","og_site_name":"Costa Brava Foods","article_modified_time":"2025-09-30T17:05:09+00:00","og_image":[{"width":1000,"height":1000,"url":"https:\/\/www.costabravafoods.com\/wp-content\/uploads\/2025\/04\/cabeza-lomo-recta-collar-straight.jpg","type":"image\/jpeg"}],"twitter_card":"summary_large_image","schema":{"@context":"https:\/\/schema.org","@graph":[{"@type":"WebPage","@id":"https:\/\/www.costabravafoods.com\/de\/produkt\/filetkopf-gerade-geschnitten\/","url":"https:\/\/www.costabravafoods.com\/de\/produkt\/filetkopf-gerade-geschnitten\/","name":"Filetkopf, gerade geschnitten","isPartOf":{"@id":"https:\/\/www.costabravafoods.com\/#website"},"primaryImageOfPage":{"@id":"https:\/\/www.costabravafoods.com\/de\/produkt\/filetkopf-gerade-geschnitten\/#primaryimage"},"image":{"@id":"https:\/\/www.costabravafoods.com\/de\/produkt\/filetkopf-gerade-geschnitten\/#primaryimage"},"thumbnailUrl":"https:\/\/www.costabravafoods.com\/wp-content\/uploads\/2025\/04\/cabeza-lomo-recta-collar-straight.jpg","datePublished":"2025-07-19T10:40:42+00:00","dateModified":"2025-09-30T17:05:09+00:00","description":"Filetkopf, gerade geschnitten, ein vielseitiges St\u00fcck Fleisch zum Grillen oder Lufttrocknen.","breadcrumb":{"@id":"https:\/\/www.costabravafoods.com\/de\/produkt\/filetkopf-gerade-geschnitten\/#breadcrumb"},"inLanguage":"de","potentialAction":[{"@type":"ReadAction","target":["https:\/\/www.costabravafoods.com\/de\/produkt\/filetkopf-gerade-geschnitten\/"]}]},{"@type":"ImageObject","inLanguage":"de","@id":"https:\/\/www.costabravafoods.com\/de\/produkt\/filetkopf-gerade-geschnitten\/#primaryimage","url":"https:\/\/www.costabravafoods.com\/wp-content\/uploads\/2025\/04\/cabeza-lomo-recta-collar-straight.jpg","contentUrl":"https:\/\/www.costabravafoods.com\/wp-content\/uploads\/2025\/04\/cabeza-lomo-recta-collar-straight.jpg","width":1000,"height":1000,"caption":"Filetkopf"},{"@type":"BreadcrumbList","@id":"https:\/\/www.costabravafoods.com\/de\/produkt\/filetkopf-gerade-geschnitten\/#breadcrumb","itemListElement":[{"@type":"ListItem","position":1,"name":"Portada","item":"https:\/\/www.costabravafoods.com\/de\/"},{"@type":"ListItem","position":2,"name":"Produkte","item":"https:\/\/www.costabravafoods.com\/productos\/"},{"@type":"ListItem","position":3,"name":"Filetkopf, gerade geschnitten"}]},{"@type":"WebSite","@id":"https:\/\/www.costabravafoods.com\/#website","url":"https:\/\/www.costabravafoods.com\/","name":"Costa Brava Foods","description":"","potentialAction":[{"@type":"SearchAction","target":{"@type":"EntryPoint","urlTemplate":"https:\/\/www.costabravafoods.com\/?s={search_term_string}"},"query-input":{"@type":"PropertyValueSpecification","valueRequired":true,"valueName":"search_term_string"}}],"inLanguage":"de"}]}},"_links":{"self":[{"href":"https:\/\/www.costabravafoods.com\/de\/wp-json\/wp\/v2\/product\/32351","targetHints":{"allow":["GET"]}}],"collection":[{"href":"https:\/\/www.costabravafoods.com\/de\/wp-json\/wp\/v2\/product"}],"about":[{"href":"https:\/\/www.costabravafoods.com\/de\/wp-json\/wp\/v2\/types\/product"}],"wp:featuredmedia":[{"embeddable":true,"href":"https:\/\/www.costabravafoods.com\/de\/wp-json\/wp\/v2\/media\/3867"}],"wp:attachment":[{"href":"https:\/\/www.costabravafoods.com\/de\/wp-json\/wp\/v2\/media?parent=32351"}],"wp:term":[{"taxonomy":"product_brand","embeddable":true,"href":"https:\/\/www.costabravafoods.com\/de\/wp-json\/wp\/v2\/product_brand?post=32351"},{"taxonomy":"product_cat","embeddable":true,"href":"https:\/\/www.costabravafoods.com\/de\/wp-json\/wp\/v2\/product_cat?post=32351"},{"taxonomy":"product_tag","embeddable":true,"href":"https:\/\/www.costabravafoods.com\/de\/wp-json\/wp\/v2\/product_tag?post=32351"},{"taxonomy":"corte_cerdo","embeddable":true,"href":"https:\/\/www.costabravafoods.com\/de\/wp-json\/wp\/v2\/corte_cerdo?post=32351"},{"taxonomy":"corte_vacuno","embeddable":true,"href":"https:\/\/www.costabravafoods.com\/de\/wp-json\/wp\/v2\/corte_vacuno?post=32351"},{"taxonomy":"fresh_retail","embeddable":true,"href":"https:\/\/www.costabravafoods.com\/de\/wp-json\/wp\/v2\/fresh_retail?post=32351"},{"taxonomy":"conservacion","embeddable":true,"href":"https:\/\/www.costabravafoods.com\/de\/wp-json\/wp\/v2\/conservacion?post=32351"},{"taxonomy":"envase","embeddable":true,"href":"https:\/\/www.costabravafoods.com\/de\/wp-json\/wp\/v2\/envase?post=32351"},{"taxonomy":"tipo_corte","embeddable":true,"href":"https:\/\/www.costabravafoods.com\/de\/wp-json\/wp\/v2\/tipo_corte?post=32351"}],"curies":[{"name":"wp","href":"https:\/\/api.w.org\/{rel}","templated":true}]}}