

{"id":32371,"date":"2025-07-19T12:40:52","date_gmt":"2025-07-19T10:40:52","guid":{"rendered":"https:\/\/www.costabravafoods.com\/producto\/rippe\/"},"modified":"2025-09-30T19:05:29","modified_gmt":"2025-09-30T17:05:29","slug":"rippe","status":"publish","type":"product","link":"https:\/\/www.costabravafoods.com\/de\/produkt\/rippe\/","title":{"rendered":"Rippe"},"content":{"rendered":"<p>Bei der Schweinerippe handelt es sich um ein sehr schmackhaftes St\u00fcck Fleisch, das sich durch das Vorhandensein von Knochen auszeichnet. Das Produkt ist haupts\u00e4chlich f\u00fcr den asiatischen Markt bestimmt und wird vorrangig f\u00fcr Grillgerichte verwendet.<\/p>\n","protected":false},"excerpt":{"rendered":"<p>Schweinerippen sind sehr schmackhafte St\u00fccke, die sich perfekt zum Grillen eignen.<\/p>\n","protected":false},"featured_media":3897,"template":"","meta":[],"product_brand":[],"product_cat":[370,488,381],"product_tag":[],"corte_cerdo":[384],"corte_vacuno":[],"fresh_retail":[383],"conservacion":[],"envase":[],"tipo_corte":[],"class_list":{"0":"post-32371","1":"product","2":"type-product","3":"status-publish","4":"has-post-thumbnail","6":"product_cat-fresh-de","7":"product_cat-rucken","8":"product_cat-schwein","9":"corte_cerdo-ruecken","10":"fresh_retail-schwein","12":"first","13":"instock","14":"product-type-simple"},"yoast_head":"<!-- This site is optimized with the Yoast SEO plugin v27.2 - https:\/\/yoast.com\/product\/yoast-seo-wordpress\/ -->\n<title>Rippe<\/title>\n<meta name=\"description\" content=\"Schweinerippen sind sehr schmackhafte St\u00fccke, die sich perfekt zum Grillen eignen.\" \/>\n<meta name=\"robots\" content=\"index, follow, max-snippet:-1, max-image-preview:large, max-video-preview:-1\" \/>\n<link rel=\"canonical\" href=\"https:\/\/www.costabravafoods.com\/de\/produkt\/rippe\/\" \/>\n<meta property=\"og:locale\" content=\"de_DE\" \/>\n<meta property=\"og:type\" content=\"article\" \/>\n<meta property=\"og:title\" content=\"Rippe\" \/>\n<meta property=\"og:description\" content=\"Schweinerippen sind sehr schmackhafte St\u00fccke, die sich perfekt zum Grillen eignen.\" \/>\n<meta property=\"og:url\" content=\"https:\/\/www.costabravafoods.com\/de\/produkt\/rippe\/\" \/>\n<meta property=\"og:site_name\" content=\"Costa Brava Foods\" \/>\n<meta property=\"article:modified_time\" content=\"2025-09-30T17:05:29+00:00\" \/>\n<meta property=\"og:image\" content=\"https:\/\/www.costabravafoods.com\/wp-content\/uploads\/2025\/04\/costillas-cerdo-spare-ribs.jpg\" \/>\n\t<meta property=\"og:image:width\" content=\"1000\" \/>\n\t<meta property=\"og:image:height\" content=\"1000\" \/>\n\t<meta property=\"og:image:type\" content=\"image\/jpeg\" \/>\n<meta name=\"twitter:card\" content=\"summary_large_image\" \/>\n<script type=\"application\/ld+json\" class=\"yoast-schema-graph\">{\"@context\":\"https:\/\/schema.org\",\"@graph\":[{\"@type\":\"WebPage\",\"@id\":\"https:\/\/www.costabravafoods.com\/de\/produkt\/rippe\/\",\"url\":\"https:\/\/www.costabravafoods.com\/de\/produkt\/rippe\/\",\"name\":\"Rippe\",\"isPartOf\":{\"@id\":\"https:\/\/www.costabravafoods.com\/#website\"},\"primaryImageOfPage\":{\"@id\":\"https:\/\/www.costabravafoods.com\/de\/produkt\/rippe\/#primaryimage\"},\"image\":{\"@id\":\"https:\/\/www.costabravafoods.com\/de\/produkt\/rippe\/#primaryimage\"},\"thumbnailUrl\":\"https:\/\/www.costabravafoods.com\/wp-content\/uploads\/2025\/04\/costillas-cerdo-spare-ribs.jpg\",\"datePublished\":\"2025-07-19T10:40:52+00:00\",\"dateModified\":\"2025-09-30T17:05:29+00:00\",\"description\":\"Schweinerippen sind sehr schmackhafte St\u00fccke, die sich perfekt zum Grillen eignen.\",\"breadcrumb\":{\"@id\":\"https:\/\/www.costabravafoods.com\/de\/produkt\/rippe\/#breadcrumb\"},\"inLanguage\":\"de\",\"potentialAction\":[{\"@type\":\"ReadAction\",\"target\":[\"https:\/\/www.costabravafoods.com\/de\/produkt\/rippe\/\"]}]},{\"@type\":\"ImageObject\",\"inLanguage\":\"de\",\"@id\":\"https:\/\/www.costabravafoods.com\/de\/produkt\/rippe\/#primaryimage\",\"url\":\"https:\/\/www.costabravafoods.com\/wp-content\/uploads\/2025\/04\/costillas-cerdo-spare-ribs.jpg\",\"contentUrl\":\"https:\/\/www.costabravafoods.com\/wp-content\/uploads\/2025\/04\/costillas-cerdo-spare-ribs.jpg\",\"width\":1000,\"height\":1000,\"caption\":\"Schweinerippen sind sehr schmackhafte St\u00fccke\"},{\"@type\":\"BreadcrumbList\",\"@id\":\"https:\/\/www.costabravafoods.com\/de\/produkt\/rippe\/#breadcrumb\",\"itemListElement\":[{\"@type\":\"ListItem\",\"position\":1,\"name\":\"Portada\",\"item\":\"https:\/\/www.costabravafoods.com\/de\/\"},{\"@type\":\"ListItem\",\"position\":2,\"name\":\"Produkte\",\"item\":\"https:\/\/www.costabravafoods.com\/productos\/\"},{\"@type\":\"ListItem\",\"position\":3,\"name\":\"Rippe\"}]},{\"@type\":\"WebSite\",\"@id\":\"https:\/\/www.costabravafoods.com\/#website\",\"url\":\"https:\/\/www.costabravafoods.com\/\",\"name\":\"Costa Brava Foods\",\"description\":\"\",\"potentialAction\":[{\"@type\":\"SearchAction\",\"target\":{\"@type\":\"EntryPoint\",\"urlTemplate\":\"https:\/\/www.costabravafoods.com\/?s={search_term_string}\"},\"query-input\":{\"@type\":\"PropertyValueSpecification\",\"valueRequired\":true,\"valueName\":\"search_term_string\"}}],\"inLanguage\":\"de\"}]}<\/script>\n<!-- \/ Yoast SEO plugin. -->","yoast_head_json":{"title":"Rippe","description":"Schweinerippen sind sehr schmackhafte St\u00fccke, die sich perfekt zum Grillen eignen.","robots":{"index":"index","follow":"follow","max-snippet":"max-snippet:-1","max-image-preview":"max-image-preview:large","max-video-preview":"max-video-preview:-1"},"canonical":"https:\/\/www.costabravafoods.com\/de\/produkt\/rippe\/","og_locale":"de_DE","og_type":"article","og_title":"Rippe","og_description":"Schweinerippen sind sehr schmackhafte St\u00fccke, die sich perfekt zum Grillen eignen.","og_url":"https:\/\/www.costabravafoods.com\/de\/produkt\/rippe\/","og_site_name":"Costa Brava Foods","article_modified_time":"2025-09-30T17:05:29+00:00","og_image":[{"width":1000,"height":1000,"url":"https:\/\/www.costabravafoods.com\/wp-content\/uploads\/2025\/04\/costillas-cerdo-spare-ribs.jpg","type":"image\/jpeg"}],"twitter_card":"summary_large_image","schema":{"@context":"https:\/\/schema.org","@graph":[{"@type":"WebPage","@id":"https:\/\/www.costabravafoods.com\/de\/produkt\/rippe\/","url":"https:\/\/www.costabravafoods.com\/de\/produkt\/rippe\/","name":"Rippe","isPartOf":{"@id":"https:\/\/www.costabravafoods.com\/#website"},"primaryImageOfPage":{"@id":"https:\/\/www.costabravafoods.com\/de\/produkt\/rippe\/#primaryimage"},"image":{"@id":"https:\/\/www.costabravafoods.com\/de\/produkt\/rippe\/#primaryimage"},"thumbnailUrl":"https:\/\/www.costabravafoods.com\/wp-content\/uploads\/2025\/04\/costillas-cerdo-spare-ribs.jpg","datePublished":"2025-07-19T10:40:52+00:00","dateModified":"2025-09-30T17:05:29+00:00","description":"Schweinerippen sind sehr schmackhafte St\u00fccke, die sich perfekt zum Grillen eignen.","breadcrumb":{"@id":"https:\/\/www.costabravafoods.com\/de\/produkt\/rippe\/#breadcrumb"},"inLanguage":"de","potentialAction":[{"@type":"ReadAction","target":["https:\/\/www.costabravafoods.com\/de\/produkt\/rippe\/"]}]},{"@type":"ImageObject","inLanguage":"de","@id":"https:\/\/www.costabravafoods.com\/de\/produkt\/rippe\/#primaryimage","url":"https:\/\/www.costabravafoods.com\/wp-content\/uploads\/2025\/04\/costillas-cerdo-spare-ribs.jpg","contentUrl":"https:\/\/www.costabravafoods.com\/wp-content\/uploads\/2025\/04\/costillas-cerdo-spare-ribs.jpg","width":1000,"height":1000,"caption":"Schweinerippen sind sehr schmackhafte St\u00fccke"},{"@type":"BreadcrumbList","@id":"https:\/\/www.costabravafoods.com\/de\/produkt\/rippe\/#breadcrumb","itemListElement":[{"@type":"ListItem","position":1,"name":"Portada","item":"https:\/\/www.costabravafoods.com\/de\/"},{"@type":"ListItem","position":2,"name":"Produkte","item":"https:\/\/www.costabravafoods.com\/productos\/"},{"@type":"ListItem","position":3,"name":"Rippe"}]},{"@type":"WebSite","@id":"https:\/\/www.costabravafoods.com\/#website","url":"https:\/\/www.costabravafoods.com\/","name":"Costa Brava Foods","description":"","potentialAction":[{"@type":"SearchAction","target":{"@type":"EntryPoint","urlTemplate":"https:\/\/www.costabravafoods.com\/?s={search_term_string}"},"query-input":{"@type":"PropertyValueSpecification","valueRequired":true,"valueName":"search_term_string"}}],"inLanguage":"de"}]}},"_links":{"self":[{"href":"https:\/\/www.costabravafoods.com\/de\/wp-json\/wp\/v2\/product\/32371","targetHints":{"allow":["GET"]}}],"collection":[{"href":"https:\/\/www.costabravafoods.com\/de\/wp-json\/wp\/v2\/product"}],"about":[{"href":"https:\/\/www.costabravafoods.com\/de\/wp-json\/wp\/v2\/types\/product"}],"wp:featuredmedia":[{"embeddable":true,"href":"https:\/\/www.costabravafoods.com\/de\/wp-json\/wp\/v2\/media\/3897"}],"wp:attachment":[{"href":"https:\/\/www.costabravafoods.com\/de\/wp-json\/wp\/v2\/media?parent=32371"}],"wp:term":[{"taxonomy":"product_brand","embeddable":true,"href":"https:\/\/www.costabravafoods.com\/de\/wp-json\/wp\/v2\/product_brand?post=32371"},{"taxonomy":"product_cat","embeddable":true,"href":"https:\/\/www.costabravafoods.com\/de\/wp-json\/wp\/v2\/product_cat?post=32371"},{"taxonomy":"product_tag","embeddable":true,"href":"https:\/\/www.costabravafoods.com\/de\/wp-json\/wp\/v2\/product_tag?post=32371"},{"taxonomy":"corte_cerdo","embeddable":true,"href":"https:\/\/www.costabravafoods.com\/de\/wp-json\/wp\/v2\/corte_cerdo?post=32371"},{"taxonomy":"corte_vacuno","embeddable":true,"href":"https:\/\/www.costabravafoods.com\/de\/wp-json\/wp\/v2\/corte_vacuno?post=32371"},{"taxonomy":"fresh_retail","embeddable":true,"href":"https:\/\/www.costabravafoods.com\/de\/wp-json\/wp\/v2\/fresh_retail?post=32371"},{"taxonomy":"conservacion","embeddable":true,"href":"https:\/\/www.costabravafoods.com\/de\/wp-json\/wp\/v2\/conservacion?post=32371"},{"taxonomy":"envase","embeddable":true,"href":"https:\/\/www.costabravafoods.com\/de\/wp-json\/wp\/v2\/envase?post=32371"},{"taxonomy":"tipo_corte","embeddable":true,"href":"https:\/\/www.costabravafoods.com\/de\/wp-json\/wp\/v2\/tipo_corte?post=32371"}],"curies":[{"name":"wp","href":"https:\/\/api.w.org\/{rel}","templated":true}]}}