

{"id":32402,"date":"2025-07-18T12:00:43","date_gmt":"2025-07-18T10:00:43","guid":{"rendered":"https:\/\/www.costabravafoods.com\/producto\/jamon-serrano-wuerfel-x2\/"},"modified":"2025-09-30T19:06:04","modified_gmt":"2025-09-30T17:06:04","slug":"jamon-serrano-wuerfel-x2","status":"publish","type":"product","link":"https:\/\/www.costabravafoods.com\/de\/produkt\/jamon-serrano-wuerfel-x2\/","title":{"rendered":"Jam\u00f3n serrano-W\u00fcrfel x2"},"content":{"rendered":"<p>Der k\u00f6stliche Jam\u00f3n serrano von Costa Brava Mediterranean Foods in W\u00fcrfeln x2, damit der Inhalt perfekt konserviert bleibt. Ideal zur Erg\u00e4nzung von Eint\u00f6pfen, Pfannengerichten, Tortillas oder als Appetith\u00e4ppchen in geselliger Runde.<\/p>\n","protected":false},"excerpt":{"rendered":"<p>Der k\u00f6stliche Jam\u00f3n serrano von Costa Brava Mediterranean Foods in W\u00fcrfeln x2, damit der Inhalt perfekt konserviert bleibt.<\/p>\n","protected":false},"featured_media":18211,"template":"","meta":[],"product_brand":[],"product_cat":[391,390],"product_tag":[],"corte_cerdo":[],"corte_vacuno":[],"fresh_retail":[383],"conservacion":[392],"envase":[393],"tipo_corte":[394],"class_list":{"0":"post-32402","1":"product","2":"type-product","3":"status-publish","4":"has-post-thumbnail","6":"product_cat-tapas-de","7":"product_cat-tradition-de","8":"fresh_retail-schwein","9":"conservacion-umgebungstemperatur","10":"envase-schutzatmosphaere","11":"tipo_corte-stueck","13":"first","14":"instock","15":"product-type-simple"},"yoast_head":"<!-- This site is optimized with the Yoast SEO plugin v27.2 - https:\/\/yoast.com\/product\/yoast-seo-wordpress\/ -->\n<title>Jam\u00f3n serrano-W\u00fcrfel x2<\/title>\n<meta name=\"description\" content=\"Der k\u00f6stliche Jam\u00f3n serrano von Costa Brava Mediterranean Foods in W\u00fcrfeln x2, damit der Inhalt perfekt konserviert bleibt.\" \/>\n<meta name=\"robots\" content=\"index, follow, max-snippet:-1, max-image-preview:large, max-video-preview:-1\" \/>\n<link rel=\"canonical\" href=\"https:\/\/www.costabravafoods.com\/de\/produkt\/jamon-serrano-wuerfel-x2\/\" \/>\n<meta property=\"og:locale\" content=\"de_DE\" \/>\n<meta property=\"og:type\" content=\"article\" \/>\n<meta property=\"og:title\" content=\"Jam\u00f3n serrano-W\u00fcrfel x2\" \/>\n<meta property=\"og:description\" content=\"Der k\u00f6stliche Jam\u00f3n serrano von Costa Brava Mediterranean Foods in W\u00fcrfeln x2, damit der Inhalt perfekt konserviert bleibt.\" \/>\n<meta property=\"og:url\" content=\"https:\/\/www.costabravafoods.com\/de\/produkt\/jamon-serrano-wuerfel-x2\/\" \/>\n<meta property=\"og:site_name\" content=\"Costa Brava Foods\" \/>\n<meta property=\"article:modified_time\" content=\"2025-09-30T17:06:04+00:00\" \/>\n<meta property=\"og:image\" content=\"https:\/\/www.costabravafoods.com\/wp-content\/uploads\/2025\/07\/taquitos-jamon-serrano-x2.jpg\" \/>\n\t<meta property=\"og:image:width\" content=\"1000\" \/>\n\t<meta property=\"og:image:height\" content=\"1000\" \/>\n\t<meta property=\"og:image:type\" content=\"image\/jpeg\" \/>\n<meta name=\"twitter:card\" content=\"summary_large_image\" \/>\n<script type=\"application\/ld+json\" class=\"yoast-schema-graph\">{\"@context\":\"https:\/\/schema.org\",\"@graph\":[{\"@type\":\"WebPage\",\"@id\":\"https:\/\/www.costabravafoods.com\/de\/produkt\/jamon-serrano-wuerfel-x2\/\",\"url\":\"https:\/\/www.costabravafoods.com\/de\/produkt\/jamon-serrano-wuerfel-x2\/\",\"name\":\"Jam\u00f3n serrano-W\u00fcrfel x2\",\"isPartOf\":{\"@id\":\"https:\/\/www.costabravafoods.com\/#website\"},\"primaryImageOfPage\":{\"@id\":\"https:\/\/www.costabravafoods.com\/de\/produkt\/jamon-serrano-wuerfel-x2\/#primaryimage\"},\"image\":{\"@id\":\"https:\/\/www.costabravafoods.com\/de\/produkt\/jamon-serrano-wuerfel-x2\/#primaryimage\"},\"thumbnailUrl\":\"https:\/\/www.costabravafoods.com\/wp-content\/uploads\/2025\/07\/taquitos-jamon-serrano-x2.jpg\",\"datePublished\":\"2025-07-18T10:00:43+00:00\",\"dateModified\":\"2025-09-30T17:06:04+00:00\",\"description\":\"Der k\u00f6stliche Jam\u00f3n serrano von Costa Brava Mediterranean Foods in W\u00fcrfeln x2, damit der Inhalt perfekt konserviert bleibt.\",\"breadcrumb\":{\"@id\":\"https:\/\/www.costabravafoods.com\/de\/produkt\/jamon-serrano-wuerfel-x2\/#breadcrumb\"},\"inLanguage\":\"de\",\"potentialAction\":[{\"@type\":\"ReadAction\",\"target\":[\"https:\/\/www.costabravafoods.com\/de\/produkt\/jamon-serrano-wuerfel-x2\/\"]}]},{\"@type\":\"ImageObject\",\"inLanguage\":\"de\",\"@id\":\"https:\/\/www.costabravafoods.com\/de\/produkt\/jamon-serrano-wuerfel-x2\/#primaryimage\",\"url\":\"https:\/\/www.costabravafoods.com\/wp-content\/uploads\/2025\/07\/taquitos-jamon-serrano-x2.jpg\",\"contentUrl\":\"https:\/\/www.costabravafoods.com\/wp-content\/uploads\/2025\/07\/taquitos-jamon-serrano-x2.jpg\",\"width\":1000,\"height\":1000,\"caption\":\"Der k\u00f6stliche Jam\u00f3n serrano von Costa Brava Mediterranean Foods in W\u00fcrfeln x2\"},{\"@type\":\"BreadcrumbList\",\"@id\":\"https:\/\/www.costabravafoods.com\/de\/produkt\/jamon-serrano-wuerfel-x2\/#breadcrumb\",\"itemListElement\":[{\"@type\":\"ListItem\",\"position\":1,\"name\":\"Portada\",\"item\":\"https:\/\/www.costabravafoods.com\/de\/\"},{\"@type\":\"ListItem\",\"position\":2,\"name\":\"Produkte\",\"item\":\"https:\/\/www.costabravafoods.com\/productos\/\"},{\"@type\":\"ListItem\",\"position\":3,\"name\":\"Jam\u00f3n serrano-W\u00fcrfel x2\"}]},{\"@type\":\"WebSite\",\"@id\":\"https:\/\/www.costabravafoods.com\/#website\",\"url\":\"https:\/\/www.costabravafoods.com\/\",\"name\":\"Costa Brava Foods\",\"description\":\"\",\"potentialAction\":[{\"@type\":\"SearchAction\",\"target\":{\"@type\":\"EntryPoint\",\"urlTemplate\":\"https:\/\/www.costabravafoods.com\/?s={search_term_string}\"},\"query-input\":{\"@type\":\"PropertyValueSpecification\",\"valueRequired\":true,\"valueName\":\"search_term_string\"}}],\"inLanguage\":\"de\"}]}<\/script>\n<!-- \/ Yoast SEO plugin. -->","yoast_head_json":{"title":"Jam\u00f3n serrano-W\u00fcrfel x2","description":"Der k\u00f6stliche Jam\u00f3n serrano von Costa Brava Mediterranean Foods in W\u00fcrfeln x2, damit der Inhalt perfekt konserviert bleibt.","robots":{"index":"index","follow":"follow","max-snippet":"max-snippet:-1","max-image-preview":"max-image-preview:large","max-video-preview":"max-video-preview:-1"},"canonical":"https:\/\/www.costabravafoods.com\/de\/produkt\/jamon-serrano-wuerfel-x2\/","og_locale":"de_DE","og_type":"article","og_title":"Jam\u00f3n serrano-W\u00fcrfel x2","og_description":"Der k\u00f6stliche Jam\u00f3n serrano von Costa Brava Mediterranean Foods in W\u00fcrfeln x2, damit der Inhalt perfekt konserviert bleibt.","og_url":"https:\/\/www.costabravafoods.com\/de\/produkt\/jamon-serrano-wuerfel-x2\/","og_site_name":"Costa Brava Foods","article_modified_time":"2025-09-30T17:06:04+00:00","og_image":[{"width":1000,"height":1000,"url":"https:\/\/www.costabravafoods.com\/wp-content\/uploads\/2025\/07\/taquitos-jamon-serrano-x2.jpg","type":"image\/jpeg"}],"twitter_card":"summary_large_image","schema":{"@context":"https:\/\/schema.org","@graph":[{"@type":"WebPage","@id":"https:\/\/www.costabravafoods.com\/de\/produkt\/jamon-serrano-wuerfel-x2\/","url":"https:\/\/www.costabravafoods.com\/de\/produkt\/jamon-serrano-wuerfel-x2\/","name":"Jam\u00f3n serrano-W\u00fcrfel x2","isPartOf":{"@id":"https:\/\/www.costabravafoods.com\/#website"},"primaryImageOfPage":{"@id":"https:\/\/www.costabravafoods.com\/de\/produkt\/jamon-serrano-wuerfel-x2\/#primaryimage"},"image":{"@id":"https:\/\/www.costabravafoods.com\/de\/produkt\/jamon-serrano-wuerfel-x2\/#primaryimage"},"thumbnailUrl":"https:\/\/www.costabravafoods.com\/wp-content\/uploads\/2025\/07\/taquitos-jamon-serrano-x2.jpg","datePublished":"2025-07-18T10:00:43+00:00","dateModified":"2025-09-30T17:06:04+00:00","description":"Der k\u00f6stliche Jam\u00f3n serrano von Costa Brava Mediterranean Foods in W\u00fcrfeln x2, damit der Inhalt perfekt konserviert bleibt.","breadcrumb":{"@id":"https:\/\/www.costabravafoods.com\/de\/produkt\/jamon-serrano-wuerfel-x2\/#breadcrumb"},"inLanguage":"de","potentialAction":[{"@type":"ReadAction","target":["https:\/\/www.costabravafoods.com\/de\/produkt\/jamon-serrano-wuerfel-x2\/"]}]},{"@type":"ImageObject","inLanguage":"de","@id":"https:\/\/www.costabravafoods.com\/de\/produkt\/jamon-serrano-wuerfel-x2\/#primaryimage","url":"https:\/\/www.costabravafoods.com\/wp-content\/uploads\/2025\/07\/taquitos-jamon-serrano-x2.jpg","contentUrl":"https:\/\/www.costabravafoods.com\/wp-content\/uploads\/2025\/07\/taquitos-jamon-serrano-x2.jpg","width":1000,"height":1000,"caption":"Der k\u00f6stliche Jam\u00f3n serrano von Costa Brava Mediterranean Foods in W\u00fcrfeln x2"},{"@type":"BreadcrumbList","@id":"https:\/\/www.costabravafoods.com\/de\/produkt\/jamon-serrano-wuerfel-x2\/#breadcrumb","itemListElement":[{"@type":"ListItem","position":1,"name":"Portada","item":"https:\/\/www.costabravafoods.com\/de\/"},{"@type":"ListItem","position":2,"name":"Produkte","item":"https:\/\/www.costabravafoods.com\/productos\/"},{"@type":"ListItem","position":3,"name":"Jam\u00f3n serrano-W\u00fcrfel x2"}]},{"@type":"WebSite","@id":"https:\/\/www.costabravafoods.com\/#website","url":"https:\/\/www.costabravafoods.com\/","name":"Costa Brava Foods","description":"","potentialAction":[{"@type":"SearchAction","target":{"@type":"EntryPoint","urlTemplate":"https:\/\/www.costabravafoods.com\/?s={search_term_string}"},"query-input":{"@type":"PropertyValueSpecification","valueRequired":true,"valueName":"search_term_string"}}],"inLanguage":"de"}]}},"_links":{"self":[{"href":"https:\/\/www.costabravafoods.com\/de\/wp-json\/wp\/v2\/product\/32402","targetHints":{"allow":["GET"]}}],"collection":[{"href":"https:\/\/www.costabravafoods.com\/de\/wp-json\/wp\/v2\/product"}],"about":[{"href":"https:\/\/www.costabravafoods.com\/de\/wp-json\/wp\/v2\/types\/product"}],"wp:featuredmedia":[{"embeddable":true,"href":"https:\/\/www.costabravafoods.com\/de\/wp-json\/wp\/v2\/media\/18211"}],"wp:attachment":[{"href":"https:\/\/www.costabravafoods.com\/de\/wp-json\/wp\/v2\/media?parent=32402"}],"wp:term":[{"taxonomy":"product_brand","embeddable":true,"href":"https:\/\/www.costabravafoods.com\/de\/wp-json\/wp\/v2\/product_brand?post=32402"},{"taxonomy":"product_cat","embeddable":true,"href":"https:\/\/www.costabravafoods.com\/de\/wp-json\/wp\/v2\/product_cat?post=32402"},{"taxonomy":"product_tag","embeddable":true,"href":"https:\/\/www.costabravafoods.com\/de\/wp-json\/wp\/v2\/product_tag?post=32402"},{"taxonomy":"corte_cerdo","embeddable":true,"href":"https:\/\/www.costabravafoods.com\/de\/wp-json\/wp\/v2\/corte_cerdo?post=32402"},{"taxonomy":"corte_vacuno","embeddable":true,"href":"https:\/\/www.costabravafoods.com\/de\/wp-json\/wp\/v2\/corte_vacuno?post=32402"},{"taxonomy":"fresh_retail","embeddable":true,"href":"https:\/\/www.costabravafoods.com\/de\/wp-json\/wp\/v2\/fresh_retail?post=32402"},{"taxonomy":"conservacion","embeddable":true,"href":"https:\/\/www.costabravafoods.com\/de\/wp-json\/wp\/v2\/conservacion?post=32402"},{"taxonomy":"envase","embeddable":true,"href":"https:\/\/www.costabravafoods.com\/de\/wp-json\/wp\/v2\/envase?post=32402"},{"taxonomy":"tipo_corte","embeddable":true,"href":"https:\/\/www.costabravafoods.com\/de\/wp-json\/wp\/v2\/tipo_corte?post=32402"}],"curies":[{"name":"wp","href":"https:\/\/api.w.org\/{rel}","templated":true}]}}