

{"id":32427,"date":"2025-07-18T12:01:37","date_gmt":"2025-07-18T10:01:37","guid":{"rendered":"https:\/\/www.costabravafoods.com\/producto\/suesse-chorizo-sarta\/"},"modified":"2025-09-30T19:06:31","modified_gmt":"2025-09-30T17:06:31","slug":"suesse-chorizo-sarta","status":"publish","type":"product","link":"https:\/\/www.costabravafoods.com\/de\/produkt\/suesse-chorizo-sarta\/","title":{"rendered":"S\u00fc\u00dfe Chorizo Sarta"},"content":{"rendered":"<p>S\u00fc\u00dfe Chorizo Sarta Costa Brava Mediterranean Foods, traditionelle Wurst aus Schweinefleisch mit einer Gew\u00fcrzmischung. Mit ihrem milden Rauchgeschmack handelt es sich um eine gute Wahl als Snack zwischendurch oder zur Verwendung in Ihren Rezepten.<\/p>\n","protected":false},"excerpt":{"rendered":"<p>S\u00fc\u00dfe Chorizo Sarta, traditionelle Wurst aus Schweinefleisch mit einer Gew\u00fcrzmischung.<\/p>\n","protected":false},"featured_media":18411,"template":"","meta":[],"product_brand":[],"product_cat":[397,390],"product_tag":[],"corte_cerdo":[],"corte_vacuno":[],"fresh_retail":[383],"conservacion":[392],"envase":[393],"tipo_corte":[394],"class_list":{"0":"post-32427","1":"product","2":"type-product","3":"status-publish","4":"has-post-thumbnail","6":"product_cat-fuet-de","7":"product_cat-tradition-de","8":"fresh_retail-schwein","9":"conservacion-umgebungstemperatur","10":"envase-schutzatmosphaere","11":"tipo_corte-stueck","13":"first","14":"instock","15":"product-type-simple"},"yoast_head":"<!-- This site is optimized with the Yoast SEO plugin v27.2 - https:\/\/yoast.com\/product\/yoast-seo-wordpress\/ -->\n<title>S\u00fc\u00dfe Chorizo Sarta<\/title>\n<meta name=\"description\" content=\"S\u00fc\u00dfe Chorizo Sarta, traditionelle Wurst aus Schweinefleisch mit einer Gew\u00fcrzmischung.\" \/>\n<meta name=\"robots\" content=\"index, follow, max-snippet:-1, max-image-preview:large, max-video-preview:-1\" \/>\n<link rel=\"canonical\" href=\"https:\/\/www.costabravafoods.com\/de\/produkt\/suesse-chorizo-sarta\/\" \/>\n<meta property=\"og:locale\" content=\"de_DE\" \/>\n<meta property=\"og:type\" content=\"article\" \/>\n<meta property=\"og:title\" content=\"S\u00fc\u00dfe Chorizo Sarta\" \/>\n<meta property=\"og:description\" content=\"S\u00fc\u00dfe Chorizo Sarta, traditionelle Wurst aus Schweinefleisch mit einer Gew\u00fcrzmischung.\" \/>\n<meta property=\"og:url\" content=\"https:\/\/www.costabravafoods.com\/de\/produkt\/suesse-chorizo-sarta\/\" \/>\n<meta property=\"og:site_name\" content=\"Costa Brava Foods\" \/>\n<meta property=\"article:modified_time\" content=\"2025-09-30T17:06:31+00:00\" \/>\n<meta property=\"og:image\" content=\"https:\/\/www.costabravafoods.com\/wp-content\/uploads\/2025\/07\/sarta-dulce-sweet.jpg\" \/>\n\t<meta property=\"og:image:width\" content=\"1000\" \/>\n\t<meta property=\"og:image:height\" content=\"1000\" \/>\n\t<meta property=\"og:image:type\" content=\"image\/jpeg\" \/>\n<meta name=\"twitter:card\" content=\"summary_large_image\" \/>\n<script type=\"application\/ld+json\" class=\"yoast-schema-graph\">{\"@context\":\"https:\/\/schema.org\",\"@graph\":[{\"@type\":\"WebPage\",\"@id\":\"https:\/\/www.costabravafoods.com\/de\/produkt\/suesse-chorizo-sarta\/\",\"url\":\"https:\/\/www.costabravafoods.com\/de\/produkt\/suesse-chorizo-sarta\/\",\"name\":\"S\u00fc\u00dfe Chorizo Sarta\",\"isPartOf\":{\"@id\":\"https:\/\/www.costabravafoods.com\/#website\"},\"primaryImageOfPage\":{\"@id\":\"https:\/\/www.costabravafoods.com\/de\/produkt\/suesse-chorizo-sarta\/#primaryimage\"},\"image\":{\"@id\":\"https:\/\/www.costabravafoods.com\/de\/produkt\/suesse-chorizo-sarta\/#primaryimage\"},\"thumbnailUrl\":\"https:\/\/www.costabravafoods.com\/wp-content\/uploads\/2025\/07\/sarta-dulce-sweet.jpg\",\"datePublished\":\"2025-07-18T10:01:37+00:00\",\"dateModified\":\"2025-09-30T17:06:31+00:00\",\"description\":\"S\u00fc\u00dfe Chorizo Sarta, traditionelle Wurst aus Schweinefleisch mit einer Gew\u00fcrzmischung.\",\"breadcrumb\":{\"@id\":\"https:\/\/www.costabravafoods.com\/de\/produkt\/suesse-chorizo-sarta\/#breadcrumb\"},\"inLanguage\":\"de\",\"potentialAction\":[{\"@type\":\"ReadAction\",\"target\":[\"https:\/\/www.costabravafoods.com\/de\/produkt\/suesse-chorizo-sarta\/\"]}]},{\"@type\":\"ImageObject\",\"inLanguage\":\"de\",\"@id\":\"https:\/\/www.costabravafoods.com\/de\/produkt\/suesse-chorizo-sarta\/#primaryimage\",\"url\":\"https:\/\/www.costabravafoods.com\/wp-content\/uploads\/2025\/07\/sarta-dulce-sweet.jpg\",\"contentUrl\":\"https:\/\/www.costabravafoods.com\/wp-content\/uploads\/2025\/07\/sarta-dulce-sweet.jpg\",\"width\":1000,\"height\":1000,\"caption\":\"S\u00fc\u00dfe Chorizo Sarta\"},{\"@type\":\"BreadcrumbList\",\"@id\":\"https:\/\/www.costabravafoods.com\/de\/produkt\/suesse-chorizo-sarta\/#breadcrumb\",\"itemListElement\":[{\"@type\":\"ListItem\",\"position\":1,\"name\":\"Portada\",\"item\":\"https:\/\/www.costabravafoods.com\/de\/\"},{\"@type\":\"ListItem\",\"position\":2,\"name\":\"Produkte\",\"item\":\"https:\/\/www.costabravafoods.com\/productos\/\"},{\"@type\":\"ListItem\",\"position\":3,\"name\":\"S\u00fc\u00dfe Chorizo Sarta\"}]},{\"@type\":\"WebSite\",\"@id\":\"https:\/\/www.costabravafoods.com\/#website\",\"url\":\"https:\/\/www.costabravafoods.com\/\",\"name\":\"Costa Brava Foods\",\"description\":\"\",\"potentialAction\":[{\"@type\":\"SearchAction\",\"target\":{\"@type\":\"EntryPoint\",\"urlTemplate\":\"https:\/\/www.costabravafoods.com\/?s={search_term_string}\"},\"query-input\":{\"@type\":\"PropertyValueSpecification\",\"valueRequired\":true,\"valueName\":\"search_term_string\"}}],\"inLanguage\":\"de\"}]}<\/script>\n<!-- \/ Yoast SEO plugin. -->","yoast_head_json":{"title":"S\u00fc\u00dfe Chorizo Sarta","description":"S\u00fc\u00dfe Chorizo Sarta, traditionelle Wurst aus Schweinefleisch mit einer Gew\u00fcrzmischung.","robots":{"index":"index","follow":"follow","max-snippet":"max-snippet:-1","max-image-preview":"max-image-preview:large","max-video-preview":"max-video-preview:-1"},"canonical":"https:\/\/www.costabravafoods.com\/de\/produkt\/suesse-chorizo-sarta\/","og_locale":"de_DE","og_type":"article","og_title":"S\u00fc\u00dfe Chorizo Sarta","og_description":"S\u00fc\u00dfe Chorizo Sarta, traditionelle Wurst aus Schweinefleisch mit einer Gew\u00fcrzmischung.","og_url":"https:\/\/www.costabravafoods.com\/de\/produkt\/suesse-chorizo-sarta\/","og_site_name":"Costa Brava Foods","article_modified_time":"2025-09-30T17:06:31+00:00","og_image":[{"width":1000,"height":1000,"url":"https:\/\/www.costabravafoods.com\/wp-content\/uploads\/2025\/07\/sarta-dulce-sweet.jpg","type":"image\/jpeg"}],"twitter_card":"summary_large_image","schema":{"@context":"https:\/\/schema.org","@graph":[{"@type":"WebPage","@id":"https:\/\/www.costabravafoods.com\/de\/produkt\/suesse-chorizo-sarta\/","url":"https:\/\/www.costabravafoods.com\/de\/produkt\/suesse-chorizo-sarta\/","name":"S\u00fc\u00dfe Chorizo Sarta","isPartOf":{"@id":"https:\/\/www.costabravafoods.com\/#website"},"primaryImageOfPage":{"@id":"https:\/\/www.costabravafoods.com\/de\/produkt\/suesse-chorizo-sarta\/#primaryimage"},"image":{"@id":"https:\/\/www.costabravafoods.com\/de\/produkt\/suesse-chorizo-sarta\/#primaryimage"},"thumbnailUrl":"https:\/\/www.costabravafoods.com\/wp-content\/uploads\/2025\/07\/sarta-dulce-sweet.jpg","datePublished":"2025-07-18T10:01:37+00:00","dateModified":"2025-09-30T17:06:31+00:00","description":"S\u00fc\u00dfe Chorizo Sarta, traditionelle Wurst aus Schweinefleisch mit einer Gew\u00fcrzmischung.","breadcrumb":{"@id":"https:\/\/www.costabravafoods.com\/de\/produkt\/suesse-chorizo-sarta\/#breadcrumb"},"inLanguage":"de","potentialAction":[{"@type":"ReadAction","target":["https:\/\/www.costabravafoods.com\/de\/produkt\/suesse-chorizo-sarta\/"]}]},{"@type":"ImageObject","inLanguage":"de","@id":"https:\/\/www.costabravafoods.com\/de\/produkt\/suesse-chorizo-sarta\/#primaryimage","url":"https:\/\/www.costabravafoods.com\/wp-content\/uploads\/2025\/07\/sarta-dulce-sweet.jpg","contentUrl":"https:\/\/www.costabravafoods.com\/wp-content\/uploads\/2025\/07\/sarta-dulce-sweet.jpg","width":1000,"height":1000,"caption":"S\u00fc\u00dfe Chorizo Sarta"},{"@type":"BreadcrumbList","@id":"https:\/\/www.costabravafoods.com\/de\/produkt\/suesse-chorizo-sarta\/#breadcrumb","itemListElement":[{"@type":"ListItem","position":1,"name":"Portada","item":"https:\/\/www.costabravafoods.com\/de\/"},{"@type":"ListItem","position":2,"name":"Produkte","item":"https:\/\/www.costabravafoods.com\/productos\/"},{"@type":"ListItem","position":3,"name":"S\u00fc\u00dfe Chorizo Sarta"}]},{"@type":"WebSite","@id":"https:\/\/www.costabravafoods.com\/#website","url":"https:\/\/www.costabravafoods.com\/","name":"Costa Brava Foods","description":"","potentialAction":[{"@type":"SearchAction","target":{"@type":"EntryPoint","urlTemplate":"https:\/\/www.costabravafoods.com\/?s={search_term_string}"},"query-input":{"@type":"PropertyValueSpecification","valueRequired":true,"valueName":"search_term_string"}}],"inLanguage":"de"}]}},"_links":{"self":[{"href":"https:\/\/www.costabravafoods.com\/de\/wp-json\/wp\/v2\/product\/32427","targetHints":{"allow":["GET"]}}],"collection":[{"href":"https:\/\/www.costabravafoods.com\/de\/wp-json\/wp\/v2\/product"}],"about":[{"href":"https:\/\/www.costabravafoods.com\/de\/wp-json\/wp\/v2\/types\/product"}],"wp:featuredmedia":[{"embeddable":true,"href":"https:\/\/www.costabravafoods.com\/de\/wp-json\/wp\/v2\/media\/18411"}],"wp:attachment":[{"href":"https:\/\/www.costabravafoods.com\/de\/wp-json\/wp\/v2\/media?parent=32427"}],"wp:term":[{"taxonomy":"product_brand","embeddable":true,"href":"https:\/\/www.costabravafoods.com\/de\/wp-json\/wp\/v2\/product_brand?post=32427"},{"taxonomy":"product_cat","embeddable":true,"href":"https:\/\/www.costabravafoods.com\/de\/wp-json\/wp\/v2\/product_cat?post=32427"},{"taxonomy":"product_tag","embeddable":true,"href":"https:\/\/www.costabravafoods.com\/de\/wp-json\/wp\/v2\/product_tag?post=32427"},{"taxonomy":"corte_cerdo","embeddable":true,"href":"https:\/\/www.costabravafoods.com\/de\/wp-json\/wp\/v2\/corte_cerdo?post=32427"},{"taxonomy":"corte_vacuno","embeddable":true,"href":"https:\/\/www.costabravafoods.com\/de\/wp-json\/wp\/v2\/corte_vacuno?post=32427"},{"taxonomy":"fresh_retail","embeddable":true,"href":"https:\/\/www.costabravafoods.com\/de\/wp-json\/wp\/v2\/fresh_retail?post=32427"},{"taxonomy":"conservacion","embeddable":true,"href":"https:\/\/www.costabravafoods.com\/de\/wp-json\/wp\/v2\/conservacion?post=32427"},{"taxonomy":"envase","embeddable":true,"href":"https:\/\/www.costabravafoods.com\/de\/wp-json\/wp\/v2\/envase?post=32427"},{"taxonomy":"tipo_corte","embeddable":true,"href":"https:\/\/www.costabravafoods.com\/de\/wp-json\/wp\/v2\/tipo_corte?post=32427"}],"curies":[{"name":"wp","href":"https:\/\/api.w.org\/{rel}","templated":true}]}}