

{"id":32446,"date":"2025-07-18T12:02:25","date_gmt":"2025-07-18T10:02:25","guid":{"rendered":"https:\/\/www.costabravafoods.com\/producto\/jamon-serrano-skin-100-g\/"},"modified":"2025-09-30T19:06:51","modified_gmt":"2025-09-30T17:06:51","slug":"jamon-serrano-skin-100-g","status":"publish","type":"product","link":"https:\/\/www.costabravafoods.com\/de\/produkt\/jamon-serrano-skin-100-g\/","title":{"rendered":"Jam\u00f3n serrano Skin, 100 g"},"content":{"rendered":"<p>Jam\u00f3n serrano Skin, 100 Gramm, Costa Brava Mediterranean Foods, ein vakuumverpacktes Format, das Frische und Geschmack jeder Portion gew\u00e4hrleistet. Die Pr\u00e4sentation in dieser praktischen Verpackung erm\u00f6glicht es, die Qualit\u00e4t des Schinkens und damit seine Textur und seinen authentischen Geschmack zu bewahren.<\/p>\n","protected":false},"excerpt":{"rendered":"<p>Jam\u00f3n serrano Skin, 100 Gramm, ideal als Appetithappen, Tapas und als Begleitung zu Brot und K\u00e4se.<\/p>\n","protected":false},"featured_media":18556,"template":"","meta":[],"product_brand":[],"product_cat":[399,390],"product_tag":[],"corte_cerdo":[],"corte_vacuno":[],"fresh_retail":[383],"conservacion":[392],"envase":[379],"tipo_corte":[395],"class_list":{"0":"post-32446","1":"product","2":"type-product","3":"status-publish","4":"has-post-thumbnail","6":"product_cat-jamon-serrano-de","7":"product_cat-tradition-de","8":"fresh_retail-schwein","9":"conservacion-umgebungstemperatur","10":"envase-vakuumverpackt","11":"tipo_corte-aufschnitt","13":"first","14":"instock","15":"product-type-simple"},"yoast_head":"<!-- This site is optimized with the Yoast SEO plugin v27.2 - https:\/\/yoast.com\/product\/yoast-seo-wordpress\/ -->\n<title>Jam\u00f3n serrano Skin, 100 g<\/title>\n<meta name=\"description\" content=\"Jam\u00f3n serrano Skin, 100 Gramm, ideal als Appetithappen, Tapas und als Begleitung zu Brot und K\u00e4se.\" \/>\n<meta name=\"robots\" content=\"index, follow, max-snippet:-1, max-image-preview:large, max-video-preview:-1\" \/>\n<link rel=\"canonical\" href=\"https:\/\/www.costabravafoods.com\/de\/produkt\/jamon-serrano-skin-100-g\/\" \/>\n<meta property=\"og:locale\" content=\"de_DE\" \/>\n<meta property=\"og:type\" content=\"article\" \/>\n<meta property=\"og:title\" content=\"Jam\u00f3n serrano Skin, 100 g\" \/>\n<meta property=\"og:description\" content=\"Jam\u00f3n serrano Skin, 100 Gramm, ideal als Appetithappen, Tapas und als Begleitung zu Brot und K\u00e4se.\" \/>\n<meta property=\"og:url\" content=\"https:\/\/www.costabravafoods.com\/de\/produkt\/jamon-serrano-skin-100-g\/\" \/>\n<meta property=\"og:site_name\" content=\"Costa Brava Foods\" \/>\n<meta property=\"article:modified_time\" content=\"2025-09-30T17:06:51+00:00\" \/>\n<meta property=\"og:image\" content=\"https:\/\/www.costabravafoods.com\/wp-content\/uploads\/2025\/07\/jamon-serrano-skin-ham-100g.jpg\" \/>\n\t<meta property=\"og:image:width\" content=\"1000\" \/>\n\t<meta property=\"og:image:height\" content=\"1000\" \/>\n\t<meta property=\"og:image:type\" content=\"image\/jpeg\" \/>\n<meta name=\"twitter:card\" content=\"summary_large_image\" \/>\n<script type=\"application\/ld+json\" class=\"yoast-schema-graph\">{\"@context\":\"https:\/\/schema.org\",\"@graph\":[{\"@type\":\"WebPage\",\"@id\":\"https:\/\/www.costabravafoods.com\/de\/produkt\/jamon-serrano-skin-100-g\/\",\"url\":\"https:\/\/www.costabravafoods.com\/de\/produkt\/jamon-serrano-skin-100-g\/\",\"name\":\"Jam\u00f3n serrano Skin, 100 g\",\"isPartOf\":{\"@id\":\"https:\/\/www.costabravafoods.com\/#website\"},\"primaryImageOfPage\":{\"@id\":\"https:\/\/www.costabravafoods.com\/de\/produkt\/jamon-serrano-skin-100-g\/#primaryimage\"},\"image\":{\"@id\":\"https:\/\/www.costabravafoods.com\/de\/produkt\/jamon-serrano-skin-100-g\/#primaryimage\"},\"thumbnailUrl\":\"https:\/\/www.costabravafoods.com\/wp-content\/uploads\/2025\/07\/jamon-serrano-skin-ham-100g.jpg\",\"datePublished\":\"2025-07-18T10:02:25+00:00\",\"dateModified\":\"2025-09-30T17:06:51+00:00\",\"description\":\"Jam\u00f3n serrano Skin, 100 Gramm, ideal als Appetithappen, Tapas und als Begleitung zu Brot und K\u00e4se.\",\"breadcrumb\":{\"@id\":\"https:\/\/www.costabravafoods.com\/de\/produkt\/jamon-serrano-skin-100-g\/#breadcrumb\"},\"inLanguage\":\"de\",\"potentialAction\":[{\"@type\":\"ReadAction\",\"target\":[\"https:\/\/www.costabravafoods.com\/de\/produkt\/jamon-serrano-skin-100-g\/\"]}]},{\"@type\":\"ImageObject\",\"inLanguage\":\"de\",\"@id\":\"https:\/\/www.costabravafoods.com\/de\/produkt\/jamon-serrano-skin-100-g\/#primaryimage\",\"url\":\"https:\/\/www.costabravafoods.com\/wp-content\/uploads\/2025\/07\/jamon-serrano-skin-ham-100g.jpg\",\"contentUrl\":\"https:\/\/www.costabravafoods.com\/wp-content\/uploads\/2025\/07\/jamon-serrano-skin-ham-100g.jpg\",\"width\":1000,\"height\":1000,\"caption\":\"Jam\u00f3n serrano Skin\"},{\"@type\":\"BreadcrumbList\",\"@id\":\"https:\/\/www.costabravafoods.com\/de\/produkt\/jamon-serrano-skin-100-g\/#breadcrumb\",\"itemListElement\":[{\"@type\":\"ListItem\",\"position\":1,\"name\":\"Portada\",\"item\":\"https:\/\/www.costabravafoods.com\/de\/\"},{\"@type\":\"ListItem\",\"position\":2,\"name\":\"Produkte\",\"item\":\"https:\/\/www.costabravafoods.com\/productos\/\"},{\"@type\":\"ListItem\",\"position\":3,\"name\":\"Jam\u00f3n serrano Skin, 100 g\"}]},{\"@type\":\"WebSite\",\"@id\":\"https:\/\/www.costabravafoods.com\/#website\",\"url\":\"https:\/\/www.costabravafoods.com\/\",\"name\":\"Costa Brava Foods\",\"description\":\"\",\"potentialAction\":[{\"@type\":\"SearchAction\",\"target\":{\"@type\":\"EntryPoint\",\"urlTemplate\":\"https:\/\/www.costabravafoods.com\/?s={search_term_string}\"},\"query-input\":{\"@type\":\"PropertyValueSpecification\",\"valueRequired\":true,\"valueName\":\"search_term_string\"}}],\"inLanguage\":\"de\"}]}<\/script>\n<!-- \/ Yoast SEO plugin. -->","yoast_head_json":{"title":"Jam\u00f3n serrano Skin, 100 g","description":"Jam\u00f3n serrano Skin, 100 Gramm, ideal als Appetithappen, Tapas und als Begleitung zu Brot und K\u00e4se.","robots":{"index":"index","follow":"follow","max-snippet":"max-snippet:-1","max-image-preview":"max-image-preview:large","max-video-preview":"max-video-preview:-1"},"canonical":"https:\/\/www.costabravafoods.com\/de\/produkt\/jamon-serrano-skin-100-g\/","og_locale":"de_DE","og_type":"article","og_title":"Jam\u00f3n serrano Skin, 100 g","og_description":"Jam\u00f3n serrano Skin, 100 Gramm, ideal als Appetithappen, Tapas und als Begleitung zu Brot und K\u00e4se.","og_url":"https:\/\/www.costabravafoods.com\/de\/produkt\/jamon-serrano-skin-100-g\/","og_site_name":"Costa Brava Foods","article_modified_time":"2025-09-30T17:06:51+00:00","og_image":[{"width":1000,"height":1000,"url":"https:\/\/www.costabravafoods.com\/wp-content\/uploads\/2025\/07\/jamon-serrano-skin-ham-100g.jpg","type":"image\/jpeg"}],"twitter_card":"summary_large_image","schema":{"@context":"https:\/\/schema.org","@graph":[{"@type":"WebPage","@id":"https:\/\/www.costabravafoods.com\/de\/produkt\/jamon-serrano-skin-100-g\/","url":"https:\/\/www.costabravafoods.com\/de\/produkt\/jamon-serrano-skin-100-g\/","name":"Jam\u00f3n serrano Skin, 100 g","isPartOf":{"@id":"https:\/\/www.costabravafoods.com\/#website"},"primaryImageOfPage":{"@id":"https:\/\/www.costabravafoods.com\/de\/produkt\/jamon-serrano-skin-100-g\/#primaryimage"},"image":{"@id":"https:\/\/www.costabravafoods.com\/de\/produkt\/jamon-serrano-skin-100-g\/#primaryimage"},"thumbnailUrl":"https:\/\/www.costabravafoods.com\/wp-content\/uploads\/2025\/07\/jamon-serrano-skin-ham-100g.jpg","datePublished":"2025-07-18T10:02:25+00:00","dateModified":"2025-09-30T17:06:51+00:00","description":"Jam\u00f3n serrano Skin, 100 Gramm, ideal als Appetithappen, Tapas und als Begleitung zu Brot und K\u00e4se.","breadcrumb":{"@id":"https:\/\/www.costabravafoods.com\/de\/produkt\/jamon-serrano-skin-100-g\/#breadcrumb"},"inLanguage":"de","potentialAction":[{"@type":"ReadAction","target":["https:\/\/www.costabravafoods.com\/de\/produkt\/jamon-serrano-skin-100-g\/"]}]},{"@type":"ImageObject","inLanguage":"de","@id":"https:\/\/www.costabravafoods.com\/de\/produkt\/jamon-serrano-skin-100-g\/#primaryimage","url":"https:\/\/www.costabravafoods.com\/wp-content\/uploads\/2025\/07\/jamon-serrano-skin-ham-100g.jpg","contentUrl":"https:\/\/www.costabravafoods.com\/wp-content\/uploads\/2025\/07\/jamon-serrano-skin-ham-100g.jpg","width":1000,"height":1000,"caption":"Jam\u00f3n serrano Skin"},{"@type":"BreadcrumbList","@id":"https:\/\/www.costabravafoods.com\/de\/produkt\/jamon-serrano-skin-100-g\/#breadcrumb","itemListElement":[{"@type":"ListItem","position":1,"name":"Portada","item":"https:\/\/www.costabravafoods.com\/de\/"},{"@type":"ListItem","position":2,"name":"Produkte","item":"https:\/\/www.costabravafoods.com\/productos\/"},{"@type":"ListItem","position":3,"name":"Jam\u00f3n serrano Skin, 100 g"}]},{"@type":"WebSite","@id":"https:\/\/www.costabravafoods.com\/#website","url":"https:\/\/www.costabravafoods.com\/","name":"Costa Brava Foods","description":"","potentialAction":[{"@type":"SearchAction","target":{"@type":"EntryPoint","urlTemplate":"https:\/\/www.costabravafoods.com\/?s={search_term_string}"},"query-input":{"@type":"PropertyValueSpecification","valueRequired":true,"valueName":"search_term_string"}}],"inLanguage":"de"}]}},"_links":{"self":[{"href":"https:\/\/www.costabravafoods.com\/de\/wp-json\/wp\/v2\/product\/32446","targetHints":{"allow":["GET"]}}],"collection":[{"href":"https:\/\/www.costabravafoods.com\/de\/wp-json\/wp\/v2\/product"}],"about":[{"href":"https:\/\/www.costabravafoods.com\/de\/wp-json\/wp\/v2\/types\/product"}],"wp:featuredmedia":[{"embeddable":true,"href":"https:\/\/www.costabravafoods.com\/de\/wp-json\/wp\/v2\/media\/18556"}],"wp:attachment":[{"href":"https:\/\/www.costabravafoods.com\/de\/wp-json\/wp\/v2\/media?parent=32446"}],"wp:term":[{"taxonomy":"product_brand","embeddable":true,"href":"https:\/\/www.costabravafoods.com\/de\/wp-json\/wp\/v2\/product_brand?post=32446"},{"taxonomy":"product_cat","embeddable":true,"href":"https:\/\/www.costabravafoods.com\/de\/wp-json\/wp\/v2\/product_cat?post=32446"},{"taxonomy":"product_tag","embeddable":true,"href":"https:\/\/www.costabravafoods.com\/de\/wp-json\/wp\/v2\/product_tag?post=32446"},{"taxonomy":"corte_cerdo","embeddable":true,"href":"https:\/\/www.costabravafoods.com\/de\/wp-json\/wp\/v2\/corte_cerdo?post=32446"},{"taxonomy":"corte_vacuno","embeddable":true,"href":"https:\/\/www.costabravafoods.com\/de\/wp-json\/wp\/v2\/corte_vacuno?post=32446"},{"taxonomy":"fresh_retail","embeddable":true,"href":"https:\/\/www.costabravafoods.com\/de\/wp-json\/wp\/v2\/fresh_retail?post=32446"},{"taxonomy":"conservacion","embeddable":true,"href":"https:\/\/www.costabravafoods.com\/de\/wp-json\/wp\/v2\/conservacion?post=32446"},{"taxonomy":"envase","embeddable":true,"href":"https:\/\/www.costabravafoods.com\/de\/wp-json\/wp\/v2\/envase?post=32446"},{"taxonomy":"tipo_corte","embeddable":true,"href":"https:\/\/www.costabravafoods.com\/de\/wp-json\/wp\/v2\/tipo_corte?post=32446"}],"curies":[{"name":"wp","href":"https:\/\/api.w.org\/{rel}","templated":true}]}}