

{"id":32448,"date":"2025-07-18T12:02:25","date_gmt":"2025-07-18T10:02:25","guid":{"rendered":"https:\/\/www.costabravafoods.com\/producto\/doppelpack-jamon-serrano\/"},"modified":"2025-09-30T19:06:53","modified_gmt":"2025-09-30T17:06:53","slug":"doppelpack-jamon-serrano","status":"publish","type":"product","link":"https:\/\/www.costabravafoods.com\/de\/produkt\/doppelpack-jamon-serrano\/","title":{"rendered":"Doppelpack Jam\u00f3n serrano"},"content":{"rendered":"<p>Doppelpack Jam\u00f3n serrano Costa Brava Mediterranean Foods, eine gute L\u00f6sung f\u00fcr Fans von k\u00f6stlichen Wurstwaren. Dieses Paket enth\u00e4lt zwei k\u00f6stliche Portionen zu jeweils 250 Gramm. Frische und Geschmack sind bei jedem Bissen garantiert. Perfekt zum gemeinsamen Genie\u00dfen bei Zusammenk\u00fcnften, zum Zubereiten von Tapas oder einfach nur als schmackhafter Appetithappen.<\/p>\n","protected":false},"excerpt":{"rendered":"<p>Doppelpack Jam\u00f3n serrano, 250 Gramm, mit dem besten milden Geschmack nach traditioneller Rezeptur.<\/p>\n","protected":false},"featured_media":18572,"template":"","meta":[],"product_brand":[],"product_cat":[399,390],"product_tag":[],"corte_cerdo":[],"corte_vacuno":[],"fresh_retail":[383],"conservacion":[396],"envase":[393],"tipo_corte":[395],"class_list":{"0":"post-32448","1":"product","2":"type-product","3":"status-publish","4":"has-post-thumbnail","6":"product_cat-jamon-serrano-de","7":"product_cat-tradition-de","8":"fresh_retail-schwein","9":"conservacion-gekuehlt","10":"envase-schutzatmosphaere","11":"tipo_corte-aufschnitt","13":"first","14":"instock","15":"product-type-simple"},"yoast_head":"<!-- This site is optimized with the Yoast SEO plugin v27.2 - https:\/\/yoast.com\/product\/yoast-seo-wordpress\/ -->\n<title>Doppelpack Jam\u00f3n serrano<\/title>\n<meta name=\"description\" content=\"Doppelpack Jam\u00f3n serrano, 250 Gramm, mit dem besten milden Geschmack nach traditioneller Rezeptur.\" \/>\n<meta name=\"robots\" content=\"index, follow, max-snippet:-1, max-image-preview:large, max-video-preview:-1\" \/>\n<link rel=\"canonical\" href=\"https:\/\/www.costabravafoods.com\/de\/produkt\/doppelpack-jamon-serrano\/\" \/>\n<meta property=\"og:locale\" content=\"de_DE\" \/>\n<meta property=\"og:type\" content=\"article\" \/>\n<meta property=\"og:title\" content=\"Doppelpack Jam\u00f3n serrano\" \/>\n<meta property=\"og:description\" content=\"Doppelpack Jam\u00f3n serrano, 250 Gramm, mit dem besten milden Geschmack nach traditioneller Rezeptur.\" \/>\n<meta property=\"og:url\" content=\"https:\/\/www.costabravafoods.com\/de\/produkt\/doppelpack-jamon-serrano\/\" \/>\n<meta property=\"og:site_name\" content=\"Costa Brava Foods\" \/>\n<meta property=\"article:modified_time\" content=\"2025-09-30T17:06:53+00:00\" \/>\n<meta property=\"og:image\" content=\"https:\/\/www.costabravafoods.com\/wp-content\/uploads\/2025\/07\/bipack-jamon-serrano.jpg\" \/>\n\t<meta property=\"og:image:width\" content=\"1000\" \/>\n\t<meta property=\"og:image:height\" content=\"1000\" \/>\n\t<meta property=\"og:image:type\" content=\"image\/jpeg\" \/>\n<meta name=\"twitter:card\" content=\"summary_large_image\" \/>\n<script type=\"application\/ld+json\" class=\"yoast-schema-graph\">{\"@context\":\"https:\/\/schema.org\",\"@graph\":[{\"@type\":\"WebPage\",\"@id\":\"https:\/\/www.costabravafoods.com\/de\/produkt\/doppelpack-jamon-serrano\/\",\"url\":\"https:\/\/www.costabravafoods.com\/de\/produkt\/doppelpack-jamon-serrano\/\",\"name\":\"Doppelpack Jam\u00f3n serrano\",\"isPartOf\":{\"@id\":\"https:\/\/www.costabravafoods.com\/#website\"},\"primaryImageOfPage\":{\"@id\":\"https:\/\/www.costabravafoods.com\/de\/produkt\/doppelpack-jamon-serrano\/#primaryimage\"},\"image\":{\"@id\":\"https:\/\/www.costabravafoods.com\/de\/produkt\/doppelpack-jamon-serrano\/#primaryimage\"},\"thumbnailUrl\":\"https:\/\/www.costabravafoods.com\/wp-content\/uploads\/2025\/07\/bipack-jamon-serrano.jpg\",\"datePublished\":\"2025-07-18T10:02:25+00:00\",\"dateModified\":\"2025-09-30T17:06:53+00:00\",\"description\":\"Doppelpack Jam\u00f3n serrano, 250 Gramm, mit dem besten milden Geschmack nach traditioneller Rezeptur.\",\"breadcrumb\":{\"@id\":\"https:\/\/www.costabravafoods.com\/de\/produkt\/doppelpack-jamon-serrano\/#breadcrumb\"},\"inLanguage\":\"de\",\"potentialAction\":[{\"@type\":\"ReadAction\",\"target\":[\"https:\/\/www.costabravafoods.com\/de\/produkt\/doppelpack-jamon-serrano\/\"]}]},{\"@type\":\"ImageObject\",\"inLanguage\":\"de\",\"@id\":\"https:\/\/www.costabravafoods.com\/de\/produkt\/doppelpack-jamon-serrano\/#primaryimage\",\"url\":\"https:\/\/www.costabravafoods.com\/wp-content\/uploads\/2025\/07\/bipack-jamon-serrano.jpg\",\"contentUrl\":\"https:\/\/www.costabravafoods.com\/wp-content\/uploads\/2025\/07\/bipack-jamon-serrano.jpg\",\"width\":1000,\"height\":1000,\"caption\":\"Doppelpack Jam\u00f3n serrano\"},{\"@type\":\"BreadcrumbList\",\"@id\":\"https:\/\/www.costabravafoods.com\/de\/produkt\/doppelpack-jamon-serrano\/#breadcrumb\",\"itemListElement\":[{\"@type\":\"ListItem\",\"position\":1,\"name\":\"Portada\",\"item\":\"https:\/\/www.costabravafoods.com\/de\/\"},{\"@type\":\"ListItem\",\"position\":2,\"name\":\"Produkte\",\"item\":\"https:\/\/www.costabravafoods.com\/productos\/\"},{\"@type\":\"ListItem\",\"position\":3,\"name\":\"Doppelpack Jam\u00f3n serrano\"}]},{\"@type\":\"WebSite\",\"@id\":\"https:\/\/www.costabravafoods.com\/#website\",\"url\":\"https:\/\/www.costabravafoods.com\/\",\"name\":\"Costa Brava Foods\",\"description\":\"\",\"potentialAction\":[{\"@type\":\"SearchAction\",\"target\":{\"@type\":\"EntryPoint\",\"urlTemplate\":\"https:\/\/www.costabravafoods.com\/?s={search_term_string}\"},\"query-input\":{\"@type\":\"PropertyValueSpecification\",\"valueRequired\":true,\"valueName\":\"search_term_string\"}}],\"inLanguage\":\"de\"}]}<\/script>\n<!-- \/ Yoast SEO plugin. -->","yoast_head_json":{"title":"Doppelpack Jam\u00f3n serrano","description":"Doppelpack Jam\u00f3n serrano, 250 Gramm, mit dem besten milden Geschmack nach traditioneller Rezeptur.","robots":{"index":"index","follow":"follow","max-snippet":"max-snippet:-1","max-image-preview":"max-image-preview:large","max-video-preview":"max-video-preview:-1"},"canonical":"https:\/\/www.costabravafoods.com\/de\/produkt\/doppelpack-jamon-serrano\/","og_locale":"de_DE","og_type":"article","og_title":"Doppelpack Jam\u00f3n serrano","og_description":"Doppelpack Jam\u00f3n serrano, 250 Gramm, mit dem besten milden Geschmack nach traditioneller Rezeptur.","og_url":"https:\/\/www.costabravafoods.com\/de\/produkt\/doppelpack-jamon-serrano\/","og_site_name":"Costa Brava Foods","article_modified_time":"2025-09-30T17:06:53+00:00","og_image":[{"width":1000,"height":1000,"url":"https:\/\/www.costabravafoods.com\/wp-content\/uploads\/2025\/07\/bipack-jamon-serrano.jpg","type":"image\/jpeg"}],"twitter_card":"summary_large_image","schema":{"@context":"https:\/\/schema.org","@graph":[{"@type":"WebPage","@id":"https:\/\/www.costabravafoods.com\/de\/produkt\/doppelpack-jamon-serrano\/","url":"https:\/\/www.costabravafoods.com\/de\/produkt\/doppelpack-jamon-serrano\/","name":"Doppelpack Jam\u00f3n serrano","isPartOf":{"@id":"https:\/\/www.costabravafoods.com\/#website"},"primaryImageOfPage":{"@id":"https:\/\/www.costabravafoods.com\/de\/produkt\/doppelpack-jamon-serrano\/#primaryimage"},"image":{"@id":"https:\/\/www.costabravafoods.com\/de\/produkt\/doppelpack-jamon-serrano\/#primaryimage"},"thumbnailUrl":"https:\/\/www.costabravafoods.com\/wp-content\/uploads\/2025\/07\/bipack-jamon-serrano.jpg","datePublished":"2025-07-18T10:02:25+00:00","dateModified":"2025-09-30T17:06:53+00:00","description":"Doppelpack Jam\u00f3n serrano, 250 Gramm, mit dem besten milden Geschmack nach traditioneller Rezeptur.","breadcrumb":{"@id":"https:\/\/www.costabravafoods.com\/de\/produkt\/doppelpack-jamon-serrano\/#breadcrumb"},"inLanguage":"de","potentialAction":[{"@type":"ReadAction","target":["https:\/\/www.costabravafoods.com\/de\/produkt\/doppelpack-jamon-serrano\/"]}]},{"@type":"ImageObject","inLanguage":"de","@id":"https:\/\/www.costabravafoods.com\/de\/produkt\/doppelpack-jamon-serrano\/#primaryimage","url":"https:\/\/www.costabravafoods.com\/wp-content\/uploads\/2025\/07\/bipack-jamon-serrano.jpg","contentUrl":"https:\/\/www.costabravafoods.com\/wp-content\/uploads\/2025\/07\/bipack-jamon-serrano.jpg","width":1000,"height":1000,"caption":"Doppelpack Jam\u00f3n serrano"},{"@type":"BreadcrumbList","@id":"https:\/\/www.costabravafoods.com\/de\/produkt\/doppelpack-jamon-serrano\/#breadcrumb","itemListElement":[{"@type":"ListItem","position":1,"name":"Portada","item":"https:\/\/www.costabravafoods.com\/de\/"},{"@type":"ListItem","position":2,"name":"Produkte","item":"https:\/\/www.costabravafoods.com\/productos\/"},{"@type":"ListItem","position":3,"name":"Doppelpack Jam\u00f3n serrano"}]},{"@type":"WebSite","@id":"https:\/\/www.costabravafoods.com\/#website","url":"https:\/\/www.costabravafoods.com\/","name":"Costa Brava Foods","description":"","potentialAction":[{"@type":"SearchAction","target":{"@type":"EntryPoint","urlTemplate":"https:\/\/www.costabravafoods.com\/?s={search_term_string}"},"query-input":{"@type":"PropertyValueSpecification","valueRequired":true,"valueName":"search_term_string"}}],"inLanguage":"de"}]}},"_links":{"self":[{"href":"https:\/\/www.costabravafoods.com\/de\/wp-json\/wp\/v2\/product\/32448","targetHints":{"allow":["GET"]}}],"collection":[{"href":"https:\/\/www.costabravafoods.com\/de\/wp-json\/wp\/v2\/product"}],"about":[{"href":"https:\/\/www.costabravafoods.com\/de\/wp-json\/wp\/v2\/types\/product"}],"wp:featuredmedia":[{"embeddable":true,"href":"https:\/\/www.costabravafoods.com\/de\/wp-json\/wp\/v2\/media\/18572"}],"wp:attachment":[{"href":"https:\/\/www.costabravafoods.com\/de\/wp-json\/wp\/v2\/media?parent=32448"}],"wp:term":[{"taxonomy":"product_brand","embeddable":true,"href":"https:\/\/www.costabravafoods.com\/de\/wp-json\/wp\/v2\/product_brand?post=32448"},{"taxonomy":"product_cat","embeddable":true,"href":"https:\/\/www.costabravafoods.com\/de\/wp-json\/wp\/v2\/product_cat?post=32448"},{"taxonomy":"product_tag","embeddable":true,"href":"https:\/\/www.costabravafoods.com\/de\/wp-json\/wp\/v2\/product_tag?post=32448"},{"taxonomy":"corte_cerdo","embeddable":true,"href":"https:\/\/www.costabravafoods.com\/de\/wp-json\/wp\/v2\/corte_cerdo?post=32448"},{"taxonomy":"corte_vacuno","embeddable":true,"href":"https:\/\/www.costabravafoods.com\/de\/wp-json\/wp\/v2\/corte_vacuno?post=32448"},{"taxonomy":"fresh_retail","embeddable":true,"href":"https:\/\/www.costabravafoods.com\/de\/wp-json\/wp\/v2\/fresh_retail?post=32448"},{"taxonomy":"conservacion","embeddable":true,"href":"https:\/\/www.costabravafoods.com\/de\/wp-json\/wp\/v2\/conservacion?post=32448"},{"taxonomy":"envase","embeddable":true,"href":"https:\/\/www.costabravafoods.com\/de\/wp-json\/wp\/v2\/envase?post=32448"},{"taxonomy":"tipo_corte","embeddable":true,"href":"https:\/\/www.costabravafoods.com\/de\/wp-json\/wp\/v2\/tipo_corte?post=32448"}],"curies":[{"name":"wp","href":"https:\/\/api.w.org\/{rel}","templated":true}]}}