

{"id":32449,"date":"2025-07-18T12:02:25","date_gmt":"2025-07-18T10:02:25","guid":{"rendered":"https:\/\/www.costabravafoods.com\/producto\/secreto-nackenkern-vom-schwein\/"},"modified":"2025-09-30T19:06:54","modified_gmt":"2025-09-30T17:06:54","slug":"secreto-nackenkern-vom-schwein","status":"publish","type":"product","link":"https:\/\/www.costabravafoods.com\/de\/produkt\/secreto-nackenkern-vom-schwein\/","title":{"rendered":"Secreto (Nackenkern) vom Schwein"},"content":{"rendered":"<p>Secreto (Nackenkern) vom Schwein, Costa Brava Mediterranean Foods, ein St\u00fcck Fleisch aus dem unteren Teil des Tierr\u00fcckens. Es zeichnet sich durch seine Saftigkeit und seinen milden Geschmack aus und bietet h\u00f6chste Qualit\u00e4tsgarantien.<\/p>\n","protected":false},"excerpt":{"rendered":"<p>Secreto (Nackenkern) vom Schwein, zeichnet sich durch seine Saftigkeit und seinen milden Geschmack aus.<\/p>\n","protected":false},"featured_media":18580,"template":"","meta":[],"product_brand":[],"product_cat":[377,370],"product_tag":[],"corte_cerdo":[],"corte_vacuno":[],"fresh_retail":[383],"conservacion":[],"envase":[379],"tipo_corte":[],"class_list":{"0":"post-32449","1":"product","2":"type-product","3":"status-publish","4":"has-post-thumbnail","6":"product_cat-einzelhandel","7":"product_cat-fresh-de","8":"fresh_retail-schwein","9":"envase-vakuumverpackt","11":"first","12":"instock","13":"product-type-simple"},"yoast_head":"<!-- This site is optimized with the Yoast SEO plugin v27.2 - https:\/\/yoast.com\/product\/yoast-seo-wordpress\/ -->\n<title>Secreto (Nackenkern) vom Schwein<\/title>\n<meta name=\"description\" content=\"Secreto (Nackenkern) vom Schwein, zeichnet sich durch seine Saftigkeit und seinen milden Geschmack aus.\" \/>\n<meta name=\"robots\" content=\"index, follow, max-snippet:-1, max-image-preview:large, max-video-preview:-1\" \/>\n<link rel=\"canonical\" href=\"https:\/\/www.costabravafoods.com\/de\/produkt\/secreto-nackenkern-vom-schwein\/\" \/>\n<meta property=\"og:locale\" content=\"de_DE\" \/>\n<meta property=\"og:type\" content=\"article\" \/>\n<meta property=\"og:title\" content=\"Secreto (Nackenkern) vom Schwein\" \/>\n<meta property=\"og:description\" content=\"Secreto (Nackenkern) vom Schwein, zeichnet sich durch seine Saftigkeit und seinen milden Geschmack aus.\" \/>\n<meta property=\"og:url\" content=\"https:\/\/www.costabravafoods.com\/de\/produkt\/secreto-nackenkern-vom-schwein\/\" \/>\n<meta property=\"og:site_name\" content=\"Costa Brava Foods\" \/>\n<meta property=\"article:modified_time\" content=\"2025-09-30T17:06:54+00:00\" \/>\n<meta property=\"og:image\" content=\"https:\/\/www.costabravafoods.com\/wp-content\/uploads\/2025\/07\/secreto-false-lean.jpg\" \/>\n\t<meta property=\"og:image:width\" content=\"1000\" \/>\n\t<meta property=\"og:image:height\" content=\"1000\" \/>\n\t<meta property=\"og:image:type\" content=\"image\/jpeg\" \/>\n<meta name=\"twitter:card\" content=\"summary_large_image\" \/>\n<script type=\"application\/ld+json\" class=\"yoast-schema-graph\">{\"@context\":\"https:\/\/schema.org\",\"@graph\":[{\"@type\":\"WebPage\",\"@id\":\"https:\/\/www.costabravafoods.com\/de\/produkt\/secreto-nackenkern-vom-schwein\/\",\"url\":\"https:\/\/www.costabravafoods.com\/de\/produkt\/secreto-nackenkern-vom-schwein\/\",\"name\":\"Secreto (Nackenkern) vom Schwein\",\"isPartOf\":{\"@id\":\"https:\/\/www.costabravafoods.com\/#website\"},\"primaryImageOfPage\":{\"@id\":\"https:\/\/www.costabravafoods.com\/de\/produkt\/secreto-nackenkern-vom-schwein\/#primaryimage\"},\"image\":{\"@id\":\"https:\/\/www.costabravafoods.com\/de\/produkt\/secreto-nackenkern-vom-schwein\/#primaryimage\"},\"thumbnailUrl\":\"https:\/\/www.costabravafoods.com\/wp-content\/uploads\/2025\/07\/secreto-false-lean.jpg\",\"datePublished\":\"2025-07-18T10:02:25+00:00\",\"dateModified\":\"2025-09-30T17:06:54+00:00\",\"description\":\"Secreto (Nackenkern) vom Schwein, zeichnet sich durch seine Saftigkeit und seinen milden Geschmack aus.\",\"breadcrumb\":{\"@id\":\"https:\/\/www.costabravafoods.com\/de\/produkt\/secreto-nackenkern-vom-schwein\/#breadcrumb\"},\"inLanguage\":\"de\",\"potentialAction\":[{\"@type\":\"ReadAction\",\"target\":[\"https:\/\/www.costabravafoods.com\/de\/produkt\/secreto-nackenkern-vom-schwein\/\"]}]},{\"@type\":\"ImageObject\",\"inLanguage\":\"de\",\"@id\":\"https:\/\/www.costabravafoods.com\/de\/produkt\/secreto-nackenkern-vom-schwein\/#primaryimage\",\"url\":\"https:\/\/www.costabravafoods.com\/wp-content\/uploads\/2025\/07\/secreto-false-lean.jpg\",\"contentUrl\":\"https:\/\/www.costabravafoods.com\/wp-content\/uploads\/2025\/07\/secreto-false-lean.jpg\",\"width\":1000,\"height\":1000,\"caption\":\"Secreto (Nackenkern) vom Schwein\"},{\"@type\":\"BreadcrumbList\",\"@id\":\"https:\/\/www.costabravafoods.com\/de\/produkt\/secreto-nackenkern-vom-schwein\/#breadcrumb\",\"itemListElement\":[{\"@type\":\"ListItem\",\"position\":1,\"name\":\"Portada\",\"item\":\"https:\/\/www.costabravafoods.com\/de\/\"},{\"@type\":\"ListItem\",\"position\":2,\"name\":\"Produkte\",\"item\":\"https:\/\/www.costabravafoods.com\/productos\/\"},{\"@type\":\"ListItem\",\"position\":3,\"name\":\"Secreto (Nackenkern) vom Schwein\"}]},{\"@type\":\"WebSite\",\"@id\":\"https:\/\/www.costabravafoods.com\/#website\",\"url\":\"https:\/\/www.costabravafoods.com\/\",\"name\":\"Costa Brava Foods\",\"description\":\"\",\"potentialAction\":[{\"@type\":\"SearchAction\",\"target\":{\"@type\":\"EntryPoint\",\"urlTemplate\":\"https:\/\/www.costabravafoods.com\/?s={search_term_string}\"},\"query-input\":{\"@type\":\"PropertyValueSpecification\",\"valueRequired\":true,\"valueName\":\"search_term_string\"}}],\"inLanguage\":\"de\"}]}<\/script>\n<!-- \/ Yoast SEO plugin. -->","yoast_head_json":{"title":"Secreto (Nackenkern) vom Schwein","description":"Secreto (Nackenkern) vom Schwein, zeichnet sich durch seine Saftigkeit und seinen milden Geschmack aus.","robots":{"index":"index","follow":"follow","max-snippet":"max-snippet:-1","max-image-preview":"max-image-preview:large","max-video-preview":"max-video-preview:-1"},"canonical":"https:\/\/www.costabravafoods.com\/de\/produkt\/secreto-nackenkern-vom-schwein\/","og_locale":"de_DE","og_type":"article","og_title":"Secreto (Nackenkern) vom Schwein","og_description":"Secreto (Nackenkern) vom Schwein, zeichnet sich durch seine Saftigkeit und seinen milden Geschmack aus.","og_url":"https:\/\/www.costabravafoods.com\/de\/produkt\/secreto-nackenkern-vom-schwein\/","og_site_name":"Costa Brava Foods","article_modified_time":"2025-09-30T17:06:54+00:00","og_image":[{"width":1000,"height":1000,"url":"https:\/\/www.costabravafoods.com\/wp-content\/uploads\/2025\/07\/secreto-false-lean.jpg","type":"image\/jpeg"}],"twitter_card":"summary_large_image","schema":{"@context":"https:\/\/schema.org","@graph":[{"@type":"WebPage","@id":"https:\/\/www.costabravafoods.com\/de\/produkt\/secreto-nackenkern-vom-schwein\/","url":"https:\/\/www.costabravafoods.com\/de\/produkt\/secreto-nackenkern-vom-schwein\/","name":"Secreto (Nackenkern) vom Schwein","isPartOf":{"@id":"https:\/\/www.costabravafoods.com\/#website"},"primaryImageOfPage":{"@id":"https:\/\/www.costabravafoods.com\/de\/produkt\/secreto-nackenkern-vom-schwein\/#primaryimage"},"image":{"@id":"https:\/\/www.costabravafoods.com\/de\/produkt\/secreto-nackenkern-vom-schwein\/#primaryimage"},"thumbnailUrl":"https:\/\/www.costabravafoods.com\/wp-content\/uploads\/2025\/07\/secreto-false-lean.jpg","datePublished":"2025-07-18T10:02:25+00:00","dateModified":"2025-09-30T17:06:54+00:00","description":"Secreto (Nackenkern) vom Schwein, zeichnet sich durch seine Saftigkeit und seinen milden Geschmack aus.","breadcrumb":{"@id":"https:\/\/www.costabravafoods.com\/de\/produkt\/secreto-nackenkern-vom-schwein\/#breadcrumb"},"inLanguage":"de","potentialAction":[{"@type":"ReadAction","target":["https:\/\/www.costabravafoods.com\/de\/produkt\/secreto-nackenkern-vom-schwein\/"]}]},{"@type":"ImageObject","inLanguage":"de","@id":"https:\/\/www.costabravafoods.com\/de\/produkt\/secreto-nackenkern-vom-schwein\/#primaryimage","url":"https:\/\/www.costabravafoods.com\/wp-content\/uploads\/2025\/07\/secreto-false-lean.jpg","contentUrl":"https:\/\/www.costabravafoods.com\/wp-content\/uploads\/2025\/07\/secreto-false-lean.jpg","width":1000,"height":1000,"caption":"Secreto (Nackenkern) vom Schwein"},{"@type":"BreadcrumbList","@id":"https:\/\/www.costabravafoods.com\/de\/produkt\/secreto-nackenkern-vom-schwein\/#breadcrumb","itemListElement":[{"@type":"ListItem","position":1,"name":"Portada","item":"https:\/\/www.costabravafoods.com\/de\/"},{"@type":"ListItem","position":2,"name":"Produkte","item":"https:\/\/www.costabravafoods.com\/productos\/"},{"@type":"ListItem","position":3,"name":"Secreto (Nackenkern) vom Schwein"}]},{"@type":"WebSite","@id":"https:\/\/www.costabravafoods.com\/#website","url":"https:\/\/www.costabravafoods.com\/","name":"Costa Brava Foods","description":"","potentialAction":[{"@type":"SearchAction","target":{"@type":"EntryPoint","urlTemplate":"https:\/\/www.costabravafoods.com\/?s={search_term_string}"},"query-input":{"@type":"PropertyValueSpecification","valueRequired":true,"valueName":"search_term_string"}}],"inLanguage":"de"}]}},"_links":{"self":[{"href":"https:\/\/www.costabravafoods.com\/de\/wp-json\/wp\/v2\/product\/32449","targetHints":{"allow":["GET"]}}],"collection":[{"href":"https:\/\/www.costabravafoods.com\/de\/wp-json\/wp\/v2\/product"}],"about":[{"href":"https:\/\/www.costabravafoods.com\/de\/wp-json\/wp\/v2\/types\/product"}],"wp:featuredmedia":[{"embeddable":true,"href":"https:\/\/www.costabravafoods.com\/de\/wp-json\/wp\/v2\/media\/18580"}],"wp:attachment":[{"href":"https:\/\/www.costabravafoods.com\/de\/wp-json\/wp\/v2\/media?parent=32449"}],"wp:term":[{"taxonomy":"product_brand","embeddable":true,"href":"https:\/\/www.costabravafoods.com\/de\/wp-json\/wp\/v2\/product_brand?post=32449"},{"taxonomy":"product_cat","embeddable":true,"href":"https:\/\/www.costabravafoods.com\/de\/wp-json\/wp\/v2\/product_cat?post=32449"},{"taxonomy":"product_tag","embeddable":true,"href":"https:\/\/www.costabravafoods.com\/de\/wp-json\/wp\/v2\/product_tag?post=32449"},{"taxonomy":"corte_cerdo","embeddable":true,"href":"https:\/\/www.costabravafoods.com\/de\/wp-json\/wp\/v2\/corte_cerdo?post=32449"},{"taxonomy":"corte_vacuno","embeddable":true,"href":"https:\/\/www.costabravafoods.com\/de\/wp-json\/wp\/v2\/corte_vacuno?post=32449"},{"taxonomy":"fresh_retail","embeddable":true,"href":"https:\/\/www.costabravafoods.com\/de\/wp-json\/wp\/v2\/fresh_retail?post=32449"},{"taxonomy":"conservacion","embeddable":true,"href":"https:\/\/www.costabravafoods.com\/de\/wp-json\/wp\/v2\/conservacion?post=32449"},{"taxonomy":"envase","embeddable":true,"href":"https:\/\/www.costabravafoods.com\/de\/wp-json\/wp\/v2\/envase?post=32449"},{"taxonomy":"tipo_corte","embeddable":true,"href":"https:\/\/www.costabravafoods.com\/de\/wp-json\/wp\/v2\/tipo_corte?post=32449"}],"curies":[{"name":"wp","href":"https:\/\/api.w.org\/{rel}","templated":true}]}}