

{"id":32457,"date":"2025-07-18T12:03:19","date_gmt":"2025-07-18T10:03:19","guid":{"rendered":"https:\/\/www.costabravafoods.com\/producto\/presa-oberes-schulterstueck-vom-schwein\/"},"modified":"2025-09-30T19:07:05","modified_gmt":"2025-09-30T17:07:05","slug":"presa-oberes-schulterstueck-vom-schwein","status":"publish","type":"product","link":"https:\/\/www.costabravafoods.com\/de\/produkt\/presa-oberes-schulterstueck-vom-schwein\/","title":{"rendered":"Presa (oberes Schulterst\u00fcck) vom Schwein"},"content":{"rendered":"<p>Die Presa (oberes Schulterst\u00fcck) vom Schwein ist wegen ihrer Saftigkeit und Vielseitigkeit in der K\u00fcche eines der beliebtesten St\u00fccke auf dem einheimischen spanischen Markt. Die Zubereitung kann auf dem Grill, im Ofen oder in der Pfanne erfolgen.<\/p>\n","protected":false},"excerpt":{"rendered":"<p>Presa (oberes Schulterst\u00fcck) vom Schwein, eines der beliebtesten St\u00fccke auf dem einheimischen spanischen Markt.<\/p>\n","protected":false},"featured_media":33867,"template":"","meta":[],"product_brand":[],"product_cat":[377,370,554],"product_tag":[],"corte_cerdo":[],"corte_vacuno":[],"fresh_retail":[383],"conservacion":[],"envase":[379],"tipo_corte":[],"class_list":{"0":"post-32457","1":"product","2":"type-product","3":"status-publish","4":"has-post-thumbnail","6":"product_cat-einzelhandel","7":"product_cat-fresh-de","8":"product_cat-schwein-de","9":"fresh_retail-schwein","10":"envase-vakuumverpackt","12":"first","13":"instock","14":"product-type-simple"},"yoast_head":"<!-- This site is optimized with the Yoast SEO plugin v27.2 - https:\/\/yoast.com\/product\/yoast-seo-wordpress\/ -->\n<title>Presa (oberes Schulterst\u00fcck) vom Schwein<\/title>\n<meta name=\"description\" content=\"Presa (oberes Schulterst\u00fcck) vom Schwein, eines der beliebtesten St\u00fccke auf dem einheimischen spanischen Markt.\" \/>\n<meta name=\"robots\" content=\"index, follow, max-snippet:-1, max-image-preview:large, max-video-preview:-1\" \/>\n<link rel=\"canonical\" href=\"https:\/\/www.costabravafoods.com\/de\/produkt\/presa-oberes-schulterstueck-vom-schwein\/\" \/>\n<meta property=\"og:locale\" content=\"de_DE\" \/>\n<meta property=\"og:type\" content=\"article\" \/>\n<meta property=\"og:title\" content=\"Presa (oberes Schulterst\u00fcck) vom Schwein\" \/>\n<meta property=\"og:description\" content=\"Presa (oberes Schulterst\u00fcck) vom Schwein, eines der beliebtesten St\u00fccke auf dem einheimischen spanischen Markt.\" \/>\n<meta property=\"og:url\" content=\"https:\/\/www.costabravafoods.com\/de\/produkt\/presa-oberes-schulterstueck-vom-schwein\/\" \/>\n<meta property=\"og:site_name\" content=\"Costa Brava Foods\" \/>\n<meta property=\"article:modified_time\" content=\"2025-09-30T17:07:05+00:00\" \/>\n<meta property=\"og:image\" content=\"https:\/\/www.costabravafoods.com\/wp-content\/uploads\/2025\/07\/imagen_no_disponible.png\" \/>\n\t<meta property=\"og:image:width\" content=\"1000\" \/>\n\t<meta property=\"og:image:height\" content=\"1000\" \/>\n\t<meta property=\"og:image:type\" content=\"image\/png\" \/>\n<meta name=\"twitter:card\" content=\"summary_large_image\" \/>\n<script type=\"application\/ld+json\" class=\"yoast-schema-graph\">{\"@context\":\"https:\/\/schema.org\",\"@graph\":[{\"@type\":\"WebPage\",\"@id\":\"https:\/\/www.costabravafoods.com\/de\/produkt\/presa-oberes-schulterstueck-vom-schwein\/\",\"url\":\"https:\/\/www.costabravafoods.com\/de\/produkt\/presa-oberes-schulterstueck-vom-schwein\/\",\"name\":\"Presa (oberes Schulterst\u00fcck) vom Schwein\",\"isPartOf\":{\"@id\":\"https:\/\/www.costabravafoods.com\/#website\"},\"primaryImageOfPage\":{\"@id\":\"https:\/\/www.costabravafoods.com\/de\/produkt\/presa-oberes-schulterstueck-vom-schwein\/#primaryimage\"},\"image\":{\"@id\":\"https:\/\/www.costabravafoods.com\/de\/produkt\/presa-oberes-schulterstueck-vom-schwein\/#primaryimage\"},\"thumbnailUrl\":\"https:\/\/www.costabravafoods.com\/wp-content\/uploads\/2025\/07\/presa-cerdo-pork.jpg\",\"datePublished\":\"2025-07-18T10:03:19+00:00\",\"dateModified\":\"2025-09-30T17:07:05+00:00\",\"description\":\"Presa (oberes Schulterst\u00fcck) vom Schwein, eines der beliebtesten St\u00fccke auf dem einheimischen spanischen Markt.\",\"breadcrumb\":{\"@id\":\"https:\/\/www.costabravafoods.com\/de\/produkt\/presa-oberes-schulterstueck-vom-schwein\/#breadcrumb\"},\"inLanguage\":\"de\",\"potentialAction\":[{\"@type\":\"ReadAction\",\"target\":[\"https:\/\/www.costabravafoods.com\/de\/produkt\/presa-oberes-schulterstueck-vom-schwein\/\"]}]},{\"@type\":\"ImageObject\",\"inLanguage\":\"de\",\"@id\":\"https:\/\/www.costabravafoods.com\/de\/produkt\/presa-oberes-schulterstueck-vom-schwein\/#primaryimage\",\"url\":\"https:\/\/www.costabravafoods.com\/wp-content\/uploads\/2025\/07\/presa-cerdo-pork.jpg\",\"contentUrl\":\"https:\/\/www.costabravafoods.com\/wp-content\/uploads\/2025\/07\/presa-cerdo-pork.jpg\",\"width\":1000,\"height\":1000,\"caption\":\"Presa de cerdo, uno de los cortes m\u00e1s populares del mercado nacional.\"},{\"@type\":\"BreadcrumbList\",\"@id\":\"https:\/\/www.costabravafoods.com\/de\/produkt\/presa-oberes-schulterstueck-vom-schwein\/#breadcrumb\",\"itemListElement\":[{\"@type\":\"ListItem\",\"position\":1,\"name\":\"Portada\",\"item\":\"https:\/\/www.costabravafoods.com\/de\/\"},{\"@type\":\"ListItem\",\"position\":2,\"name\":\"Produkte\",\"item\":\"https:\/\/www.costabravafoods.com\/productos\/\"},{\"@type\":\"ListItem\",\"position\":3,\"name\":\"Presa (oberes Schulterst\u00fcck) vom Schwein\"}]},{\"@type\":\"WebSite\",\"@id\":\"https:\/\/www.costabravafoods.com\/#website\",\"url\":\"https:\/\/www.costabravafoods.com\/\",\"name\":\"Costa Brava Foods\",\"description\":\"\",\"potentialAction\":[{\"@type\":\"SearchAction\",\"target\":{\"@type\":\"EntryPoint\",\"urlTemplate\":\"https:\/\/www.costabravafoods.com\/?s={search_term_string}\"},\"query-input\":{\"@type\":\"PropertyValueSpecification\",\"valueRequired\":true,\"valueName\":\"search_term_string\"}}],\"inLanguage\":\"de\"}]}<\/script>\n<!-- \/ Yoast SEO plugin. -->","yoast_head_json":{"title":"Presa (oberes Schulterst\u00fcck) vom Schwein","description":"Presa (oberes Schulterst\u00fcck) vom Schwein, eines der beliebtesten St\u00fccke auf dem einheimischen spanischen Markt.","robots":{"index":"index","follow":"follow","max-snippet":"max-snippet:-1","max-image-preview":"max-image-preview:large","max-video-preview":"max-video-preview:-1"},"canonical":"https:\/\/www.costabravafoods.com\/de\/produkt\/presa-oberes-schulterstueck-vom-schwein\/","og_locale":"de_DE","og_type":"article","og_title":"Presa (oberes Schulterst\u00fcck) vom Schwein","og_description":"Presa (oberes Schulterst\u00fcck) vom Schwein, eines der beliebtesten St\u00fccke auf dem einheimischen spanischen Markt.","og_url":"https:\/\/www.costabravafoods.com\/de\/produkt\/presa-oberes-schulterstueck-vom-schwein\/","og_site_name":"Costa Brava Foods","article_modified_time":"2025-09-30T17:07:05+00:00","og_image":[{"width":1000,"height":1000,"url":"https:\/\/www.costabravafoods.com\/wp-content\/uploads\/2025\/07\/imagen_no_disponible.png","type":"image\/png"}],"twitter_card":"summary_large_image","schema":{"@context":"https:\/\/schema.org","@graph":[{"@type":"WebPage","@id":"https:\/\/www.costabravafoods.com\/de\/produkt\/presa-oberes-schulterstueck-vom-schwein\/","url":"https:\/\/www.costabravafoods.com\/de\/produkt\/presa-oberes-schulterstueck-vom-schwein\/","name":"Presa (oberes Schulterst\u00fcck) vom Schwein","isPartOf":{"@id":"https:\/\/www.costabravafoods.com\/#website"},"primaryImageOfPage":{"@id":"https:\/\/www.costabravafoods.com\/de\/produkt\/presa-oberes-schulterstueck-vom-schwein\/#primaryimage"},"image":{"@id":"https:\/\/www.costabravafoods.com\/de\/produkt\/presa-oberes-schulterstueck-vom-schwein\/#primaryimage"},"thumbnailUrl":"https:\/\/www.costabravafoods.com\/wp-content\/uploads\/2025\/07\/presa-cerdo-pork.jpg","datePublished":"2025-07-18T10:03:19+00:00","dateModified":"2025-09-30T17:07:05+00:00","description":"Presa (oberes Schulterst\u00fcck) vom Schwein, eines der beliebtesten St\u00fccke auf dem einheimischen spanischen Markt.","breadcrumb":{"@id":"https:\/\/www.costabravafoods.com\/de\/produkt\/presa-oberes-schulterstueck-vom-schwein\/#breadcrumb"},"inLanguage":"de","potentialAction":[{"@type":"ReadAction","target":["https:\/\/www.costabravafoods.com\/de\/produkt\/presa-oberes-schulterstueck-vom-schwein\/"]}]},{"@type":"ImageObject","inLanguage":"de","@id":"https:\/\/www.costabravafoods.com\/de\/produkt\/presa-oberes-schulterstueck-vom-schwein\/#primaryimage","url":"https:\/\/www.costabravafoods.com\/wp-content\/uploads\/2025\/07\/presa-cerdo-pork.jpg","contentUrl":"https:\/\/www.costabravafoods.com\/wp-content\/uploads\/2025\/07\/presa-cerdo-pork.jpg","width":1000,"height":1000,"caption":"Presa de cerdo, uno de los cortes m\u00e1s populares del mercado nacional."},{"@type":"BreadcrumbList","@id":"https:\/\/www.costabravafoods.com\/de\/produkt\/presa-oberes-schulterstueck-vom-schwein\/#breadcrumb","itemListElement":[{"@type":"ListItem","position":1,"name":"Portada","item":"https:\/\/www.costabravafoods.com\/de\/"},{"@type":"ListItem","position":2,"name":"Produkte","item":"https:\/\/www.costabravafoods.com\/productos\/"},{"@type":"ListItem","position":3,"name":"Presa (oberes Schulterst\u00fcck) vom Schwein"}]},{"@type":"WebSite","@id":"https:\/\/www.costabravafoods.com\/#website","url":"https:\/\/www.costabravafoods.com\/","name":"Costa Brava Foods","description":"","potentialAction":[{"@type":"SearchAction","target":{"@type":"EntryPoint","urlTemplate":"https:\/\/www.costabravafoods.com\/?s={search_term_string}"},"query-input":{"@type":"PropertyValueSpecification","valueRequired":true,"valueName":"search_term_string"}}],"inLanguage":"de"}]}},"_links":{"self":[{"href":"https:\/\/www.costabravafoods.com\/de\/wp-json\/wp\/v2\/product\/32457","targetHints":{"allow":["GET"]}}],"collection":[{"href":"https:\/\/www.costabravafoods.com\/de\/wp-json\/wp\/v2\/product"}],"about":[{"href":"https:\/\/www.costabravafoods.com\/de\/wp-json\/wp\/v2\/types\/product"}],"wp:featuredmedia":[{"embeddable":true,"href":"https:\/\/www.costabravafoods.com\/de\/wp-json\/wp\/v2\/media\/33867"}],"wp:attachment":[{"href":"https:\/\/www.costabravafoods.com\/de\/wp-json\/wp\/v2\/media?parent=32457"}],"wp:term":[{"taxonomy":"product_brand","embeddable":true,"href":"https:\/\/www.costabravafoods.com\/de\/wp-json\/wp\/v2\/product_brand?post=32457"},{"taxonomy":"product_cat","embeddable":true,"href":"https:\/\/www.costabravafoods.com\/de\/wp-json\/wp\/v2\/product_cat?post=32457"},{"taxonomy":"product_tag","embeddable":true,"href":"https:\/\/www.costabravafoods.com\/de\/wp-json\/wp\/v2\/product_tag?post=32457"},{"taxonomy":"corte_cerdo","embeddable":true,"href":"https:\/\/www.costabravafoods.com\/de\/wp-json\/wp\/v2\/corte_cerdo?post=32457"},{"taxonomy":"corte_vacuno","embeddable":true,"href":"https:\/\/www.costabravafoods.com\/de\/wp-json\/wp\/v2\/corte_vacuno?post=32457"},{"taxonomy":"fresh_retail","embeddable":true,"href":"https:\/\/www.costabravafoods.com\/de\/wp-json\/wp\/v2\/fresh_retail?post=32457"},{"taxonomy":"conservacion","embeddable":true,"href":"https:\/\/www.costabravafoods.com\/de\/wp-json\/wp\/v2\/conservacion?post=32457"},{"taxonomy":"envase","embeddable":true,"href":"https:\/\/www.costabravafoods.com\/de\/wp-json\/wp\/v2\/envase?post=32457"},{"taxonomy":"tipo_corte","embeddable":true,"href":"https:\/\/www.costabravafoods.com\/de\/wp-json\/wp\/v2\/tipo_corte?post=32457"}],"curies":[{"name":"wp","href":"https:\/\/api.w.org\/{rel}","templated":true}]}}