

{"id":27761,"date":"2025-05-23T14:55:04","date_gmt":"2025-05-23T12:55:04","guid":{"rendered":"https:\/\/www.costabravafoods.com\/cookies-policy\/"},"modified":"2025-09-27T17:24:18","modified_gmt":"2025-09-27T15:24:18","slug":"cookies-policy","status":"publish","type":"page","link":"https:\/\/www.costabravafoods.com\/en\/cookies-policy\/","title":{"rendered":"Cookies policy"},"content":{"rendered":"<p><div class=\"fusion-fullwidth fullwidth-box fusion-builder-row-1 fusion-flex-container has-pattern-background has-mask-background nonhundred-percent-fullwidth non-hundred-percent-height-scrolling fusion-no-small-visibility\" style=\"--link_color: var(--awb-color4);--awb-border-radius-top-left:0px;--awb-border-radius-top-right:0px;--awb-border-radius-bottom-right:0px;--awb-border-radius-bottom-left:0px;--awb-flex-wrap:wrap;\" ><div class=\"fusion-builder-row fusion-row fusion-flex-align-items-flex-start fusion-flex-content-wrap\" style=\"max-width:1248px;margin-left: calc(-4% \/ 2 );margin-right: calc(-4% \/ 2 );\"><div class=\"fusion-layout-column fusion_builder_column fusion-builder-column-0 fusion_builder_column_1_1 1_1 fusion-flex-column\" style=\"--awb-bg-size:cover;--awb-width-large:100%;--awb-margin-top-large:0px;--awb-spacing-right-large:1.92%;--awb-margin-bottom-large:20px;--awb-spacing-left-large:1.92%;--awb-width-medium:100%;--awb-order-medium:0;--awb-spacing-right-medium:1.92%;--awb-spacing-left-medium:1.92%;--awb-width-small:100%;--awb-order-small:0;--awb-spacing-right-small:1.92%;--awb-spacing-left-small:1.92%;\"><div class=\"fusion-column-wrapper fusion-column-has-shadow fusion-flex-justify-content-flex-start fusion-content-layout-column\"><div class=\"fusion-title title fusion-title-1 fusion-title-center fusion-title-text fusion-title-size-one\" style=\"--awb-text-color:#051d30;--awb-margin-top-small:10px;--awb-margin-right-small:0px;--awb-margin-bottom-small:10px;--awb-margin-left-small:0px;--awb-sep-color:var(--awb-color4);--awb-font-size:28px;\"><div class=\"title-sep-container title-sep-container-left\"><div class=\"title-sep sep-single sep-solid\" style=\"border-color:var(--awb-color4);\"><\/div><\/div><span class=\"awb-title-spacer\"><\/span><h1 class=\"fusion-title-heading title-heading-center\" style=\"font-family:&quot;Noto Sans Bold&quot;;font-style:normal;font-weight:400;margin:0;letter-spacing:0.5px;font-size:1em;\"><p>&nbsp;<\/p>\n<div style=\"margin: 0 20px;\">Cookies policy<\/div>\n<p>&nbsp;<\/p><\/h1><span class=\"awb-title-spacer\"><\/span><div class=\"title-sep-container title-sep-container-right\"><div class=\"title-sep sep-single sep-solid\" style=\"border-color:var(--awb-color4);\"><\/div><\/div><\/div><div class=\"fusion-text fusion-text-1\" style=\"--awb-margin-top:10px;\"><p>Cookies are small text files installed on the devices which access our website. Among other purposes, cookies register a user\u2019s browsing preferences and habits. Despite being associated with that user and their computer, they don\u2019t provide directly identifying data. There are cookies such as those which allow the generation of statistics or advertising, which require the consent of the user of our site. Whereas others, such as those of a technical nature or those necessary in order to offer a service requested by the user themselves, are essential for the site functioning. Cookies can be classified according to their validity, who manages them, and their purpose.<\/p>\n<p><strong>ACCORDING TO VALIDITY<\/strong><br \/>\n<em>Session:<\/em>\u00a0they\u2019re temporary and remain in the cookies folder of the browser used to access the website, until the time when you leave the site.<\/p>\n<p><em>Persistent<\/em><em>:<\/em>\u00a0they remain saved and the website reads them every time you visit it.<\/p>\n<p><strong>ACCORDING TO WHO MANAGES THEM<\/strong><br \/>\n<em>Own:<\/em>\u00a0those which belong to the owner of the website from which services are provided to the user.<\/p>\n<p><em>Third party<\/em><em>:<\/em>\u00a0they are sent by the user to a third party, different to the owner of the site.<\/p>\n<p><strong>ACCORDING TO THEIR PURPOSE<\/strong><br \/>\n<em>Necessary:<\/em>\u00a0those that are essential in order to connect to the website. There\u2019s no option to disable them, since they\u2019re necessary for the functioning of the website.<\/p>\n<p><em>Technical<\/em><em>:\u00a0<\/em>those which allow traffic management and data communication, identify the session and access to restricted access pages, etc.<\/p>\n<p><em>Preference<\/em><em>:<\/em>\u00a0they allow your choices to be remembered (for example, your language or the region you access from), in order to provide advanced services.<\/p>\n<p><em>Analytical<\/em><em>:<\/em>\u00a0they provide statistical information and allow services to be improved.<\/p>\n<p><em>Advertising<\/em><em>:<\/em>\u00a0they offer advertising content related to the interests of the user, whether directly or by means of third parties (\u201cad servers\u201d).<\/p>\n<p><em>Geolocation:\u00a0<\/em>they provide the geographic location of the user.<\/p>\n<p>We list the cookies our website uses, thereby giving the option (final column) for each user to authorise their download.<\/p>\n<table class=\"llistat-cookies\">\n<tbody>\n<tr>\n<th>Finalidad<\/th>\n<th>Proveedor<\/th>\n<th>Nombre de la cookie<\/th>\n<th>Gesti\u00f3n<\/th>\n<th>Vigencia<\/th>\n<th>Funci\u00f3n<\/th>\n<\/tr>\n<tr>\n<td>T\u00e9cnicas<\/td>\n<td>Propia<\/td>\n<td>PHPSESSID<\/td>\n<td>Propia<\/td>\n<td>1 a\u00f1o<\/td>\n<td>PHPSESSID. Esta cookie es usada por el lenguaje de encriptado PHP para permitir que las variables de SESI\u00d3N sean guardadas en el servidor web.<\/td>\n<\/tr>\n<tr>\n<td>T\u00e9cnicas<\/td>\n<td>Propia<\/td>\n<td>wp-settings-time-1, wp-settings-1<\/td>\n<td>Propia<\/td>\n<td>1 a\u00f1o<\/td>\n<td>Estas cookies son utilizadas por WordPress para personalizar la Interfaz de Usuario.<\/td>\n<\/tr>\n<tr>\n<td>T\u00e9cnicas<\/td>\n<td>Propia<\/td>\n<td>wordpress_logged_in_<\/td>\n<td>Propia<\/td>\n<td>1 a\u00f1o<\/td>\n<td>Despu\u00e9s del loggin, WordPress activa la cookie wordpress_logged_in_, cuya funci\u00f3n es indicar cuando se ha conectado y qui\u00e9n es, siendo utilizado por la interfaz de WordPress.<\/td>\n<\/tr>\n<tr>\n<td>T\u00e9cnicas<\/td>\n<td>Propia<\/td>\n<td>wp-wpml_current_language<\/td>\n<td>Propia<\/td>\n<td>1 a\u00f1o<\/td>\n<td>Permite recordar el idioma del usuario<\/td>\n<\/tr>\n<tr>\n<td>T\u00e9cnicas<\/td>\n<td>Propia<\/td>\n<td>concentiment_cookies<\/td>\n<td>Propia<\/td>\n<td>1 a\u00f1o<\/td>\n<td>Guarda el valor de la aceptaci\u00f3n del cartel de cookies<\/td>\n<\/tr>\n<tr>\n<td>T\u00e9cnicas<\/td>\n<td>Propia<\/td>\n<td>dateExpireCookie<\/td>\n<td>Propia<\/td>\n<td>1 a\u00f1o<\/td>\n<td>Guarda la fecha de expiraci\u00f3n de la cookie del cartel de cookies<\/td>\n<\/tr>\n<tr>\n<td>Anal\u00edticas<\/td>\n<td>GOOGLE<\/td>\n<td>_ga<\/td>\n<td>Terceros<\/td>\n<td>2 a\u00f1os<\/td>\n<td>Ofrecer estad\u00edsticas de uso de los sitios web. Tambi\u00e9n se pueden utilizar junto con algunas de las cookies publicitarias descritas anteriormente para mostrar anuncios m\u00e1s relevantes en las propiedades de Google<\/td>\n<\/tr>\n<tr>\n<td>Anal\u00edticas<\/td>\n<td>GOOGLE<\/td>\n<td>_gid<\/td>\n<td>Terceros<\/td>\n<td>23 horas<\/td>\n<td>Registra una identificaci\u00f3n \u00fanica que se utiliza para generar datos estad\u00edsticos sobre c\u00f3mo el visitante utiliza el sitio web.<\/td>\n<\/tr>\n<tr>\n<td>Anal\u00edticas<\/td>\n<td>GOOGLE<\/td>\n<td>_gat<\/td>\n<td>Terceros<\/td>\n<td>1 minuto<\/td>\n<td>Se usa para limitar el porcentaje de solicitudes. Si se ha implementado Google Analytics mediante Google Tag Manager, esta cookie se llamar\u00e1 _dc_gtm_.<\/td>\n<\/tr>\n<\/tbody>\n<\/table>\n<p>You can edit the cookies settings by clicking\u00a0<span id=\"ajustes_cookies\">here<\/span>.<\/p>\n<p>You can withdraw your consent on the use of cookies, deleting them through the options offered by your browser. You can also configure your browser so it informs you in advance of the possible installation of cookies. You\u2019ll find information on how to do this at the following links.<\/p>\n<ul class=\"wp-block-list\">\n<li>For Firefox (<a href=\"https:\/\/support.mozilla.org\/en-US\/kb\/cookies-information-websites-store-on-your-computer\">link<\/a>)<\/li>\n<li>For Chrome (<a href=\"https:\/\/support.google.com\/chrome\/answer\/95647?co=GENIE.Platform%3DDesktop&amp;hl=en-GB\">link<\/a>)<\/li>\n<li>For Explorer (<a href=\"https:\/\/support.microsoft.com\/en-gb\/help\/278835\/how-to-delete-cookie-files-in-internet-explorer\">link<\/a>)<\/li>\n<li>For Edge (<a href=\"https:\/\/support.microsoft.com\/en-us\/help\/4468242\/microsoft-edge-browsing-data-and-privacy#.\">link<\/a>)<\/li>\n<li>For Safari for iOS (<a href=\"https:\/\/support.apple.com\/en-gb\/HT201265\">link<\/a>)<\/li>\n<li>For Opera (<a href=\"https:\/\/help.opera.com\/en\/latest\/web-preferences\/#cookies\">link<\/a>)<\/li>\n<\/ul>\n<\/div><\/div><\/div><\/div><\/div><div class=\"fusion-fullwidth fullwidth-box fusion-builder-row-2 fusion-flex-container has-pattern-background has-mask-background nonhundred-percent-fullwidth non-hundred-percent-height-scrolling fusion-no-medium-visibility fusion-no-large-visibility\" style=\"--link_color: var(--awb-color4);--awb-border-radius-top-left:0px;--awb-border-radius-top-right:0px;--awb-border-radius-bottom-right:0px;--awb-border-radius-bottom-left:0px;--awb-flex-wrap:wrap;\" ><div class=\"fusion-builder-row fusion-row fusion-flex-align-items-flex-start fusion-flex-content-wrap\" style=\"max-width:1248px;margin-left: calc(-4% \/ 2 );margin-right: calc(-4% \/ 2 );\"><div class=\"fusion-layout-column fusion_builder_column fusion-builder-column-1 fusion_builder_column_1_1 1_1 fusion-flex-column\" style=\"--awb-bg-size:cover;--awb-width-large:100%;--awb-margin-top-large:0px;--awb-spacing-right-large:1.92%;--awb-margin-bottom-large:20px;--awb-spacing-left-large:1.92%;--awb-width-medium:100%;--awb-order-medium:0;--awb-spacing-right-medium:1.92%;--awb-spacing-left-medium:1.92%;--awb-width-small:100%;--awb-order-small:0;--awb-spacing-right-small:1.92%;--awb-spacing-left-small:1.92%;\"><div class=\"fusion-column-wrapper fusion-column-has-shadow fusion-flex-justify-content-flex-start fusion-content-layout-column\"><div class=\"fusion-title title fusion-title-2 fusion-title-center fusion-title-text fusion-title-size-one\" style=\"--awb-text-color:#051d30;--awb-margin-top-small:10px;--awb-margin-right-small:0px;--awb-margin-bottom-small:10px;--awb-margin-left-small:0px;--awb-sep-color:var(--awb-color4);--awb-font-size:28px;\"><div class=\"title-sep-container title-sep-container-left\"><div class=\"title-sep sep-single sep-solid\" style=\"border-color:var(--awb-color4);\"><\/div><\/div><span class=\"awb-title-spacer\"><\/span><h1 class=\"fusion-title-heading title-heading-center\" style=\"font-family:&quot;Noto Sans Bold&quot;;font-style:normal;font-weight:400;margin:0;letter-spacing:0.5px;font-size:1em;\"><p>&nbsp;<\/p>\n<div style=\"margin: 0 20px;\">Cookies policy<\/div>\n<p>&nbsp;<\/p><\/h1><span class=\"awb-title-spacer\"><\/span><div class=\"title-sep-container title-sep-container-right\"><div class=\"title-sep sep-single sep-solid\" style=\"border-color:var(--awb-color4);\"><\/div><\/div><\/div><div class=\"fusion-text fusion-text-2\" style=\"--awb-margin-top:10px;\"><p>Cookies are small text files installed on the devices which access our website. Among other purposes, cookies register a user\u2019s browsing preferences and habits. Despite being associated with that user and their computer, they don\u2019t provide directly identifying data. There are cookies such as those which allow the generation of statistics or advertising, which require the consent of the user of our site. Whereas others, such as those of a technical nature or those necessary in order to offer a service requested by the user themselves, are essential for the site functioning. Cookies can be classified according to their validity, who manages them, and their purpose.<\/p>\n<p><strong>ACCORDING TO VALIDITY<\/strong><br \/>\n<em>Session:<\/em>\u00a0they\u2019re temporary and remain in the cookies folder of the browser used to access the website, until the time when you leave the site.<\/p>\n<p><em>Persistent<\/em><em>:<\/em>\u00a0they remain saved and the website reads them every time you visit it.<\/p>\n<p><strong>ACCORDING TO WHO MANAGES THEM<\/strong><br \/>\n<em>Own:<\/em>\u00a0those which belong to the owner of the website from which services are provided to the user.<\/p>\n<p><em>Third party<\/em><em>:<\/em>\u00a0they are sent by the user to a third party, different to the owner of the site.<\/p>\n<p><strong>ACCORDING TO THEIR PURPOSE<\/strong><br \/>\n<em>Necessary:<\/em>\u00a0those that are essential in order to connect to the website. There\u2019s no option to disable them, since they\u2019re necessary for the functioning of the website.<\/p>\n<p><em>Technical<\/em><em>:\u00a0<\/em>those which allow traffic management and data communication, identify the session and access to restricted access pages, etc.<\/p>\n<p><em>Preference<\/em><em>:<\/em>\u00a0they allow your choices to be remembered (for example, your language or the region you access from), in order to provide advanced services.<\/p>\n<p><em>Analytical<\/em><em>:<\/em>\u00a0they provide statistical information and allow services to be improved.<\/p>\n<p><em>Advertising<\/em><em>:<\/em>\u00a0they offer advertising content related to the interests of the user, whether directly or by means of third parties (\u201cad servers\u201d).<\/p>\n<p><em>Geolocation:\u00a0<\/em>they provide the geographic location of the user.<\/p>\n<p>We list the cookies our website uses, thereby giving the option (final column) for each user to authorise their download.<\/p>\n<p>FINALIDAD: T\u00e9cnicas<br \/>\nPROVEEDOR: Propia<br \/>\nNOMBRE: PHPSESSID<br \/>\nGESTI\u00d3N: Propia<br \/>\nVIGENCIA: 1 a\u00f1o<br \/>\nFUNCI\u00d3N: Esta cookie es usada por el lenguaje de encriptado PHP para permitir que las variables de SESI\u00d3N sean guardadas en el servidor web.<\/p>\n<p>FINALIDAD: T\u00e9cnicas<br \/>\nPROVEEDOR: Propia<br \/>\nNOMBRE: wp-settings-time-1, wp-settings-1<br \/>\nGESTI\u00d3N: Propia<br \/>\nVIGENCIA: 1 a\u00f1o<br \/>\nFUNCI\u00d3N: Estas cookies son utilizadas por WordPress para personalizar la Interfaz de Usuario.<\/p>\n<p>FINALIDAD: T\u00e9cnicas<br \/>\nPROVEEDOR: Propia<br \/>\nNOMBRE: wordpress_logged_in_<br \/>\nGESTI\u00d3N: Propia<br \/>\nVIGENCIA: 1 a\u00f1o<br \/>\nFUNCI\u00d3N: Despu\u00e9s del loggin, WordPress activa la cookie wordpress_logged_in_, cuya funci\u00f3n es indicar cuando se ha conectado y qui\u00e9n es, siendo utilizado por la interfaz de WordPress.<\/p>\n<p>FINALIDAD: T\u00e9cnicas<br \/>\nPROVEEDOR: Propia<br \/>\nNOMBRE: wp-wpml_current_language<br \/>\nGESTI\u00d3N: Propia<br \/>\nVIGENCIA: 1 a\u00f1o<br \/>\nFUNCI\u00d3N: Permite recordar el idioma del usuario<\/p>\n<p>FINALIDAD: T\u00e9cnicas<br \/>\nPROVEEDOR: Propia<br \/>\nNOMBRE: concentiment_cookies<br \/>\nGESTI\u00d3N: Propia<br \/>\nVIGENCIA: 1 a\u00f1o<br \/>\nFUNCI\u00d3N: Guarda el valor de la aceptaci\u00f3n del cartel de cookies<\/p>\n<p>FINALIDAD: T\u00e9cnicas<br \/>\nPROVEEDOR: Propia<br \/>\nNOMBRE: dateExpireCookie<br \/>\nGESTI\u00d3N: Propia<br \/>\nVIGENCIA: 1 a\u00f1o<br \/>\nFUNCI\u00d3N: Guarda la fecha de expiraci\u00f3n de la cookie del cartel de cookies<\/p>\n<p>FINALIDAD: Anal\u00edticas<br \/>\nPROVEEDOR: GOOGLE<br \/>\nNOMBRE: _ga<br \/>\nGESTI\u00d3N: Terceros<br \/>\nVIGENCIA: 2 a\u00f1os<br \/>\nFUNCI\u00d3N: Ofrecer estad\u00edsticas de uso de los sitios web. Tambi\u00e9n se pueden utilizar junto con algunas de las cookies publicitarias descritas anteriormente para mostrar anuncios m\u00e1s relevantes en las propiedades de Google<\/p>\n<p>FINALIDAD: Anal\u00edticas<br \/>\nPROVEEDOR: GOOGLE<br \/>\nNOMBRE: _gid<br \/>\nGESTI\u00d3N: Terceros<br \/>\nVIGENCIA: 23 horas<br \/>\nFUNCI\u00d3N: Registra una identificaci\u00f3n \u00fanica que se utiliza para generar datos estad\u00edsticos sobre c\u00f3mo el visitante utiliza el sitio web.<\/p>\n<p>FINALIDAD: Anal\u00edticas<br \/>\nPROVEEDOR: GOOGLE<br \/>\nNOMBRE: _gat<br \/>\nGESTI\u00d3N: Terceros<br \/>\nVIGENCIA: 1 minuto<br \/>\nFUNCI\u00d3N: Se usa para limitar el porcentaje de solicitudes. Si se ha implementado Google Analytics mediante Google Tag Manager, esta cookie se llamar\u00e1 _dc_gtm_.<\/p>\n<p>You can edit the cookies settings by clicking\u00a0<span id=\"ajustes_cookies\">here<\/span>.<\/p>\n<p>You can withdraw your consent on the use of cookies, deleting them through the options offered by your browser. You can also configure your browser so it informs you in advance of the possible installation of cookies. You\u2019ll find information on how to do this at the following links.<\/p>\n<ul class=\"wp-block-list\">\n<li>For Firefox (<a href=\"https:\/\/support.mozilla.org\/en-US\/kb\/cookies-information-websites-store-on-your-computer\">link<\/a>)<\/li>\n<li>For Chrome (<a href=\"https:\/\/support.google.com\/chrome\/answer\/95647?co=GENIE.Platform%3DDesktop&amp;hl=en-GB\">link<\/a>)<\/li>\n<li>For Explorer (<a href=\"https:\/\/support.microsoft.com\/en-gb\/help\/278835\/how-to-delete-cookie-files-in-internet-explorer\">link<\/a>)<\/li>\n<li>For Edge (<a href=\"https:\/\/support.microsoft.com\/en-us\/help\/4468242\/microsoft-edge-browsing-data-and-privacy#.\">link<\/a>)<\/li>\n<li>For Safari for iOS (<a href=\"https:\/\/support.apple.com\/en-gb\/HT201265\">link<\/a>)<\/li>\n<li>For Opera (<a href=\"https:\/\/help.opera.com\/en\/latest\/web-preferences\/#cookies\">link<\/a>)<\/li>\n<\/ul>\n<\/div><\/div><\/div><\/div><\/div><\/p>\n","protected":false},"excerpt":{"rendered":"","protected":false},"author":2,"featured_media":0,"parent":0,"menu_order":0,"comment_status":"closed","ping_status":"open","template":"","meta":{"footnotes":""},"class_list":["post-27761","page","type-page","status-publish","hentry"],"yoast_head":"<!-- This site is optimized with the Yoast SEO plugin v27.2 - https:\/\/yoast.com\/product\/yoast-seo-wordpress\/ -->\n<title>Cookies policy - Costa Brava Foods<\/title>\n<meta name=\"robots\" content=\"index, follow, max-snippet:-1, max-image-preview:large, max-video-preview:-1\" \/>\n<link rel=\"canonical\" href=\"https:\/\/www.costabravafoods.com\/en\/cookies-policy\/\" \/>\n<meta property=\"og:locale\" content=\"en_US\" \/>\n<meta property=\"og:type\" content=\"article\" \/>\n<meta property=\"og:title\" content=\"Cookies policy - Costa Brava Foods\" \/>\n<meta property=\"og:url\" content=\"https:\/\/www.costabravafoods.com\/en\/cookies-policy\/\" \/>\n<meta property=\"og:site_name\" content=\"Costa Brava Foods\" \/>\n<meta property=\"article:modified_time\" content=\"2025-09-27T15:24:18+00:00\" \/>\n<meta name=\"twitter:card\" content=\"summary_large_image\" \/>\n<meta name=\"twitter:label1\" content=\"Est. reading time\" \/>\n\t<meta name=\"twitter:data1\" content=\"7 minutes\" \/>\n<script type=\"application\/ld+json\" class=\"yoast-schema-graph\">{\"@context\":\"https:\/\/schema.org\",\"@graph\":[{\"@type\":\"WebPage\",\"@id\":\"https:\/\/www.costabravafoods.com\/en\/cookies-policy\/\",\"url\":\"https:\/\/www.costabravafoods.com\/en\/cookies-policy\/\",\"name\":\"Cookies policy - Costa Brava Foods\",\"isPartOf\":{\"@id\":\"https:\/\/www.costabravafoods.com\/#website\"},\"datePublished\":\"2025-05-23T12:55:04+00:00\",\"dateModified\":\"2025-09-27T15:24:18+00:00\",\"breadcrumb\":{\"@id\":\"https:\/\/www.costabravafoods.com\/en\/cookies-policy\/#breadcrumb\"},\"inLanguage\":\"en-US\",\"potentialAction\":[{\"@type\":\"ReadAction\",\"target\":[\"https:\/\/www.costabravafoods.com\/en\/cookies-policy\/\"]}]},{\"@type\":\"BreadcrumbList\",\"@id\":\"https:\/\/www.costabravafoods.com\/en\/cookies-policy\/#breadcrumb\",\"itemListElement\":[{\"@type\":\"ListItem\",\"position\":1,\"name\":\"Portada\",\"item\":\"https:\/\/www.costabravafoods.com\/en\/\"},{\"@type\":\"ListItem\",\"position\":2,\"name\":\"Cookies policy\"}]},{\"@type\":\"WebSite\",\"@id\":\"https:\/\/www.costabravafoods.com\/#website\",\"url\":\"https:\/\/www.costabravafoods.com\/\",\"name\":\"Costa Brava Foods\",\"description\":\"\",\"potentialAction\":[{\"@type\":\"SearchAction\",\"target\":{\"@type\":\"EntryPoint\",\"urlTemplate\":\"https:\/\/www.costabravafoods.com\/?s={search_term_string}\"},\"query-input\":{\"@type\":\"PropertyValueSpecification\",\"valueRequired\":true,\"valueName\":\"search_term_string\"}}],\"inLanguage\":\"en-US\"}]}<\/script>\n<!-- \/ Yoast SEO plugin. -->","yoast_head_json":{"title":"Cookies policy - Costa Brava Foods","robots":{"index":"index","follow":"follow","max-snippet":"max-snippet:-1","max-image-preview":"max-image-preview:large","max-video-preview":"max-video-preview:-1"},"canonical":"https:\/\/www.costabravafoods.com\/en\/cookies-policy\/","og_locale":"en_US","og_type":"article","og_title":"Cookies policy - Costa Brava Foods","og_url":"https:\/\/www.costabravafoods.com\/en\/cookies-policy\/","og_site_name":"Costa Brava Foods","article_modified_time":"2025-09-27T15:24:18+00:00","twitter_card":"summary_large_image","twitter_misc":{"Est. reading time":"7 minutes"},"schema":{"@context":"https:\/\/schema.org","@graph":[{"@type":"WebPage","@id":"https:\/\/www.costabravafoods.com\/en\/cookies-policy\/","url":"https:\/\/www.costabravafoods.com\/en\/cookies-policy\/","name":"Cookies policy - Costa Brava Foods","isPartOf":{"@id":"https:\/\/www.costabravafoods.com\/#website"},"datePublished":"2025-05-23T12:55:04+00:00","dateModified":"2025-09-27T15:24:18+00:00","breadcrumb":{"@id":"https:\/\/www.costabravafoods.com\/en\/cookies-policy\/#breadcrumb"},"inLanguage":"en-US","potentialAction":[{"@type":"ReadAction","target":["https:\/\/www.costabravafoods.com\/en\/cookies-policy\/"]}]},{"@type":"BreadcrumbList","@id":"https:\/\/www.costabravafoods.com\/en\/cookies-policy\/#breadcrumb","itemListElement":[{"@type":"ListItem","position":1,"name":"Portada","item":"https:\/\/www.costabravafoods.com\/en\/"},{"@type":"ListItem","position":2,"name":"Cookies policy"}]},{"@type":"WebSite","@id":"https:\/\/www.costabravafoods.com\/#website","url":"https:\/\/www.costabravafoods.com\/","name":"Costa Brava Foods","description":"","potentialAction":[{"@type":"SearchAction","target":{"@type":"EntryPoint","urlTemplate":"https:\/\/www.costabravafoods.com\/?s={search_term_string}"},"query-input":{"@type":"PropertyValueSpecification","valueRequired":true,"valueName":"search_term_string"}}],"inLanguage":"en-US"}]}},"_links":{"self":[{"href":"https:\/\/www.costabravafoods.com\/en\/wp-json\/wp\/v2\/pages\/27761","targetHints":{"allow":["GET"]}}],"collection":[{"href":"https:\/\/www.costabravafoods.com\/en\/wp-json\/wp\/v2\/pages"}],"about":[{"href":"https:\/\/www.costabravafoods.com\/en\/wp-json\/wp\/v2\/types\/page"}],"author":[{"embeddable":true,"href":"https:\/\/www.costabravafoods.com\/en\/wp-json\/wp\/v2\/users\/2"}],"replies":[{"embeddable":true,"href":"https:\/\/www.costabravafoods.com\/en\/wp-json\/wp\/v2\/comments?post=27761"}],"version-history":[{"count":4,"href":"https:\/\/www.costabravafoods.com\/en\/wp-json\/wp\/v2\/pages\/27761\/revisions"}],"predecessor-version":[{"id":29847,"href":"https:\/\/www.costabravafoods.com\/en\/wp-json\/wp\/v2\/pages\/27761\/revisions\/29847"}],"wp:attachment":[{"href":"https:\/\/www.costabravafoods.com\/en\/wp-json\/wp\/v2\/media?parent=27761"}],"curies":[{"name":"wp","href":"https:\/\/api.w.org\/{rel}","templated":true}]}}