

{"id":19826,"date":"2025-05-23T14:59:09","date_gmt":"2025-05-23T12:59:09","guid":{"rendered":"https:\/\/www.costabravafoods.com\/mentions-legales\/"},"modified":"2025-08-20T17:32:09","modified_gmt":"2025-08-20T15:32:09","slug":"mentions-legales","status":"publish","type":"page","link":"https:\/\/www.costabravafoods.com\/fr\/mentions-legales\/","title":{"rendered":"Mentions l\u00e9gales"},"content":{"rendered":"<p><div class=\"fusion-fullwidth fullwidth-box fusion-builder-row-1 fusion-flex-container has-pattern-background has-mask-background nonhundred-percent-fullwidth non-hundred-percent-height-scrolling\" style=\"--awb-border-radius-top-left:0px;--awb-border-radius-top-right:0px;--awb-border-radius-bottom-right:0px;--awb-border-radius-bottom-left:0px;--awb-flex-wrap:wrap;\" ><div class=\"fusion-builder-row fusion-row fusion-flex-align-items-flex-start fusion-flex-content-wrap\" style=\"max-width:1248px;margin-left: calc(-4% \/ 2 );margin-right: calc(-4% \/ 2 );\"><div class=\"fusion-layout-column fusion_builder_column fusion-builder-column-0 fusion_builder_column_1_1 1_1 fusion-flex-column\" style=\"--awb-bg-size:cover;--awb-width-large:100%;--awb-margin-top-large:0px;--awb-spacing-right-large:1.92%;--awb-margin-bottom-large:20px;--awb-spacing-left-large:1.92%;--awb-width-medium:100%;--awb-order-medium:0;--awb-spacing-right-medium:1.92%;--awb-spacing-left-medium:1.92%;--awb-width-small:100%;--awb-order-small:0;--awb-spacing-right-small:1.92%;--awb-spacing-left-small:1.92%;\"><div class=\"fusion-column-wrapper fusion-column-has-shadow fusion-flex-justify-content-flex-start fusion-content-layout-column\"><div class=\"fusion-title title fusion-title-1 fusion-title-center fusion-title-text fusion-title-size-one\" style=\"--awb-text-color:#051d30;--awb-margin-top-small:10px;--awb-margin-right-small:0px;--awb-margin-bottom-small:10px;--awb-margin-left-small:0px;--awb-sep-color:var(--awb-color4);--awb-font-size:28px;\"><div class=\"title-sep-container title-sep-container-left\"><div class=\"title-sep sep-single sep-solid\" style=\"border-color:var(--awb-color4);\"><\/div><\/div><span class=\"awb-title-spacer\"><\/span><h1 class=\"fusion-title-heading title-heading-center\" style=\"font-family:&quot;Noto Sans Bold&quot;;font-style:normal;font-weight:400;margin:0;letter-spacing:0.5px;font-size:1em;\"><strong>MENTIONS L\u00c9GALES<\/strong><\/h1><span class=\"awb-title-spacer\"><\/span><div class=\"title-sep-container title-sep-container-right\"><div class=\"title-sep sep-single sep-solid\" style=\"border-color:var(--awb-color4);\"><\/div><\/div><\/div><\/div><\/div><\/div><\/div><div class=\"fusion-fullwidth fullwidth-box fusion-builder-row-2 fusion-flex-container nonhundred-percent-fullwidth non-hundred-percent-height-scrolling\" style=\"--awb-border-radius-top-left:0px;--awb-border-radius-top-right:0px;--awb-border-radius-bottom-right:0px;--awb-border-radius-bottom-left:0px;--awb-flex-wrap:wrap;\" ><div class=\"fusion-builder-row fusion-row fusion-flex-align-items-flex-start fusion-flex-content-wrap\" style=\"max-width:1248px;margin-left: calc(-4% \/ 2 );margin-right: calc(-4% \/ 2 );\"><div class=\"fusion-layout-column fusion_builder_column fusion-builder-column-1 fusion_builder_column_1_1 1_1 fusion-flex-column\" style=\"--awb-bg-size:cover;--awb-width-large:100%;--awb-margin-top-large:0px;--awb-spacing-right-large:1.92%;--awb-margin-bottom-large:0px;--awb-spacing-left-large:1.92%;--awb-width-medium:100%;--awb-spacing-right-medium:1.92%;--awb-spacing-left-medium:1.92%;--awb-width-small:100%;--awb-spacing-right-small:1.92%;--awb-spacing-left-small:1.92%;\"><div class=\"fusion-column-wrapper fusion-flex-justify-content-flex-start fusion-content-layout-column\"><div class=\"fusion-text fusion-text-1\"><p><strong>Information de conformit\u00e9 avec l\u2019article 10 de la LSSI (Loi des services de la soci\u00e9t\u00e9 d\u2019information)<\/strong><\/p>\n<p><strong>Le titulaire de cette page est :<\/strong><\/p>\n<p>Identit\u00e9 : COSTA BRAVA MEDITERRANEAN FOODS, S.L.U.<br \/>Num\u00e9ro d\u2019identit\u00e9 : B55349880<br \/>Adresse : C\/L\u2019Avellana, 11. 17178 \u2013 Les Preses(Girona, Espagne)<br \/>Tel. : +34 872 22 02 77<br \/>E-mail : info@costabravafoods.com<br \/>Inscrite au Registre du commerce de G\u00e9rone, t. 3250, f. 81, feuille GI-66206.<\/p>\n<p><strong>Conditions d\u2019utilisation<\/strong><\/p>\n<p>L\u2019utilisation de ce site internet implique l\u2019acceptation totale des conditions g\u00e9n\u00e9rales des pr\u00e9sentes mentions l\u00e9gales. Les \u00e9ventuels conflits au sujet de ce site internet seront exclusivement r\u00e9glement\u00e9s par la loi de l\u2019\u00c9tat espagnol. Tout utilisateur du site internet, ind\u00e9pendamment de la juridiction territoriale du lieu o\u00f9 il se trouve, accepte de respecter ces clauses et renonce express\u00e9ment \u00e0 tout autre droit qui pourrait lui correspondre.<\/p>\n<p><strong>Propri\u00e9t\u00e9 intellectuelle et industrielle<\/strong><\/p>\n<p>L\u2019ensemble du contenu de ce site internet, les textes, les images, les sons, les marques, les logos ou tout autre \u00e9l\u00e9ment, ainsi que sa structure, son style, l\u2019association de couleurs et la fa\u00e7on de pr\u00e9senter les supports, sont prot\u00e9g\u00e9s par des droits de propri\u00e9t\u00e9 industrielle et intellectuelle que l\u2019utilisateur du site internet doit respecter. Toute transformation, alt\u00e9ration, communication publique ou toute autre forme d\u2019exploitation par tout type de proc\u00e9d\u00e9 sans l\u2019autorisation manifeste de COSTA BRAVA MEDITERRANEAN FOODS, S.L.U. est illicite.<\/p>\n<p><strong>Responsabilit\u00e9 des contenus<\/strong><\/p>\n<p>Bien que COSTA BRAVA MEDITERRANEAN FOODS, S.L.U. agisse dans la plus grande diligence, il se peut que certaines donn\u00e9es ou renseignements ne soient pas totalement \u00e0 jour au moment o\u00f9 l\u2019utilisateur consulte le site internet. Voil\u00e0 pourquoi, les informations pr\u00e9sent\u00e9es sur ce site ont une fonction d\u2019orientation et n\u2019obligent en aucun cas COSTA BRAVA MEDITERRANEAN FOODS, S.L.U.<\/p>\n<p>COSTA BRAVA MEDITERRANEAN FOODS, S.L.U. n\u2019est pas responsable des informations qui pourraient \u00eatre obtenues par le moyen des liens inclus sur son site.<\/p>\n<p>COSTA BRAVA MEDITERRANEAN FOODS, S.L.U. se r\u00e9serve la facult\u00e9 d\u2019effectuer, \u00e0 tout moment et sans pr\u00e9avis, des modifications ou des mises \u00e0 jour de l\u2019information et de tout \u00e9l\u00e9ment int\u00e9gr\u00e9 dans le style et la configuration du site internet.<\/p>\n<p><strong>Loi en vigueur et juridiction<\/strong><\/p>\n<div class=\"blocs pagedefault\">\n<div class=\"center\">\n<p>L\u2019utilisation de ce site internet implique l\u2019acceptation totale des conditions g\u00e9n\u00e9rales des pr\u00e9sentes mentions l\u00e9gales. Les \u00e9ventuels conflits au sujet de ce site seront exclusivement r\u00e8glement\u00e9s par la l\u00e9gislation espagnole. Les tribunaux comp\u00e9tents pour traiter toutes les questions \u00e0 son sujet seront les tribunaux espagnols. L\u2019utilisateur, en vertu de son acceptation renonce express\u00e9ment \u00e0 toute autre juridiction.<\/p>\n<\/div>\n<\/div>\n<\/div><\/div><\/div><\/div><\/div><\/p>\n","protected":false},"excerpt":{"rendered":"","protected":false},"author":2,"featured_media":0,"parent":0,"menu_order":0,"comment_status":"closed","ping_status":"open","template":"100-width.php","meta":{"footnotes":""},"class_list":["post-19826","page","type-page","status-publish","hentry"],"yoast_head":"<!-- This site is optimized with the Yoast SEO plugin v27.2 - https:\/\/yoast.com\/product\/yoast-seo-wordpress\/ -->\n<title>Mentions l\u00e9gales - Costa Brava Foods<\/title>\n<meta name=\"robots\" content=\"index, follow, max-snippet:-1, max-image-preview:large, max-video-preview:-1\" \/>\n<link rel=\"canonical\" href=\"https:\/\/www.costabravafoods.com\/aviso-legal\/\" \/>\n<meta property=\"og:locale\" content=\"fr_FR\" \/>\n<meta property=\"og:type\" content=\"article\" \/>\n<meta property=\"og:title\" content=\"Mentions l\u00e9gales - Costa Brava Foods\" \/>\n<meta property=\"og:url\" content=\"https:\/\/www.costabravafoods.com\/aviso-legal\/\" \/>\n<meta property=\"og:site_name\" content=\"Costa Brava Foods\" \/>\n<meta property=\"article:modified_time\" content=\"2025-08-20T15:32:09+00:00\" \/>\n<meta name=\"twitter:card\" content=\"summary_large_image\" \/>\n<meta name=\"twitter:label1\" content=\"Dur\u00e9e de lecture estim\u00e9e\" \/>\n\t<meta name=\"twitter:data1\" content=\"10 minutes\" \/>\n<script type=\"application\/ld+json\" class=\"yoast-schema-graph\">{\"@context\":\"https:\/\/schema.org\",\"@graph\":[{\"@type\":\"WebPage\",\"@id\":\"https:\/\/www.costabravafoods.com\/aviso-legal\/\",\"url\":\"https:\/\/www.costabravafoods.com\/aviso-legal\/\",\"name\":\"Mentions l\u00e9gales - Costa Brava Foods\",\"isPartOf\":{\"@id\":\"https:\/\/www.costabravafoods.com\/#website\"},\"datePublished\":\"2025-05-23T12:59:09+00:00\",\"dateModified\":\"2025-08-20T15:32:09+00:00\",\"breadcrumb\":{\"@id\":\"https:\/\/www.costabravafoods.com\/aviso-legal\/#breadcrumb\"},\"inLanguage\":\"fr-FR\",\"potentialAction\":[{\"@type\":\"ReadAction\",\"target\":[\"https:\/\/www.costabravafoods.com\/aviso-legal\/\"]}]},{\"@type\":\"BreadcrumbList\",\"@id\":\"https:\/\/www.costabravafoods.com\/aviso-legal\/#breadcrumb\",\"itemListElement\":[{\"@type\":\"ListItem\",\"position\":1,\"name\":\"Portada\",\"item\":\"https:\/\/www.costabravafoods.com\/fr\/\"},{\"@type\":\"ListItem\",\"position\":2,\"name\":\"Mentions l\u00e9gales\"}]},{\"@type\":\"WebSite\",\"@id\":\"https:\/\/www.costabravafoods.com\/#website\",\"url\":\"https:\/\/www.costabravafoods.com\/\",\"name\":\"Costa Brava Foods\",\"description\":\"\",\"potentialAction\":[{\"@type\":\"SearchAction\",\"target\":{\"@type\":\"EntryPoint\",\"urlTemplate\":\"https:\/\/www.costabravafoods.com\/?s={search_term_string}\"},\"query-input\":{\"@type\":\"PropertyValueSpecification\",\"valueRequired\":true,\"valueName\":\"search_term_string\"}}],\"inLanguage\":\"fr-FR\"}]}<\/script>\n<!-- \/ Yoast SEO plugin. -->","yoast_head_json":{"title":"Mentions l\u00e9gales - Costa Brava Foods","robots":{"index":"index","follow":"follow","max-snippet":"max-snippet:-1","max-image-preview":"max-image-preview:large","max-video-preview":"max-video-preview:-1"},"canonical":"https:\/\/www.costabravafoods.com\/aviso-legal\/","og_locale":"fr_FR","og_type":"article","og_title":"Mentions l\u00e9gales - Costa Brava Foods","og_url":"https:\/\/www.costabravafoods.com\/aviso-legal\/","og_site_name":"Costa Brava Foods","article_modified_time":"2025-08-20T15:32:09+00:00","twitter_card":"summary_large_image","twitter_misc":{"Dur\u00e9e de lecture estim\u00e9e":"10 minutes"},"schema":{"@context":"https:\/\/schema.org","@graph":[{"@type":"WebPage","@id":"https:\/\/www.costabravafoods.com\/aviso-legal\/","url":"https:\/\/www.costabravafoods.com\/aviso-legal\/","name":"Mentions l\u00e9gales - Costa Brava Foods","isPartOf":{"@id":"https:\/\/www.costabravafoods.com\/#website"},"datePublished":"2025-05-23T12:59:09+00:00","dateModified":"2025-08-20T15:32:09+00:00","breadcrumb":{"@id":"https:\/\/www.costabravafoods.com\/aviso-legal\/#breadcrumb"},"inLanguage":"fr-FR","potentialAction":[{"@type":"ReadAction","target":["https:\/\/www.costabravafoods.com\/aviso-legal\/"]}]},{"@type":"BreadcrumbList","@id":"https:\/\/www.costabravafoods.com\/aviso-legal\/#breadcrumb","itemListElement":[{"@type":"ListItem","position":1,"name":"Portada","item":"https:\/\/www.costabravafoods.com\/fr\/"},{"@type":"ListItem","position":2,"name":"Mentions l\u00e9gales"}]},{"@type":"WebSite","@id":"https:\/\/www.costabravafoods.com\/#website","url":"https:\/\/www.costabravafoods.com\/","name":"Costa Brava Foods","description":"","potentialAction":[{"@type":"SearchAction","target":{"@type":"EntryPoint","urlTemplate":"https:\/\/www.costabravafoods.com\/?s={search_term_string}"},"query-input":{"@type":"PropertyValueSpecification","valueRequired":true,"valueName":"search_term_string"}}],"inLanguage":"fr-FR"}]}},"_links":{"self":[{"href":"https:\/\/www.costabravafoods.com\/fr\/wp-json\/wp\/v2\/pages\/19826","targetHints":{"allow":["GET"]}}],"collection":[{"href":"https:\/\/www.costabravafoods.com\/fr\/wp-json\/wp\/v2\/pages"}],"about":[{"href":"https:\/\/www.costabravafoods.com\/fr\/wp-json\/wp\/v2\/types\/page"}],"author":[{"embeddable":true,"href":"https:\/\/www.costabravafoods.com\/fr\/wp-json\/wp\/v2\/users\/2"}],"replies":[{"embeddable":true,"href":"https:\/\/www.costabravafoods.com\/fr\/wp-json\/wp\/v2\/comments?post=19826"}],"version-history":[{"count":2,"href":"https:\/\/www.costabravafoods.com\/fr\/wp-json\/wp\/v2\/pages\/19826\/revisions"}],"predecessor-version":[{"id":19828,"href":"https:\/\/www.costabravafoods.com\/fr\/wp-json\/wp\/v2\/pages\/19826\/revisions\/19828"}],"wp:attachment":[{"href":"https:\/\/www.costabravafoods.com\/fr\/wp-json\/wp\/v2\/media?parent=19826"}],"curies":[{"name":"wp","href":"https:\/\/api.w.org\/{rel}","templated":true}]}}