

{"id":27763,"date":"2025-05-23T14:55:04","date_gmt":"2025-05-23T12:55:04","guid":{"rendered":"https:\/\/www.costabravafoods.com\/politique-dutilisation-des-cookies\/"},"modified":"2025-09-27T17:24:32","modified_gmt":"2025-09-27T15:24:32","slug":"politique-dutilisation-des-cookies","status":"publish","type":"page","link":"https:\/\/www.costabravafoods.com\/fr\/politique-dutilisation-des-cookies\/","title":{"rendered":"Politique d\u2019utilisation des cookies"},"content":{"rendered":"<p><div class=\"fusion-fullwidth fullwidth-box fusion-builder-row-1 fusion-flex-container has-pattern-background has-mask-background nonhundred-percent-fullwidth non-hundred-percent-height-scrolling fusion-no-small-visibility\" style=\"--link_color: var(--awb-color4);--awb-border-radius-top-left:0px;--awb-border-radius-top-right:0px;--awb-border-radius-bottom-right:0px;--awb-border-radius-bottom-left:0px;--awb-flex-wrap:wrap;\" ><div class=\"fusion-builder-row fusion-row fusion-flex-align-items-flex-start fusion-flex-content-wrap\" style=\"max-width:1248px;margin-left: calc(-4% \/ 2 );margin-right: calc(-4% \/ 2 );\"><div class=\"fusion-layout-column fusion_builder_column fusion-builder-column-0 fusion_builder_column_1_1 1_1 fusion-flex-column\" style=\"--awb-bg-size:cover;--awb-width-large:100%;--awb-margin-top-large:0px;--awb-spacing-right-large:1.92%;--awb-margin-bottom-large:20px;--awb-spacing-left-large:1.92%;--awb-width-medium:100%;--awb-order-medium:0;--awb-spacing-right-medium:1.92%;--awb-spacing-left-medium:1.92%;--awb-width-small:100%;--awb-order-small:0;--awb-spacing-right-small:1.92%;--awb-spacing-left-small:1.92%;\"><div class=\"fusion-column-wrapper fusion-column-has-shadow fusion-flex-justify-content-flex-start fusion-content-layout-column\"><div class=\"fusion-title title fusion-title-1 fusion-title-center fusion-title-text fusion-title-size-one\" style=\"--awb-text-color:#051d30;--awb-margin-top-small:10px;--awb-margin-right-small:0px;--awb-margin-bottom-small:10px;--awb-margin-left-small:0px;--awb-sep-color:var(--awb-color4);--awb-font-size:28px;\"><div class=\"title-sep-container title-sep-container-left\"><div class=\"title-sep sep-single sep-solid\" style=\"border-color:var(--awb-color4);\"><\/div><\/div><span class=\"awb-title-spacer\"><\/span><h1 class=\"fusion-title-heading title-heading-center\" style=\"font-family:&quot;Noto Sans Bold&quot;;font-style:normal;font-weight:400;margin:0;letter-spacing:0.5px;font-size:1em;\"><p>&nbsp;<\/p>\n<div style=\"margin: 0 20px;\">Politique d\u2019utilisation des cookies<\/div>\n<p>&nbsp;<\/p><\/h1><span class=\"awb-title-spacer\"><\/span><div class=\"title-sep-container title-sep-container-right\"><div class=\"title-sep sep-single sep-solid\" style=\"border-color:var(--awb-color4);\"><\/div><\/div><\/div><div class=\"fusion-text fusion-text-1\" style=\"--awb-margin-top:10px;\"><p>Les cookies sont de petits fichiers de texte qui s\u2019installent sur les ordinateurs \u00e0 partir desquels on acc\u00e8de \u00e0 notre site internet. Leur raison d\u2019\u00eatre, entre autres, est d\u2019enregistrer les pr\u00e9f\u00e9rences et les habitudes de navigation des utilisateurs. M\u00eame s\u2019ils sont associ\u00e9s \u00e0 l\u2019utilisateur et \u00e0 son ordinateur, ils ne fournissent pas de donn\u00e9es directement personnelles. Il existe des cookies qui, par exemple, permettent d\u2019\u00e9laborer des statistiques ou publicitaires, qui demandent l\u2019accord de l\u2019utilisateur de notre site. En revanche, certains autres, comme les cookies techniques sont n\u00e9cessaires afin de fournir le service que l\u2019utilisateur demande, ils sont indispensables au bon fonctionnement du site. Les cookies peuvent \u00eatre class\u00e9s en fonction de leur vigueur, de la personne qui les g\u00e8re ou de leur objectif.<\/p>\n<p><strong>EN FONCTION DE LA VIGUEUR<\/strong><br \/>\n<em>De session :<\/em>\u00a0ils sont temporaires et restent dans le fichier de cookies du navigateur que vous utilisez pour acc\u00e9der \u00e0 notre site internet jusqu\u2019\u00e0 ce que vous quittiez le site.<\/p>\n<p><em>Persistants\u00a0<\/em><em>:<\/em>\u00a0ils restent stock\u00e9s et le site internet les lit \u00e0 chaque fois que vous y acc\u00e9dez.<\/p>\n<p><strong>EN FONCTION DE LA PERSONNE QUI LES G\u00c8RE<\/strong><br \/>\n<em>Internes :<\/em>\u00a0ceux qui appartiennent au titulaire du site internet \u00e0 partir duquel les services sont fournis \u00e0 l\u2019utilisateur.<\/p>\n<p><em>De tiers\u00a0<\/em><em>:<\/em>\u00a0ils sont envoy\u00e9s \u00e0 l\u2019utilisateur par un tiers autre que le titulaire du site.<\/p>\n<p><strong>EN FONCTION DE LEUR OBJECTIF<\/strong><br \/>\n<em>N\u00e9cessaires :<\/em>ceux qui sont indispensables pour vous permettre la connexion. Ils ne peuvent pas \u00eatre d\u00e9sactiv\u00e9s car ils sont n\u00e9cessaires au bon fonctionnement du site internet.<\/p>\n<p><em>Techniques\u00a0<\/em><em>:\u00a0<\/em>ils permettent de contr\u00f4ler le trafic et la communication de donn\u00e9es, d\u2019identifier la session et d\u2019acc\u00e9der aux pages \u00e0 acc\u00e8s limit\u00e9, entre autres.<\/p>\n<p><em>De pr\u00e9f\u00e9rence\u00a0<\/em><em>:<\/em>\u00a0ils permettent de se souvenir de vos options (par exemple, votre langue ou la zone g\u00e9ographique de laquelle vous acc\u00e9dez), afin de vous fournir des services avanc\u00e9s.<\/p>\n<p><em>Analytiques\u00a0<\/em><em>:<\/em>\u00a0ils fournissent des renseignements statistiques et permettent d\u2019am\u00e9liorer les services.<\/p>\n<p><em>De publicit\u00e9\u00a0<\/em><em>:<\/em>\u00a0afin d\u2019offrir des contenus publicitaires en lien avec les int\u00e9r\u00eats des utilisateurs, que ce soit directement ou par le biais de tiers (\u00ab\u00a0adservers\u00a0\u00bb).<\/p>\n<p><em>De g\u00e9olocalisation :\u00a0<\/em>pour conna\u00eetre la localisation g\u00e9ographique de l\u2019utilisateur.<\/p>\n<p>Nous \u00e9num\u00e9rons les cookies que notre site internet utilise afin de permettre \u00e0 chaque utilisateur d\u2019autoriser ou non leur t\u00e9l\u00e9chargement (derni\u00e8re colonne).<\/p>\n<p>&nbsp;<\/p>\n<table class=\"llistat-cookies\">\n<tbody>\n<tr>\n<th>Finalidad<\/th>\n<th>Proveedor<\/th>\n<th>Nombre de la cookie<\/th>\n<th>Gesti\u00f3n<\/th>\n<th>Vigencia<\/th>\n<th>Funci\u00f3n<\/th>\n<\/tr>\n<tr>\n<td>T\u00e9cnicas<\/td>\n<td>Propia<\/td>\n<td>PHPSESSID<\/td>\n<td>Propia<\/td>\n<td>1 a\u00f1o<\/td>\n<td>PHPSESSID. Esta cookie es usada por el lenguaje de encriptado PHP para permitir que las variables de SESI\u00d3N sean guardadas en el servidor web.<\/td>\n<\/tr>\n<tr>\n<td>T\u00e9cnicas<\/td>\n<td>Propia<\/td>\n<td>wp-settings-time-1, wp-settings-1<\/td>\n<td>Propia<\/td>\n<td>1 a\u00f1o<\/td>\n<td>Estas cookies son utilizadas por WordPress para personalizar la Interfaz de Usuario.<\/td>\n<\/tr>\n<tr>\n<td>T\u00e9cnicas<\/td>\n<td>Propia<\/td>\n<td>wordpress_logged_in_<\/td>\n<td>Propia<\/td>\n<td>1 a\u00f1o<\/td>\n<td>Despu\u00e9s del loggin, WordPress activa la cookie wordpress_logged_in_, cuya funci\u00f3n es indicar cuando se ha conectado y qui\u00e9n es, siendo utilizado por la interfaz de WordPress.<\/td>\n<\/tr>\n<tr>\n<td>T\u00e9cnicas<\/td>\n<td>Propia<\/td>\n<td>wp-wpml_current_language<\/td>\n<td>Propia<\/td>\n<td>1 a\u00f1o<\/td>\n<td>Permite recordar el idioma del usuario<\/td>\n<\/tr>\n<tr>\n<td>T\u00e9cnicas<\/td>\n<td>Propia<\/td>\n<td>concentiment_cookies<\/td>\n<td>Propia<\/td>\n<td>1 a\u00f1o<\/td>\n<td>Guarda el valor de la aceptaci\u00f3n del cartel de cookies<\/td>\n<\/tr>\n<tr>\n<td>T\u00e9cnicas<\/td>\n<td>Propia<\/td>\n<td>dateExpireCookie<\/td>\n<td>Propia<\/td>\n<td>1 a\u00f1o<\/td>\n<td>Guarda la fecha de expiraci\u00f3n de la cookie del cartel de cookies<\/td>\n<\/tr>\n<tr>\n<td>Anal\u00edticas<\/td>\n<td>GOOGLE<\/td>\n<td>_ga<\/td>\n<td>Terceros<\/td>\n<td>2 a\u00f1os<\/td>\n<td>Ofrecer estad\u00edsticas de uso de los sitios web. Tambi\u00e9n se pueden utilizar junto con algunas de las cookies publicitarias descritas anteriormente para mostrar anuncios m\u00e1s relevantes en las propiedades de Google<\/td>\n<\/tr>\n<tr>\n<td>Anal\u00edticas<\/td>\n<td>GOOGLE<\/td>\n<td>_gid<\/td>\n<td>Terceros<\/td>\n<td>23 horas<\/td>\n<td>Registra una identificaci\u00f3n \u00fanica que se utiliza para generar datos estad\u00edsticos sobre c\u00f3mo el visitante utiliza el sitio web.<\/td>\n<\/tr>\n<tr>\n<td>Anal\u00edticas<\/td>\n<td>GOOGLE<\/td>\n<td>_gat<\/td>\n<td>Terceros<\/td>\n<td>1 minuto<\/td>\n<td>Se usa para limitar el porcentaje de solicitudes. Si se ha implementado Google Analytics mediante Google Tag Manager, esta cookie se llamar\u00e1 _dc_gtm_.<\/td>\n<\/tr>\n<\/tbody>\n<\/table>\n<p>&nbsp;<\/p>\n<p>Vous pouvez \u00e9diter la configuration des cookies en cliquant\u00a0<span id=\"ajustes_cookies\">ici<\/span>.<\/p>\n<p>Vous pouvez r\u00e9voquer votre consentement sur l\u2019utilisation des cookies en les \u00e9liminant gr\u00e2ce aux options qu\u2019offre votre navigateur. Vous pouvez aussi configurer votre navigateur pour qu\u2019il vous informe \u00e0 l\u2019avance de l\u2019\u00e9ventuelle installation de cookies. Les liens suivants vous expliqueront comment faire.<\/p>\n<ul>\n<li>Pour Firefox (<a href=\"https:\/\/support.mozilla.org\/fr\/kb\/cookies-informations-sites-enregistrent#w_parametres-des-cookies\">lien<\/a>)<\/li>\n<li>Pour Chrome (<a href=\"https:\/\/support.google.com\/chrome\/answer\/95647?co=GENIE.Platform%3DDesktop&amp;hl=fr\">lien<\/a>)<\/li>\n<li>Pour Explorer (<a href=\"https:\/\/support.microsoft.com\/fr-fr\/help\/17442\/windows-internet-explorer-delete-manage-cookies\">lien<\/a>)<\/li>\n<li>Pour Edge (<a href=\"https:\/\/support.microsoft.com\/fr-fr\/help\/4027947\/microsoft-edge-delete-cookies\">lien<\/a>)<\/li>\n<li>Pour Safari (<a href=\"https:\/\/support.apple.com\/fr-fr\/guide\/safari\/sfri11471\/mac\">lien<\/a>)<\/li>\n<li>Pour Opera (<a href=\"https:\/\/help.opera.com\/en\/latest\/web-preferences\/#cookies\">lien<\/a>)<\/li>\n<\/ul>\n<\/div><\/div><\/div><\/div><\/div><div class=\"fusion-fullwidth fullwidth-box fusion-builder-row-2 fusion-flex-container has-pattern-background has-mask-background nonhundred-percent-fullwidth non-hundred-percent-height-scrolling fusion-no-medium-visibility fusion-no-large-visibility\" style=\"--link_color: var(--awb-color4);--awb-border-radius-top-left:0px;--awb-border-radius-top-right:0px;--awb-border-radius-bottom-right:0px;--awb-border-radius-bottom-left:0px;--awb-flex-wrap:wrap;\" ><div class=\"fusion-builder-row fusion-row fusion-flex-align-items-flex-start fusion-flex-content-wrap\" style=\"max-width:1248px;margin-left: calc(-4% \/ 2 );margin-right: calc(-4% \/ 2 );\"><div class=\"fusion-layout-column fusion_builder_column fusion-builder-column-1 fusion_builder_column_1_1 1_1 fusion-flex-column\" style=\"--awb-bg-size:cover;--awb-width-large:100%;--awb-margin-top-large:0px;--awb-spacing-right-large:1.92%;--awb-margin-bottom-large:20px;--awb-spacing-left-large:1.92%;--awb-width-medium:100%;--awb-order-medium:0;--awb-spacing-right-medium:1.92%;--awb-spacing-left-medium:1.92%;--awb-width-small:100%;--awb-order-small:0;--awb-spacing-right-small:1.92%;--awb-spacing-left-small:1.92%;\"><div class=\"fusion-column-wrapper fusion-column-has-shadow fusion-flex-justify-content-flex-start fusion-content-layout-column\"><div class=\"fusion-title title fusion-title-2 fusion-title-center fusion-title-text fusion-title-size-one\" style=\"--awb-text-color:#051d30;--awb-margin-top-small:10px;--awb-margin-right-small:0px;--awb-margin-bottom-small:10px;--awb-margin-left-small:0px;--awb-sep-color:var(--awb-color4);--awb-font-size:28px;\"><div class=\"title-sep-container title-sep-container-left\"><div class=\"title-sep sep-single sep-solid\" style=\"border-color:var(--awb-color4);\"><\/div><\/div><span class=\"awb-title-spacer\"><\/span><h1 class=\"fusion-title-heading title-heading-center\" style=\"font-family:&quot;Noto Sans Bold&quot;;font-style:normal;font-weight:400;margin:0;letter-spacing:0.5px;font-size:1em;\"><p>&nbsp;<\/p>\n<div style=\"margin: 0 20px;\">Politique d\u2019utilisation des cookies<\/div>\n<p>&nbsp;<\/p><\/h1><span class=\"awb-title-spacer\"><\/span><div class=\"title-sep-container title-sep-container-right\"><div class=\"title-sep sep-single sep-solid\" style=\"border-color:var(--awb-color4);\"><\/div><\/div><\/div><div class=\"fusion-text fusion-text-2\" style=\"--awb-margin-top:10px;\"><p>Les cookies sont de petits fichiers de texte qui s\u2019installent sur les ordinateurs \u00e0 partir desquels on acc\u00e8de \u00e0 notre site internet. Leur raison d\u2019\u00eatre, entre autres, est d\u2019enregistrer les pr\u00e9f\u00e9rences et les habitudes de navigation des utilisateurs. M\u00eame s\u2019ils sont associ\u00e9s \u00e0 l\u2019utilisateur et \u00e0 son ordinateur, ils ne fournissent pas de donn\u00e9es directement personnelles. Il existe des cookies qui, par exemple, permettent d\u2019\u00e9laborer des statistiques ou publicitaires, qui demandent l\u2019accord de l\u2019utilisateur de notre site. En revanche, certains autres, comme les cookies techniques sont n\u00e9cessaires afin de fournir le service que l\u2019utilisateur demande, ils sont indispensables au bon fonctionnement du site. Les cookies peuvent \u00eatre class\u00e9s en fonction de leur vigueur, de la personne qui les g\u00e8re ou de leur objectif.<\/p>\n<p><strong>EN FONCTION DE LA VIGUEUR<\/strong><br \/>\n<em>De session :<\/em>\u00a0ils sont temporaires et restent dans le fichier de cookies du navigateur que vous utilisez pour acc\u00e9der \u00e0 notre site internet jusqu\u2019\u00e0 ce que vous quittiez le site.<\/p>\n<p><em>Persistants\u00a0<\/em><em>:<\/em>\u00a0ils restent stock\u00e9s et le site internet les lit \u00e0 chaque fois que vous y acc\u00e9dez.<\/p>\n<p><strong>EN FONCTION DE LA PERSONNE QUI LES G\u00c8RE<\/strong><br \/>\n<em>Internes :<\/em>\u00a0ceux qui appartiennent au titulaire du site internet \u00e0 partir duquel les services sont fournis \u00e0 l\u2019utilisateur.<\/p>\n<p><em>De tiers\u00a0<\/em><em>:<\/em>\u00a0ils sont envoy\u00e9s \u00e0 l\u2019utilisateur par un tiers autre que le titulaire du site.<\/p>\n<p><strong>EN FONCTION DE LEUR OBJECTIF<\/strong><br \/>\n<em>N\u00e9cessaires :<\/em>ceux qui sont indispensables pour vous permettre la connexion. Ils ne peuvent pas \u00eatre d\u00e9sactiv\u00e9s car ils sont n\u00e9cessaires au bon fonctionnement du site internet.<\/p>\n<p><em>Techniques\u00a0<\/em><em>:\u00a0<\/em>ils permettent de contr\u00f4ler le trafic et la communication de donn\u00e9es, d\u2019identifier la session et d\u2019acc\u00e9der aux pages \u00e0 acc\u00e8s limit\u00e9, entre autres.<\/p>\n<p><em>De pr\u00e9f\u00e9rence\u00a0<\/em><em>:<\/em>\u00a0ils permettent de se souvenir de vos options (par exemple, votre langue ou la zone g\u00e9ographique de laquelle vous acc\u00e9dez), afin de vous fournir des services avanc\u00e9s.<\/p>\n<p><em>Analytiques\u00a0<\/em><em>:<\/em>\u00a0ils fournissent des renseignements statistiques et permettent d\u2019am\u00e9liorer les services.<\/p>\n<p><em>De publicit\u00e9\u00a0<\/em><em>:<\/em>\u00a0afin d\u2019offrir des contenus publicitaires en lien avec les int\u00e9r\u00eats des utilisateurs, que ce soit directement ou par le biais de tiers (\u00ab\u00a0adservers\u00a0\u00bb).<\/p>\n<p><em>De g\u00e9olocalisation :\u00a0<\/em>pour conna\u00eetre la localisation g\u00e9ographique de l\u2019utilisateur.<\/p>\n<p>Nous \u00e9num\u00e9rons les cookies que notre site internet utilise afin de permettre \u00e0 chaque utilisateur d\u2019autoriser ou non leur t\u00e9l\u00e9chargement (derni\u00e8re colonne).<\/p>\n<p>FINALIDAD: T\u00e9cnicas<br \/>\nPROVEEDOR: Propia<br \/>\nNOMBRE: PHPSESSID<br \/>\nGESTI\u00d3N: Propia<br \/>\nVIGENCIA: 1 a\u00f1o<br \/>\nFUNCI\u00d3N: Esta cookie es usada por el lenguaje de encriptado PHP para permitir que las variables de SESI\u00d3N sean guardadas en el servidor web.<\/p>\n<p>FINALIDAD: T\u00e9cnicas<br \/>\nPROVEEDOR: Propia<br \/>\nNOMBRE: wp-settings-time-1, wp-settings-1<br \/>\nGESTI\u00d3N: Propia<br \/>\nVIGENCIA: 1 a\u00f1o<br \/>\nFUNCI\u00d3N: Estas cookies son utilizadas por WordPress para personalizar la Interfaz de Usuario.<\/p>\n<p>FINALIDAD: T\u00e9cnicas<br \/>\nPROVEEDOR: Propia<br \/>\nNOMBRE: wordpress_logged_in_<br \/>\nGESTI\u00d3N: Propia<br \/>\nVIGENCIA: 1 a\u00f1o<br \/>\nFUNCI\u00d3N: Despu\u00e9s del loggin, WordPress activa la cookie wordpress_logged_in_, cuya funci\u00f3n es indicar cuando se ha conectado y qui\u00e9n es, siendo utilizado por la interfaz de WordPress.<\/p>\n<p>FINALIDAD: T\u00e9cnicas<br \/>\nPROVEEDOR: Propia<br \/>\nNOMBRE: wp-wpml_current_language<br \/>\nGESTI\u00d3N: Propia<br \/>\nVIGENCIA: 1 a\u00f1o<br \/>\nFUNCI\u00d3N: Permite recordar el idioma del usuario<\/p>\n<p>FINALIDAD: T\u00e9cnicas<br \/>\nPROVEEDOR: Propia<br \/>\nNOMBRE: concentiment_cookies<br \/>\nGESTI\u00d3N: Propia<br \/>\nVIGENCIA: 1 a\u00f1o<br \/>\nFUNCI\u00d3N: Guarda el valor de la aceptaci\u00f3n del cartel de cookies<\/p>\n<p>FINALIDAD: T\u00e9cnicas<br \/>\nPROVEEDOR: Propia<br \/>\nNOMBRE: dateExpireCookie<br \/>\nGESTI\u00d3N: Propia<br \/>\nVIGENCIA: 1 a\u00f1o<br \/>\nFUNCI\u00d3N: Guarda la fecha de expiraci\u00f3n de la cookie del cartel de cookies<\/p>\n<p>FINALIDAD: Anal\u00edticas<br \/>\nPROVEEDOR: GOOGLE<br \/>\nNOMBRE: _ga<br \/>\nGESTI\u00d3N: Terceros<br \/>\nVIGENCIA: 2 a\u00f1os<br \/>\nFUNCI\u00d3N: Ofrecer estad\u00edsticas de uso de los sitios web. Tambi\u00e9n se pueden utilizar junto con algunas de las cookies publicitarias descritas anteriormente para mostrar anuncios m\u00e1s relevantes en las propiedades de Google<\/p>\n<p>FINALIDAD: Anal\u00edticas<br \/>\nPROVEEDOR: GOOGLE<br \/>\nNOMBRE: _gid<br \/>\nGESTI\u00d3N: Terceros<br \/>\nVIGENCIA: 23 horas<br \/>\nFUNCI\u00d3N: Registra una identificaci\u00f3n \u00fanica que se utiliza para generar datos estad\u00edsticos sobre c\u00f3mo el visitante utiliza el sitio web.<\/p>\n<p>FINALIDAD: Anal\u00edticas<br \/>\nPROVEEDOR: GOOGLE<br \/>\nNOMBRE: _gat<br \/>\nGESTI\u00d3N: Terceros<br \/>\nVIGENCIA: 1 minuto<br \/>\nFUNCI\u00d3N: Se usa para limitar el porcentaje de solicitudes. Si se ha implementado Google Analytics mediante Google Tag Manager, esta cookie se llamar\u00e1 _dc_gtm_.<\/p>\n<p>Vous pouvez \u00e9diter la configuration des cookies en cliquant\u00a0<span id=\"ajustes_cookies\">ici<\/span>.<\/p>\n<p>Vous pouvez r\u00e9voquer votre consentement sur l\u2019utilisation des cookies en les \u00e9liminant gr\u00e2ce aux options qu\u2019offre votre navigateur. Vous pouvez aussi configurer votre navigateur pour qu\u2019il vous informe \u00e0 l\u2019avance de l\u2019\u00e9ventuelle installation de cookies. Les liens suivants vous expliqueront comment faire.<\/p>\n<ul>\n<li>Pour Firefox (<a href=\"https:\/\/support.mozilla.org\/fr\/kb\/cookies-informations-sites-enregistrent#w_parametres-des-cookies\">lien<\/a>)<\/li>\n<li>Pour Chrome (<a href=\"https:\/\/support.google.com\/chrome\/answer\/95647?co=GENIE.Platform%3DDesktop&amp;hl=fr\">lien<\/a>)<\/li>\n<li>Pour Explorer (<a href=\"https:\/\/support.microsoft.com\/fr-fr\/help\/17442\/windows-internet-explorer-delete-manage-cookies\">lien<\/a>)<\/li>\n<li>Pour Edge (<a href=\"https:\/\/support.microsoft.com\/fr-fr\/help\/4027947\/microsoft-edge-delete-cookies\">lien<\/a>)<\/li>\n<li>Pour Safari (<a href=\"https:\/\/support.apple.com\/fr-fr\/guide\/safari\/sfri11471\/mac\">lien<\/a>)<\/li>\n<li>Pour Opera (<a href=\"https:\/\/help.opera.com\/en\/latest\/web-preferences\/#cookies\">lien<\/a>)<\/li>\n<\/ul>\n<\/div><\/div><\/div><\/div><\/div><div class=\"fusion-fullwidth fullwidth-box fusion-builder-row-3 fusion-flex-container nonhundred-percent-fullwidth non-hundred-percent-height-scrolling\" style=\"--awb-border-radius-top-left:0px;--awb-border-radius-top-right:0px;--awb-border-radius-bottom-right:0px;--awb-border-radius-bottom-left:0px;--awb-flex-wrap:wrap;\" ><div class=\"fusion-builder-row fusion-row fusion-flex-align-items-flex-start fusion-flex-content-wrap\" style=\"max-width:1248px;margin-left: calc(-4% \/ 2 );margin-right: calc(-4% \/ 2 );\"><div class=\"fusion-layout-column fusion_builder_column fusion-builder-column-2 fusion_builder_column_1_1 1_1 fusion-flex-column\" style=\"--awb-bg-size:cover;--awb-width-large:100%;--awb-margin-top-large:0px;--awb-spacing-right-large:1.92%;--awb-margin-bottom-large:0px;--awb-spacing-left-large:1.92%;--awb-width-medium:100%;--awb-spacing-right-medium:1.92%;--awb-spacing-left-medium:1.92%;--awb-width-small:100%;--awb-spacing-right-small:1.92%;--awb-spacing-left-small:1.92%;\"><div class=\"fusion-column-wrapper fusion-flex-justify-content-flex-start fusion-content-layout-column\"><\/div><\/div><\/div><div class=\"fusion-builder-row fusion-row fusion-flex-align-items-flex-start fusion-flex-content-wrap\" style=\"max-width:1248px;margin-left: calc(-4% \/ 2 );margin-right: calc(-4% \/ 2 );\"><\/div><\/div><div class=\"fusion-fullwidth fullwidth-box fusion-builder-row-4 fusion-flex-container nonhundred-percent-fullwidth non-hundred-percent-height-scrolling\" style=\"--awb-border-radius-top-left:0px;--awb-border-radius-top-right:0px;--awb-border-radius-bottom-right:0px;--awb-border-radius-bottom-left:0px;--awb-flex-wrap:wrap;\" ><\/div><\/p>\n","protected":false},"excerpt":{"rendered":"","protected":false},"author":2,"featured_media":0,"parent":0,"menu_order":0,"comment_status":"closed","ping_status":"open","template":"","meta":{"footnotes":""},"class_list":["post-27763","page","type-page","status-publish","hentry"],"yoast_head":"<!-- This site is optimized with the Yoast SEO plugin v27.5 - https:\/\/yoast.com\/product\/yoast-seo-wordpress\/ -->\n<title>Politique d\u2019utilisation des cookies - Costa Brava Foods<\/title>\n<meta name=\"robots\" content=\"index, follow, max-snippet:-1, max-image-preview:large, max-video-preview:-1\" \/>\n<link rel=\"canonical\" href=\"https:\/\/www.costabravafoods.com\/fr\/politique-dutilisation-des-cookies\/\" \/>\n<meta property=\"og:locale\" content=\"fr_FR\" \/>\n<meta property=\"og:type\" content=\"article\" \/>\n<meta property=\"og:title\" content=\"Politique d\u2019utilisation des cookies - Costa Brava Foods\" \/>\n<meta property=\"og:url\" content=\"https:\/\/www.costabravafoods.com\/fr\/politique-dutilisation-des-cookies\/\" \/>\n<meta property=\"og:site_name\" content=\"Costa Brava Foods\" \/>\n<meta property=\"article:modified_time\" content=\"2025-09-27T15:24:32+00:00\" \/>\n<meta name=\"twitter:card\" content=\"summary_large_image\" \/>\n<meta name=\"twitter:label1\" content=\"Dur\u00e9e de lecture estim\u00e9e\" \/>\n\t<meta name=\"twitter:data1\" content=\"7 minutes\" \/>\n<script type=\"application\/ld+json\" class=\"yoast-schema-graph\">{\"@context\":\"https:\\\/\\\/schema.org\",\"@graph\":[{\"@type\":\"WebPage\",\"@id\":\"https:\\\/\\\/www.costabravafoods.com\\\/fr\\\/politique-dutilisation-des-cookies\\\/\",\"url\":\"https:\\\/\\\/www.costabravafoods.com\\\/fr\\\/politique-dutilisation-des-cookies\\\/\",\"name\":\"Politique d\u2019utilisation des cookies - Costa Brava Foods\",\"isPartOf\":{\"@id\":\"https:\\\/\\\/www.costabravafoods.com\\\/#website\"},\"datePublished\":\"2025-05-23T12:55:04+00:00\",\"dateModified\":\"2025-09-27T15:24:32+00:00\",\"breadcrumb\":{\"@id\":\"https:\\\/\\\/www.costabravafoods.com\\\/fr\\\/politique-dutilisation-des-cookies\\\/#breadcrumb\"},\"inLanguage\":\"fr-FR\",\"potentialAction\":[{\"@type\":\"ReadAction\",\"target\":[\"https:\\\/\\\/www.costabravafoods.com\\\/fr\\\/politique-dutilisation-des-cookies\\\/\"]}]},{\"@type\":\"BreadcrumbList\",\"@id\":\"https:\\\/\\\/www.costabravafoods.com\\\/fr\\\/politique-dutilisation-des-cookies\\\/#breadcrumb\",\"itemListElement\":[{\"@type\":\"ListItem\",\"position\":1,\"name\":\"Portada\",\"item\":\"https:\\\/\\\/www.costabravafoods.com\\\/fr\\\/\"},{\"@type\":\"ListItem\",\"position\":2,\"name\":\"Politique d\u2019utilisation des cookies\"}]},{\"@type\":\"WebSite\",\"@id\":\"https:\\\/\\\/www.costabravafoods.com\\\/#website\",\"url\":\"https:\\\/\\\/www.costabravafoods.com\\\/\",\"name\":\"Costa Brava Foods\",\"description\":\"\",\"potentialAction\":[{\"@type\":\"SearchAction\",\"target\":{\"@type\":\"EntryPoint\",\"urlTemplate\":\"https:\\\/\\\/www.costabravafoods.com\\\/?s={search_term_string}\"},\"query-input\":{\"@type\":\"PropertyValueSpecification\",\"valueRequired\":true,\"valueName\":\"search_term_string\"}}],\"inLanguage\":\"fr-FR\"}]}<\/script>\n<!-- \/ Yoast SEO plugin. -->","yoast_head_json":{"title":"Politique d\u2019utilisation des cookies - Costa Brava Foods","robots":{"index":"index","follow":"follow","max-snippet":"max-snippet:-1","max-image-preview":"max-image-preview:large","max-video-preview":"max-video-preview:-1"},"canonical":"https:\/\/www.costabravafoods.com\/fr\/politique-dutilisation-des-cookies\/","og_locale":"fr_FR","og_type":"article","og_title":"Politique d\u2019utilisation des cookies - Costa Brava Foods","og_url":"https:\/\/www.costabravafoods.com\/fr\/politique-dutilisation-des-cookies\/","og_site_name":"Costa Brava Foods","article_modified_time":"2025-09-27T15:24:32+00:00","twitter_card":"summary_large_image","twitter_misc":{"Dur\u00e9e de lecture estim\u00e9e":"7 minutes"},"schema":{"@context":"https:\/\/schema.org","@graph":[{"@type":"WebPage","@id":"https:\/\/www.costabravafoods.com\/fr\/politique-dutilisation-des-cookies\/","url":"https:\/\/www.costabravafoods.com\/fr\/politique-dutilisation-des-cookies\/","name":"Politique d\u2019utilisation des cookies - Costa Brava Foods","isPartOf":{"@id":"https:\/\/www.costabravafoods.com\/#website"},"datePublished":"2025-05-23T12:55:04+00:00","dateModified":"2025-09-27T15:24:32+00:00","breadcrumb":{"@id":"https:\/\/www.costabravafoods.com\/fr\/politique-dutilisation-des-cookies\/#breadcrumb"},"inLanguage":"fr-FR","potentialAction":[{"@type":"ReadAction","target":["https:\/\/www.costabravafoods.com\/fr\/politique-dutilisation-des-cookies\/"]}]},{"@type":"BreadcrumbList","@id":"https:\/\/www.costabravafoods.com\/fr\/politique-dutilisation-des-cookies\/#breadcrumb","itemListElement":[{"@type":"ListItem","position":1,"name":"Portada","item":"https:\/\/www.costabravafoods.com\/fr\/"},{"@type":"ListItem","position":2,"name":"Politique d\u2019utilisation des cookies"}]},{"@type":"WebSite","@id":"https:\/\/www.costabravafoods.com\/#website","url":"https:\/\/www.costabravafoods.com\/","name":"Costa Brava Foods","description":"","potentialAction":[{"@type":"SearchAction","target":{"@type":"EntryPoint","urlTemplate":"https:\/\/www.costabravafoods.com\/?s={search_term_string}"},"query-input":{"@type":"PropertyValueSpecification","valueRequired":true,"valueName":"search_term_string"}}],"inLanguage":"fr-FR"}]}},"_links":{"self":[{"href":"https:\/\/www.costabravafoods.com\/fr\/wp-json\/wp\/v2\/pages\/27763","targetHints":{"allow":["GET"]}}],"collection":[{"href":"https:\/\/www.costabravafoods.com\/fr\/wp-json\/wp\/v2\/pages"}],"about":[{"href":"https:\/\/www.costabravafoods.com\/fr\/wp-json\/wp\/v2\/types\/page"}],"author":[{"embeddable":true,"href":"https:\/\/www.costabravafoods.com\/fr\/wp-json\/wp\/v2\/users\/2"}],"replies":[{"embeddable":true,"href":"https:\/\/www.costabravafoods.com\/fr\/wp-json\/wp\/v2\/comments?post=27763"}],"version-history":[{"count":5,"href":"https:\/\/www.costabravafoods.com\/fr\/wp-json\/wp\/v2\/pages\/27763\/revisions"}],"predecessor-version":[{"id":29848,"href":"https:\/\/www.costabravafoods.com\/fr\/wp-json\/wp\/v2\/pages\/27763\/revisions\/29848"}],"wp:attachment":[{"href":"https:\/\/www.costabravafoods.com\/fr\/wp-json\/wp\/v2\/media?parent=27763"}],"curies":[{"name":"wp","href":"https:\/\/api.w.org\/{rel}","templated":true}]}}