

{"id":32023,"date":"2025-07-18T11:45:10","date_gmt":"2025-07-18T09:45:10","guid":{"rendered":"https:\/\/www.costabravafoods.com\/producto\/fingers-de-poulet-saveur-barbecue-500-g-prefrits\/"},"modified":"2025-09-30T18:49:21","modified_gmt":"2025-09-30T16:49:21","slug":"fingers-de-poulet-saveur-barbecue-500-g-prefrits","status":"publish","type":"product","link":"https:\/\/www.costabravafoods.com\/fr\/produit\/fingers-de-poulet-saveur-barbecue-500-g-prefrits\/","title":{"rendered":"Fingers de poulet saveur barbecue 500\u00a0g pr\u00e9frits"},"content":{"rendered":"<p>Les fingers de poulet pr\u00e9frits \u00ab\u00a0\u00e0 la barbecue\u00a0\u00bb de Costa Brava Mediterranean Foods sont des lamelles de blanc de poulet marin\u00e9es au go\u00fbt barbecue et enrob\u00e9es d\u2019une chapelure croustillante et dor\u00e9e. Un choix parfait pour n\u2019importe quelle occasion.<\/p>\n","protected":false},"excerpt":{"rendered":"<p>Fingers de poulet pr\u00e9frits saveur barbecue, croustillants et dor\u00e9s.<\/p>\n","protected":false},"featured_media":17275,"template":"","meta":[],"product_brand":[],"product_cat":[329,331],"product_tag":[],"corte_cerdo":[],"corte_vacuno":[],"fresh_retail":[],"conservacion":[],"envase":[],"tipo_corte":[],"class_list":{"0":"post-32023","1":"product","2":"type-product","3":"status-publish","4":"has-post-thumbnail","6":"product_cat-delicious-fr","7":"product_cat-panes","9":"first","10":"instock","11":"product-type-simple"},"yoast_head":"<!-- This site is optimized with the Yoast SEO plugin v27.2 - https:\/\/yoast.com\/product\/yoast-seo-wordpress\/ -->\n<title>Fingers de poulet saveur barbecue 500\u00a0g pr\u00e9frits<\/title>\n<meta name=\"description\" content=\"Fingers de poulet pr\u00e9frits saveur barbecue, croustillants et dor\u00e9s.\" \/>\n<meta name=\"robots\" content=\"index, follow, max-snippet:-1, max-image-preview:large, max-video-preview:-1\" \/>\n<link rel=\"canonical\" href=\"https:\/\/www.costabravafoods.com\/fr\/produit\/fingers-de-poulet-saveur-barbecue-500-g-prefrits\/\" \/>\n<meta property=\"og:locale\" content=\"fr_FR\" \/>\n<meta property=\"og:type\" content=\"article\" \/>\n<meta property=\"og:title\" content=\"Fingers de poulet saveur barbecue 500\u00a0g pr\u00e9frits\" \/>\n<meta property=\"og:description\" content=\"Fingers de poulet pr\u00e9frits saveur barbecue, croustillants et dor\u00e9s.\" \/>\n<meta property=\"og:url\" content=\"https:\/\/www.costabravafoods.com\/fr\/produit\/fingers-de-poulet-saveur-barbecue-500-g-prefrits\/\" \/>\n<meta property=\"og:site_name\" content=\"Costa Brava Foods\" \/>\n<meta property=\"article:modified_time\" content=\"2025-09-30T16:49:21+00:00\" \/>\n<meta property=\"og:image\" content=\"https:\/\/www.costabravafoods.com\/wp-content\/uploads\/2025\/07\/fingers-pollo-chicken-bbq-prefritos-fried.jpg\" \/>\n\t<meta property=\"og:image:width\" content=\"1000\" \/>\n\t<meta property=\"og:image:height\" content=\"1000\" \/>\n\t<meta property=\"og:image:type\" content=\"image\/jpeg\" \/>\n<meta name=\"twitter:card\" content=\"summary_large_image\" \/>\n<script type=\"application\/ld+json\" class=\"yoast-schema-graph\">{\"@context\":\"https:\/\/schema.org\",\"@graph\":[{\"@type\":\"WebPage\",\"@id\":\"https:\/\/www.costabravafoods.com\/fr\/produit\/fingers-de-poulet-saveur-barbecue-500-g-prefrits\/\",\"url\":\"https:\/\/www.costabravafoods.com\/fr\/produit\/fingers-de-poulet-saveur-barbecue-500-g-prefrits\/\",\"name\":\"Fingers de poulet saveur barbecue 500\u00a0g pr\u00e9frits\",\"isPartOf\":{\"@id\":\"https:\/\/www.costabravafoods.com\/#website\"},\"primaryImageOfPage\":{\"@id\":\"https:\/\/www.costabravafoods.com\/fr\/produit\/fingers-de-poulet-saveur-barbecue-500-g-prefrits\/#primaryimage\"},\"image\":{\"@id\":\"https:\/\/www.costabravafoods.com\/fr\/produit\/fingers-de-poulet-saveur-barbecue-500-g-prefrits\/#primaryimage\"},\"thumbnailUrl\":\"https:\/\/www.costabravafoods.com\/wp-content\/uploads\/2025\/07\/fingers-pollo-chicken-bbq-prefritos-fried.jpg\",\"datePublished\":\"2025-07-18T09:45:10+00:00\",\"dateModified\":\"2025-09-30T16:49:21+00:00\",\"description\":\"Fingers de poulet pr\u00e9frits saveur barbecue, croustillants et dor\u00e9s.\",\"breadcrumb\":{\"@id\":\"https:\/\/www.costabravafoods.com\/fr\/produit\/fingers-de-poulet-saveur-barbecue-500-g-prefrits\/#breadcrumb\"},\"inLanguage\":\"fr-FR\",\"potentialAction\":[{\"@type\":\"ReadAction\",\"target\":[\"https:\/\/www.costabravafoods.com\/fr\/produit\/fingers-de-poulet-saveur-barbecue-500-g-prefrits\/\"]}]},{\"@type\":\"ImageObject\",\"inLanguage\":\"fr-FR\",\"@id\":\"https:\/\/www.costabravafoods.com\/fr\/produit\/fingers-de-poulet-saveur-barbecue-500-g-prefrits\/#primaryimage\",\"url\":\"https:\/\/www.costabravafoods.com\/wp-content\/uploads\/2025\/07\/fingers-pollo-chicken-bbq-prefritos-fried.jpg\",\"contentUrl\":\"https:\/\/www.costabravafoods.com\/wp-content\/uploads\/2025\/07\/fingers-pollo-chicken-bbq-prefritos-fried.jpg\",\"width\":1000,\"height\":1000,\"caption\":\"Fingers de poulet pr\u00e9frits saveur barbecue\"},{\"@type\":\"BreadcrumbList\",\"@id\":\"https:\/\/www.costabravafoods.com\/fr\/produit\/fingers-de-poulet-saveur-barbecue-500-g-prefrits\/#breadcrumb\",\"itemListElement\":[{\"@type\":\"ListItem\",\"position\":1,\"name\":\"Portada\",\"item\":\"https:\/\/www.costabravafoods.com\/fr\/\"},{\"@type\":\"ListItem\",\"position\":2,\"name\":\"Produits\",\"item\":\"https:\/\/www.costabravafoods.com\/productos\/\"},{\"@type\":\"ListItem\",\"position\":3,\"name\":\"Fingers de poulet saveur barbecue 500\u00a0g pr\u00e9frits\"}]},{\"@type\":\"WebSite\",\"@id\":\"https:\/\/www.costabravafoods.com\/#website\",\"url\":\"https:\/\/www.costabravafoods.com\/\",\"name\":\"Costa Brava Foods\",\"description\":\"\",\"potentialAction\":[{\"@type\":\"SearchAction\",\"target\":{\"@type\":\"EntryPoint\",\"urlTemplate\":\"https:\/\/www.costabravafoods.com\/?s={search_term_string}\"},\"query-input\":{\"@type\":\"PropertyValueSpecification\",\"valueRequired\":true,\"valueName\":\"search_term_string\"}}],\"inLanguage\":\"fr-FR\"}]}<\/script>\n<!-- \/ Yoast SEO plugin. -->","yoast_head_json":{"title":"Fingers de poulet saveur barbecue 500\u00a0g pr\u00e9frits","description":"Fingers de poulet pr\u00e9frits saveur barbecue, croustillants et dor\u00e9s.","robots":{"index":"index","follow":"follow","max-snippet":"max-snippet:-1","max-image-preview":"max-image-preview:large","max-video-preview":"max-video-preview:-1"},"canonical":"https:\/\/www.costabravafoods.com\/fr\/produit\/fingers-de-poulet-saveur-barbecue-500-g-prefrits\/","og_locale":"fr_FR","og_type":"article","og_title":"Fingers de poulet saveur barbecue 500\u00a0g pr\u00e9frits","og_description":"Fingers de poulet pr\u00e9frits saveur barbecue, croustillants et dor\u00e9s.","og_url":"https:\/\/www.costabravafoods.com\/fr\/produit\/fingers-de-poulet-saveur-barbecue-500-g-prefrits\/","og_site_name":"Costa Brava Foods","article_modified_time":"2025-09-30T16:49:21+00:00","og_image":[{"width":1000,"height":1000,"url":"https:\/\/www.costabravafoods.com\/wp-content\/uploads\/2025\/07\/fingers-pollo-chicken-bbq-prefritos-fried.jpg","type":"image\/jpeg"}],"twitter_card":"summary_large_image","schema":{"@context":"https:\/\/schema.org","@graph":[{"@type":"WebPage","@id":"https:\/\/www.costabravafoods.com\/fr\/produit\/fingers-de-poulet-saveur-barbecue-500-g-prefrits\/","url":"https:\/\/www.costabravafoods.com\/fr\/produit\/fingers-de-poulet-saveur-barbecue-500-g-prefrits\/","name":"Fingers de poulet saveur barbecue 500\u00a0g pr\u00e9frits","isPartOf":{"@id":"https:\/\/www.costabravafoods.com\/#website"},"primaryImageOfPage":{"@id":"https:\/\/www.costabravafoods.com\/fr\/produit\/fingers-de-poulet-saveur-barbecue-500-g-prefrits\/#primaryimage"},"image":{"@id":"https:\/\/www.costabravafoods.com\/fr\/produit\/fingers-de-poulet-saveur-barbecue-500-g-prefrits\/#primaryimage"},"thumbnailUrl":"https:\/\/www.costabravafoods.com\/wp-content\/uploads\/2025\/07\/fingers-pollo-chicken-bbq-prefritos-fried.jpg","datePublished":"2025-07-18T09:45:10+00:00","dateModified":"2025-09-30T16:49:21+00:00","description":"Fingers de poulet pr\u00e9frits saveur barbecue, croustillants et dor\u00e9s.","breadcrumb":{"@id":"https:\/\/www.costabravafoods.com\/fr\/produit\/fingers-de-poulet-saveur-barbecue-500-g-prefrits\/#breadcrumb"},"inLanguage":"fr-FR","potentialAction":[{"@type":"ReadAction","target":["https:\/\/www.costabravafoods.com\/fr\/produit\/fingers-de-poulet-saveur-barbecue-500-g-prefrits\/"]}]},{"@type":"ImageObject","inLanguage":"fr-FR","@id":"https:\/\/www.costabravafoods.com\/fr\/produit\/fingers-de-poulet-saveur-barbecue-500-g-prefrits\/#primaryimage","url":"https:\/\/www.costabravafoods.com\/wp-content\/uploads\/2025\/07\/fingers-pollo-chicken-bbq-prefritos-fried.jpg","contentUrl":"https:\/\/www.costabravafoods.com\/wp-content\/uploads\/2025\/07\/fingers-pollo-chicken-bbq-prefritos-fried.jpg","width":1000,"height":1000,"caption":"Fingers de poulet pr\u00e9frits saveur barbecue"},{"@type":"BreadcrumbList","@id":"https:\/\/www.costabravafoods.com\/fr\/produit\/fingers-de-poulet-saveur-barbecue-500-g-prefrits\/#breadcrumb","itemListElement":[{"@type":"ListItem","position":1,"name":"Portada","item":"https:\/\/www.costabravafoods.com\/fr\/"},{"@type":"ListItem","position":2,"name":"Produits","item":"https:\/\/www.costabravafoods.com\/productos\/"},{"@type":"ListItem","position":3,"name":"Fingers de poulet saveur barbecue 500\u00a0g pr\u00e9frits"}]},{"@type":"WebSite","@id":"https:\/\/www.costabravafoods.com\/#website","url":"https:\/\/www.costabravafoods.com\/","name":"Costa Brava Foods","description":"","potentialAction":[{"@type":"SearchAction","target":{"@type":"EntryPoint","urlTemplate":"https:\/\/www.costabravafoods.com\/?s={search_term_string}"},"query-input":{"@type":"PropertyValueSpecification","valueRequired":true,"valueName":"search_term_string"}}],"inLanguage":"fr-FR"}]}},"_links":{"self":[{"href":"https:\/\/www.costabravafoods.com\/fr\/wp-json\/wp\/v2\/product\/32023","targetHints":{"allow":["GET"]}}],"collection":[{"href":"https:\/\/www.costabravafoods.com\/fr\/wp-json\/wp\/v2\/product"}],"about":[{"href":"https:\/\/www.costabravafoods.com\/fr\/wp-json\/wp\/v2\/types\/product"}],"wp:featuredmedia":[{"embeddable":true,"href":"https:\/\/www.costabravafoods.com\/fr\/wp-json\/wp\/v2\/media\/17275"}],"wp:attachment":[{"href":"https:\/\/www.costabravafoods.com\/fr\/wp-json\/wp\/v2\/media?parent=32023"}],"wp:term":[{"taxonomy":"product_brand","embeddable":true,"href":"https:\/\/www.costabravafoods.com\/fr\/wp-json\/wp\/v2\/product_brand?post=32023"},{"taxonomy":"product_cat","embeddable":true,"href":"https:\/\/www.costabravafoods.com\/fr\/wp-json\/wp\/v2\/product_cat?post=32023"},{"taxonomy":"product_tag","embeddable":true,"href":"https:\/\/www.costabravafoods.com\/fr\/wp-json\/wp\/v2\/product_tag?post=32023"},{"taxonomy":"corte_cerdo","embeddable":true,"href":"https:\/\/www.costabravafoods.com\/fr\/wp-json\/wp\/v2\/corte_cerdo?post=32023"},{"taxonomy":"corte_vacuno","embeddable":true,"href":"https:\/\/www.costabravafoods.com\/fr\/wp-json\/wp\/v2\/corte_vacuno?post=32023"},{"taxonomy":"fresh_retail","embeddable":true,"href":"https:\/\/www.costabravafoods.com\/fr\/wp-json\/wp\/v2\/fresh_retail?post=32023"},{"taxonomy":"conservacion","embeddable":true,"href":"https:\/\/www.costabravafoods.com\/fr\/wp-json\/wp\/v2\/conservacion?post=32023"},{"taxonomy":"envase","embeddable":true,"href":"https:\/\/www.costabravafoods.com\/fr\/wp-json\/wp\/v2\/envase?post=32023"},{"taxonomy":"tipo_corte","embeddable":true,"href":"https:\/\/www.costabravafoods.com\/fr\/wp-json\/wp\/v2\/tipo_corte?post=32023"}],"curies":[{"name":"wp","href":"https:\/\/api.w.org\/{rel}","templated":true}]}}