

{"id":32038,"date":"2025-07-18T11:46:23","date_gmt":"2025-07-18T09:46:23","guid":{"rendered":"https:\/\/www.costabravafoods.com\/producto\/filet-mignon-marine-aux-herbes-de-provence\/"},"modified":"2025-09-30T18:49:38","modified_gmt":"2025-09-30T16:49:38","slug":"filet-mignon-marine-aux-herbes-de-provence","status":"publish","type":"product","link":"https:\/\/www.costabravafoods.com\/fr\/produit\/filet-mignon-marine-aux-herbes-de-provence\/","title":{"rendered":"Filet mignon marin\u00e9 aux herbes de Provence"},"content":{"rendered":"<p>Filet mignon tendre, marin\u00e9 aux herbes de Provence, qui allie la douceur de la viande aux ar\u00f4mes frais de la r\u00e9gion m\u00e9diterran\u00e9enne.<\/p>\n","protected":false},"excerpt":{"rendered":"<p>Filet mignon aux herbes de Provence, v\u00e9ritable essence de la cuisine m\u00e9diterran\u00e9enne<\/p>\n","protected":false},"featured_media":17395,"template":"","meta":[],"product_brand":[],"product_cat":[329,332],"product_tag":[],"corte_cerdo":[],"corte_vacuno":[],"fresh_retail":[],"conservacion":[],"envase":[],"tipo_corte":[],"class_list":{"0":"post-32038","1":"product","2":"type-product","3":"status-publish","4":"has-post-thumbnail","6":"product_cat-delicious-fr","7":"product_cat-marines","9":"first","10":"instock","11":"product-type-simple"},"yoast_head":"<!-- This site is optimized with the Yoast SEO plugin v27.2 - https:\/\/yoast.com\/product\/yoast-seo-wordpress\/ -->\n<title>Filet mignon marin\u00e9 aux herbes de Provence<\/title>\n<meta name=\"description\" content=\"Filet mignon aux herbes de Provence, v\u00e9ritable essence de la cuisine m\u00e9diterran\u00e9enne\" \/>\n<meta name=\"robots\" content=\"index, follow, max-snippet:-1, max-image-preview:large, max-video-preview:-1\" \/>\n<link rel=\"canonical\" href=\"https:\/\/www.costabravafoods.com\/fr\/produit\/filet-mignon-marine-aux-herbes-de-provence\/\" \/>\n<meta property=\"og:locale\" content=\"fr_FR\" \/>\n<meta property=\"og:type\" content=\"article\" \/>\n<meta property=\"og:title\" content=\"Filet mignon marin\u00e9 aux herbes de Provence\" \/>\n<meta property=\"og:description\" content=\"Filet mignon aux herbes de Provence, v\u00e9ritable essence de la cuisine m\u00e9diterran\u00e9enne\" \/>\n<meta property=\"og:url\" content=\"https:\/\/www.costabravafoods.com\/fr\/produit\/filet-mignon-marine-aux-herbes-de-provence\/\" \/>\n<meta property=\"og:site_name\" content=\"Costa Brava Foods\" \/>\n<meta property=\"article:modified_time\" content=\"2025-09-30T16:49:38+00:00\" \/>\n<meta property=\"og:image\" content=\"https:\/\/www.costabravafoods.com\/wp-content\/uploads\/2025\/07\/solomillo-hierbas-provenzales-provenzal-herbs-tenderloin.png\" \/>\n\t<meta property=\"og:image:width\" content=\"1000\" \/>\n\t<meta property=\"og:image:height\" content=\"1000\" \/>\n\t<meta property=\"og:image:type\" content=\"image\/png\" \/>\n<meta name=\"twitter:card\" content=\"summary_large_image\" \/>\n<script type=\"application\/ld+json\" class=\"yoast-schema-graph\">{\"@context\":\"https:\/\/schema.org\",\"@graph\":[{\"@type\":\"WebPage\",\"@id\":\"https:\/\/www.costabravafoods.com\/fr\/produit\/filet-mignon-marine-aux-herbes-de-provence\/\",\"url\":\"https:\/\/www.costabravafoods.com\/fr\/produit\/filet-mignon-marine-aux-herbes-de-provence\/\",\"name\":\"Filet mignon marin\u00e9 aux herbes de Provence\",\"isPartOf\":{\"@id\":\"https:\/\/www.costabravafoods.com\/#website\"},\"primaryImageOfPage\":{\"@id\":\"https:\/\/www.costabravafoods.com\/fr\/produit\/filet-mignon-marine-aux-herbes-de-provence\/#primaryimage\"},\"image\":{\"@id\":\"https:\/\/www.costabravafoods.com\/fr\/produit\/filet-mignon-marine-aux-herbes-de-provence\/#primaryimage\"},\"thumbnailUrl\":\"https:\/\/www.costabravafoods.com\/wp-content\/uploads\/2025\/07\/solomillo-hierbas-provenzales-provenzal-herbs-tenderloin.png\",\"datePublished\":\"2025-07-18T09:46:23+00:00\",\"dateModified\":\"2025-09-30T16:49:38+00:00\",\"description\":\"Filet mignon aux herbes de Provence, v\u00e9ritable essence de la cuisine m\u00e9diterran\u00e9enne\",\"breadcrumb\":{\"@id\":\"https:\/\/www.costabravafoods.com\/fr\/produit\/filet-mignon-marine-aux-herbes-de-provence\/#breadcrumb\"},\"inLanguage\":\"fr-FR\",\"potentialAction\":[{\"@type\":\"ReadAction\",\"target\":[\"https:\/\/www.costabravafoods.com\/fr\/produit\/filet-mignon-marine-aux-herbes-de-provence\/\"]}]},{\"@type\":\"ImageObject\",\"inLanguage\":\"fr-FR\",\"@id\":\"https:\/\/www.costabravafoods.com\/fr\/produit\/filet-mignon-marine-aux-herbes-de-provence\/#primaryimage\",\"url\":\"https:\/\/www.costabravafoods.com\/wp-content\/uploads\/2025\/07\/solomillo-hierbas-provenzales-provenzal-herbs-tenderloin.png\",\"contentUrl\":\"https:\/\/www.costabravafoods.com\/wp-content\/uploads\/2025\/07\/solomillo-hierbas-provenzales-provenzal-herbs-tenderloin.png\",\"width\":1000,\"height\":1000,\"caption\":\"Filet mignon aux herbes de Provence\"},{\"@type\":\"BreadcrumbList\",\"@id\":\"https:\/\/www.costabravafoods.com\/fr\/produit\/filet-mignon-marine-aux-herbes-de-provence\/#breadcrumb\",\"itemListElement\":[{\"@type\":\"ListItem\",\"position\":1,\"name\":\"Portada\",\"item\":\"https:\/\/www.costabravafoods.com\/fr\/\"},{\"@type\":\"ListItem\",\"position\":2,\"name\":\"Produits\",\"item\":\"https:\/\/www.costabravafoods.com\/productos\/\"},{\"@type\":\"ListItem\",\"position\":3,\"name\":\"Filet mignon marin\u00e9 aux herbes de Provence\"}]},{\"@type\":\"WebSite\",\"@id\":\"https:\/\/www.costabravafoods.com\/#website\",\"url\":\"https:\/\/www.costabravafoods.com\/\",\"name\":\"Costa Brava Foods\",\"description\":\"\",\"potentialAction\":[{\"@type\":\"SearchAction\",\"target\":{\"@type\":\"EntryPoint\",\"urlTemplate\":\"https:\/\/www.costabravafoods.com\/?s={search_term_string}\"},\"query-input\":{\"@type\":\"PropertyValueSpecification\",\"valueRequired\":true,\"valueName\":\"search_term_string\"}}],\"inLanguage\":\"fr-FR\"}]}<\/script>\n<!-- \/ Yoast SEO plugin. -->","yoast_head_json":{"title":"Filet mignon marin\u00e9 aux herbes de Provence","description":"Filet mignon aux herbes de Provence, v\u00e9ritable essence de la cuisine m\u00e9diterran\u00e9enne","robots":{"index":"index","follow":"follow","max-snippet":"max-snippet:-1","max-image-preview":"max-image-preview:large","max-video-preview":"max-video-preview:-1"},"canonical":"https:\/\/www.costabravafoods.com\/fr\/produit\/filet-mignon-marine-aux-herbes-de-provence\/","og_locale":"fr_FR","og_type":"article","og_title":"Filet mignon marin\u00e9 aux herbes de Provence","og_description":"Filet mignon aux herbes de Provence, v\u00e9ritable essence de la cuisine m\u00e9diterran\u00e9enne","og_url":"https:\/\/www.costabravafoods.com\/fr\/produit\/filet-mignon-marine-aux-herbes-de-provence\/","og_site_name":"Costa Brava Foods","article_modified_time":"2025-09-30T16:49:38+00:00","og_image":[{"width":1000,"height":1000,"url":"https:\/\/www.costabravafoods.com\/wp-content\/uploads\/2025\/07\/solomillo-hierbas-provenzales-provenzal-herbs-tenderloin.png","type":"image\/png"}],"twitter_card":"summary_large_image","schema":{"@context":"https:\/\/schema.org","@graph":[{"@type":"WebPage","@id":"https:\/\/www.costabravafoods.com\/fr\/produit\/filet-mignon-marine-aux-herbes-de-provence\/","url":"https:\/\/www.costabravafoods.com\/fr\/produit\/filet-mignon-marine-aux-herbes-de-provence\/","name":"Filet mignon marin\u00e9 aux herbes de Provence","isPartOf":{"@id":"https:\/\/www.costabravafoods.com\/#website"},"primaryImageOfPage":{"@id":"https:\/\/www.costabravafoods.com\/fr\/produit\/filet-mignon-marine-aux-herbes-de-provence\/#primaryimage"},"image":{"@id":"https:\/\/www.costabravafoods.com\/fr\/produit\/filet-mignon-marine-aux-herbes-de-provence\/#primaryimage"},"thumbnailUrl":"https:\/\/www.costabravafoods.com\/wp-content\/uploads\/2025\/07\/solomillo-hierbas-provenzales-provenzal-herbs-tenderloin.png","datePublished":"2025-07-18T09:46:23+00:00","dateModified":"2025-09-30T16:49:38+00:00","description":"Filet mignon aux herbes de Provence, v\u00e9ritable essence de la cuisine m\u00e9diterran\u00e9enne","breadcrumb":{"@id":"https:\/\/www.costabravafoods.com\/fr\/produit\/filet-mignon-marine-aux-herbes-de-provence\/#breadcrumb"},"inLanguage":"fr-FR","potentialAction":[{"@type":"ReadAction","target":["https:\/\/www.costabravafoods.com\/fr\/produit\/filet-mignon-marine-aux-herbes-de-provence\/"]}]},{"@type":"ImageObject","inLanguage":"fr-FR","@id":"https:\/\/www.costabravafoods.com\/fr\/produit\/filet-mignon-marine-aux-herbes-de-provence\/#primaryimage","url":"https:\/\/www.costabravafoods.com\/wp-content\/uploads\/2025\/07\/solomillo-hierbas-provenzales-provenzal-herbs-tenderloin.png","contentUrl":"https:\/\/www.costabravafoods.com\/wp-content\/uploads\/2025\/07\/solomillo-hierbas-provenzales-provenzal-herbs-tenderloin.png","width":1000,"height":1000,"caption":"Filet mignon aux herbes de Provence"},{"@type":"BreadcrumbList","@id":"https:\/\/www.costabravafoods.com\/fr\/produit\/filet-mignon-marine-aux-herbes-de-provence\/#breadcrumb","itemListElement":[{"@type":"ListItem","position":1,"name":"Portada","item":"https:\/\/www.costabravafoods.com\/fr\/"},{"@type":"ListItem","position":2,"name":"Produits","item":"https:\/\/www.costabravafoods.com\/productos\/"},{"@type":"ListItem","position":3,"name":"Filet mignon marin\u00e9 aux herbes de Provence"}]},{"@type":"WebSite","@id":"https:\/\/www.costabravafoods.com\/#website","url":"https:\/\/www.costabravafoods.com\/","name":"Costa Brava Foods","description":"","potentialAction":[{"@type":"SearchAction","target":{"@type":"EntryPoint","urlTemplate":"https:\/\/www.costabravafoods.com\/?s={search_term_string}"},"query-input":{"@type":"PropertyValueSpecification","valueRequired":true,"valueName":"search_term_string"}}],"inLanguage":"fr-FR"}]}},"_links":{"self":[{"href":"https:\/\/www.costabravafoods.com\/fr\/wp-json\/wp\/v2\/product\/32038","targetHints":{"allow":["GET"]}}],"collection":[{"href":"https:\/\/www.costabravafoods.com\/fr\/wp-json\/wp\/v2\/product"}],"about":[{"href":"https:\/\/www.costabravafoods.com\/fr\/wp-json\/wp\/v2\/types\/product"}],"wp:featuredmedia":[{"embeddable":true,"href":"https:\/\/www.costabravafoods.com\/fr\/wp-json\/wp\/v2\/media\/17395"}],"wp:attachment":[{"href":"https:\/\/www.costabravafoods.com\/fr\/wp-json\/wp\/v2\/media?parent=32038"}],"wp:term":[{"taxonomy":"product_brand","embeddable":true,"href":"https:\/\/www.costabravafoods.com\/fr\/wp-json\/wp\/v2\/product_brand?post=32038"},{"taxonomy":"product_cat","embeddable":true,"href":"https:\/\/www.costabravafoods.com\/fr\/wp-json\/wp\/v2\/product_cat?post=32038"},{"taxonomy":"product_tag","embeddable":true,"href":"https:\/\/www.costabravafoods.com\/fr\/wp-json\/wp\/v2\/product_tag?post=32038"},{"taxonomy":"corte_cerdo","embeddable":true,"href":"https:\/\/www.costabravafoods.com\/fr\/wp-json\/wp\/v2\/corte_cerdo?post=32038"},{"taxonomy":"corte_vacuno","embeddable":true,"href":"https:\/\/www.costabravafoods.com\/fr\/wp-json\/wp\/v2\/corte_vacuno?post=32038"},{"taxonomy":"fresh_retail","embeddable":true,"href":"https:\/\/www.costabravafoods.com\/fr\/wp-json\/wp\/v2\/fresh_retail?post=32038"},{"taxonomy":"conservacion","embeddable":true,"href":"https:\/\/www.costabravafoods.com\/fr\/wp-json\/wp\/v2\/conservacion?post=32038"},{"taxonomy":"envase","embeddable":true,"href":"https:\/\/www.costabravafoods.com\/fr\/wp-json\/wp\/v2\/envase?post=32038"},{"taxonomy":"tipo_corte","embeddable":true,"href":"https:\/\/www.costabravafoods.com\/fr\/wp-json\/wp\/v2\/tipo_corte?post=32038"}],"curies":[{"name":"wp","href":"https:\/\/api.w.org\/{rel}","templated":true}]}}