

{"id":32045,"date":"2025-07-18T11:48:29","date_gmt":"2025-07-18T09:48:29","guid":{"rendered":"https:\/\/www.costabravafoods.com\/producto\/medaillons-de-dinde\/"},"modified":"2025-09-30T18:49:46","modified_gmt":"2025-09-30T16:49:46","slug":"medaillons-de-dinde","status":"publish","type":"product","link":"https:\/\/www.costabravafoods.com\/fr\/produit\/medaillons-de-dinde\/","title":{"rendered":"M\u00e9daillons de dinde"},"content":{"rendered":"<p>Polyvalents, les m\u00e9daillons de dinde permettent de concocter des plats cr\u00e9atifs. Un choix l\u00e9ger et tendre pour n\u2019importe quelle occasion.<\/p>\n","protected":false},"excerpt":{"rendered":"<p>M\u00e9daillons de dinde, tendres et juteux, parfaits pour des repas l\u00e9gers et savoureux<\/p>\n","protected":false},"featured_media":17451,"template":"","meta":[],"product_brand":[],"product_cat":[329,332],"product_tag":[],"corte_cerdo":[],"corte_vacuno":[],"fresh_retail":[],"conservacion":[],"envase":[],"tipo_corte":[],"class_list":{"0":"post-32045","1":"product","2":"type-product","3":"status-publish","4":"has-post-thumbnail","6":"product_cat-delicious-fr","7":"product_cat-marines","9":"first","10":"instock","11":"product-type-simple"},"yoast_head":"<!-- This site is optimized with the Yoast SEO plugin v27.2 - https:\/\/yoast.com\/product\/yoast-seo-wordpress\/ -->\n<title>M\u00e9daillons de dinde<\/title>\n<meta name=\"description\" content=\"M\u00e9daillons de dinde, tendres et juteux, parfaits pour des repas l\u00e9gers et savoureux\" \/>\n<meta name=\"robots\" content=\"index, follow, max-snippet:-1, max-image-preview:large, max-video-preview:-1\" \/>\n<link rel=\"canonical\" href=\"https:\/\/www.costabravafoods.com\/fr\/produit\/medaillons-de-dinde\/\" \/>\n<meta property=\"og:locale\" content=\"fr_FR\" \/>\n<meta property=\"og:type\" content=\"article\" \/>\n<meta property=\"og:title\" content=\"M\u00e9daillons de dinde\" \/>\n<meta property=\"og:description\" content=\"M\u00e9daillons de dinde, tendres et juteux, parfaits pour des repas l\u00e9gers et savoureux\" \/>\n<meta property=\"og:url\" content=\"https:\/\/www.costabravafoods.com\/fr\/produit\/medaillons-de-dinde\/\" \/>\n<meta property=\"og:site_name\" content=\"Costa Brava Foods\" \/>\n<meta property=\"article:modified_time\" content=\"2025-09-30T16:49:46+00:00\" \/>\n<meta property=\"og:image\" content=\"https:\/\/www.costabravafoods.com\/wp-content\/uploads\/2025\/07\/medallones-pavo-turkey-medallions.png\" \/>\n\t<meta property=\"og:image:width\" content=\"1000\" \/>\n\t<meta property=\"og:image:height\" content=\"1000\" \/>\n\t<meta property=\"og:image:type\" content=\"image\/png\" \/>\n<meta name=\"twitter:card\" content=\"summary_large_image\" \/>\n<script type=\"application\/ld+json\" class=\"yoast-schema-graph\">{\"@context\":\"https:\/\/schema.org\",\"@graph\":[{\"@type\":\"WebPage\",\"@id\":\"https:\/\/www.costabravafoods.com\/fr\/produit\/medaillons-de-dinde\/\",\"url\":\"https:\/\/www.costabravafoods.com\/fr\/produit\/medaillons-de-dinde\/\",\"name\":\"M\u00e9daillons de dinde\",\"isPartOf\":{\"@id\":\"https:\/\/www.costabravafoods.com\/#website\"},\"primaryImageOfPage\":{\"@id\":\"https:\/\/www.costabravafoods.com\/fr\/produit\/medaillons-de-dinde\/#primaryimage\"},\"image\":{\"@id\":\"https:\/\/www.costabravafoods.com\/fr\/produit\/medaillons-de-dinde\/#primaryimage\"},\"thumbnailUrl\":\"https:\/\/www.costabravafoods.com\/wp-content\/uploads\/2025\/07\/medallones-pavo-turkey-medallions.png\",\"datePublished\":\"2025-07-18T09:48:29+00:00\",\"dateModified\":\"2025-09-30T16:49:46+00:00\",\"description\":\"M\u00e9daillons de dinde, tendres et juteux, parfaits pour des repas l\u00e9gers et savoureux\",\"breadcrumb\":{\"@id\":\"https:\/\/www.costabravafoods.com\/fr\/produit\/medaillons-de-dinde\/#breadcrumb\"},\"inLanguage\":\"fr-FR\",\"potentialAction\":[{\"@type\":\"ReadAction\",\"target\":[\"https:\/\/www.costabravafoods.com\/fr\/produit\/medaillons-de-dinde\/\"]}]},{\"@type\":\"ImageObject\",\"inLanguage\":\"fr-FR\",\"@id\":\"https:\/\/www.costabravafoods.com\/fr\/produit\/medaillons-de-dinde\/#primaryimage\",\"url\":\"https:\/\/www.costabravafoods.com\/wp-content\/uploads\/2025\/07\/medallones-pavo-turkey-medallions.png\",\"contentUrl\":\"https:\/\/www.costabravafoods.com\/wp-content\/uploads\/2025\/07\/medallones-pavo-turkey-medallions.png\",\"width\":1000,\"height\":1000,\"caption\":\"M\u00e9daillons de dinde\"},{\"@type\":\"BreadcrumbList\",\"@id\":\"https:\/\/www.costabravafoods.com\/fr\/produit\/medaillons-de-dinde\/#breadcrumb\",\"itemListElement\":[{\"@type\":\"ListItem\",\"position\":1,\"name\":\"Portada\",\"item\":\"https:\/\/www.costabravafoods.com\/fr\/\"},{\"@type\":\"ListItem\",\"position\":2,\"name\":\"Produits\",\"item\":\"https:\/\/www.costabravafoods.com\/productos\/\"},{\"@type\":\"ListItem\",\"position\":3,\"name\":\"M\u00e9daillons de dinde\"}]},{\"@type\":\"WebSite\",\"@id\":\"https:\/\/www.costabravafoods.com\/#website\",\"url\":\"https:\/\/www.costabravafoods.com\/\",\"name\":\"Costa Brava Foods\",\"description\":\"\",\"potentialAction\":[{\"@type\":\"SearchAction\",\"target\":{\"@type\":\"EntryPoint\",\"urlTemplate\":\"https:\/\/www.costabravafoods.com\/?s={search_term_string}\"},\"query-input\":{\"@type\":\"PropertyValueSpecification\",\"valueRequired\":true,\"valueName\":\"search_term_string\"}}],\"inLanguage\":\"fr-FR\"}]}<\/script>\n<!-- \/ Yoast SEO plugin. -->","yoast_head_json":{"title":"M\u00e9daillons de dinde","description":"M\u00e9daillons de dinde, tendres et juteux, parfaits pour des repas l\u00e9gers et savoureux","robots":{"index":"index","follow":"follow","max-snippet":"max-snippet:-1","max-image-preview":"max-image-preview:large","max-video-preview":"max-video-preview:-1"},"canonical":"https:\/\/www.costabravafoods.com\/fr\/produit\/medaillons-de-dinde\/","og_locale":"fr_FR","og_type":"article","og_title":"M\u00e9daillons de dinde","og_description":"M\u00e9daillons de dinde, tendres et juteux, parfaits pour des repas l\u00e9gers et savoureux","og_url":"https:\/\/www.costabravafoods.com\/fr\/produit\/medaillons-de-dinde\/","og_site_name":"Costa Brava Foods","article_modified_time":"2025-09-30T16:49:46+00:00","og_image":[{"width":1000,"height":1000,"url":"https:\/\/www.costabravafoods.com\/wp-content\/uploads\/2025\/07\/medallones-pavo-turkey-medallions.png","type":"image\/png"}],"twitter_card":"summary_large_image","schema":{"@context":"https:\/\/schema.org","@graph":[{"@type":"WebPage","@id":"https:\/\/www.costabravafoods.com\/fr\/produit\/medaillons-de-dinde\/","url":"https:\/\/www.costabravafoods.com\/fr\/produit\/medaillons-de-dinde\/","name":"M\u00e9daillons de dinde","isPartOf":{"@id":"https:\/\/www.costabravafoods.com\/#website"},"primaryImageOfPage":{"@id":"https:\/\/www.costabravafoods.com\/fr\/produit\/medaillons-de-dinde\/#primaryimage"},"image":{"@id":"https:\/\/www.costabravafoods.com\/fr\/produit\/medaillons-de-dinde\/#primaryimage"},"thumbnailUrl":"https:\/\/www.costabravafoods.com\/wp-content\/uploads\/2025\/07\/medallones-pavo-turkey-medallions.png","datePublished":"2025-07-18T09:48:29+00:00","dateModified":"2025-09-30T16:49:46+00:00","description":"M\u00e9daillons de dinde, tendres et juteux, parfaits pour des repas l\u00e9gers et savoureux","breadcrumb":{"@id":"https:\/\/www.costabravafoods.com\/fr\/produit\/medaillons-de-dinde\/#breadcrumb"},"inLanguage":"fr-FR","potentialAction":[{"@type":"ReadAction","target":["https:\/\/www.costabravafoods.com\/fr\/produit\/medaillons-de-dinde\/"]}]},{"@type":"ImageObject","inLanguage":"fr-FR","@id":"https:\/\/www.costabravafoods.com\/fr\/produit\/medaillons-de-dinde\/#primaryimage","url":"https:\/\/www.costabravafoods.com\/wp-content\/uploads\/2025\/07\/medallones-pavo-turkey-medallions.png","contentUrl":"https:\/\/www.costabravafoods.com\/wp-content\/uploads\/2025\/07\/medallones-pavo-turkey-medallions.png","width":1000,"height":1000,"caption":"M\u00e9daillons de dinde"},{"@type":"BreadcrumbList","@id":"https:\/\/www.costabravafoods.com\/fr\/produit\/medaillons-de-dinde\/#breadcrumb","itemListElement":[{"@type":"ListItem","position":1,"name":"Portada","item":"https:\/\/www.costabravafoods.com\/fr\/"},{"@type":"ListItem","position":2,"name":"Produits","item":"https:\/\/www.costabravafoods.com\/productos\/"},{"@type":"ListItem","position":3,"name":"M\u00e9daillons de dinde"}]},{"@type":"WebSite","@id":"https:\/\/www.costabravafoods.com\/#website","url":"https:\/\/www.costabravafoods.com\/","name":"Costa Brava Foods","description":"","potentialAction":[{"@type":"SearchAction","target":{"@type":"EntryPoint","urlTemplate":"https:\/\/www.costabravafoods.com\/?s={search_term_string}"},"query-input":{"@type":"PropertyValueSpecification","valueRequired":true,"valueName":"search_term_string"}}],"inLanguage":"fr-FR"}]}},"_links":{"self":[{"href":"https:\/\/www.costabravafoods.com\/fr\/wp-json\/wp\/v2\/product\/32045","targetHints":{"allow":["GET"]}}],"collection":[{"href":"https:\/\/www.costabravafoods.com\/fr\/wp-json\/wp\/v2\/product"}],"about":[{"href":"https:\/\/www.costabravafoods.com\/fr\/wp-json\/wp\/v2\/types\/product"}],"wp:featuredmedia":[{"embeddable":true,"href":"https:\/\/www.costabravafoods.com\/fr\/wp-json\/wp\/v2\/media\/17451"}],"wp:attachment":[{"href":"https:\/\/www.costabravafoods.com\/fr\/wp-json\/wp\/v2\/media?parent=32045"}],"wp:term":[{"taxonomy":"product_brand","embeddable":true,"href":"https:\/\/www.costabravafoods.com\/fr\/wp-json\/wp\/v2\/product_brand?post=32045"},{"taxonomy":"product_cat","embeddable":true,"href":"https:\/\/www.costabravafoods.com\/fr\/wp-json\/wp\/v2\/product_cat?post=32045"},{"taxonomy":"product_tag","embeddable":true,"href":"https:\/\/www.costabravafoods.com\/fr\/wp-json\/wp\/v2\/product_tag?post=32045"},{"taxonomy":"corte_cerdo","embeddable":true,"href":"https:\/\/www.costabravafoods.com\/fr\/wp-json\/wp\/v2\/corte_cerdo?post=32045"},{"taxonomy":"corte_vacuno","embeddable":true,"href":"https:\/\/www.costabravafoods.com\/fr\/wp-json\/wp\/v2\/corte_vacuno?post=32045"},{"taxonomy":"fresh_retail","embeddable":true,"href":"https:\/\/www.costabravafoods.com\/fr\/wp-json\/wp\/v2\/fresh_retail?post=32045"},{"taxonomy":"conservacion","embeddable":true,"href":"https:\/\/www.costabravafoods.com\/fr\/wp-json\/wp\/v2\/conservacion?post=32045"},{"taxonomy":"envase","embeddable":true,"href":"https:\/\/www.costabravafoods.com\/fr\/wp-json\/wp\/v2\/envase?post=32045"},{"taxonomy":"tipo_corte","embeddable":true,"href":"https:\/\/www.costabravafoods.com\/fr\/wp-json\/wp\/v2\/tipo_corte?post=32045"}],"curies":[{"name":"wp","href":"https:\/\/api.w.org\/{rel}","templated":true}]}}