

{"id":32072,"date":"2025-07-19T12:53:49","date_gmt":"2025-07-19T10:53:49","guid":{"rendered":"https:\/\/www.costabravafoods.com\/producto\/plat-de-cotes-couvert\/"},"modified":"2025-09-30T18:50:14","modified_gmt":"2025-09-30T16:50:14","slug":"plat-de-cotes-couvert","status":"publish","type":"product","link":"https:\/\/www.costabravafoods.com\/fr\/produit\/plat-de-cotes-couvert\/","title":{"rendered":"Plat de c\u00f4tes couvert"},"content":{"rendered":"<p>Le plat de c\u00f4tes couvert est une pi\u00e8ce de b\u0153uf savoureuse et juteuse, r\u00e9put\u00e9e pour son persillage. Ce morceau comprend les huit c\u00f4tes arri\u00e8re du b\u0153uf et il est parfait pour faire des grillades, des barbecues ou des pot-au-feu.<\/p>\n","protected":false},"excerpt":{"rendered":"<p>Plat de c\u00f4tes couvert, pi\u00e8ce de b\u0153uf savoureuse et juteuse.<\/p>\n","protected":false},"featured_media":17667,"template":"","meta":[],"product_brand":[],"product_cat":[336,543,335],"product_tag":[],"corte_cerdo":[],"corte_vacuno":[339],"fresh_retail":[],"conservacion":[],"envase":[],"tipo_corte":[],"class_list":{"0":"post-32072","1":"product","2":"type-product","3":"status-publish","4":"has-post-thumbnail","6":"product_cat-boeuf","7":"product_cat-flanchet","8":"product_cat-fresh-fr","9":"corte_vacuno-flanchet","11":"first","12":"instock","13":"product-type-simple"},"yoast_head":"<!-- This site is optimized with the Yoast SEO plugin v27.2 - https:\/\/yoast.com\/product\/yoast-seo-wordpress\/ -->\n<title>Plat de c\u00f4tes couvert<\/title>\n<meta name=\"description\" content=\"Plat de c\u00f4tes couvert, pi\u00e8ce de b\u0153uf savoureuse et juteuse.\" \/>\n<meta name=\"robots\" content=\"index, follow, max-snippet:-1, max-image-preview:large, max-video-preview:-1\" \/>\n<link rel=\"canonical\" href=\"https:\/\/www.costabravafoods.com\/fr\/produit\/plat-de-cotes-couvert\/\" \/>\n<meta property=\"og:locale\" content=\"fr_FR\" \/>\n<meta property=\"og:type\" content=\"article\" \/>\n<meta property=\"og:title\" content=\"Plat de c\u00f4tes couvert\" \/>\n<meta property=\"og:description\" content=\"Plat de c\u00f4tes couvert, pi\u00e8ce de b\u0153uf savoureuse et juteuse.\" \/>\n<meta property=\"og:url\" content=\"https:\/\/www.costabravafoods.com\/fr\/produit\/plat-de-cotes-couvert\/\" \/>\n<meta property=\"og:site_name\" content=\"Costa Brava Foods\" \/>\n<meta property=\"article:modified_time\" content=\"2025-09-30T16:50:14+00:00\" \/>\n<meta property=\"og:image\" content=\"https:\/\/www.costabravafoods.com\/wp-content\/uploads\/2025\/07\/costilla-falda-beef-short-ribs.png\" \/>\n\t<meta property=\"og:image:width\" content=\"1000\" \/>\n\t<meta property=\"og:image:height\" content=\"1000\" \/>\n\t<meta property=\"og:image:type\" content=\"image\/png\" \/>\n<meta name=\"twitter:card\" content=\"summary_large_image\" \/>\n<script type=\"application\/ld+json\" class=\"yoast-schema-graph\">{\"@context\":\"https:\/\/schema.org\",\"@graph\":[{\"@type\":\"WebPage\",\"@id\":\"https:\/\/www.costabravafoods.com\/fr\/produit\/plat-de-cotes-couvert\/\",\"url\":\"https:\/\/www.costabravafoods.com\/fr\/produit\/plat-de-cotes-couvert\/\",\"name\":\"Plat de c\u00f4tes couvert\",\"isPartOf\":{\"@id\":\"https:\/\/www.costabravafoods.com\/#website\"},\"primaryImageOfPage\":{\"@id\":\"https:\/\/www.costabravafoods.com\/fr\/produit\/plat-de-cotes-couvert\/#primaryimage\"},\"image\":{\"@id\":\"https:\/\/www.costabravafoods.com\/fr\/produit\/plat-de-cotes-couvert\/#primaryimage\"},\"thumbnailUrl\":\"https:\/\/www.costabravafoods.com\/wp-content\/uploads\/2025\/07\/costilla-falda-beef-short-ribs.png\",\"datePublished\":\"2025-07-19T10:53:49+00:00\",\"dateModified\":\"2025-09-30T16:50:14+00:00\",\"description\":\"Plat de c\u00f4tes couvert, pi\u00e8ce de b\u0153uf savoureuse et juteuse.\",\"breadcrumb\":{\"@id\":\"https:\/\/www.costabravafoods.com\/fr\/produit\/plat-de-cotes-couvert\/#breadcrumb\"},\"inLanguage\":\"fr-FR\",\"potentialAction\":[{\"@type\":\"ReadAction\",\"target\":[\"https:\/\/www.costabravafoods.com\/fr\/produit\/plat-de-cotes-couvert\/\"]}]},{\"@type\":\"ImageObject\",\"inLanguage\":\"fr-FR\",\"@id\":\"https:\/\/www.costabravafoods.com\/fr\/produit\/plat-de-cotes-couvert\/#primaryimage\",\"url\":\"https:\/\/www.costabravafoods.com\/wp-content\/uploads\/2025\/07\/costilla-falda-beef-short-ribs.png\",\"contentUrl\":\"https:\/\/www.costabravafoods.com\/wp-content\/uploads\/2025\/07\/costilla-falda-beef-short-ribs.png\",\"width\":1000,\"height\":1000,\"caption\":\"Plat de c\u00f4tes couvert\"},{\"@type\":\"BreadcrumbList\",\"@id\":\"https:\/\/www.costabravafoods.com\/fr\/produit\/plat-de-cotes-couvert\/#breadcrumb\",\"itemListElement\":[{\"@type\":\"ListItem\",\"position\":1,\"name\":\"Portada\",\"item\":\"https:\/\/www.costabravafoods.com\/fr\/\"},{\"@type\":\"ListItem\",\"position\":2,\"name\":\"Produits\",\"item\":\"https:\/\/www.costabravafoods.com\/productos\/\"},{\"@type\":\"ListItem\",\"position\":3,\"name\":\"Plat de c\u00f4tes couvert\"}]},{\"@type\":\"WebSite\",\"@id\":\"https:\/\/www.costabravafoods.com\/#website\",\"url\":\"https:\/\/www.costabravafoods.com\/\",\"name\":\"Costa Brava Foods\",\"description\":\"\",\"potentialAction\":[{\"@type\":\"SearchAction\",\"target\":{\"@type\":\"EntryPoint\",\"urlTemplate\":\"https:\/\/www.costabravafoods.com\/?s={search_term_string}\"},\"query-input\":{\"@type\":\"PropertyValueSpecification\",\"valueRequired\":true,\"valueName\":\"search_term_string\"}}],\"inLanguage\":\"fr-FR\"}]}<\/script>\n<!-- \/ Yoast SEO plugin. -->","yoast_head_json":{"title":"Plat de c\u00f4tes couvert","description":"Plat de c\u00f4tes couvert, pi\u00e8ce de b\u0153uf savoureuse et juteuse.","robots":{"index":"index","follow":"follow","max-snippet":"max-snippet:-1","max-image-preview":"max-image-preview:large","max-video-preview":"max-video-preview:-1"},"canonical":"https:\/\/www.costabravafoods.com\/fr\/produit\/plat-de-cotes-couvert\/","og_locale":"fr_FR","og_type":"article","og_title":"Plat de c\u00f4tes couvert","og_description":"Plat de c\u00f4tes couvert, pi\u00e8ce de b\u0153uf savoureuse et juteuse.","og_url":"https:\/\/www.costabravafoods.com\/fr\/produit\/plat-de-cotes-couvert\/","og_site_name":"Costa Brava Foods","article_modified_time":"2025-09-30T16:50:14+00:00","og_image":[{"width":1000,"height":1000,"url":"https:\/\/www.costabravafoods.com\/wp-content\/uploads\/2025\/07\/costilla-falda-beef-short-ribs.png","type":"image\/png"}],"twitter_card":"summary_large_image","schema":{"@context":"https:\/\/schema.org","@graph":[{"@type":"WebPage","@id":"https:\/\/www.costabravafoods.com\/fr\/produit\/plat-de-cotes-couvert\/","url":"https:\/\/www.costabravafoods.com\/fr\/produit\/plat-de-cotes-couvert\/","name":"Plat de c\u00f4tes couvert","isPartOf":{"@id":"https:\/\/www.costabravafoods.com\/#website"},"primaryImageOfPage":{"@id":"https:\/\/www.costabravafoods.com\/fr\/produit\/plat-de-cotes-couvert\/#primaryimage"},"image":{"@id":"https:\/\/www.costabravafoods.com\/fr\/produit\/plat-de-cotes-couvert\/#primaryimage"},"thumbnailUrl":"https:\/\/www.costabravafoods.com\/wp-content\/uploads\/2025\/07\/costilla-falda-beef-short-ribs.png","datePublished":"2025-07-19T10:53:49+00:00","dateModified":"2025-09-30T16:50:14+00:00","description":"Plat de c\u00f4tes couvert, pi\u00e8ce de b\u0153uf savoureuse et juteuse.","breadcrumb":{"@id":"https:\/\/www.costabravafoods.com\/fr\/produit\/plat-de-cotes-couvert\/#breadcrumb"},"inLanguage":"fr-FR","potentialAction":[{"@type":"ReadAction","target":["https:\/\/www.costabravafoods.com\/fr\/produit\/plat-de-cotes-couvert\/"]}]},{"@type":"ImageObject","inLanguage":"fr-FR","@id":"https:\/\/www.costabravafoods.com\/fr\/produit\/plat-de-cotes-couvert\/#primaryimage","url":"https:\/\/www.costabravafoods.com\/wp-content\/uploads\/2025\/07\/costilla-falda-beef-short-ribs.png","contentUrl":"https:\/\/www.costabravafoods.com\/wp-content\/uploads\/2025\/07\/costilla-falda-beef-short-ribs.png","width":1000,"height":1000,"caption":"Plat de c\u00f4tes couvert"},{"@type":"BreadcrumbList","@id":"https:\/\/www.costabravafoods.com\/fr\/produit\/plat-de-cotes-couvert\/#breadcrumb","itemListElement":[{"@type":"ListItem","position":1,"name":"Portada","item":"https:\/\/www.costabravafoods.com\/fr\/"},{"@type":"ListItem","position":2,"name":"Produits","item":"https:\/\/www.costabravafoods.com\/productos\/"},{"@type":"ListItem","position":3,"name":"Plat de c\u00f4tes couvert"}]},{"@type":"WebSite","@id":"https:\/\/www.costabravafoods.com\/#website","url":"https:\/\/www.costabravafoods.com\/","name":"Costa Brava Foods","description":"","potentialAction":[{"@type":"SearchAction","target":{"@type":"EntryPoint","urlTemplate":"https:\/\/www.costabravafoods.com\/?s={search_term_string}"},"query-input":{"@type":"PropertyValueSpecification","valueRequired":true,"valueName":"search_term_string"}}],"inLanguage":"fr-FR"}]}},"_links":{"self":[{"href":"https:\/\/www.costabravafoods.com\/fr\/wp-json\/wp\/v2\/product\/32072","targetHints":{"allow":["GET"]}}],"collection":[{"href":"https:\/\/www.costabravafoods.com\/fr\/wp-json\/wp\/v2\/product"}],"about":[{"href":"https:\/\/www.costabravafoods.com\/fr\/wp-json\/wp\/v2\/types\/product"}],"wp:featuredmedia":[{"embeddable":true,"href":"https:\/\/www.costabravafoods.com\/fr\/wp-json\/wp\/v2\/media\/17667"}],"wp:attachment":[{"href":"https:\/\/www.costabravafoods.com\/fr\/wp-json\/wp\/v2\/media?parent=32072"}],"wp:term":[{"taxonomy":"product_brand","embeddable":true,"href":"https:\/\/www.costabravafoods.com\/fr\/wp-json\/wp\/v2\/product_brand?post=32072"},{"taxonomy":"product_cat","embeddable":true,"href":"https:\/\/www.costabravafoods.com\/fr\/wp-json\/wp\/v2\/product_cat?post=32072"},{"taxonomy":"product_tag","embeddable":true,"href":"https:\/\/www.costabravafoods.com\/fr\/wp-json\/wp\/v2\/product_tag?post=32072"},{"taxonomy":"corte_cerdo","embeddable":true,"href":"https:\/\/www.costabravafoods.com\/fr\/wp-json\/wp\/v2\/corte_cerdo?post=32072"},{"taxonomy":"corte_vacuno","embeddable":true,"href":"https:\/\/www.costabravafoods.com\/fr\/wp-json\/wp\/v2\/corte_vacuno?post=32072"},{"taxonomy":"fresh_retail","embeddable":true,"href":"https:\/\/www.costabravafoods.com\/fr\/wp-json\/wp\/v2\/fresh_retail?post=32072"},{"taxonomy":"conservacion","embeddable":true,"href":"https:\/\/www.costabravafoods.com\/fr\/wp-json\/wp\/v2\/conservacion?post=32072"},{"taxonomy":"envase","embeddable":true,"href":"https:\/\/www.costabravafoods.com\/fr\/wp-json\/wp\/v2\/envase?post=32072"},{"taxonomy":"tipo_corte","embeddable":true,"href":"https:\/\/www.costabravafoods.com\/fr\/wp-json\/wp\/v2\/tipo_corte?post=32072"}],"curies":[{"name":"wp","href":"https:\/\/api.w.org\/{rel}","templated":true}]}}