

{"id":32080,"date":"2025-07-19T12:53:58","date_gmt":"2025-07-19T10:53:58","guid":{"rendered":"https:\/\/www.costabravafoods.com\/producto\/jarret-arriere-avec-os\/"},"modified":"2025-09-30T18:50:22","modified_gmt":"2025-09-30T16:50:22","slug":"jarret-arriere-avec-os","status":"publish","type":"product","link":"https:\/\/www.costabravafoods.com\/fr\/produit\/jarret-arriere-avec-os\/","title":{"rendered":"Jarret arri\u00e8re avec os"},"content":{"rendered":"<p>Morceau de b\u0153uf situ\u00e9 dans le quartier arri\u00e8re, le jarret arri\u00e8re se caract\u00e9rise par sa tendret\u00e9 et son os central. Id\u00e9al pour les cuissons longues telles que les pot-au-feu, les rago\u00fbts et les plats brais\u00e9s.<\/p>\n","protected":false},"excerpt":{"rendered":"<p>Jarret arri\u00e8re, riche en collag\u00e8ne, viande tendre avec os central.<\/p>\n","protected":false},"featured_media":17724,"template":"","meta":[],"product_brand":[],"product_cat":[336,335,519],"product_tag":[],"corte_cerdo":[],"corte_vacuno":[340],"fresh_retail":[],"conservacion":[],"envase":[],"tipo_corte":[],"class_list":{"0":"post-32080","1":"product","2":"type-product","3":"status-publish","4":"has-post-thumbnail","6":"product_cat-boeuf","7":"product_cat-fresh-fr","8":"product_cat-quartier-arriere","9":"corte_vacuno-quartier-arriere","11":"first","12":"instock","13":"product-type-simple"},"yoast_head":"<!-- This site is optimized with the Yoast SEO plugin v27.2 - https:\/\/yoast.com\/product\/yoast-seo-wordpress\/ -->\n<title>Jarret arri\u00e8re avec os<\/title>\n<meta name=\"description\" content=\"Jarret arri\u00e8re, riche en collag\u00e8ne, viande tendre avec os central.\" \/>\n<meta name=\"robots\" content=\"index, follow, max-snippet:-1, max-image-preview:large, max-video-preview:-1\" \/>\n<link rel=\"canonical\" href=\"https:\/\/www.costabravafoods.com\/fr\/produit\/jarret-arriere-avec-os\/\" \/>\n<meta property=\"og:locale\" content=\"fr_FR\" \/>\n<meta property=\"og:type\" content=\"article\" \/>\n<meta property=\"og:title\" content=\"Jarret arri\u00e8re avec os\" \/>\n<meta property=\"og:description\" content=\"Jarret arri\u00e8re, riche en collag\u00e8ne, viande tendre avec os central.\" \/>\n<meta property=\"og:url\" content=\"https:\/\/www.costabravafoods.com\/fr\/produit\/jarret-arriere-avec-os\/\" \/>\n<meta property=\"og:site_name\" content=\"Costa Brava Foods\" \/>\n<meta property=\"article:modified_time\" content=\"2025-09-30T16:50:22+00:00\" \/>\n<meta property=\"og:image\" content=\"https:\/\/www.costabravafoods.com\/wp-content\/uploads\/2025\/07\/osobuco-hueso-hind-shank-bone.png\" \/>\n\t<meta property=\"og:image:width\" content=\"1000\" \/>\n\t<meta property=\"og:image:height\" content=\"1000\" \/>\n\t<meta property=\"og:image:type\" content=\"image\/png\" \/>\n<meta name=\"twitter:card\" content=\"summary_large_image\" \/>\n<script type=\"application\/ld+json\" class=\"yoast-schema-graph\">{\"@context\":\"https:\/\/schema.org\",\"@graph\":[{\"@type\":\"WebPage\",\"@id\":\"https:\/\/www.costabravafoods.com\/fr\/produit\/jarret-arriere-avec-os\/\",\"url\":\"https:\/\/www.costabravafoods.com\/fr\/produit\/jarret-arriere-avec-os\/\",\"name\":\"Jarret arri\u00e8re avec os\",\"isPartOf\":{\"@id\":\"https:\/\/www.costabravafoods.com\/#website\"},\"primaryImageOfPage\":{\"@id\":\"https:\/\/www.costabravafoods.com\/fr\/produit\/jarret-arriere-avec-os\/#primaryimage\"},\"image\":{\"@id\":\"https:\/\/www.costabravafoods.com\/fr\/produit\/jarret-arriere-avec-os\/#primaryimage\"},\"thumbnailUrl\":\"https:\/\/www.costabravafoods.com\/wp-content\/uploads\/2025\/07\/osobuco-hueso-hind-shank-bone.png\",\"datePublished\":\"2025-07-19T10:53:58+00:00\",\"dateModified\":\"2025-09-30T16:50:22+00:00\",\"description\":\"Jarret arri\u00e8re, riche en collag\u00e8ne, viande tendre avec os central.\",\"breadcrumb\":{\"@id\":\"https:\/\/www.costabravafoods.com\/fr\/produit\/jarret-arriere-avec-os\/#breadcrumb\"},\"inLanguage\":\"fr-FR\",\"potentialAction\":[{\"@type\":\"ReadAction\",\"target\":[\"https:\/\/www.costabravafoods.com\/fr\/produit\/jarret-arriere-avec-os\/\"]}]},{\"@type\":\"ImageObject\",\"inLanguage\":\"fr-FR\",\"@id\":\"https:\/\/www.costabravafoods.com\/fr\/produit\/jarret-arriere-avec-os\/#primaryimage\",\"url\":\"https:\/\/www.costabravafoods.com\/wp-content\/uploads\/2025\/07\/osobuco-hueso-hind-shank-bone.png\",\"contentUrl\":\"https:\/\/www.costabravafoods.com\/wp-content\/uploads\/2025\/07\/osobuco-hueso-hind-shank-bone.png\",\"width\":1000,\"height\":1000,\"caption\":\"Jarret arri\u00e8re\"},{\"@type\":\"BreadcrumbList\",\"@id\":\"https:\/\/www.costabravafoods.com\/fr\/produit\/jarret-arriere-avec-os\/#breadcrumb\",\"itemListElement\":[{\"@type\":\"ListItem\",\"position\":1,\"name\":\"Portada\",\"item\":\"https:\/\/www.costabravafoods.com\/fr\/\"},{\"@type\":\"ListItem\",\"position\":2,\"name\":\"Produits\",\"item\":\"https:\/\/www.costabravafoods.com\/productos\/\"},{\"@type\":\"ListItem\",\"position\":3,\"name\":\"Jarret arri\u00e8re avec os\"}]},{\"@type\":\"WebSite\",\"@id\":\"https:\/\/www.costabravafoods.com\/#website\",\"url\":\"https:\/\/www.costabravafoods.com\/\",\"name\":\"Costa Brava Foods\",\"description\":\"\",\"potentialAction\":[{\"@type\":\"SearchAction\",\"target\":{\"@type\":\"EntryPoint\",\"urlTemplate\":\"https:\/\/www.costabravafoods.com\/?s={search_term_string}\"},\"query-input\":{\"@type\":\"PropertyValueSpecification\",\"valueRequired\":true,\"valueName\":\"search_term_string\"}}],\"inLanguage\":\"fr-FR\"}]}<\/script>\n<!-- \/ Yoast SEO plugin. -->","yoast_head_json":{"title":"Jarret arri\u00e8re avec os","description":"Jarret arri\u00e8re, riche en collag\u00e8ne, viande tendre avec os central.","robots":{"index":"index","follow":"follow","max-snippet":"max-snippet:-1","max-image-preview":"max-image-preview:large","max-video-preview":"max-video-preview:-1"},"canonical":"https:\/\/www.costabravafoods.com\/fr\/produit\/jarret-arriere-avec-os\/","og_locale":"fr_FR","og_type":"article","og_title":"Jarret arri\u00e8re avec os","og_description":"Jarret arri\u00e8re, riche en collag\u00e8ne, viande tendre avec os central.","og_url":"https:\/\/www.costabravafoods.com\/fr\/produit\/jarret-arriere-avec-os\/","og_site_name":"Costa Brava Foods","article_modified_time":"2025-09-30T16:50:22+00:00","og_image":[{"width":1000,"height":1000,"url":"https:\/\/www.costabravafoods.com\/wp-content\/uploads\/2025\/07\/osobuco-hueso-hind-shank-bone.png","type":"image\/png"}],"twitter_card":"summary_large_image","schema":{"@context":"https:\/\/schema.org","@graph":[{"@type":"WebPage","@id":"https:\/\/www.costabravafoods.com\/fr\/produit\/jarret-arriere-avec-os\/","url":"https:\/\/www.costabravafoods.com\/fr\/produit\/jarret-arriere-avec-os\/","name":"Jarret arri\u00e8re avec os","isPartOf":{"@id":"https:\/\/www.costabravafoods.com\/#website"},"primaryImageOfPage":{"@id":"https:\/\/www.costabravafoods.com\/fr\/produit\/jarret-arriere-avec-os\/#primaryimage"},"image":{"@id":"https:\/\/www.costabravafoods.com\/fr\/produit\/jarret-arriere-avec-os\/#primaryimage"},"thumbnailUrl":"https:\/\/www.costabravafoods.com\/wp-content\/uploads\/2025\/07\/osobuco-hueso-hind-shank-bone.png","datePublished":"2025-07-19T10:53:58+00:00","dateModified":"2025-09-30T16:50:22+00:00","description":"Jarret arri\u00e8re, riche en collag\u00e8ne, viande tendre avec os central.","breadcrumb":{"@id":"https:\/\/www.costabravafoods.com\/fr\/produit\/jarret-arriere-avec-os\/#breadcrumb"},"inLanguage":"fr-FR","potentialAction":[{"@type":"ReadAction","target":["https:\/\/www.costabravafoods.com\/fr\/produit\/jarret-arriere-avec-os\/"]}]},{"@type":"ImageObject","inLanguage":"fr-FR","@id":"https:\/\/www.costabravafoods.com\/fr\/produit\/jarret-arriere-avec-os\/#primaryimage","url":"https:\/\/www.costabravafoods.com\/wp-content\/uploads\/2025\/07\/osobuco-hueso-hind-shank-bone.png","contentUrl":"https:\/\/www.costabravafoods.com\/wp-content\/uploads\/2025\/07\/osobuco-hueso-hind-shank-bone.png","width":1000,"height":1000,"caption":"Jarret arri\u00e8re"},{"@type":"BreadcrumbList","@id":"https:\/\/www.costabravafoods.com\/fr\/produit\/jarret-arriere-avec-os\/#breadcrumb","itemListElement":[{"@type":"ListItem","position":1,"name":"Portada","item":"https:\/\/www.costabravafoods.com\/fr\/"},{"@type":"ListItem","position":2,"name":"Produits","item":"https:\/\/www.costabravafoods.com\/productos\/"},{"@type":"ListItem","position":3,"name":"Jarret arri\u00e8re avec os"}]},{"@type":"WebSite","@id":"https:\/\/www.costabravafoods.com\/#website","url":"https:\/\/www.costabravafoods.com\/","name":"Costa Brava Foods","description":"","potentialAction":[{"@type":"SearchAction","target":{"@type":"EntryPoint","urlTemplate":"https:\/\/www.costabravafoods.com\/?s={search_term_string}"},"query-input":{"@type":"PropertyValueSpecification","valueRequired":true,"valueName":"search_term_string"}}],"inLanguage":"fr-FR"}]}},"_links":{"self":[{"href":"https:\/\/www.costabravafoods.com\/fr\/wp-json\/wp\/v2\/product\/32080","targetHints":{"allow":["GET"]}}],"collection":[{"href":"https:\/\/www.costabravafoods.com\/fr\/wp-json\/wp\/v2\/product"}],"about":[{"href":"https:\/\/www.costabravafoods.com\/fr\/wp-json\/wp\/v2\/types\/product"}],"wp:featuredmedia":[{"embeddable":true,"href":"https:\/\/www.costabravafoods.com\/fr\/wp-json\/wp\/v2\/media\/17724"}],"wp:attachment":[{"href":"https:\/\/www.costabravafoods.com\/fr\/wp-json\/wp\/v2\/media?parent=32080"}],"wp:term":[{"taxonomy":"product_brand","embeddable":true,"href":"https:\/\/www.costabravafoods.com\/fr\/wp-json\/wp\/v2\/product_brand?post=32080"},{"taxonomy":"product_cat","embeddable":true,"href":"https:\/\/www.costabravafoods.com\/fr\/wp-json\/wp\/v2\/product_cat?post=32080"},{"taxonomy":"product_tag","embeddable":true,"href":"https:\/\/www.costabravafoods.com\/fr\/wp-json\/wp\/v2\/product_tag?post=32080"},{"taxonomy":"corte_cerdo","embeddable":true,"href":"https:\/\/www.costabravafoods.com\/fr\/wp-json\/wp\/v2\/corte_cerdo?post=32080"},{"taxonomy":"corte_vacuno","embeddable":true,"href":"https:\/\/www.costabravafoods.com\/fr\/wp-json\/wp\/v2\/corte_vacuno?post=32080"},{"taxonomy":"fresh_retail","embeddable":true,"href":"https:\/\/www.costabravafoods.com\/fr\/wp-json\/wp\/v2\/fresh_retail?post=32080"},{"taxonomy":"conservacion","embeddable":true,"href":"https:\/\/www.costabravafoods.com\/fr\/wp-json\/wp\/v2\/conservacion?post=32080"},{"taxonomy":"envase","embeddable":true,"href":"https:\/\/www.costabravafoods.com\/fr\/wp-json\/wp\/v2\/envase?post=32080"},{"taxonomy":"tipo_corte","embeddable":true,"href":"https:\/\/www.costabravafoods.com\/fr\/wp-json\/wp\/v2\/tipo_corte?post=32080"}],"curies":[{"name":"wp","href":"https:\/\/api.w.org\/{rel}","templated":true}]}}