

{"id":32086,"date":"2025-07-19T12:53:58","date_gmt":"2025-07-19T10:53:58","guid":{"rendered":"https:\/\/www.costabravafoods.com\/producto\/carre-de-cotes-avec-filet\/"},"modified":"2025-09-30T18:50:30","modified_gmt":"2025-09-30T16:50:30","slug":"carre-de-cotes-avec-filet","status":"publish","type":"product","link":"https:\/\/www.costabravafoods.com\/fr\/produit\/carre-de-cotes-avec-filet\/","title":{"rendered":"Carr\u00e9 de c\u00f4tes avec filet"},"content":{"rendered":"<p>Carr\u00e9 de c\u00f4tes avec filet, morceau situ\u00e9 dans la partie dorsale du b\u0153uf. Il s\u2019agit d\u2019une pi\u00e8ce tendre, juteuse et savoureuse, parfaite pour des grillades. C\u2019est de ce morceau que provient le T-bone.<\/p>\n","protected":false},"excerpt":{"rendered":"<p>Carr\u00e9 de c\u00f4tes avec filet, morceau tendre parfait pour des grillades.<\/p>\n","protected":false},"featured_media":17772,"template":"","meta":[],"product_brand":[],"product_cat":[336,531,335],"product_tag":[],"corte_cerdo":[],"corte_vacuno":[341],"fresh_retail":[],"conservacion":[],"envase":[],"tipo_corte":[],"class_list":{"0":"post-32086","1":"product","2":"type-product","3":"status-publish","4":"has-post-thumbnail","6":"product_cat-boeuf","7":"product_cat-carre-de-cotes","8":"product_cat-fresh-fr","9":"corte_vacuno-carre-de-cotes","11":"first","12":"instock","13":"product-type-simple"},"yoast_head":"<!-- This site is optimized with the Yoast SEO plugin v27.2 - https:\/\/yoast.com\/product\/yoast-seo-wordpress\/ -->\n<title>Carr\u00e9 de c\u00f4tes avec filet<\/title>\n<meta name=\"description\" content=\"Carr\u00e9 de c\u00f4tes avec filet, morceau tendre parfait pour des grillades.\" \/>\n<meta name=\"robots\" content=\"index, follow, max-snippet:-1, max-image-preview:large, max-video-preview:-1\" \/>\n<link rel=\"canonical\" href=\"https:\/\/www.costabravafoods.com\/fr\/produit\/carre-de-cotes-avec-filet\/\" \/>\n<meta property=\"og:locale\" content=\"fr_FR\" \/>\n<meta property=\"og:type\" content=\"article\" \/>\n<meta property=\"og:title\" content=\"Carr\u00e9 de c\u00f4tes avec filet\" \/>\n<meta property=\"og:description\" content=\"Carr\u00e9 de c\u00f4tes avec filet, morceau tendre parfait pour des grillades.\" \/>\n<meta property=\"og:url\" content=\"https:\/\/www.costabravafoods.com\/fr\/produit\/carre-de-cotes-avec-filet\/\" \/>\n<meta property=\"og:site_name\" content=\"Costa Brava Foods\" \/>\n<meta property=\"article:modified_time\" content=\"2025-09-30T16:50:30+00:00\" \/>\n<meta property=\"og:image\" content=\"https:\/\/www.costabravafoods.com\/wp-content\/uploads\/2025\/07\/chuletero-solomillo-loin-tenderloin.png\" \/>\n\t<meta property=\"og:image:width\" content=\"1000\" \/>\n\t<meta property=\"og:image:height\" content=\"1000\" \/>\n\t<meta property=\"og:image:type\" content=\"image\/png\" \/>\n<meta name=\"twitter:card\" content=\"summary_large_image\" \/>\n<script type=\"application\/ld+json\" class=\"yoast-schema-graph\">{\"@context\":\"https:\/\/schema.org\",\"@graph\":[{\"@type\":\"WebPage\",\"@id\":\"https:\/\/www.costabravafoods.com\/fr\/produit\/carre-de-cotes-avec-filet\/\",\"url\":\"https:\/\/www.costabravafoods.com\/fr\/produit\/carre-de-cotes-avec-filet\/\",\"name\":\"Carr\u00e9 de c\u00f4tes avec filet\",\"isPartOf\":{\"@id\":\"https:\/\/www.costabravafoods.com\/#website\"},\"primaryImageOfPage\":{\"@id\":\"https:\/\/www.costabravafoods.com\/fr\/produit\/carre-de-cotes-avec-filet\/#primaryimage\"},\"image\":{\"@id\":\"https:\/\/www.costabravafoods.com\/fr\/produit\/carre-de-cotes-avec-filet\/#primaryimage\"},\"thumbnailUrl\":\"https:\/\/www.costabravafoods.com\/wp-content\/uploads\/2025\/07\/chuletero-solomillo-loin-tenderloin.png\",\"datePublished\":\"2025-07-19T10:53:58+00:00\",\"dateModified\":\"2025-09-30T16:50:30+00:00\",\"description\":\"Carr\u00e9 de c\u00f4tes avec filet, morceau tendre parfait pour des grillades.\",\"breadcrumb\":{\"@id\":\"https:\/\/www.costabravafoods.com\/fr\/produit\/carre-de-cotes-avec-filet\/#breadcrumb\"},\"inLanguage\":\"fr-FR\",\"potentialAction\":[{\"@type\":\"ReadAction\",\"target\":[\"https:\/\/www.costabravafoods.com\/fr\/produit\/carre-de-cotes-avec-filet\/\"]}]},{\"@type\":\"ImageObject\",\"inLanguage\":\"fr-FR\",\"@id\":\"https:\/\/www.costabravafoods.com\/fr\/produit\/carre-de-cotes-avec-filet\/#primaryimage\",\"url\":\"https:\/\/www.costabravafoods.com\/wp-content\/uploads\/2025\/07\/chuletero-solomillo-loin-tenderloin.png\",\"contentUrl\":\"https:\/\/www.costabravafoods.com\/wp-content\/uploads\/2025\/07\/chuletero-solomillo-loin-tenderloin.png\",\"width\":1000,\"height\":1000,\"caption\":\"Carr\u00e9 de c\u00f4tes avec filet\"},{\"@type\":\"BreadcrumbList\",\"@id\":\"https:\/\/www.costabravafoods.com\/fr\/produit\/carre-de-cotes-avec-filet\/#breadcrumb\",\"itemListElement\":[{\"@type\":\"ListItem\",\"position\":1,\"name\":\"Portada\",\"item\":\"https:\/\/www.costabravafoods.com\/fr\/\"},{\"@type\":\"ListItem\",\"position\":2,\"name\":\"Produits\",\"item\":\"https:\/\/www.costabravafoods.com\/productos\/\"},{\"@type\":\"ListItem\",\"position\":3,\"name\":\"Carr\u00e9 de c\u00f4tes avec filet\"}]},{\"@type\":\"WebSite\",\"@id\":\"https:\/\/www.costabravafoods.com\/#website\",\"url\":\"https:\/\/www.costabravafoods.com\/\",\"name\":\"Costa Brava Foods\",\"description\":\"\",\"potentialAction\":[{\"@type\":\"SearchAction\",\"target\":{\"@type\":\"EntryPoint\",\"urlTemplate\":\"https:\/\/www.costabravafoods.com\/?s={search_term_string}\"},\"query-input\":{\"@type\":\"PropertyValueSpecification\",\"valueRequired\":true,\"valueName\":\"search_term_string\"}}],\"inLanguage\":\"fr-FR\"}]}<\/script>\n<!-- \/ Yoast SEO plugin. -->","yoast_head_json":{"title":"Carr\u00e9 de c\u00f4tes avec filet","description":"Carr\u00e9 de c\u00f4tes avec filet, morceau tendre parfait pour des grillades.","robots":{"index":"index","follow":"follow","max-snippet":"max-snippet:-1","max-image-preview":"max-image-preview:large","max-video-preview":"max-video-preview:-1"},"canonical":"https:\/\/www.costabravafoods.com\/fr\/produit\/carre-de-cotes-avec-filet\/","og_locale":"fr_FR","og_type":"article","og_title":"Carr\u00e9 de c\u00f4tes avec filet","og_description":"Carr\u00e9 de c\u00f4tes avec filet, morceau tendre parfait pour des grillades.","og_url":"https:\/\/www.costabravafoods.com\/fr\/produit\/carre-de-cotes-avec-filet\/","og_site_name":"Costa Brava Foods","article_modified_time":"2025-09-30T16:50:30+00:00","og_image":[{"width":1000,"height":1000,"url":"https:\/\/www.costabravafoods.com\/wp-content\/uploads\/2025\/07\/chuletero-solomillo-loin-tenderloin.png","type":"image\/png"}],"twitter_card":"summary_large_image","schema":{"@context":"https:\/\/schema.org","@graph":[{"@type":"WebPage","@id":"https:\/\/www.costabravafoods.com\/fr\/produit\/carre-de-cotes-avec-filet\/","url":"https:\/\/www.costabravafoods.com\/fr\/produit\/carre-de-cotes-avec-filet\/","name":"Carr\u00e9 de c\u00f4tes avec filet","isPartOf":{"@id":"https:\/\/www.costabravafoods.com\/#website"},"primaryImageOfPage":{"@id":"https:\/\/www.costabravafoods.com\/fr\/produit\/carre-de-cotes-avec-filet\/#primaryimage"},"image":{"@id":"https:\/\/www.costabravafoods.com\/fr\/produit\/carre-de-cotes-avec-filet\/#primaryimage"},"thumbnailUrl":"https:\/\/www.costabravafoods.com\/wp-content\/uploads\/2025\/07\/chuletero-solomillo-loin-tenderloin.png","datePublished":"2025-07-19T10:53:58+00:00","dateModified":"2025-09-30T16:50:30+00:00","description":"Carr\u00e9 de c\u00f4tes avec filet, morceau tendre parfait pour des grillades.","breadcrumb":{"@id":"https:\/\/www.costabravafoods.com\/fr\/produit\/carre-de-cotes-avec-filet\/#breadcrumb"},"inLanguage":"fr-FR","potentialAction":[{"@type":"ReadAction","target":["https:\/\/www.costabravafoods.com\/fr\/produit\/carre-de-cotes-avec-filet\/"]}]},{"@type":"ImageObject","inLanguage":"fr-FR","@id":"https:\/\/www.costabravafoods.com\/fr\/produit\/carre-de-cotes-avec-filet\/#primaryimage","url":"https:\/\/www.costabravafoods.com\/wp-content\/uploads\/2025\/07\/chuletero-solomillo-loin-tenderloin.png","contentUrl":"https:\/\/www.costabravafoods.com\/wp-content\/uploads\/2025\/07\/chuletero-solomillo-loin-tenderloin.png","width":1000,"height":1000,"caption":"Carr\u00e9 de c\u00f4tes avec filet"},{"@type":"BreadcrumbList","@id":"https:\/\/www.costabravafoods.com\/fr\/produit\/carre-de-cotes-avec-filet\/#breadcrumb","itemListElement":[{"@type":"ListItem","position":1,"name":"Portada","item":"https:\/\/www.costabravafoods.com\/fr\/"},{"@type":"ListItem","position":2,"name":"Produits","item":"https:\/\/www.costabravafoods.com\/productos\/"},{"@type":"ListItem","position":3,"name":"Carr\u00e9 de c\u00f4tes avec filet"}]},{"@type":"WebSite","@id":"https:\/\/www.costabravafoods.com\/#website","url":"https:\/\/www.costabravafoods.com\/","name":"Costa Brava Foods","description":"","potentialAction":[{"@type":"SearchAction","target":{"@type":"EntryPoint","urlTemplate":"https:\/\/www.costabravafoods.com\/?s={search_term_string}"},"query-input":{"@type":"PropertyValueSpecification","valueRequired":true,"valueName":"search_term_string"}}],"inLanguage":"fr-FR"}]}},"_links":{"self":[{"href":"https:\/\/www.costabravafoods.com\/fr\/wp-json\/wp\/v2\/product\/32086","targetHints":{"allow":["GET"]}}],"collection":[{"href":"https:\/\/www.costabravafoods.com\/fr\/wp-json\/wp\/v2\/product"}],"about":[{"href":"https:\/\/www.costabravafoods.com\/fr\/wp-json\/wp\/v2\/types\/product"}],"wp:featuredmedia":[{"embeddable":true,"href":"https:\/\/www.costabravafoods.com\/fr\/wp-json\/wp\/v2\/media\/17772"}],"wp:attachment":[{"href":"https:\/\/www.costabravafoods.com\/fr\/wp-json\/wp\/v2\/media?parent=32086"}],"wp:term":[{"taxonomy":"product_brand","embeddable":true,"href":"https:\/\/www.costabravafoods.com\/fr\/wp-json\/wp\/v2\/product_brand?post=32086"},{"taxonomy":"product_cat","embeddable":true,"href":"https:\/\/www.costabravafoods.com\/fr\/wp-json\/wp\/v2\/product_cat?post=32086"},{"taxonomy":"product_tag","embeddable":true,"href":"https:\/\/www.costabravafoods.com\/fr\/wp-json\/wp\/v2\/product_tag?post=32086"},{"taxonomy":"corte_cerdo","embeddable":true,"href":"https:\/\/www.costabravafoods.com\/fr\/wp-json\/wp\/v2\/corte_cerdo?post=32086"},{"taxonomy":"corte_vacuno","embeddable":true,"href":"https:\/\/www.costabravafoods.com\/fr\/wp-json\/wp\/v2\/corte_vacuno?post=32086"},{"taxonomy":"fresh_retail","embeddable":true,"href":"https:\/\/www.costabravafoods.com\/fr\/wp-json\/wp\/v2\/fresh_retail?post=32086"},{"taxonomy":"conservacion","embeddable":true,"href":"https:\/\/www.costabravafoods.com\/fr\/wp-json\/wp\/v2\/conservacion?post=32086"},{"taxonomy":"envase","embeddable":true,"href":"https:\/\/www.costabravafoods.com\/fr\/wp-json\/wp\/v2\/envase?post=32086"},{"taxonomy":"tipo_corte","embeddable":true,"href":"https:\/\/www.costabravafoods.com\/fr\/wp-json\/wp\/v2\/tipo_corte?post=32086"}],"curies":[{"name":"wp","href":"https:\/\/api.w.org\/{rel}","templated":true}]}}