

{"id":32096,"date":"2025-07-18T11:53:10","date_gmt":"2025-07-18T09:53:10","guid":{"rendered":"https:\/\/www.costabravafoods.com\/producto\/cote-de-boeuf-800-g\/"},"modified":"2025-09-30T18:50:39","modified_gmt":"2025-09-30T16:50:39","slug":"cote-de-boeuf-800-g","status":"publish","type":"product","link":"https:\/\/www.costabravafoods.com\/fr\/produit\/cote-de-boeuf-800-g\/","title":{"rendered":"C\u00f4te de b\u0153uf 800\u00a0g"},"content":{"rendered":"<p>C\u00f4te de b\u0153uf de 800\u00a0g Provenant du milieu de train de c\u00f4tes du b\u0153uf, la c\u00f4te se caract\u00e9rise par son aspect juteux et tendre et son persillage sur toute la pi\u00e8ce. Id\u00e9al pour une cuisson \u00e0 la po\u00eale ou des grillades.<\/p>\n","protected":false},"excerpt":{"rendered":"<p>C\u00f4te de b\u0153uf de 800\u00a0g, juteuse, tendre et persill\u00e9e.<\/p>\n","protected":false},"featured_media":17852,"template":"","meta":[],"product_brand":[],"product_cat":[335,342],"product_tag":[],"corte_cerdo":[],"corte_vacuno":[],"fresh_retail":[343],"conservacion":[],"envase":[344],"tipo_corte":[],"class_list":{"0":"post-32096","1":"product","2":"type-product","3":"status-publish","4":"has-post-thumbnail","6":"product_cat-fresh-fr","7":"product_cat-retail-fr","8":"fresh_retail-boeuf","9":"envase-sous-vide","11":"first","12":"instock","13":"product-type-simple"},"yoast_head":"<!-- This site is optimized with the Yoast SEO plugin v27.2 - https:\/\/yoast.com\/product\/yoast-seo-wordpress\/ -->\n<title>C\u00f4te de b\u0153uf 800\u00a0g<\/title>\n<meta name=\"description\" content=\"C\u00f4te de b\u0153uf de 800\u00a0g, juteuse, tendre et persill\u00e9e.\" \/>\n<meta name=\"robots\" content=\"index, follow, max-snippet:-1, max-image-preview:large, max-video-preview:-1\" \/>\n<link rel=\"canonical\" href=\"https:\/\/www.costabravafoods.com\/fr\/produit\/cote-de-boeuf-800-g\/\" \/>\n<meta property=\"og:locale\" content=\"fr_FR\" \/>\n<meta property=\"og:type\" content=\"article\" \/>\n<meta property=\"og:title\" content=\"C\u00f4te de b\u0153uf 800\u00a0g\" \/>\n<meta property=\"og:description\" content=\"C\u00f4te de b\u0153uf de 800\u00a0g, juteuse, tendre et persill\u00e9e.\" \/>\n<meta property=\"og:url\" content=\"https:\/\/www.costabravafoods.com\/fr\/produit\/cote-de-boeuf-800-g\/\" \/>\n<meta property=\"og:site_name\" content=\"Costa Brava Foods\" \/>\n<meta property=\"article:modified_time\" content=\"2025-09-30T16:50:39+00:00\" \/>\n<meta property=\"og:image\" content=\"https:\/\/www.costabravafoods.com\/wp-content\/uploads\/2025\/07\/chuleton-hueso-800-steak-ribeye-bone.png\" \/>\n\t<meta property=\"og:image:width\" content=\"1000\" \/>\n\t<meta property=\"og:image:height\" content=\"1000\" \/>\n\t<meta property=\"og:image:type\" content=\"image\/png\" \/>\n<meta name=\"twitter:card\" content=\"summary_large_image\" \/>\n<script type=\"application\/ld+json\" class=\"yoast-schema-graph\">{\"@context\":\"https:\/\/schema.org\",\"@graph\":[{\"@type\":\"WebPage\",\"@id\":\"https:\/\/www.costabravafoods.com\/fr\/produit\/cote-de-boeuf-800-g\/\",\"url\":\"https:\/\/www.costabravafoods.com\/fr\/produit\/cote-de-boeuf-800-g\/\",\"name\":\"C\u00f4te de b\u0153uf 800\u00a0g\",\"isPartOf\":{\"@id\":\"https:\/\/www.costabravafoods.com\/#website\"},\"primaryImageOfPage\":{\"@id\":\"https:\/\/www.costabravafoods.com\/fr\/produit\/cote-de-boeuf-800-g\/#primaryimage\"},\"image\":{\"@id\":\"https:\/\/www.costabravafoods.com\/fr\/produit\/cote-de-boeuf-800-g\/#primaryimage\"},\"thumbnailUrl\":\"https:\/\/www.costabravafoods.com\/wp-content\/uploads\/2025\/07\/chuleton-hueso-800-steak-ribeye-bone.png\",\"datePublished\":\"2025-07-18T09:53:10+00:00\",\"dateModified\":\"2025-09-30T16:50:39+00:00\",\"description\":\"C\u00f4te de b\u0153uf de 800\u00a0g, juteuse, tendre et persill\u00e9e.\",\"breadcrumb\":{\"@id\":\"https:\/\/www.costabravafoods.com\/fr\/produit\/cote-de-boeuf-800-g\/#breadcrumb\"},\"inLanguage\":\"fr-FR\",\"potentialAction\":[{\"@type\":\"ReadAction\",\"target\":[\"https:\/\/www.costabravafoods.com\/fr\/produit\/cote-de-boeuf-800-g\/\"]}]},{\"@type\":\"ImageObject\",\"inLanguage\":\"fr-FR\",\"@id\":\"https:\/\/www.costabravafoods.com\/fr\/produit\/cote-de-boeuf-800-g\/#primaryimage\",\"url\":\"https:\/\/www.costabravafoods.com\/wp-content\/uploads\/2025\/07\/chuleton-hueso-800-steak-ribeye-bone.png\",\"contentUrl\":\"https:\/\/www.costabravafoods.com\/wp-content\/uploads\/2025\/07\/chuleton-hueso-800-steak-ribeye-bone.png\",\"width\":1000,\"height\":1000,\"caption\":\"C\u00f4te de b\u0153uf de 800\u00a0g\"},{\"@type\":\"BreadcrumbList\",\"@id\":\"https:\/\/www.costabravafoods.com\/fr\/produit\/cote-de-boeuf-800-g\/#breadcrumb\",\"itemListElement\":[{\"@type\":\"ListItem\",\"position\":1,\"name\":\"Portada\",\"item\":\"https:\/\/www.costabravafoods.com\/fr\/\"},{\"@type\":\"ListItem\",\"position\":2,\"name\":\"Produits\",\"item\":\"https:\/\/www.costabravafoods.com\/productos\/\"},{\"@type\":\"ListItem\",\"position\":3,\"name\":\"C\u00f4te de b\u0153uf 800\u00a0g\"}]},{\"@type\":\"WebSite\",\"@id\":\"https:\/\/www.costabravafoods.com\/#website\",\"url\":\"https:\/\/www.costabravafoods.com\/\",\"name\":\"Costa Brava Foods\",\"description\":\"\",\"potentialAction\":[{\"@type\":\"SearchAction\",\"target\":{\"@type\":\"EntryPoint\",\"urlTemplate\":\"https:\/\/www.costabravafoods.com\/?s={search_term_string}\"},\"query-input\":{\"@type\":\"PropertyValueSpecification\",\"valueRequired\":true,\"valueName\":\"search_term_string\"}}],\"inLanguage\":\"fr-FR\"}]}<\/script>\n<!-- \/ Yoast SEO plugin. -->","yoast_head_json":{"title":"C\u00f4te de b\u0153uf 800\u00a0g","description":"C\u00f4te de b\u0153uf de 800\u00a0g, juteuse, tendre et persill\u00e9e.","robots":{"index":"index","follow":"follow","max-snippet":"max-snippet:-1","max-image-preview":"max-image-preview:large","max-video-preview":"max-video-preview:-1"},"canonical":"https:\/\/www.costabravafoods.com\/fr\/produit\/cote-de-boeuf-800-g\/","og_locale":"fr_FR","og_type":"article","og_title":"C\u00f4te de b\u0153uf 800\u00a0g","og_description":"C\u00f4te de b\u0153uf de 800\u00a0g, juteuse, tendre et persill\u00e9e.","og_url":"https:\/\/www.costabravafoods.com\/fr\/produit\/cote-de-boeuf-800-g\/","og_site_name":"Costa Brava Foods","article_modified_time":"2025-09-30T16:50:39+00:00","og_image":[{"width":1000,"height":1000,"url":"https:\/\/www.costabravafoods.com\/wp-content\/uploads\/2025\/07\/chuleton-hueso-800-steak-ribeye-bone.png","type":"image\/png"}],"twitter_card":"summary_large_image","schema":{"@context":"https:\/\/schema.org","@graph":[{"@type":"WebPage","@id":"https:\/\/www.costabravafoods.com\/fr\/produit\/cote-de-boeuf-800-g\/","url":"https:\/\/www.costabravafoods.com\/fr\/produit\/cote-de-boeuf-800-g\/","name":"C\u00f4te de b\u0153uf 800\u00a0g","isPartOf":{"@id":"https:\/\/www.costabravafoods.com\/#website"},"primaryImageOfPage":{"@id":"https:\/\/www.costabravafoods.com\/fr\/produit\/cote-de-boeuf-800-g\/#primaryimage"},"image":{"@id":"https:\/\/www.costabravafoods.com\/fr\/produit\/cote-de-boeuf-800-g\/#primaryimage"},"thumbnailUrl":"https:\/\/www.costabravafoods.com\/wp-content\/uploads\/2025\/07\/chuleton-hueso-800-steak-ribeye-bone.png","datePublished":"2025-07-18T09:53:10+00:00","dateModified":"2025-09-30T16:50:39+00:00","description":"C\u00f4te de b\u0153uf de 800\u00a0g, juteuse, tendre et persill\u00e9e.","breadcrumb":{"@id":"https:\/\/www.costabravafoods.com\/fr\/produit\/cote-de-boeuf-800-g\/#breadcrumb"},"inLanguage":"fr-FR","potentialAction":[{"@type":"ReadAction","target":["https:\/\/www.costabravafoods.com\/fr\/produit\/cote-de-boeuf-800-g\/"]}]},{"@type":"ImageObject","inLanguage":"fr-FR","@id":"https:\/\/www.costabravafoods.com\/fr\/produit\/cote-de-boeuf-800-g\/#primaryimage","url":"https:\/\/www.costabravafoods.com\/wp-content\/uploads\/2025\/07\/chuleton-hueso-800-steak-ribeye-bone.png","contentUrl":"https:\/\/www.costabravafoods.com\/wp-content\/uploads\/2025\/07\/chuleton-hueso-800-steak-ribeye-bone.png","width":1000,"height":1000,"caption":"C\u00f4te de b\u0153uf de 800\u00a0g"},{"@type":"BreadcrumbList","@id":"https:\/\/www.costabravafoods.com\/fr\/produit\/cote-de-boeuf-800-g\/#breadcrumb","itemListElement":[{"@type":"ListItem","position":1,"name":"Portada","item":"https:\/\/www.costabravafoods.com\/fr\/"},{"@type":"ListItem","position":2,"name":"Produits","item":"https:\/\/www.costabravafoods.com\/productos\/"},{"@type":"ListItem","position":3,"name":"C\u00f4te de b\u0153uf 800\u00a0g"}]},{"@type":"WebSite","@id":"https:\/\/www.costabravafoods.com\/#website","url":"https:\/\/www.costabravafoods.com\/","name":"Costa Brava Foods","description":"","potentialAction":[{"@type":"SearchAction","target":{"@type":"EntryPoint","urlTemplate":"https:\/\/www.costabravafoods.com\/?s={search_term_string}"},"query-input":{"@type":"PropertyValueSpecification","valueRequired":true,"valueName":"search_term_string"}}],"inLanguage":"fr-FR"}]}},"_links":{"self":[{"href":"https:\/\/www.costabravafoods.com\/fr\/wp-json\/wp\/v2\/product\/32096","targetHints":{"allow":["GET"]}}],"collection":[{"href":"https:\/\/www.costabravafoods.com\/fr\/wp-json\/wp\/v2\/product"}],"about":[{"href":"https:\/\/www.costabravafoods.com\/fr\/wp-json\/wp\/v2\/types\/product"}],"wp:featuredmedia":[{"embeddable":true,"href":"https:\/\/www.costabravafoods.com\/fr\/wp-json\/wp\/v2\/media\/17852"}],"wp:attachment":[{"href":"https:\/\/www.costabravafoods.com\/fr\/wp-json\/wp\/v2\/media?parent=32096"}],"wp:term":[{"taxonomy":"product_brand","embeddable":true,"href":"https:\/\/www.costabravafoods.com\/fr\/wp-json\/wp\/v2\/product_brand?post=32096"},{"taxonomy":"product_cat","embeddable":true,"href":"https:\/\/www.costabravafoods.com\/fr\/wp-json\/wp\/v2\/product_cat?post=32096"},{"taxonomy":"product_tag","embeddable":true,"href":"https:\/\/www.costabravafoods.com\/fr\/wp-json\/wp\/v2\/product_tag?post=32096"},{"taxonomy":"corte_cerdo","embeddable":true,"href":"https:\/\/www.costabravafoods.com\/fr\/wp-json\/wp\/v2\/corte_cerdo?post=32096"},{"taxonomy":"corte_vacuno","embeddable":true,"href":"https:\/\/www.costabravafoods.com\/fr\/wp-json\/wp\/v2\/corte_vacuno?post=32096"},{"taxonomy":"fresh_retail","embeddable":true,"href":"https:\/\/www.costabravafoods.com\/fr\/wp-json\/wp\/v2\/fresh_retail?post=32096"},{"taxonomy":"conservacion","embeddable":true,"href":"https:\/\/www.costabravafoods.com\/fr\/wp-json\/wp\/v2\/conservacion?post=32096"},{"taxonomy":"envase","embeddable":true,"href":"https:\/\/www.costabravafoods.com\/fr\/wp-json\/wp\/v2\/envase?post=32096"},{"taxonomy":"tipo_corte","embeddable":true,"href":"https:\/\/www.costabravafoods.com\/fr\/wp-json\/wp\/v2\/tipo_corte?post=32096"}],"curies":[{"name":"wp","href":"https:\/\/api.w.org\/{rel}","templated":true}]}}