

{"id":32103,"date":"2025-07-18T11:53:10","date_gmt":"2025-07-18T09:53:10","guid":{"rendered":"https:\/\/www.costabravafoods.com\/producto\/steaks-de-faux-filet-de-boeuf-sans-os\/"},"modified":"2025-09-30T18:50:45","modified_gmt":"2025-09-30T16:50:45","slug":"steaks-de-faux-filet-de-boeuf-sans-os","status":"publish","type":"product","link":"https:\/\/www.costabravafoods.com\/fr\/produit\/steaks-de-faux-filet-de-boeuf-sans-os\/","title":{"rendered":"Steaks de faux-filet de b\u0153uf sans os"},"content":{"rendered":"<p>Steaks de faux-filet de b\u0153uf sans os. Ils proviennent d\u2019une pi\u00e8ce moins persill\u00e9e que le milieu de train de c\u00f4tes et sont un bon choix pour une cuisson \u00e0 la po\u00eale ou des grillades.<\/p>\n","protected":false},"excerpt":{"rendered":"<p>Steaks de faux-filet sans os, morceau moins persill\u00e9 que le milieu de train de c\u00f4tes.<\/p>\n","protected":false},"featured_media":17908,"template":"","meta":[],"product_brand":[],"product_cat":[335,342],"product_tag":[],"corte_cerdo":[],"corte_vacuno":[],"fresh_retail":[343],"conservacion":[],"envase":[345],"tipo_corte":[],"class_list":{"0":"post-32103","1":"product","2":"type-product","3":"status-publish","4":"has-post-thumbnail","6":"product_cat-fresh-fr","7":"product_cat-retail-fr","8":"fresh_retail-boeuf","9":"envase-barquette-sous-vide","11":"first","12":"instock","13":"product-type-simple"},"yoast_head":"<!-- This site is optimized with the Yoast SEO plugin v27.2 - https:\/\/yoast.com\/product\/yoast-seo-wordpress\/ -->\n<title>Steaks de faux-filet de b\u0153uf sans os<\/title>\n<meta name=\"description\" content=\"Steaks de faux-filet sans os, morceau moins persill\u00e9 que le milieu de train de c\u00f4tes.\" \/>\n<meta name=\"robots\" content=\"index, follow, max-snippet:-1, max-image-preview:large, max-video-preview:-1\" \/>\n<link rel=\"canonical\" href=\"https:\/\/www.costabravafoods.com\/fr\/produit\/steaks-de-faux-filet-de-boeuf-sans-os\/\" \/>\n<meta property=\"og:locale\" content=\"fr_FR\" \/>\n<meta property=\"og:type\" content=\"article\" \/>\n<meta property=\"og:title\" content=\"Steaks de faux-filet de b\u0153uf sans os\" \/>\n<meta property=\"og:description\" content=\"Steaks de faux-filet sans os, morceau moins persill\u00e9 que le milieu de train de c\u00f4tes.\" \/>\n<meta property=\"og:url\" content=\"https:\/\/www.costabravafoods.com\/fr\/produit\/steaks-de-faux-filet-de-boeuf-sans-os\/\" \/>\n<meta property=\"og:site_name\" content=\"Costa Brava Foods\" \/>\n<meta property=\"article:modified_time\" content=\"2025-09-30T16:50:45+00:00\" \/>\n<meta property=\"og:image\" content=\"https:\/\/www.costabravafoods.com\/wp-content\/uploads\/2025\/07\/lomo-bajo-striploin.png\" \/>\n\t<meta property=\"og:image:width\" content=\"1000\" \/>\n\t<meta property=\"og:image:height\" content=\"1000\" \/>\n\t<meta property=\"og:image:type\" content=\"image\/png\" \/>\n<meta name=\"twitter:card\" content=\"summary_large_image\" \/>\n<script type=\"application\/ld+json\" class=\"yoast-schema-graph\">{\"@context\":\"https:\/\/schema.org\",\"@graph\":[{\"@type\":\"WebPage\",\"@id\":\"https:\/\/www.costabravafoods.com\/fr\/produit\/steaks-de-faux-filet-de-boeuf-sans-os\/\",\"url\":\"https:\/\/www.costabravafoods.com\/fr\/produit\/steaks-de-faux-filet-de-boeuf-sans-os\/\",\"name\":\"Steaks de faux-filet de b\u0153uf sans os\",\"isPartOf\":{\"@id\":\"https:\/\/www.costabravafoods.com\/#website\"},\"primaryImageOfPage\":{\"@id\":\"https:\/\/www.costabravafoods.com\/fr\/produit\/steaks-de-faux-filet-de-boeuf-sans-os\/#primaryimage\"},\"image\":{\"@id\":\"https:\/\/www.costabravafoods.com\/fr\/produit\/steaks-de-faux-filet-de-boeuf-sans-os\/#primaryimage\"},\"thumbnailUrl\":\"https:\/\/www.costabravafoods.com\/wp-content\/uploads\/2025\/07\/lomo-bajo-striploin.png\",\"datePublished\":\"2025-07-18T09:53:10+00:00\",\"dateModified\":\"2025-09-30T16:50:45+00:00\",\"description\":\"Steaks de faux-filet sans os, morceau moins persill\u00e9 que le milieu de train de c\u00f4tes.\",\"breadcrumb\":{\"@id\":\"https:\/\/www.costabravafoods.com\/fr\/produit\/steaks-de-faux-filet-de-boeuf-sans-os\/#breadcrumb\"},\"inLanguage\":\"fr-FR\",\"potentialAction\":[{\"@type\":\"ReadAction\",\"target\":[\"https:\/\/www.costabravafoods.com\/fr\/produit\/steaks-de-faux-filet-de-boeuf-sans-os\/\"]}]},{\"@type\":\"ImageObject\",\"inLanguage\":\"fr-FR\",\"@id\":\"https:\/\/www.costabravafoods.com\/fr\/produit\/steaks-de-faux-filet-de-boeuf-sans-os\/#primaryimage\",\"url\":\"https:\/\/www.costabravafoods.com\/wp-content\/uploads\/2025\/07\/lomo-bajo-striploin.png\",\"contentUrl\":\"https:\/\/www.costabravafoods.com\/wp-content\/uploads\/2025\/07\/lomo-bajo-striploin.png\",\"width\":1000,\"height\":1000,\"caption\":\"Bandeja al vacio\"},{\"@type\":\"BreadcrumbList\",\"@id\":\"https:\/\/www.costabravafoods.com\/fr\/produit\/steaks-de-faux-filet-de-boeuf-sans-os\/#breadcrumb\",\"itemListElement\":[{\"@type\":\"ListItem\",\"position\":1,\"name\":\"Portada\",\"item\":\"https:\/\/www.costabravafoods.com\/fr\/\"},{\"@type\":\"ListItem\",\"position\":2,\"name\":\"Produits\",\"item\":\"https:\/\/www.costabravafoods.com\/productos\/\"},{\"@type\":\"ListItem\",\"position\":3,\"name\":\"Steaks de faux-filet de b\u0153uf sans os\"}]},{\"@type\":\"WebSite\",\"@id\":\"https:\/\/www.costabravafoods.com\/#website\",\"url\":\"https:\/\/www.costabravafoods.com\/\",\"name\":\"Costa Brava Foods\",\"description\":\"\",\"potentialAction\":[{\"@type\":\"SearchAction\",\"target\":{\"@type\":\"EntryPoint\",\"urlTemplate\":\"https:\/\/www.costabravafoods.com\/?s={search_term_string}\"},\"query-input\":{\"@type\":\"PropertyValueSpecification\",\"valueRequired\":true,\"valueName\":\"search_term_string\"}}],\"inLanguage\":\"fr-FR\"}]}<\/script>\n<!-- \/ Yoast SEO plugin. -->","yoast_head_json":{"title":"Steaks de faux-filet de b\u0153uf sans os","description":"Steaks de faux-filet sans os, morceau moins persill\u00e9 que le milieu de train de c\u00f4tes.","robots":{"index":"index","follow":"follow","max-snippet":"max-snippet:-1","max-image-preview":"max-image-preview:large","max-video-preview":"max-video-preview:-1"},"canonical":"https:\/\/www.costabravafoods.com\/fr\/produit\/steaks-de-faux-filet-de-boeuf-sans-os\/","og_locale":"fr_FR","og_type":"article","og_title":"Steaks de faux-filet de b\u0153uf sans os","og_description":"Steaks de faux-filet sans os, morceau moins persill\u00e9 que le milieu de train de c\u00f4tes.","og_url":"https:\/\/www.costabravafoods.com\/fr\/produit\/steaks-de-faux-filet-de-boeuf-sans-os\/","og_site_name":"Costa Brava Foods","article_modified_time":"2025-09-30T16:50:45+00:00","og_image":[{"width":1000,"height":1000,"url":"https:\/\/www.costabravafoods.com\/wp-content\/uploads\/2025\/07\/lomo-bajo-striploin.png","type":"image\/png"}],"twitter_card":"summary_large_image","schema":{"@context":"https:\/\/schema.org","@graph":[{"@type":"WebPage","@id":"https:\/\/www.costabravafoods.com\/fr\/produit\/steaks-de-faux-filet-de-boeuf-sans-os\/","url":"https:\/\/www.costabravafoods.com\/fr\/produit\/steaks-de-faux-filet-de-boeuf-sans-os\/","name":"Steaks de faux-filet de b\u0153uf sans os","isPartOf":{"@id":"https:\/\/www.costabravafoods.com\/#website"},"primaryImageOfPage":{"@id":"https:\/\/www.costabravafoods.com\/fr\/produit\/steaks-de-faux-filet-de-boeuf-sans-os\/#primaryimage"},"image":{"@id":"https:\/\/www.costabravafoods.com\/fr\/produit\/steaks-de-faux-filet-de-boeuf-sans-os\/#primaryimage"},"thumbnailUrl":"https:\/\/www.costabravafoods.com\/wp-content\/uploads\/2025\/07\/lomo-bajo-striploin.png","datePublished":"2025-07-18T09:53:10+00:00","dateModified":"2025-09-30T16:50:45+00:00","description":"Steaks de faux-filet sans os, morceau moins persill\u00e9 que le milieu de train de c\u00f4tes.","breadcrumb":{"@id":"https:\/\/www.costabravafoods.com\/fr\/produit\/steaks-de-faux-filet-de-boeuf-sans-os\/#breadcrumb"},"inLanguage":"fr-FR","potentialAction":[{"@type":"ReadAction","target":["https:\/\/www.costabravafoods.com\/fr\/produit\/steaks-de-faux-filet-de-boeuf-sans-os\/"]}]},{"@type":"ImageObject","inLanguage":"fr-FR","@id":"https:\/\/www.costabravafoods.com\/fr\/produit\/steaks-de-faux-filet-de-boeuf-sans-os\/#primaryimage","url":"https:\/\/www.costabravafoods.com\/wp-content\/uploads\/2025\/07\/lomo-bajo-striploin.png","contentUrl":"https:\/\/www.costabravafoods.com\/wp-content\/uploads\/2025\/07\/lomo-bajo-striploin.png","width":1000,"height":1000,"caption":"Bandeja al vacio"},{"@type":"BreadcrumbList","@id":"https:\/\/www.costabravafoods.com\/fr\/produit\/steaks-de-faux-filet-de-boeuf-sans-os\/#breadcrumb","itemListElement":[{"@type":"ListItem","position":1,"name":"Portada","item":"https:\/\/www.costabravafoods.com\/fr\/"},{"@type":"ListItem","position":2,"name":"Produits","item":"https:\/\/www.costabravafoods.com\/productos\/"},{"@type":"ListItem","position":3,"name":"Steaks de faux-filet de b\u0153uf sans os"}]},{"@type":"WebSite","@id":"https:\/\/www.costabravafoods.com\/#website","url":"https:\/\/www.costabravafoods.com\/","name":"Costa Brava Foods","description":"","potentialAction":[{"@type":"SearchAction","target":{"@type":"EntryPoint","urlTemplate":"https:\/\/www.costabravafoods.com\/?s={search_term_string}"},"query-input":{"@type":"PropertyValueSpecification","valueRequired":true,"valueName":"search_term_string"}}],"inLanguage":"fr-FR"}]}},"_links":{"self":[{"href":"https:\/\/www.costabravafoods.com\/fr\/wp-json\/wp\/v2\/product\/32103","targetHints":{"allow":["GET"]}}],"collection":[{"href":"https:\/\/www.costabravafoods.com\/fr\/wp-json\/wp\/v2\/product"}],"about":[{"href":"https:\/\/www.costabravafoods.com\/fr\/wp-json\/wp\/v2\/types\/product"}],"wp:featuredmedia":[{"embeddable":true,"href":"https:\/\/www.costabravafoods.com\/fr\/wp-json\/wp\/v2\/media\/17908"}],"wp:attachment":[{"href":"https:\/\/www.costabravafoods.com\/fr\/wp-json\/wp\/v2\/media?parent=32103"}],"wp:term":[{"taxonomy":"product_brand","embeddable":true,"href":"https:\/\/www.costabravafoods.com\/fr\/wp-json\/wp\/v2\/product_brand?post=32103"},{"taxonomy":"product_cat","embeddable":true,"href":"https:\/\/www.costabravafoods.com\/fr\/wp-json\/wp\/v2\/product_cat?post=32103"},{"taxonomy":"product_tag","embeddable":true,"href":"https:\/\/www.costabravafoods.com\/fr\/wp-json\/wp\/v2\/product_tag?post=32103"},{"taxonomy":"corte_cerdo","embeddable":true,"href":"https:\/\/www.costabravafoods.com\/fr\/wp-json\/wp\/v2\/corte_cerdo?post=32103"},{"taxonomy":"corte_vacuno","embeddable":true,"href":"https:\/\/www.costabravafoods.com\/fr\/wp-json\/wp\/v2\/corte_vacuno?post=32103"},{"taxonomy":"fresh_retail","embeddable":true,"href":"https:\/\/www.costabravafoods.com\/fr\/wp-json\/wp\/v2\/fresh_retail?post=32103"},{"taxonomy":"conservacion","embeddable":true,"href":"https:\/\/www.costabravafoods.com\/fr\/wp-json\/wp\/v2\/conservacion?post=32103"},{"taxonomy":"envase","embeddable":true,"href":"https:\/\/www.costabravafoods.com\/fr\/wp-json\/wp\/v2\/envase?post=32103"},{"taxonomy":"tipo_corte","embeddable":true,"href":"https:\/\/www.costabravafoods.com\/fr\/wp-json\/wp\/v2\/tipo_corte?post=32103"}],"curies":[{"name":"wp","href":"https:\/\/api.w.org\/{rel}","templated":true}]}}