

{"id":32105,"date":"2025-07-18T11:56:31","date_gmt":"2025-07-18T09:56:31","guid":{"rendered":"https:\/\/www.costabravafoods.com\/producto\/steaks-de-rond-de-tranche-de-boeuf\/"},"modified":"2025-09-30T18:50:50","modified_gmt":"2025-09-30T16:50:50","slug":"steaks-de-rond-de-tranche-de-boeuf","status":"publish","type":"product","link":"https:\/\/www.costabravafoods.com\/fr\/produit\/steaks-de-rond-de-tranche-de-boeuf\/","title":{"rendered":"Steaks de rond de tranche de b\u0153uf"},"content":{"rendered":"<p>Steaks de rond de tranche de b\u0153uf, un morceau de viande propre particuli\u00e8rement savoureux et juteux. Consid\u00e9r\u00e9 comme une pi\u00e8ce de premi\u00e8re qualit\u00e9, ce morceau est id\u00e9al \u00e0 po\u00ealer ou \u00e0 paner<\/p>\n","protected":false},"excerpt":{"rendered":"<p>Steaks de rond de tranche, morceau savoureux et juteux, id\u00e9al \u00e0 po\u00ealer ou \u00e0 paner<\/p>\n","protected":false},"featured_media":17924,"template":"","meta":[],"product_brand":[],"product_cat":[335,342],"product_tag":[],"corte_cerdo":[],"corte_vacuno":[],"fresh_retail":[343],"conservacion":[],"envase":[651],"tipo_corte":[],"class_list":{"0":"post-32105","1":"product","2":"type-product","3":"status-publish","4":"has-post-thumbnail","6":"product_cat-fresh-fr","7":"product_cat-retail-fr","8":"fresh_retail-boeuf","9":"envase-flat-skin-fr","11":"first","12":"instock","13":"product-type-simple"},"yoast_head":"<!-- This site is optimized with the Yoast SEO plugin v27.2 - https:\/\/yoast.com\/product\/yoast-seo-wordpress\/ -->\n<title>Steaks de rond de tranche de b\u0153uf<\/title>\n<meta name=\"description\" content=\"Steaks de rond de tranche, morceau savoureux et juteux, id\u00e9al \u00e0 po\u00ealer ou \u00e0 paner\" \/>\n<meta name=\"robots\" content=\"index, follow, max-snippet:-1, max-image-preview:large, max-video-preview:-1\" \/>\n<link rel=\"canonical\" href=\"https:\/\/www.costabravafoods.com\/fr\/produit\/steaks-de-rond-de-tranche-de-boeuf\/\" \/>\n<meta property=\"og:locale\" content=\"fr_FR\" \/>\n<meta property=\"og:type\" content=\"article\" \/>\n<meta property=\"og:title\" content=\"Steaks de rond de tranche de b\u0153uf\" \/>\n<meta property=\"og:description\" content=\"Steaks de rond de tranche, morceau savoureux et juteux, id\u00e9al \u00e0 po\u00ealer ou \u00e0 paner\" \/>\n<meta property=\"og:url\" content=\"https:\/\/www.costabravafoods.com\/fr\/produit\/steaks-de-rond-de-tranche-de-boeuf\/\" \/>\n<meta property=\"og:site_name\" content=\"Costa Brava Foods\" \/>\n<meta property=\"article:modified_time\" content=\"2025-09-30T16:50:50+00:00\" \/>\n<meta property=\"og:image\" content=\"https:\/\/www.costabravafoods.com\/wp-content\/uploads\/2025\/07\/babilla-knuckle-flatskin.png\" \/>\n\t<meta property=\"og:image:width\" content=\"1000\" \/>\n\t<meta property=\"og:image:height\" content=\"1000\" \/>\n\t<meta property=\"og:image:type\" content=\"image\/png\" \/>\n<meta name=\"twitter:card\" content=\"summary_large_image\" \/>\n<script type=\"application\/ld+json\" class=\"yoast-schema-graph\">{\"@context\":\"https:\/\/schema.org\",\"@graph\":[{\"@type\":\"WebPage\",\"@id\":\"https:\/\/www.costabravafoods.com\/fr\/produit\/steaks-de-rond-de-tranche-de-boeuf\/\",\"url\":\"https:\/\/www.costabravafoods.com\/fr\/produit\/steaks-de-rond-de-tranche-de-boeuf\/\",\"name\":\"Steaks de rond de tranche de b\u0153uf\",\"isPartOf\":{\"@id\":\"https:\/\/www.costabravafoods.com\/#website\"},\"primaryImageOfPage\":{\"@id\":\"https:\/\/www.costabravafoods.com\/fr\/produit\/steaks-de-rond-de-tranche-de-boeuf\/#primaryimage\"},\"image\":{\"@id\":\"https:\/\/www.costabravafoods.com\/fr\/produit\/steaks-de-rond-de-tranche-de-boeuf\/#primaryimage\"},\"thumbnailUrl\":\"https:\/\/www.costabravafoods.com\/wp-content\/uploads\/2025\/07\/babilla-knuckle-flatskin.png\",\"datePublished\":\"2025-07-18T09:56:31+00:00\",\"dateModified\":\"2025-09-30T16:50:50+00:00\",\"description\":\"Steaks de rond de tranche, morceau savoureux et juteux, id\u00e9al \u00e0 po\u00ealer ou \u00e0 paner\",\"breadcrumb\":{\"@id\":\"https:\/\/www.costabravafoods.com\/fr\/produit\/steaks-de-rond-de-tranche-de-boeuf\/#breadcrumb\"},\"inLanguage\":\"fr-FR\",\"potentialAction\":[{\"@type\":\"ReadAction\",\"target\":[\"https:\/\/www.costabravafoods.com\/fr\/produit\/steaks-de-rond-de-tranche-de-boeuf\/\"]}]},{\"@type\":\"ImageObject\",\"inLanguage\":\"fr-FR\",\"@id\":\"https:\/\/www.costabravafoods.com\/fr\/produit\/steaks-de-rond-de-tranche-de-boeuf\/#primaryimage\",\"url\":\"https:\/\/www.costabravafoods.com\/wp-content\/uploads\/2025\/07\/babilla-knuckle-flatskin.png\",\"contentUrl\":\"https:\/\/www.costabravafoods.com\/wp-content\/uploads\/2025\/07\/babilla-knuckle-flatskin.png\",\"width\":1000,\"height\":1000,\"caption\":\"Flat Skin\"},{\"@type\":\"BreadcrumbList\",\"@id\":\"https:\/\/www.costabravafoods.com\/fr\/produit\/steaks-de-rond-de-tranche-de-boeuf\/#breadcrumb\",\"itemListElement\":[{\"@type\":\"ListItem\",\"position\":1,\"name\":\"Portada\",\"item\":\"https:\/\/www.costabravafoods.com\/fr\/\"},{\"@type\":\"ListItem\",\"position\":2,\"name\":\"Produits\",\"item\":\"https:\/\/www.costabravafoods.com\/productos\/\"},{\"@type\":\"ListItem\",\"position\":3,\"name\":\"Steaks de rond de tranche de b\u0153uf\"}]},{\"@type\":\"WebSite\",\"@id\":\"https:\/\/www.costabravafoods.com\/#website\",\"url\":\"https:\/\/www.costabravafoods.com\/\",\"name\":\"Costa Brava Foods\",\"description\":\"\",\"potentialAction\":[{\"@type\":\"SearchAction\",\"target\":{\"@type\":\"EntryPoint\",\"urlTemplate\":\"https:\/\/www.costabravafoods.com\/?s={search_term_string}\"},\"query-input\":{\"@type\":\"PropertyValueSpecification\",\"valueRequired\":true,\"valueName\":\"search_term_string\"}}],\"inLanguage\":\"fr-FR\"}]}<\/script>\n<!-- \/ Yoast SEO plugin. -->","yoast_head_json":{"title":"Steaks de rond de tranche de b\u0153uf","description":"Steaks de rond de tranche, morceau savoureux et juteux, id\u00e9al \u00e0 po\u00ealer ou \u00e0 paner","robots":{"index":"index","follow":"follow","max-snippet":"max-snippet:-1","max-image-preview":"max-image-preview:large","max-video-preview":"max-video-preview:-1"},"canonical":"https:\/\/www.costabravafoods.com\/fr\/produit\/steaks-de-rond-de-tranche-de-boeuf\/","og_locale":"fr_FR","og_type":"article","og_title":"Steaks de rond de tranche de b\u0153uf","og_description":"Steaks de rond de tranche, morceau savoureux et juteux, id\u00e9al \u00e0 po\u00ealer ou \u00e0 paner","og_url":"https:\/\/www.costabravafoods.com\/fr\/produit\/steaks-de-rond-de-tranche-de-boeuf\/","og_site_name":"Costa Brava Foods","article_modified_time":"2025-09-30T16:50:50+00:00","og_image":[{"width":1000,"height":1000,"url":"https:\/\/www.costabravafoods.com\/wp-content\/uploads\/2025\/07\/babilla-knuckle-flatskin.png","type":"image\/png"}],"twitter_card":"summary_large_image","schema":{"@context":"https:\/\/schema.org","@graph":[{"@type":"WebPage","@id":"https:\/\/www.costabravafoods.com\/fr\/produit\/steaks-de-rond-de-tranche-de-boeuf\/","url":"https:\/\/www.costabravafoods.com\/fr\/produit\/steaks-de-rond-de-tranche-de-boeuf\/","name":"Steaks de rond de tranche de b\u0153uf","isPartOf":{"@id":"https:\/\/www.costabravafoods.com\/#website"},"primaryImageOfPage":{"@id":"https:\/\/www.costabravafoods.com\/fr\/produit\/steaks-de-rond-de-tranche-de-boeuf\/#primaryimage"},"image":{"@id":"https:\/\/www.costabravafoods.com\/fr\/produit\/steaks-de-rond-de-tranche-de-boeuf\/#primaryimage"},"thumbnailUrl":"https:\/\/www.costabravafoods.com\/wp-content\/uploads\/2025\/07\/babilla-knuckle-flatskin.png","datePublished":"2025-07-18T09:56:31+00:00","dateModified":"2025-09-30T16:50:50+00:00","description":"Steaks de rond de tranche, morceau savoureux et juteux, id\u00e9al \u00e0 po\u00ealer ou \u00e0 paner","breadcrumb":{"@id":"https:\/\/www.costabravafoods.com\/fr\/produit\/steaks-de-rond-de-tranche-de-boeuf\/#breadcrumb"},"inLanguage":"fr-FR","potentialAction":[{"@type":"ReadAction","target":["https:\/\/www.costabravafoods.com\/fr\/produit\/steaks-de-rond-de-tranche-de-boeuf\/"]}]},{"@type":"ImageObject","inLanguage":"fr-FR","@id":"https:\/\/www.costabravafoods.com\/fr\/produit\/steaks-de-rond-de-tranche-de-boeuf\/#primaryimage","url":"https:\/\/www.costabravafoods.com\/wp-content\/uploads\/2025\/07\/babilla-knuckle-flatskin.png","contentUrl":"https:\/\/www.costabravafoods.com\/wp-content\/uploads\/2025\/07\/babilla-knuckle-flatskin.png","width":1000,"height":1000,"caption":"Flat Skin"},{"@type":"BreadcrumbList","@id":"https:\/\/www.costabravafoods.com\/fr\/produit\/steaks-de-rond-de-tranche-de-boeuf\/#breadcrumb","itemListElement":[{"@type":"ListItem","position":1,"name":"Portada","item":"https:\/\/www.costabravafoods.com\/fr\/"},{"@type":"ListItem","position":2,"name":"Produits","item":"https:\/\/www.costabravafoods.com\/productos\/"},{"@type":"ListItem","position":3,"name":"Steaks de rond de tranche de b\u0153uf"}]},{"@type":"WebSite","@id":"https:\/\/www.costabravafoods.com\/#website","url":"https:\/\/www.costabravafoods.com\/","name":"Costa Brava Foods","description":"","potentialAction":[{"@type":"SearchAction","target":{"@type":"EntryPoint","urlTemplate":"https:\/\/www.costabravafoods.com\/?s={search_term_string}"},"query-input":{"@type":"PropertyValueSpecification","valueRequired":true,"valueName":"search_term_string"}}],"inLanguage":"fr-FR"}]}},"_links":{"self":[{"href":"https:\/\/www.costabravafoods.com\/fr\/wp-json\/wp\/v2\/product\/32105","targetHints":{"allow":["GET"]}}],"collection":[{"href":"https:\/\/www.costabravafoods.com\/fr\/wp-json\/wp\/v2\/product"}],"about":[{"href":"https:\/\/www.costabravafoods.com\/fr\/wp-json\/wp\/v2\/types\/product"}],"wp:featuredmedia":[{"embeddable":true,"href":"https:\/\/www.costabravafoods.com\/fr\/wp-json\/wp\/v2\/media\/17924"}],"wp:attachment":[{"href":"https:\/\/www.costabravafoods.com\/fr\/wp-json\/wp\/v2\/media?parent=32105"}],"wp:term":[{"taxonomy":"product_brand","embeddable":true,"href":"https:\/\/www.costabravafoods.com\/fr\/wp-json\/wp\/v2\/product_brand?post=32105"},{"taxonomy":"product_cat","embeddable":true,"href":"https:\/\/www.costabravafoods.com\/fr\/wp-json\/wp\/v2\/product_cat?post=32105"},{"taxonomy":"product_tag","embeddable":true,"href":"https:\/\/www.costabravafoods.com\/fr\/wp-json\/wp\/v2\/product_tag?post=32105"},{"taxonomy":"corte_cerdo","embeddable":true,"href":"https:\/\/www.costabravafoods.com\/fr\/wp-json\/wp\/v2\/corte_cerdo?post=32105"},{"taxonomy":"corte_vacuno","embeddable":true,"href":"https:\/\/www.costabravafoods.com\/fr\/wp-json\/wp\/v2\/corte_vacuno?post=32105"},{"taxonomy":"fresh_retail","embeddable":true,"href":"https:\/\/www.costabravafoods.com\/fr\/wp-json\/wp\/v2\/fresh_retail?post=32105"},{"taxonomy":"conservacion","embeddable":true,"href":"https:\/\/www.costabravafoods.com\/fr\/wp-json\/wp\/v2\/conservacion?post=32105"},{"taxonomy":"envase","embeddable":true,"href":"https:\/\/www.costabravafoods.com\/fr\/wp-json\/wp\/v2\/envase?post=32105"},{"taxonomy":"tipo_corte","embeddable":true,"href":"https:\/\/www.costabravafoods.com\/fr\/wp-json\/wp\/v2\/tipo_corte?post=32105"}],"curies":[{"name":"wp","href":"https:\/\/api.w.org\/{rel}","templated":true}]}}