

{"id":32117,"date":"2025-07-18T11:56:31","date_gmt":"2025-07-18T09:56:31","guid":{"rendered":"https:\/\/www.costabravafoods.com\/producto\/milieu-de-train-de-cotes-de-boeuf\/"},"modified":"2025-09-30T18:51:01","modified_gmt":"2025-09-30T16:51:01","slug":"milieu-de-train-de-cotes-de-boeuf","status":"publish","type":"product","link":"https:\/\/www.costabravafoods.com\/fr\/produit\/milieu-de-train-de-cotes-de-boeuf\/","title":{"rendered":"Milieu de train de c\u00f4tes de b\u0153uf"},"content":{"rendered":"<p>Le milieu de train de c\u00f4tes de b\u0153uf est un morceau qui se caract\u00e9rise par son aspect juteux et tendre et son persillage sur toute la pi\u00e8ce. Id\u00e9al pour une cuisson \u00e0 la po\u00eale ou des grillades.<\/p>\n","protected":false},"excerpt":{"rendered":"<p>Milieu de train de c\u00f4tes de b\u0153uf, morceau juteux, tendre et persill\u00e9.<\/p>\n","protected":false},"featured_media":18020,"template":"","meta":[],"product_brand":[],"product_cat":[335,342],"product_tag":[],"corte_cerdo":[],"corte_vacuno":[],"fresh_retail":[343],"conservacion":[],"envase":[651],"tipo_corte":[],"class_list":{"0":"post-32117","1":"product","2":"type-product","3":"status-publish","4":"has-post-thumbnail","6":"product_cat-fresh-fr","7":"product_cat-retail-fr","8":"fresh_retail-boeuf","9":"envase-flat-skin-fr","11":"first","12":"instock","13":"product-type-simple"},"yoast_head":"<!-- This site is optimized with the Yoast SEO plugin v27.2 - https:\/\/yoast.com\/product\/yoast-seo-wordpress\/ -->\n<title>Milieu de train de c\u00f4tes de b\u0153uf<\/title>\n<meta name=\"description\" content=\"Milieu de train de c\u00f4tes de b\u0153uf, morceau juteux, tendre et persill\u00e9.\" \/>\n<meta name=\"robots\" content=\"index, follow, max-snippet:-1, max-image-preview:large, max-video-preview:-1\" \/>\n<link rel=\"canonical\" href=\"https:\/\/www.costabravafoods.com\/fr\/produit\/milieu-de-train-de-cotes-de-boeuf\/\" \/>\n<meta property=\"og:locale\" content=\"fr_FR\" \/>\n<meta property=\"og:type\" content=\"article\" \/>\n<meta property=\"og:title\" content=\"Milieu de train de c\u00f4tes de b\u0153uf\" \/>\n<meta property=\"og:description\" content=\"Milieu de train de c\u00f4tes de b\u0153uf, morceau juteux, tendre et persill\u00e9.\" \/>\n<meta property=\"og:url\" content=\"https:\/\/www.costabravafoods.com\/fr\/produit\/milieu-de-train-de-cotes-de-boeuf\/\" \/>\n<meta property=\"og:site_name\" content=\"Costa Brava Foods\" \/>\n<meta property=\"article:modified_time\" content=\"2025-09-30T16:51:01+00:00\" \/>\n<meta property=\"og:image\" content=\"https:\/\/www.costabravafoods.com\/wp-content\/uploads\/2025\/07\/lomo-alto-flatskin-ribeye-steak.png\" \/>\n\t<meta property=\"og:image:width\" content=\"1000\" \/>\n\t<meta property=\"og:image:height\" content=\"1000\" \/>\n\t<meta property=\"og:image:type\" content=\"image\/png\" \/>\n<meta name=\"twitter:card\" content=\"summary_large_image\" \/>\n<script type=\"application\/ld+json\" class=\"yoast-schema-graph\">{\"@context\":\"https:\/\/schema.org\",\"@graph\":[{\"@type\":\"WebPage\",\"@id\":\"https:\/\/www.costabravafoods.com\/fr\/produit\/milieu-de-train-de-cotes-de-boeuf\/\",\"url\":\"https:\/\/www.costabravafoods.com\/fr\/produit\/milieu-de-train-de-cotes-de-boeuf\/\",\"name\":\"Milieu de train de c\u00f4tes de b\u0153uf\",\"isPartOf\":{\"@id\":\"https:\/\/www.costabravafoods.com\/#website\"},\"primaryImageOfPage\":{\"@id\":\"https:\/\/www.costabravafoods.com\/fr\/produit\/milieu-de-train-de-cotes-de-boeuf\/#primaryimage\"},\"image\":{\"@id\":\"https:\/\/www.costabravafoods.com\/fr\/produit\/milieu-de-train-de-cotes-de-boeuf\/#primaryimage\"},\"thumbnailUrl\":\"https:\/\/www.costabravafoods.com\/wp-content\/uploads\/2025\/07\/lomo-alto-flatskin-ribeye-steak.png\",\"datePublished\":\"2025-07-18T09:56:31+00:00\",\"dateModified\":\"2025-09-30T16:51:01+00:00\",\"description\":\"Milieu de train de c\u00f4tes de b\u0153uf, morceau juteux, tendre et persill\u00e9.\",\"breadcrumb\":{\"@id\":\"https:\/\/www.costabravafoods.com\/fr\/produit\/milieu-de-train-de-cotes-de-boeuf\/#breadcrumb\"},\"inLanguage\":\"fr-FR\",\"potentialAction\":[{\"@type\":\"ReadAction\",\"target\":[\"https:\/\/www.costabravafoods.com\/fr\/produit\/milieu-de-train-de-cotes-de-boeuf\/\"]}]},{\"@type\":\"ImageObject\",\"inLanguage\":\"fr-FR\",\"@id\":\"https:\/\/www.costabravafoods.com\/fr\/produit\/milieu-de-train-de-cotes-de-boeuf\/#primaryimage\",\"url\":\"https:\/\/www.costabravafoods.com\/wp-content\/uploads\/2025\/07\/lomo-alto-flatskin-ribeye-steak.png\",\"contentUrl\":\"https:\/\/www.costabravafoods.com\/wp-content\/uploads\/2025\/07\/lomo-alto-flatskin-ribeye-steak.png\",\"width\":1000,\"height\":1000,\"caption\":\"Flat Skin\"},{\"@type\":\"BreadcrumbList\",\"@id\":\"https:\/\/www.costabravafoods.com\/fr\/produit\/milieu-de-train-de-cotes-de-boeuf\/#breadcrumb\",\"itemListElement\":[{\"@type\":\"ListItem\",\"position\":1,\"name\":\"Portada\",\"item\":\"https:\/\/www.costabravafoods.com\/fr\/\"},{\"@type\":\"ListItem\",\"position\":2,\"name\":\"Produits\",\"item\":\"https:\/\/www.costabravafoods.com\/productos\/\"},{\"@type\":\"ListItem\",\"position\":3,\"name\":\"Milieu de train de c\u00f4tes de b\u0153uf\"}]},{\"@type\":\"WebSite\",\"@id\":\"https:\/\/www.costabravafoods.com\/#website\",\"url\":\"https:\/\/www.costabravafoods.com\/\",\"name\":\"Costa Brava Foods\",\"description\":\"\",\"potentialAction\":[{\"@type\":\"SearchAction\",\"target\":{\"@type\":\"EntryPoint\",\"urlTemplate\":\"https:\/\/www.costabravafoods.com\/?s={search_term_string}\"},\"query-input\":{\"@type\":\"PropertyValueSpecification\",\"valueRequired\":true,\"valueName\":\"search_term_string\"}}],\"inLanguage\":\"fr-FR\"}]}<\/script>\n<!-- \/ Yoast SEO plugin. -->","yoast_head_json":{"title":"Milieu de train de c\u00f4tes de b\u0153uf","description":"Milieu de train de c\u00f4tes de b\u0153uf, morceau juteux, tendre et persill\u00e9.","robots":{"index":"index","follow":"follow","max-snippet":"max-snippet:-1","max-image-preview":"max-image-preview:large","max-video-preview":"max-video-preview:-1"},"canonical":"https:\/\/www.costabravafoods.com\/fr\/produit\/milieu-de-train-de-cotes-de-boeuf\/","og_locale":"fr_FR","og_type":"article","og_title":"Milieu de train de c\u00f4tes de b\u0153uf","og_description":"Milieu de train de c\u00f4tes de b\u0153uf, morceau juteux, tendre et persill\u00e9.","og_url":"https:\/\/www.costabravafoods.com\/fr\/produit\/milieu-de-train-de-cotes-de-boeuf\/","og_site_name":"Costa Brava Foods","article_modified_time":"2025-09-30T16:51:01+00:00","og_image":[{"width":1000,"height":1000,"url":"https:\/\/www.costabravafoods.com\/wp-content\/uploads\/2025\/07\/lomo-alto-flatskin-ribeye-steak.png","type":"image\/png"}],"twitter_card":"summary_large_image","schema":{"@context":"https:\/\/schema.org","@graph":[{"@type":"WebPage","@id":"https:\/\/www.costabravafoods.com\/fr\/produit\/milieu-de-train-de-cotes-de-boeuf\/","url":"https:\/\/www.costabravafoods.com\/fr\/produit\/milieu-de-train-de-cotes-de-boeuf\/","name":"Milieu de train de c\u00f4tes de b\u0153uf","isPartOf":{"@id":"https:\/\/www.costabravafoods.com\/#website"},"primaryImageOfPage":{"@id":"https:\/\/www.costabravafoods.com\/fr\/produit\/milieu-de-train-de-cotes-de-boeuf\/#primaryimage"},"image":{"@id":"https:\/\/www.costabravafoods.com\/fr\/produit\/milieu-de-train-de-cotes-de-boeuf\/#primaryimage"},"thumbnailUrl":"https:\/\/www.costabravafoods.com\/wp-content\/uploads\/2025\/07\/lomo-alto-flatskin-ribeye-steak.png","datePublished":"2025-07-18T09:56:31+00:00","dateModified":"2025-09-30T16:51:01+00:00","description":"Milieu de train de c\u00f4tes de b\u0153uf, morceau juteux, tendre et persill\u00e9.","breadcrumb":{"@id":"https:\/\/www.costabravafoods.com\/fr\/produit\/milieu-de-train-de-cotes-de-boeuf\/#breadcrumb"},"inLanguage":"fr-FR","potentialAction":[{"@type":"ReadAction","target":["https:\/\/www.costabravafoods.com\/fr\/produit\/milieu-de-train-de-cotes-de-boeuf\/"]}]},{"@type":"ImageObject","inLanguage":"fr-FR","@id":"https:\/\/www.costabravafoods.com\/fr\/produit\/milieu-de-train-de-cotes-de-boeuf\/#primaryimage","url":"https:\/\/www.costabravafoods.com\/wp-content\/uploads\/2025\/07\/lomo-alto-flatskin-ribeye-steak.png","contentUrl":"https:\/\/www.costabravafoods.com\/wp-content\/uploads\/2025\/07\/lomo-alto-flatskin-ribeye-steak.png","width":1000,"height":1000,"caption":"Flat Skin"},{"@type":"BreadcrumbList","@id":"https:\/\/www.costabravafoods.com\/fr\/produit\/milieu-de-train-de-cotes-de-boeuf\/#breadcrumb","itemListElement":[{"@type":"ListItem","position":1,"name":"Portada","item":"https:\/\/www.costabravafoods.com\/fr\/"},{"@type":"ListItem","position":2,"name":"Produits","item":"https:\/\/www.costabravafoods.com\/productos\/"},{"@type":"ListItem","position":3,"name":"Milieu de train de c\u00f4tes de b\u0153uf"}]},{"@type":"WebSite","@id":"https:\/\/www.costabravafoods.com\/#website","url":"https:\/\/www.costabravafoods.com\/","name":"Costa Brava Foods","description":"","potentialAction":[{"@type":"SearchAction","target":{"@type":"EntryPoint","urlTemplate":"https:\/\/www.costabravafoods.com\/?s={search_term_string}"},"query-input":{"@type":"PropertyValueSpecification","valueRequired":true,"valueName":"search_term_string"}}],"inLanguage":"fr-FR"}]}},"_links":{"self":[{"href":"https:\/\/www.costabravafoods.com\/fr\/wp-json\/wp\/v2\/product\/32117","targetHints":{"allow":["GET"]}}],"collection":[{"href":"https:\/\/www.costabravafoods.com\/fr\/wp-json\/wp\/v2\/product"}],"about":[{"href":"https:\/\/www.costabravafoods.com\/fr\/wp-json\/wp\/v2\/types\/product"}],"wp:featuredmedia":[{"embeddable":true,"href":"https:\/\/www.costabravafoods.com\/fr\/wp-json\/wp\/v2\/media\/18020"}],"wp:attachment":[{"href":"https:\/\/www.costabravafoods.com\/fr\/wp-json\/wp\/v2\/media?parent=32117"}],"wp:term":[{"taxonomy":"product_brand","embeddable":true,"href":"https:\/\/www.costabravafoods.com\/fr\/wp-json\/wp\/v2\/product_brand?post=32117"},{"taxonomy":"product_cat","embeddable":true,"href":"https:\/\/www.costabravafoods.com\/fr\/wp-json\/wp\/v2\/product_cat?post=32117"},{"taxonomy":"product_tag","embeddable":true,"href":"https:\/\/www.costabravafoods.com\/fr\/wp-json\/wp\/v2\/product_tag?post=32117"},{"taxonomy":"corte_cerdo","embeddable":true,"href":"https:\/\/www.costabravafoods.com\/fr\/wp-json\/wp\/v2\/corte_cerdo?post=32117"},{"taxonomy":"corte_vacuno","embeddable":true,"href":"https:\/\/www.costabravafoods.com\/fr\/wp-json\/wp\/v2\/corte_vacuno?post=32117"},{"taxonomy":"fresh_retail","embeddable":true,"href":"https:\/\/www.costabravafoods.com\/fr\/wp-json\/wp\/v2\/fresh_retail?post=32117"},{"taxonomy":"conservacion","embeddable":true,"href":"https:\/\/www.costabravafoods.com\/fr\/wp-json\/wp\/v2\/conservacion?post=32117"},{"taxonomy":"envase","embeddable":true,"href":"https:\/\/www.costabravafoods.com\/fr\/wp-json\/wp\/v2\/envase?post=32117"},{"taxonomy":"tipo_corte","embeddable":true,"href":"https:\/\/www.costabravafoods.com\/fr\/wp-json\/wp\/v2\/tipo_corte?post=32117"}],"curies":[{"name":"wp","href":"https:\/\/api.w.org\/{rel}","templated":true}]}}