

{"id":32133,"date":"2025-07-19T12:40:42","date_gmt":"2025-07-19T10:40:42","guid":{"rendered":"https:\/\/www.costabravafoods.com\/producto\/back-bacon\/"},"modified":"2025-09-30T18:51:19","modified_gmt":"2025-09-30T16:51:19","slug":"back-bacon","status":"publish","type":"product","link":"https:\/\/www.costabravafoods.com\/fr\/produit\/back-bacon\/","title":{"rendered":"Back bacon"},"content":{"rendered":"<p>Le back bacon est un morceau provenant de la partie sup\u00e9rieure du dos du cochon, plus pr\u00e9cis\u00e9ment de la longe. Une pi\u00e8ce qui contient de la viande maigre ainsi qu\u2019un peu de gras. Elle se distingue par sa saveur et sa pr\u00e9paration (elle est g\u00e9n\u00e9ralement fum\u00e9e ou s\u00e9ch\u00e9e) et elle est principalement destin\u00e9e au march\u00e9 britannique.<\/p>\n","protected":false},"excerpt":{"rendered":"<p>Le back bacon provient de la partie sup\u00e9rieure du dos du cochon. Cette pi\u00e8ce contient de la viande maigre et un peu de gras.<\/p>\n","protected":false},"featured_media":3872,"template":"","meta":[],"product_brand":[],"product_cat":[335,478,346],"product_tag":[],"corte_cerdo":[347],"corte_vacuno":[],"fresh_retail":[646],"conservacion":[],"envase":[],"tipo_corte":[],"class_list":{"0":"post-32133","1":"product","2":"type-product","3":"status-publish","4":"has-post-thumbnail","6":"product_cat-fresh-fr","7":"product_cat-poitrines","8":"product_cat-porc-fr","9":"corte_cerdo-poitrines","10":"fresh_retail-porc-fr","12":"first","13":"instock","14":"product-type-simple"},"yoast_head":"<!-- This site is optimized with the Yoast SEO plugin v27.2 - https:\/\/yoast.com\/product\/yoast-seo-wordpress\/ -->\n<title>Back bacon<\/title>\n<meta name=\"description\" content=\"Le back bacon provient de la partie sup\u00e9rieure du dos du cochon. Cette pi\u00e8ce contient de la viande maigre et un peu de gras.\" \/>\n<meta name=\"robots\" content=\"index, follow, max-snippet:-1, max-image-preview:large, max-video-preview:-1\" \/>\n<link rel=\"canonical\" href=\"https:\/\/www.costabravafoods.com\/fr\/produit\/back-bacon\/\" \/>\n<meta property=\"og:locale\" content=\"fr_FR\" \/>\n<meta property=\"og:type\" content=\"article\" \/>\n<meta property=\"og:title\" content=\"Back bacon\" \/>\n<meta property=\"og:description\" content=\"Le back bacon provient de la partie sup\u00e9rieure du dos du cochon. Cette pi\u00e8ce contient de la viande maigre et un peu de gras.\" \/>\n<meta property=\"og:url\" content=\"https:\/\/www.costabravafoods.com\/fr\/produit\/back-bacon\/\" \/>\n<meta property=\"og:site_name\" content=\"Costa Brava Foods\" \/>\n<meta property=\"article:modified_time\" content=\"2025-09-30T16:51:19+00:00\" \/>\n<meta property=\"og:image\" content=\"https:\/\/www.costabravafoods.com\/wp-content\/uploads\/2025\/04\/back-bacon-cerdo-pork.jpg\" \/>\n\t<meta property=\"og:image:width\" content=\"1000\" \/>\n\t<meta property=\"og:image:height\" content=\"1000\" \/>\n\t<meta property=\"og:image:type\" content=\"image\/jpeg\" \/>\n<meta name=\"twitter:card\" content=\"summary_large_image\" \/>\n<script type=\"application\/ld+json\" class=\"yoast-schema-graph\">{\"@context\":\"https:\/\/schema.org\",\"@graph\":[{\"@type\":\"WebPage\",\"@id\":\"https:\/\/www.costabravafoods.com\/fr\/produit\/back-bacon\/\",\"url\":\"https:\/\/www.costabravafoods.com\/fr\/produit\/back-bacon\/\",\"name\":\"Back bacon\",\"isPartOf\":{\"@id\":\"https:\/\/www.costabravafoods.com\/#website\"},\"primaryImageOfPage\":{\"@id\":\"https:\/\/www.costabravafoods.com\/fr\/produit\/back-bacon\/#primaryimage\"},\"image\":{\"@id\":\"https:\/\/www.costabravafoods.com\/fr\/produit\/back-bacon\/#primaryimage\"},\"thumbnailUrl\":\"https:\/\/www.costabravafoods.com\/wp-content\/uploads\/2025\/04\/back-bacon-cerdo-pork.jpg\",\"datePublished\":\"2025-07-19T10:40:42+00:00\",\"dateModified\":\"2025-09-30T16:51:19+00:00\",\"description\":\"Le back bacon provient de la partie sup\u00e9rieure du dos du cochon. Cette pi\u00e8ce contient de la viande maigre et un peu de gras.\",\"breadcrumb\":{\"@id\":\"https:\/\/www.costabravafoods.com\/fr\/produit\/back-bacon\/#breadcrumb\"},\"inLanguage\":\"fr-FR\",\"potentialAction\":[{\"@type\":\"ReadAction\",\"target\":[\"https:\/\/www.costabravafoods.com\/fr\/produit\/back-bacon\/\"]}]},{\"@type\":\"ImageObject\",\"inLanguage\":\"fr-FR\",\"@id\":\"https:\/\/www.costabravafoods.com\/fr\/produit\/back-bacon\/#primaryimage\",\"url\":\"https:\/\/www.costabravafoods.com\/wp-content\/uploads\/2025\/04\/back-bacon-cerdo-pork.jpg\",\"contentUrl\":\"https:\/\/www.costabravafoods.com\/wp-content\/uploads\/2025\/04\/back-bacon-cerdo-pork.jpg\",\"width\":1000,\"height\":1000,\"caption\":\"Le back bacon provient de la partie sup\u00e9rieure du dos du cochon. Cette pi\u00e8ce contient de la viande maigre et un peu de gras.\"},{\"@type\":\"BreadcrumbList\",\"@id\":\"https:\/\/www.costabravafoods.com\/fr\/produit\/back-bacon\/#breadcrumb\",\"itemListElement\":[{\"@type\":\"ListItem\",\"position\":1,\"name\":\"Portada\",\"item\":\"https:\/\/www.costabravafoods.com\/fr\/\"},{\"@type\":\"ListItem\",\"position\":2,\"name\":\"Produits\",\"item\":\"https:\/\/www.costabravafoods.com\/productos\/\"},{\"@type\":\"ListItem\",\"position\":3,\"name\":\"Back bacon\"}]},{\"@type\":\"WebSite\",\"@id\":\"https:\/\/www.costabravafoods.com\/#website\",\"url\":\"https:\/\/www.costabravafoods.com\/\",\"name\":\"Costa Brava Foods\",\"description\":\"\",\"potentialAction\":[{\"@type\":\"SearchAction\",\"target\":{\"@type\":\"EntryPoint\",\"urlTemplate\":\"https:\/\/www.costabravafoods.com\/?s={search_term_string}\"},\"query-input\":{\"@type\":\"PropertyValueSpecification\",\"valueRequired\":true,\"valueName\":\"search_term_string\"}}],\"inLanguage\":\"fr-FR\"}]}<\/script>\n<!-- \/ Yoast SEO plugin. -->","yoast_head_json":{"title":"Back bacon","description":"Le back bacon provient de la partie sup\u00e9rieure du dos du cochon. Cette pi\u00e8ce contient de la viande maigre et un peu de gras.","robots":{"index":"index","follow":"follow","max-snippet":"max-snippet:-1","max-image-preview":"max-image-preview:large","max-video-preview":"max-video-preview:-1"},"canonical":"https:\/\/www.costabravafoods.com\/fr\/produit\/back-bacon\/","og_locale":"fr_FR","og_type":"article","og_title":"Back bacon","og_description":"Le back bacon provient de la partie sup\u00e9rieure du dos du cochon. Cette pi\u00e8ce contient de la viande maigre et un peu de gras.","og_url":"https:\/\/www.costabravafoods.com\/fr\/produit\/back-bacon\/","og_site_name":"Costa Brava Foods","article_modified_time":"2025-09-30T16:51:19+00:00","og_image":[{"width":1000,"height":1000,"url":"https:\/\/www.costabravafoods.com\/wp-content\/uploads\/2025\/04\/back-bacon-cerdo-pork.jpg","type":"image\/jpeg"}],"twitter_card":"summary_large_image","schema":{"@context":"https:\/\/schema.org","@graph":[{"@type":"WebPage","@id":"https:\/\/www.costabravafoods.com\/fr\/produit\/back-bacon\/","url":"https:\/\/www.costabravafoods.com\/fr\/produit\/back-bacon\/","name":"Back bacon","isPartOf":{"@id":"https:\/\/www.costabravafoods.com\/#website"},"primaryImageOfPage":{"@id":"https:\/\/www.costabravafoods.com\/fr\/produit\/back-bacon\/#primaryimage"},"image":{"@id":"https:\/\/www.costabravafoods.com\/fr\/produit\/back-bacon\/#primaryimage"},"thumbnailUrl":"https:\/\/www.costabravafoods.com\/wp-content\/uploads\/2025\/04\/back-bacon-cerdo-pork.jpg","datePublished":"2025-07-19T10:40:42+00:00","dateModified":"2025-09-30T16:51:19+00:00","description":"Le back bacon provient de la partie sup\u00e9rieure du dos du cochon. Cette pi\u00e8ce contient de la viande maigre et un peu de gras.","breadcrumb":{"@id":"https:\/\/www.costabravafoods.com\/fr\/produit\/back-bacon\/#breadcrumb"},"inLanguage":"fr-FR","potentialAction":[{"@type":"ReadAction","target":["https:\/\/www.costabravafoods.com\/fr\/produit\/back-bacon\/"]}]},{"@type":"ImageObject","inLanguage":"fr-FR","@id":"https:\/\/www.costabravafoods.com\/fr\/produit\/back-bacon\/#primaryimage","url":"https:\/\/www.costabravafoods.com\/wp-content\/uploads\/2025\/04\/back-bacon-cerdo-pork.jpg","contentUrl":"https:\/\/www.costabravafoods.com\/wp-content\/uploads\/2025\/04\/back-bacon-cerdo-pork.jpg","width":1000,"height":1000,"caption":"Le back bacon provient de la partie sup\u00e9rieure du dos du cochon. Cette pi\u00e8ce contient de la viande maigre et un peu de gras."},{"@type":"BreadcrumbList","@id":"https:\/\/www.costabravafoods.com\/fr\/produit\/back-bacon\/#breadcrumb","itemListElement":[{"@type":"ListItem","position":1,"name":"Portada","item":"https:\/\/www.costabravafoods.com\/fr\/"},{"@type":"ListItem","position":2,"name":"Produits","item":"https:\/\/www.costabravafoods.com\/productos\/"},{"@type":"ListItem","position":3,"name":"Back bacon"}]},{"@type":"WebSite","@id":"https:\/\/www.costabravafoods.com\/#website","url":"https:\/\/www.costabravafoods.com\/","name":"Costa Brava Foods","description":"","potentialAction":[{"@type":"SearchAction","target":{"@type":"EntryPoint","urlTemplate":"https:\/\/www.costabravafoods.com\/?s={search_term_string}"},"query-input":{"@type":"PropertyValueSpecification","valueRequired":true,"valueName":"search_term_string"}}],"inLanguage":"fr-FR"}]}},"_links":{"self":[{"href":"https:\/\/www.costabravafoods.com\/fr\/wp-json\/wp\/v2\/product\/32133","targetHints":{"allow":["GET"]}}],"collection":[{"href":"https:\/\/www.costabravafoods.com\/fr\/wp-json\/wp\/v2\/product"}],"about":[{"href":"https:\/\/www.costabravafoods.com\/fr\/wp-json\/wp\/v2\/types\/product"}],"wp:featuredmedia":[{"embeddable":true,"href":"https:\/\/www.costabravafoods.com\/fr\/wp-json\/wp\/v2\/media\/3872"}],"wp:attachment":[{"href":"https:\/\/www.costabravafoods.com\/fr\/wp-json\/wp\/v2\/media?parent=32133"}],"wp:term":[{"taxonomy":"product_brand","embeddable":true,"href":"https:\/\/www.costabravafoods.com\/fr\/wp-json\/wp\/v2\/product_brand?post=32133"},{"taxonomy":"product_cat","embeddable":true,"href":"https:\/\/www.costabravafoods.com\/fr\/wp-json\/wp\/v2\/product_cat?post=32133"},{"taxonomy":"product_tag","embeddable":true,"href":"https:\/\/www.costabravafoods.com\/fr\/wp-json\/wp\/v2\/product_tag?post=32133"},{"taxonomy":"corte_cerdo","embeddable":true,"href":"https:\/\/www.costabravafoods.com\/fr\/wp-json\/wp\/v2\/corte_cerdo?post=32133"},{"taxonomy":"corte_vacuno","embeddable":true,"href":"https:\/\/www.costabravafoods.com\/fr\/wp-json\/wp\/v2\/corte_vacuno?post=32133"},{"taxonomy":"fresh_retail","embeddable":true,"href":"https:\/\/www.costabravafoods.com\/fr\/wp-json\/wp\/v2\/fresh_retail?post=32133"},{"taxonomy":"conservacion","embeddable":true,"href":"https:\/\/www.costabravafoods.com\/fr\/wp-json\/wp\/v2\/conservacion?post=32133"},{"taxonomy":"envase","embeddable":true,"href":"https:\/\/www.costabravafoods.com\/fr\/wp-json\/wp\/v2\/envase?post=32133"},{"taxonomy":"tipo_corte","embeddable":true,"href":"https:\/\/www.costabravafoods.com\/fr\/wp-json\/wp\/v2\/tipo_corte?post=32133"}],"curies":[{"name":"wp","href":"https:\/\/api.w.org\/{rel}","templated":true}]}}