

{"id":32134,"date":"2025-07-19T12:40:42","date_gmt":"2025-07-19T10:40:42","guid":{"rendered":"https:\/\/www.costabravafoods.com\/producto\/echine-avec-os\/"},"modified":"2025-09-30T18:51:20","modified_gmt":"2025-09-30T16:51:20","slug":"echine-avec-os","status":"publish","type":"product","link":"https:\/\/www.costabravafoods.com\/fr\/produit\/echine-avec-os\/","title":{"rendered":"\u00c9chine avec os"},"content":{"rendered":"<p>\u00c9chine de porc avec os, pi\u00e8ce polyvalente situ\u00e9e au niveau du cou du cochon. Utilis\u00e9e principalement pour les grillades, elle est \u00e9galement appr\u00e9ci\u00e9e s\u00e9ch\u00e9e dans certains pays.<\/p>\n","protected":false},"excerpt":{"rendered":"<p>\u00c9chine avec os, pi\u00e8ce polyvalente \u00e0 griller ou \u00e0 s\u00e9cher.<\/p>\n","protected":false},"featured_media":3812,"template":"","meta":[],"product_brand":[],"product_cat":[483,335,346],"product_tag":[],"corte_cerdo":[350],"corte_vacuno":[],"fresh_retail":[646],"conservacion":[],"envase":[],"tipo_corte":[],"class_list":{"0":"post-32134","1":"product","2":"type-product","3":"status-publish","4":"has-post-thumbnail","6":"product_cat-epaules-et-cous","7":"product_cat-fresh-fr","8":"product_cat-porc-fr","9":"corte_cerdo-epaules-et-cous","10":"fresh_retail-porc-fr","12":"first","13":"instock","14":"product-type-simple"},"yoast_head":"<!-- This site is optimized with the Yoast SEO plugin v27.2 - https:\/\/yoast.com\/product\/yoast-seo-wordpress\/ -->\n<title>\u00c9chine avec os<\/title>\n<meta name=\"description\" content=\"\u00c9chine avec os, pi\u00e8ce polyvalente \u00e0 griller ou \u00e0 s\u00e9cher.\" \/>\n<meta name=\"robots\" content=\"index, follow, max-snippet:-1, max-image-preview:large, max-video-preview:-1\" \/>\n<link rel=\"canonical\" href=\"https:\/\/www.costabravafoods.com\/fr\/produit\/echine-avec-os\/\" \/>\n<meta property=\"og:locale\" content=\"fr_FR\" \/>\n<meta property=\"og:type\" content=\"article\" \/>\n<meta property=\"og:title\" content=\"\u00c9chine avec os\" \/>\n<meta property=\"og:description\" content=\"\u00c9chine avec os, pi\u00e8ce polyvalente \u00e0 griller ou \u00e0 s\u00e9cher.\" \/>\n<meta property=\"og:url\" content=\"https:\/\/www.costabravafoods.com\/fr\/produit\/echine-avec-os\/\" \/>\n<meta property=\"og:site_name\" content=\"Costa Brava Foods\" \/>\n<meta property=\"article:modified_time\" content=\"2025-09-30T16:51:20+00:00\" \/>\n<meta property=\"og:image\" content=\"https:\/\/www.costabravafoods.com\/wp-content\/uploads\/2025\/04\/cabeza-lomo-hueso-collar-bone.jpg\" \/>\n\t<meta property=\"og:image:width\" content=\"1000\" \/>\n\t<meta property=\"og:image:height\" content=\"1000\" \/>\n\t<meta property=\"og:image:type\" content=\"image\/jpeg\" \/>\n<meta name=\"twitter:card\" content=\"summary_large_image\" \/>\n<script type=\"application\/ld+json\" class=\"yoast-schema-graph\">{\"@context\":\"https:\/\/schema.org\",\"@graph\":[{\"@type\":\"WebPage\",\"@id\":\"https:\/\/www.costabravafoods.com\/fr\/produit\/echine-avec-os\/\",\"url\":\"https:\/\/www.costabravafoods.com\/fr\/produit\/echine-avec-os\/\",\"name\":\"\u00c9chine avec os\",\"isPartOf\":{\"@id\":\"https:\/\/www.costabravafoods.com\/#website\"},\"primaryImageOfPage\":{\"@id\":\"https:\/\/www.costabravafoods.com\/fr\/produit\/echine-avec-os\/#primaryimage\"},\"image\":{\"@id\":\"https:\/\/www.costabravafoods.com\/fr\/produit\/echine-avec-os\/#primaryimage\"},\"thumbnailUrl\":\"https:\/\/www.costabravafoods.com\/wp-content\/uploads\/2025\/04\/cabeza-lomo-hueso-collar-bone.jpg\",\"datePublished\":\"2025-07-19T10:40:42+00:00\",\"dateModified\":\"2025-09-30T16:51:20+00:00\",\"description\":\"\u00c9chine avec os, pi\u00e8ce polyvalente \u00e0 griller ou \u00e0 s\u00e9cher.\",\"breadcrumb\":{\"@id\":\"https:\/\/www.costabravafoods.com\/fr\/produit\/echine-avec-os\/#breadcrumb\"},\"inLanguage\":\"fr-FR\",\"potentialAction\":[{\"@type\":\"ReadAction\",\"target\":[\"https:\/\/www.costabravafoods.com\/fr\/produit\/echine-avec-os\/\"]}]},{\"@type\":\"ImageObject\",\"inLanguage\":\"fr-FR\",\"@id\":\"https:\/\/www.costabravafoods.com\/fr\/produit\/echine-avec-os\/#primaryimage\",\"url\":\"https:\/\/www.costabravafoods.com\/wp-content\/uploads\/2025\/04\/cabeza-lomo-hueso-collar-bone.jpg\",\"contentUrl\":\"https:\/\/www.costabravafoods.com\/wp-content\/uploads\/2025\/04\/cabeza-lomo-hueso-collar-bone.jpg\",\"width\":1000,\"height\":1000,\"caption\":\"\u00c9chine avec os\"},{\"@type\":\"BreadcrumbList\",\"@id\":\"https:\/\/www.costabravafoods.com\/fr\/produit\/echine-avec-os\/#breadcrumb\",\"itemListElement\":[{\"@type\":\"ListItem\",\"position\":1,\"name\":\"Portada\",\"item\":\"https:\/\/www.costabravafoods.com\/fr\/\"},{\"@type\":\"ListItem\",\"position\":2,\"name\":\"Produits\",\"item\":\"https:\/\/www.costabravafoods.com\/productos\/\"},{\"@type\":\"ListItem\",\"position\":3,\"name\":\"\u00c9chine avec os\"}]},{\"@type\":\"WebSite\",\"@id\":\"https:\/\/www.costabravafoods.com\/#website\",\"url\":\"https:\/\/www.costabravafoods.com\/\",\"name\":\"Costa Brava Foods\",\"description\":\"\",\"potentialAction\":[{\"@type\":\"SearchAction\",\"target\":{\"@type\":\"EntryPoint\",\"urlTemplate\":\"https:\/\/www.costabravafoods.com\/?s={search_term_string}\"},\"query-input\":{\"@type\":\"PropertyValueSpecification\",\"valueRequired\":true,\"valueName\":\"search_term_string\"}}],\"inLanguage\":\"fr-FR\"}]}<\/script>\n<!-- \/ Yoast SEO plugin. -->","yoast_head_json":{"title":"\u00c9chine avec os","description":"\u00c9chine avec os, pi\u00e8ce polyvalente \u00e0 griller ou \u00e0 s\u00e9cher.","robots":{"index":"index","follow":"follow","max-snippet":"max-snippet:-1","max-image-preview":"max-image-preview:large","max-video-preview":"max-video-preview:-1"},"canonical":"https:\/\/www.costabravafoods.com\/fr\/produit\/echine-avec-os\/","og_locale":"fr_FR","og_type":"article","og_title":"\u00c9chine avec os","og_description":"\u00c9chine avec os, pi\u00e8ce polyvalente \u00e0 griller ou \u00e0 s\u00e9cher.","og_url":"https:\/\/www.costabravafoods.com\/fr\/produit\/echine-avec-os\/","og_site_name":"Costa Brava Foods","article_modified_time":"2025-09-30T16:51:20+00:00","og_image":[{"width":1000,"height":1000,"url":"https:\/\/www.costabravafoods.com\/wp-content\/uploads\/2025\/04\/cabeza-lomo-hueso-collar-bone.jpg","type":"image\/jpeg"}],"twitter_card":"summary_large_image","schema":{"@context":"https:\/\/schema.org","@graph":[{"@type":"WebPage","@id":"https:\/\/www.costabravafoods.com\/fr\/produit\/echine-avec-os\/","url":"https:\/\/www.costabravafoods.com\/fr\/produit\/echine-avec-os\/","name":"\u00c9chine avec os","isPartOf":{"@id":"https:\/\/www.costabravafoods.com\/#website"},"primaryImageOfPage":{"@id":"https:\/\/www.costabravafoods.com\/fr\/produit\/echine-avec-os\/#primaryimage"},"image":{"@id":"https:\/\/www.costabravafoods.com\/fr\/produit\/echine-avec-os\/#primaryimage"},"thumbnailUrl":"https:\/\/www.costabravafoods.com\/wp-content\/uploads\/2025\/04\/cabeza-lomo-hueso-collar-bone.jpg","datePublished":"2025-07-19T10:40:42+00:00","dateModified":"2025-09-30T16:51:20+00:00","description":"\u00c9chine avec os, pi\u00e8ce polyvalente \u00e0 griller ou \u00e0 s\u00e9cher.","breadcrumb":{"@id":"https:\/\/www.costabravafoods.com\/fr\/produit\/echine-avec-os\/#breadcrumb"},"inLanguage":"fr-FR","potentialAction":[{"@type":"ReadAction","target":["https:\/\/www.costabravafoods.com\/fr\/produit\/echine-avec-os\/"]}]},{"@type":"ImageObject","inLanguage":"fr-FR","@id":"https:\/\/www.costabravafoods.com\/fr\/produit\/echine-avec-os\/#primaryimage","url":"https:\/\/www.costabravafoods.com\/wp-content\/uploads\/2025\/04\/cabeza-lomo-hueso-collar-bone.jpg","contentUrl":"https:\/\/www.costabravafoods.com\/wp-content\/uploads\/2025\/04\/cabeza-lomo-hueso-collar-bone.jpg","width":1000,"height":1000,"caption":"\u00c9chine avec os"},{"@type":"BreadcrumbList","@id":"https:\/\/www.costabravafoods.com\/fr\/produit\/echine-avec-os\/#breadcrumb","itemListElement":[{"@type":"ListItem","position":1,"name":"Portada","item":"https:\/\/www.costabravafoods.com\/fr\/"},{"@type":"ListItem","position":2,"name":"Produits","item":"https:\/\/www.costabravafoods.com\/productos\/"},{"@type":"ListItem","position":3,"name":"\u00c9chine avec os"}]},{"@type":"WebSite","@id":"https:\/\/www.costabravafoods.com\/#website","url":"https:\/\/www.costabravafoods.com\/","name":"Costa Brava Foods","description":"","potentialAction":[{"@type":"SearchAction","target":{"@type":"EntryPoint","urlTemplate":"https:\/\/www.costabravafoods.com\/?s={search_term_string}"},"query-input":{"@type":"PropertyValueSpecification","valueRequired":true,"valueName":"search_term_string"}}],"inLanguage":"fr-FR"}]}},"_links":{"self":[{"href":"https:\/\/www.costabravafoods.com\/fr\/wp-json\/wp\/v2\/product\/32134","targetHints":{"allow":["GET"]}}],"collection":[{"href":"https:\/\/www.costabravafoods.com\/fr\/wp-json\/wp\/v2\/product"}],"about":[{"href":"https:\/\/www.costabravafoods.com\/fr\/wp-json\/wp\/v2\/types\/product"}],"wp:featuredmedia":[{"embeddable":true,"href":"https:\/\/www.costabravafoods.com\/fr\/wp-json\/wp\/v2\/media\/3812"}],"wp:attachment":[{"href":"https:\/\/www.costabravafoods.com\/fr\/wp-json\/wp\/v2\/media?parent=32134"}],"wp:term":[{"taxonomy":"product_brand","embeddable":true,"href":"https:\/\/www.costabravafoods.com\/fr\/wp-json\/wp\/v2\/product_brand?post=32134"},{"taxonomy":"product_cat","embeddable":true,"href":"https:\/\/www.costabravafoods.com\/fr\/wp-json\/wp\/v2\/product_cat?post=32134"},{"taxonomy":"product_tag","embeddable":true,"href":"https:\/\/www.costabravafoods.com\/fr\/wp-json\/wp\/v2\/product_tag?post=32134"},{"taxonomy":"corte_cerdo","embeddable":true,"href":"https:\/\/www.costabravafoods.com\/fr\/wp-json\/wp\/v2\/corte_cerdo?post=32134"},{"taxonomy":"corte_vacuno","embeddable":true,"href":"https:\/\/www.costabravafoods.com\/fr\/wp-json\/wp\/v2\/corte_vacuno?post=32134"},{"taxonomy":"fresh_retail","embeddable":true,"href":"https:\/\/www.costabravafoods.com\/fr\/wp-json\/wp\/v2\/fresh_retail?post=32134"},{"taxonomy":"conservacion","embeddable":true,"href":"https:\/\/www.costabravafoods.com\/fr\/wp-json\/wp\/v2\/conservacion?post=32134"},{"taxonomy":"envase","embeddable":true,"href":"https:\/\/www.costabravafoods.com\/fr\/wp-json\/wp\/v2\/envase?post=32134"},{"taxonomy":"tipo_corte","embeddable":true,"href":"https:\/\/www.costabravafoods.com\/fr\/wp-json\/wp\/v2\/tipo_corte?post=32134"}],"curies":[{"name":"wp","href":"https:\/\/api.w.org\/{rel}","templated":true}]}}