

{"id":32173,"date":"2025-07-18T12:00:43","date_gmt":"2025-07-18T10:00:43","guid":{"rendered":"https:\/\/www.costabravafoods.com\/producto\/des-de-jamon-serrano\/"},"modified":"2025-09-30T18:52:00","modified_gmt":"2025-09-30T16:52:00","slug":"des-de-jamon-serrano","status":"publish","type":"product","link":"https:\/\/www.costabravafoods.com\/fr\/produit\/des-de-jamon-serrano\/","title":{"rendered":"D\u00e9s de Jam\u00f3n serrano"},"content":{"rendered":"<p>Le d\u00e9licieux Jam\u00f3n serrano de Costa Brava Mediterranean Foods coup\u00e9 en d\u00e9s. Parfaits pour accompagner des rago\u00fbts, des po\u00eal\u00e9es, des omelettes ou \u00e0 d\u00e9guster en ap\u00e9ritif.<\/p>\n","protected":false},"excerpt":{"rendered":"<p>Le d\u00e9licieux Jam\u00f3n serrano de Costa Brava Mediterranean Foods coup\u00e9 en d\u00e9s.<\/p>\n","protected":false},"featured_media":18202,"template":"","meta":[],"product_brand":[],"product_cat":[355,354],"product_tag":[],"corte_cerdo":[],"corte_vacuno":[],"fresh_retail":[646],"conservacion":[356],"envase":[357],"tipo_corte":[656],"class_list":{"0":"post-32173","1":"product","2":"type-product","3":"status-publish","4":"has-post-thumbnail","6":"product_cat-tapas-fr","7":"product_cat-tradition-fr","8":"fresh_retail-porc-fr","9":"conservacion-temperature-ambiante","10":"envase-atmosphere-protectrice","11":"tipo_corte-piece-fr","13":"first","14":"instock","15":"product-type-simple"},"yoast_head":"<!-- This site is optimized with the Yoast SEO plugin v27.2 - https:\/\/yoast.com\/product\/yoast-seo-wordpress\/ -->\n<title>D\u00e9s de Jam\u00f3n serrano<\/title>\n<meta name=\"description\" content=\"Le d\u00e9licieux Jam\u00f3n serrano de Costa Brava Mediterranean Foods coup\u00e9 en d\u00e9s.\" \/>\n<meta name=\"robots\" content=\"index, follow, max-snippet:-1, max-image-preview:large, max-video-preview:-1\" \/>\n<link rel=\"canonical\" href=\"https:\/\/www.costabravafoods.com\/fr\/produit\/des-de-jamon-serrano\/\" \/>\n<meta property=\"og:locale\" content=\"fr_FR\" \/>\n<meta property=\"og:type\" content=\"article\" \/>\n<meta property=\"og:title\" content=\"D\u00e9s de Jam\u00f3n serrano\" \/>\n<meta property=\"og:description\" content=\"Le d\u00e9licieux Jam\u00f3n serrano de Costa Brava Mediterranean Foods coup\u00e9 en d\u00e9s.\" \/>\n<meta property=\"og:url\" content=\"https:\/\/www.costabravafoods.com\/fr\/produit\/des-de-jamon-serrano\/\" \/>\n<meta property=\"og:site_name\" content=\"Costa Brava Foods\" \/>\n<meta property=\"article:modified_time\" content=\"2025-09-30T16:52:00+00:00\" \/>\n<meta property=\"og:image\" content=\"https:\/\/www.costabravafoods.com\/wp-content\/uploads\/2025\/07\/tapas-taquitos-jamon-serrano.jpg\" \/>\n\t<meta property=\"og:image:width\" content=\"1000\" \/>\n\t<meta property=\"og:image:height\" content=\"1000\" \/>\n\t<meta property=\"og:image:type\" content=\"image\/jpeg\" \/>\n<meta name=\"twitter:card\" content=\"summary_large_image\" \/>\n<script type=\"application\/ld+json\" class=\"yoast-schema-graph\">{\"@context\":\"https:\/\/schema.org\",\"@graph\":[{\"@type\":\"WebPage\",\"@id\":\"https:\/\/www.costabravafoods.com\/fr\/produit\/des-de-jamon-serrano\/\",\"url\":\"https:\/\/www.costabravafoods.com\/fr\/produit\/des-de-jamon-serrano\/\",\"name\":\"D\u00e9s de Jam\u00f3n serrano\",\"isPartOf\":{\"@id\":\"https:\/\/www.costabravafoods.com\/#website\"},\"primaryImageOfPage\":{\"@id\":\"https:\/\/www.costabravafoods.com\/fr\/produit\/des-de-jamon-serrano\/#primaryimage\"},\"image\":{\"@id\":\"https:\/\/www.costabravafoods.com\/fr\/produit\/des-de-jamon-serrano\/#primaryimage\"},\"thumbnailUrl\":\"https:\/\/www.costabravafoods.com\/wp-content\/uploads\/2025\/07\/tapas-taquitos-jamon-serrano.jpg\",\"datePublished\":\"2025-07-18T10:00:43+00:00\",\"dateModified\":\"2025-09-30T16:52:00+00:00\",\"description\":\"Le d\u00e9licieux Jam\u00f3n serrano de Costa Brava Mediterranean Foods coup\u00e9 en d\u00e9s.\",\"breadcrumb\":{\"@id\":\"https:\/\/www.costabravafoods.com\/fr\/produit\/des-de-jamon-serrano\/#breadcrumb\"},\"inLanguage\":\"fr-FR\",\"potentialAction\":[{\"@type\":\"ReadAction\",\"target\":[\"https:\/\/www.costabravafoods.com\/fr\/produit\/des-de-jamon-serrano\/\"]}]},{\"@type\":\"ImageObject\",\"inLanguage\":\"fr-FR\",\"@id\":\"https:\/\/www.costabravafoods.com\/fr\/produit\/des-de-jamon-serrano\/#primaryimage\",\"url\":\"https:\/\/www.costabravafoods.com\/wp-content\/uploads\/2025\/07\/tapas-taquitos-jamon-serrano.jpg\",\"contentUrl\":\"https:\/\/www.costabravafoods.com\/wp-content\/uploads\/2025\/07\/tapas-taquitos-jamon-serrano.jpg\",\"width\":1000,\"height\":1000,\"caption\":\"Le d\u00e9licieux Jam\u00f3n serrano de Costa Brava Mediterranean Foods coup\u00e9 en d\u00e9s.\"},{\"@type\":\"BreadcrumbList\",\"@id\":\"https:\/\/www.costabravafoods.com\/fr\/produit\/des-de-jamon-serrano\/#breadcrumb\",\"itemListElement\":[{\"@type\":\"ListItem\",\"position\":1,\"name\":\"Portada\",\"item\":\"https:\/\/www.costabravafoods.com\/fr\/\"},{\"@type\":\"ListItem\",\"position\":2,\"name\":\"Produits\",\"item\":\"https:\/\/www.costabravafoods.com\/productos\/\"},{\"@type\":\"ListItem\",\"position\":3,\"name\":\"D\u00e9s de Jam\u00f3n serrano\"}]},{\"@type\":\"WebSite\",\"@id\":\"https:\/\/www.costabravafoods.com\/#website\",\"url\":\"https:\/\/www.costabravafoods.com\/\",\"name\":\"Costa Brava Foods\",\"description\":\"\",\"potentialAction\":[{\"@type\":\"SearchAction\",\"target\":{\"@type\":\"EntryPoint\",\"urlTemplate\":\"https:\/\/www.costabravafoods.com\/?s={search_term_string}\"},\"query-input\":{\"@type\":\"PropertyValueSpecification\",\"valueRequired\":true,\"valueName\":\"search_term_string\"}}],\"inLanguage\":\"fr-FR\"}]}<\/script>\n<!-- \/ Yoast SEO plugin. -->","yoast_head_json":{"title":"D\u00e9s de Jam\u00f3n serrano","description":"Le d\u00e9licieux Jam\u00f3n serrano de Costa Brava Mediterranean Foods coup\u00e9 en d\u00e9s.","robots":{"index":"index","follow":"follow","max-snippet":"max-snippet:-1","max-image-preview":"max-image-preview:large","max-video-preview":"max-video-preview:-1"},"canonical":"https:\/\/www.costabravafoods.com\/fr\/produit\/des-de-jamon-serrano\/","og_locale":"fr_FR","og_type":"article","og_title":"D\u00e9s de Jam\u00f3n serrano","og_description":"Le d\u00e9licieux Jam\u00f3n serrano de Costa Brava Mediterranean Foods coup\u00e9 en d\u00e9s.","og_url":"https:\/\/www.costabravafoods.com\/fr\/produit\/des-de-jamon-serrano\/","og_site_name":"Costa Brava Foods","article_modified_time":"2025-09-30T16:52:00+00:00","og_image":[{"width":1000,"height":1000,"url":"https:\/\/www.costabravafoods.com\/wp-content\/uploads\/2025\/07\/tapas-taquitos-jamon-serrano.jpg","type":"image\/jpeg"}],"twitter_card":"summary_large_image","schema":{"@context":"https:\/\/schema.org","@graph":[{"@type":"WebPage","@id":"https:\/\/www.costabravafoods.com\/fr\/produit\/des-de-jamon-serrano\/","url":"https:\/\/www.costabravafoods.com\/fr\/produit\/des-de-jamon-serrano\/","name":"D\u00e9s de Jam\u00f3n serrano","isPartOf":{"@id":"https:\/\/www.costabravafoods.com\/#website"},"primaryImageOfPage":{"@id":"https:\/\/www.costabravafoods.com\/fr\/produit\/des-de-jamon-serrano\/#primaryimage"},"image":{"@id":"https:\/\/www.costabravafoods.com\/fr\/produit\/des-de-jamon-serrano\/#primaryimage"},"thumbnailUrl":"https:\/\/www.costabravafoods.com\/wp-content\/uploads\/2025\/07\/tapas-taquitos-jamon-serrano.jpg","datePublished":"2025-07-18T10:00:43+00:00","dateModified":"2025-09-30T16:52:00+00:00","description":"Le d\u00e9licieux Jam\u00f3n serrano de Costa Brava Mediterranean Foods coup\u00e9 en d\u00e9s.","breadcrumb":{"@id":"https:\/\/www.costabravafoods.com\/fr\/produit\/des-de-jamon-serrano\/#breadcrumb"},"inLanguage":"fr-FR","potentialAction":[{"@type":"ReadAction","target":["https:\/\/www.costabravafoods.com\/fr\/produit\/des-de-jamon-serrano\/"]}]},{"@type":"ImageObject","inLanguage":"fr-FR","@id":"https:\/\/www.costabravafoods.com\/fr\/produit\/des-de-jamon-serrano\/#primaryimage","url":"https:\/\/www.costabravafoods.com\/wp-content\/uploads\/2025\/07\/tapas-taquitos-jamon-serrano.jpg","contentUrl":"https:\/\/www.costabravafoods.com\/wp-content\/uploads\/2025\/07\/tapas-taquitos-jamon-serrano.jpg","width":1000,"height":1000,"caption":"Le d\u00e9licieux Jam\u00f3n serrano de Costa Brava Mediterranean Foods coup\u00e9 en d\u00e9s."},{"@type":"BreadcrumbList","@id":"https:\/\/www.costabravafoods.com\/fr\/produit\/des-de-jamon-serrano\/#breadcrumb","itemListElement":[{"@type":"ListItem","position":1,"name":"Portada","item":"https:\/\/www.costabravafoods.com\/fr\/"},{"@type":"ListItem","position":2,"name":"Produits","item":"https:\/\/www.costabravafoods.com\/productos\/"},{"@type":"ListItem","position":3,"name":"D\u00e9s de Jam\u00f3n serrano"}]},{"@type":"WebSite","@id":"https:\/\/www.costabravafoods.com\/#website","url":"https:\/\/www.costabravafoods.com\/","name":"Costa Brava Foods","description":"","potentialAction":[{"@type":"SearchAction","target":{"@type":"EntryPoint","urlTemplate":"https:\/\/www.costabravafoods.com\/?s={search_term_string}"},"query-input":{"@type":"PropertyValueSpecification","valueRequired":true,"valueName":"search_term_string"}}],"inLanguage":"fr-FR"}]}},"_links":{"self":[{"href":"https:\/\/www.costabravafoods.com\/fr\/wp-json\/wp\/v2\/product\/32173","targetHints":{"allow":["GET"]}}],"collection":[{"href":"https:\/\/www.costabravafoods.com\/fr\/wp-json\/wp\/v2\/product"}],"about":[{"href":"https:\/\/www.costabravafoods.com\/fr\/wp-json\/wp\/v2\/types\/product"}],"wp:featuredmedia":[{"embeddable":true,"href":"https:\/\/www.costabravafoods.com\/fr\/wp-json\/wp\/v2\/media\/18202"}],"wp:attachment":[{"href":"https:\/\/www.costabravafoods.com\/fr\/wp-json\/wp\/v2\/media?parent=32173"}],"wp:term":[{"taxonomy":"product_brand","embeddable":true,"href":"https:\/\/www.costabravafoods.com\/fr\/wp-json\/wp\/v2\/product_brand?post=32173"},{"taxonomy":"product_cat","embeddable":true,"href":"https:\/\/www.costabravafoods.com\/fr\/wp-json\/wp\/v2\/product_cat?post=32173"},{"taxonomy":"product_tag","embeddable":true,"href":"https:\/\/www.costabravafoods.com\/fr\/wp-json\/wp\/v2\/product_tag?post=32173"},{"taxonomy":"corte_cerdo","embeddable":true,"href":"https:\/\/www.costabravafoods.com\/fr\/wp-json\/wp\/v2\/corte_cerdo?post=32173"},{"taxonomy":"corte_vacuno","embeddable":true,"href":"https:\/\/www.costabravafoods.com\/fr\/wp-json\/wp\/v2\/corte_vacuno?post=32173"},{"taxonomy":"fresh_retail","embeddable":true,"href":"https:\/\/www.costabravafoods.com\/fr\/wp-json\/wp\/v2\/fresh_retail?post=32173"},{"taxonomy":"conservacion","embeddable":true,"href":"https:\/\/www.costabravafoods.com\/fr\/wp-json\/wp\/v2\/conservacion?post=32173"},{"taxonomy":"envase","embeddable":true,"href":"https:\/\/www.costabravafoods.com\/fr\/wp-json\/wp\/v2\/envase?post=32173"},{"taxonomy":"tipo_corte","embeddable":true,"href":"https:\/\/www.costabravafoods.com\/fr\/wp-json\/wp\/v2\/tipo_corte?post=32173"}],"curies":[{"name":"wp","href":"https:\/\/api.w.org\/{rel}","templated":true}]}}