

{"id":32197,"date":"2025-07-18T12:01:37","date_gmt":"2025-07-18T10:01:37","guid":{"rendered":"https:\/\/www.costabravafoods.com\/producto\/2-fuets-extra-couteau\/"},"modified":"2025-09-30T18:52:26","modified_gmt":"2025-09-30T16:52:26","slug":"2-fuets-extra-couteau","status":"publish","type":"product","link":"https:\/\/www.costabravafoods.com\/fr\/produit\/2-fuets-extra-couteau\/","title":{"rendered":"2 fuets extra + couteau"},"content":{"rendered":"<p>Lot de 2\u00a0fuets extra  Costa Brava Mediterranean Foods et un couteau offert pour les amateurs de fuet. Pour d\u00e9guster les fuets imm\u00e9diatement, sans avoir \u00e0 vous pr\u00e9occuper de quoi que ce soit.<\/p>\n","protected":false},"excerpt":{"rendered":"<p>Lot de 2\u00a0fuets extra et un couteau offert pour les amateurs de fuet.<\/p>\n","protected":false},"featured_media":18394,"template":"","meta":[],"product_brand":[],"product_cat":[360,354],"product_tag":[],"corte_cerdo":[],"corte_vacuno":[],"fresh_retail":[646],"conservacion":[356],"envase":[357],"tipo_corte":[656],"class_list":{"0":"post-32197","1":"product","2":"type-product","3":"status-publish","4":"has-post-thumbnail","6":"product_cat-fuet-fr","7":"product_cat-tradition-fr","8":"fresh_retail-porc-fr","9":"conservacion-temperature-ambiante","10":"envase-atmosphere-protectrice","11":"tipo_corte-piece-fr","13":"first","14":"instock","15":"product-type-simple"},"yoast_head":"<!-- This site is optimized with the Yoast SEO plugin v27.2 - https:\/\/yoast.com\/product\/yoast-seo-wordpress\/ -->\n<title>2 fuets extra + couteau<\/title>\n<meta name=\"description\" content=\"Lot de 2\u00a0fuets extra et un couteau offert pour les amateurs de fuet.\" \/>\n<meta name=\"robots\" content=\"index, follow, max-snippet:-1, max-image-preview:large, max-video-preview:-1\" \/>\n<link rel=\"canonical\" href=\"https:\/\/www.costabravafoods.com\/fr\/produit\/2-fuets-extra-couteau\/\" \/>\n<meta property=\"og:locale\" content=\"fr_FR\" \/>\n<meta property=\"og:type\" content=\"article\" \/>\n<meta property=\"og:title\" content=\"2 fuets extra + couteau\" \/>\n<meta property=\"og:description\" content=\"Lot de 2\u00a0fuets extra et un couteau offert pour les amateurs de fuet.\" \/>\n<meta property=\"og:url\" content=\"https:\/\/www.costabravafoods.com\/fr\/produit\/2-fuets-extra-couteau\/\" \/>\n<meta property=\"og:site_name\" content=\"Costa Brava Foods\" \/>\n<meta property=\"article:modified_time\" content=\"2025-09-30T16:52:26+00:00\" \/>\n<meta property=\"og:image\" content=\"https:\/\/www.costabravafoods.com\/wp-content\/uploads\/2025\/07\/bipack-fuet-cuchillo-knife.jpg\" \/>\n\t<meta property=\"og:image:width\" content=\"1000\" \/>\n\t<meta property=\"og:image:height\" content=\"1000\" \/>\n\t<meta property=\"og:image:type\" content=\"image\/jpeg\" \/>\n<meta name=\"twitter:card\" content=\"summary_large_image\" \/>\n<script type=\"application\/ld+json\" class=\"yoast-schema-graph\">{\"@context\":\"https:\/\/schema.org\",\"@graph\":[{\"@type\":\"WebPage\",\"@id\":\"https:\/\/www.costabravafoods.com\/fr\/produit\/2-fuets-extra-couteau\/\",\"url\":\"https:\/\/www.costabravafoods.com\/fr\/produit\/2-fuets-extra-couteau\/\",\"name\":\"2 fuets extra + couteau\",\"isPartOf\":{\"@id\":\"https:\/\/www.costabravafoods.com\/#website\"},\"primaryImageOfPage\":{\"@id\":\"https:\/\/www.costabravafoods.com\/fr\/produit\/2-fuets-extra-couteau\/#primaryimage\"},\"image\":{\"@id\":\"https:\/\/www.costabravafoods.com\/fr\/produit\/2-fuets-extra-couteau\/#primaryimage\"},\"thumbnailUrl\":\"https:\/\/www.costabravafoods.com\/wp-content\/uploads\/2025\/07\/bipack-fuet-cuchillo-knife.jpg\",\"datePublished\":\"2025-07-18T10:01:37+00:00\",\"dateModified\":\"2025-09-30T16:52:26+00:00\",\"description\":\"Lot de 2\u00a0fuets extra et un couteau offert pour les amateurs de fuet.\",\"breadcrumb\":{\"@id\":\"https:\/\/www.costabravafoods.com\/fr\/produit\/2-fuets-extra-couteau\/#breadcrumb\"},\"inLanguage\":\"fr-FR\",\"potentialAction\":[{\"@type\":\"ReadAction\",\"target\":[\"https:\/\/www.costabravafoods.com\/fr\/produit\/2-fuets-extra-couteau\/\"]}]},{\"@type\":\"ImageObject\",\"inLanguage\":\"fr-FR\",\"@id\":\"https:\/\/www.costabravafoods.com\/fr\/produit\/2-fuets-extra-couteau\/#primaryimage\",\"url\":\"https:\/\/www.costabravafoods.com\/wp-content\/uploads\/2025\/07\/bipack-fuet-cuchillo-knife.jpg\",\"contentUrl\":\"https:\/\/www.costabravafoods.com\/wp-content\/uploads\/2025\/07\/bipack-fuet-cuchillo-knife.jpg\",\"width\":1000,\"height\":1000,\"caption\":\"Lot de 2\u00a0fuets extra et un couteau offert pour les amateurs de fuet.\"},{\"@type\":\"BreadcrumbList\",\"@id\":\"https:\/\/www.costabravafoods.com\/fr\/produit\/2-fuets-extra-couteau\/#breadcrumb\",\"itemListElement\":[{\"@type\":\"ListItem\",\"position\":1,\"name\":\"Portada\",\"item\":\"https:\/\/www.costabravafoods.com\/fr\/\"},{\"@type\":\"ListItem\",\"position\":2,\"name\":\"Produits\",\"item\":\"https:\/\/www.costabravafoods.com\/productos\/\"},{\"@type\":\"ListItem\",\"position\":3,\"name\":\"2 fuets extra + couteau\"}]},{\"@type\":\"WebSite\",\"@id\":\"https:\/\/www.costabravafoods.com\/#website\",\"url\":\"https:\/\/www.costabravafoods.com\/\",\"name\":\"Costa Brava Foods\",\"description\":\"\",\"potentialAction\":[{\"@type\":\"SearchAction\",\"target\":{\"@type\":\"EntryPoint\",\"urlTemplate\":\"https:\/\/www.costabravafoods.com\/?s={search_term_string}\"},\"query-input\":{\"@type\":\"PropertyValueSpecification\",\"valueRequired\":true,\"valueName\":\"search_term_string\"}}],\"inLanguage\":\"fr-FR\"}]}<\/script>\n<!-- \/ Yoast SEO plugin. -->","yoast_head_json":{"title":"2 fuets extra + couteau","description":"Lot de 2\u00a0fuets extra et un couteau offert pour les amateurs de fuet.","robots":{"index":"index","follow":"follow","max-snippet":"max-snippet:-1","max-image-preview":"max-image-preview:large","max-video-preview":"max-video-preview:-1"},"canonical":"https:\/\/www.costabravafoods.com\/fr\/produit\/2-fuets-extra-couteau\/","og_locale":"fr_FR","og_type":"article","og_title":"2 fuets extra + couteau","og_description":"Lot de 2\u00a0fuets extra et un couteau offert pour les amateurs de fuet.","og_url":"https:\/\/www.costabravafoods.com\/fr\/produit\/2-fuets-extra-couteau\/","og_site_name":"Costa Brava Foods","article_modified_time":"2025-09-30T16:52:26+00:00","og_image":[{"width":1000,"height":1000,"url":"https:\/\/www.costabravafoods.com\/wp-content\/uploads\/2025\/07\/bipack-fuet-cuchillo-knife.jpg","type":"image\/jpeg"}],"twitter_card":"summary_large_image","schema":{"@context":"https:\/\/schema.org","@graph":[{"@type":"WebPage","@id":"https:\/\/www.costabravafoods.com\/fr\/produit\/2-fuets-extra-couteau\/","url":"https:\/\/www.costabravafoods.com\/fr\/produit\/2-fuets-extra-couteau\/","name":"2 fuets extra + couteau","isPartOf":{"@id":"https:\/\/www.costabravafoods.com\/#website"},"primaryImageOfPage":{"@id":"https:\/\/www.costabravafoods.com\/fr\/produit\/2-fuets-extra-couteau\/#primaryimage"},"image":{"@id":"https:\/\/www.costabravafoods.com\/fr\/produit\/2-fuets-extra-couteau\/#primaryimage"},"thumbnailUrl":"https:\/\/www.costabravafoods.com\/wp-content\/uploads\/2025\/07\/bipack-fuet-cuchillo-knife.jpg","datePublished":"2025-07-18T10:01:37+00:00","dateModified":"2025-09-30T16:52:26+00:00","description":"Lot de 2\u00a0fuets extra et un couteau offert pour les amateurs de fuet.","breadcrumb":{"@id":"https:\/\/www.costabravafoods.com\/fr\/produit\/2-fuets-extra-couteau\/#breadcrumb"},"inLanguage":"fr-FR","potentialAction":[{"@type":"ReadAction","target":["https:\/\/www.costabravafoods.com\/fr\/produit\/2-fuets-extra-couteau\/"]}]},{"@type":"ImageObject","inLanguage":"fr-FR","@id":"https:\/\/www.costabravafoods.com\/fr\/produit\/2-fuets-extra-couteau\/#primaryimage","url":"https:\/\/www.costabravafoods.com\/wp-content\/uploads\/2025\/07\/bipack-fuet-cuchillo-knife.jpg","contentUrl":"https:\/\/www.costabravafoods.com\/wp-content\/uploads\/2025\/07\/bipack-fuet-cuchillo-knife.jpg","width":1000,"height":1000,"caption":"Lot de 2\u00a0fuets extra et un couteau offert pour les amateurs de fuet."},{"@type":"BreadcrumbList","@id":"https:\/\/www.costabravafoods.com\/fr\/produit\/2-fuets-extra-couteau\/#breadcrumb","itemListElement":[{"@type":"ListItem","position":1,"name":"Portada","item":"https:\/\/www.costabravafoods.com\/fr\/"},{"@type":"ListItem","position":2,"name":"Produits","item":"https:\/\/www.costabravafoods.com\/productos\/"},{"@type":"ListItem","position":3,"name":"2 fuets extra + couteau"}]},{"@type":"WebSite","@id":"https:\/\/www.costabravafoods.com\/#website","url":"https:\/\/www.costabravafoods.com\/","name":"Costa Brava Foods","description":"","potentialAction":[{"@type":"SearchAction","target":{"@type":"EntryPoint","urlTemplate":"https:\/\/www.costabravafoods.com\/?s={search_term_string}"},"query-input":{"@type":"PropertyValueSpecification","valueRequired":true,"valueName":"search_term_string"}}],"inLanguage":"fr-FR"}]}},"_links":{"self":[{"href":"https:\/\/www.costabravafoods.com\/fr\/wp-json\/wp\/v2\/product\/32197","targetHints":{"allow":["GET"]}}],"collection":[{"href":"https:\/\/www.costabravafoods.com\/fr\/wp-json\/wp\/v2\/product"}],"about":[{"href":"https:\/\/www.costabravafoods.com\/fr\/wp-json\/wp\/v2\/types\/product"}],"wp:featuredmedia":[{"embeddable":true,"href":"https:\/\/www.costabravafoods.com\/fr\/wp-json\/wp\/v2\/media\/18394"}],"wp:attachment":[{"href":"https:\/\/www.costabravafoods.com\/fr\/wp-json\/wp\/v2\/media?parent=32197"}],"wp:term":[{"taxonomy":"product_brand","embeddable":true,"href":"https:\/\/www.costabravafoods.com\/fr\/wp-json\/wp\/v2\/product_brand?post=32197"},{"taxonomy":"product_cat","embeddable":true,"href":"https:\/\/www.costabravafoods.com\/fr\/wp-json\/wp\/v2\/product_cat?post=32197"},{"taxonomy":"product_tag","embeddable":true,"href":"https:\/\/www.costabravafoods.com\/fr\/wp-json\/wp\/v2\/product_tag?post=32197"},{"taxonomy":"corte_cerdo","embeddable":true,"href":"https:\/\/www.costabravafoods.com\/fr\/wp-json\/wp\/v2\/corte_cerdo?post=32197"},{"taxonomy":"corte_vacuno","embeddable":true,"href":"https:\/\/www.costabravafoods.com\/fr\/wp-json\/wp\/v2\/corte_vacuno?post=32197"},{"taxonomy":"fresh_retail","embeddable":true,"href":"https:\/\/www.costabravafoods.com\/fr\/wp-json\/wp\/v2\/fresh_retail?post=32197"},{"taxonomy":"conservacion","embeddable":true,"href":"https:\/\/www.costabravafoods.com\/fr\/wp-json\/wp\/v2\/conservacion?post=32197"},{"taxonomy":"envase","embeddable":true,"href":"https:\/\/www.costabravafoods.com\/fr\/wp-json\/wp\/v2\/envase?post=32197"},{"taxonomy":"tipo_corte","embeddable":true,"href":"https:\/\/www.costabravafoods.com\/fr\/wp-json\/wp\/v2\/tipo_corte?post=32197"}],"curies":[{"name":"wp","href":"https:\/\/api.w.org\/{rel}","templated":true}]}}